{"id":68309,"date":"2022-11-21T17:13:32","date_gmt":"2022-11-21T16:13:32","guid":{"rendered":"https:\/\/secureus.se\/produkt\/visonic-mc-312-pg2-powerg-wireless-outdoor-magnetic-contact-with-auxiliary-input-black\/"},"modified":"2026-04-09T11:36:43","modified_gmt":"2026-04-09T09:36:43","slug":"magnetkontakt-mc-312-utomhus-visonic","status":"publish","type":"product","link":"https:\/\/secureus.se\/pl\/magnetkontakt-mc-312-utomhus-visonic\/","title":{"rendered":"Z\u0142\u0105cze magnetyczne MC-312 Outdoor PG2 PowerG Wireless - Visonic"},"content":{"rendered":"<div class=\"product-information u-m-b-06\">\n<div id=\"content-2\"><\/div>\n<\/div>\n<h1>Magnetyczny kontakt MC-312 na zewn\u0105trz \u2013 optymalne bezpiecze\u0144stwo bezprzewodowe<\/h1>\n<p>Kontaktron magnetyczny MC-312 Outdoor to najlepsze rozwi\u0105zanie chroni\u0105ce okna, bramy i drzwi.<\/p>\n<p>Zaprojektowano go tak, aby wytrzyma\u0142 ekstremalne warunki, od trudnych warunk\u00f3w pogodowych po rygorystyczne wymogi bezpiecze\u0144stwa.<\/p>\n<p>Dzi\u0119ki rewolucyjnej technologii PowerG \u0142\u0105czy w sobie bezpiecze\u0144stwo system\u00f3w przewodowych z prostot\u0105 rozwi\u0105za\u0144 bezprzewodowych.<\/p>\n<h4>Zalety MC-312 Outdoor:<\/h4>\n<ul>\n<li><strong>\u0141atwa instalacja<\/strong>: Dzi\u0119ki automatycznej rejestracji i technologii bezprzewodowej oszcz\u0119dzasz czas i wysi\u0142ek.<\/li>\n<li><strong>Solidna konstrukcja<\/strong>:Certyfikat IP66 zapewnia ochron\u0119 przed py\u0142em i wod\u0105, a urz\u0105dzenie mo\u017ce dzia\u0142a\u0107 w temperaturach od -40\u00b0C do +66\u00b0C.<\/li>\n<li><strong>D\u0142uga \u017cywotno\u015b\u0107<\/strong>: Dzi\u0119ki \u017cywotno\u015bci baterii wynosz\u0105cej do 5 lat i odporno\u015bci na czynniki zewn\u0119trzne jest to niezawodne rozwi\u0105zanie zabezpieczaj\u0105ce.<\/li>\n<\/ul>\n<h3>Idealny do domu i firmy<\/h3>\n<p>Urz\u0105dzenie MC-312 sprawdzi si\u0119 zar\u00f3wno w domach prywatnych, jak i obiektach komercyjnych.<\/p>\n<p>Idealnie nadaje si\u0119 do zabezpieczania bram, okien i urz\u0105dze\u0144 ogrodowych.<\/p>\n<p>Dodatkowo estetyczna i malowana obudowa sprawia, \u017ce urz\u0105dzenie jest dyskretne i mo\u017cna je personalizowa\u0107.<\/p>\n<p><iframe src=\"https:\/\/www.youtube.com\/embed\/k4AuKTJvg98\" width=\"505\" height=\"284\" frameborder=\"0\" allowfullscreen=\"allowfullscreen\"><\/iframe><\/p>","protected":false},"excerpt":{"rendered":"<p>Zewn\u0119trzny czujnik magnetyczny MC-312 z technologi\u0105 PowerG oferuje wydajne, bezprzewodowe zabezpieczenie okien, drzwi i bram.<\/p>\n<p>Posiada certyfikat IP66 i jest odporny na ekstremalne warunki pogodowe.<\/p>","protected":false},"featured_media":141195,"template":"","meta":{"_acf_changed":false},"product_brand":[],"product_cat":[3376,3381,3380],"product_tag":[2472,3125],"class_list":{"0":"post-68309","1":"product","2":"type-product","3":"status-publish","4":"has-post-thumbnail","6":"product_cat-visonic-larmenheter","7":"product_cat-visonic-magnetkontakter","8":"product_cat-visonic-utomhusdetektorer","9":"product_tag-sbsc-larmklassr","10":"product_tag-visonic-magnet","11":"product_shipping_class-tunga-paket","12":"pa_brands-5visonic","13":"tm-no-options","15":"first","16":"instock","17":"sale","18":"taxable","19":"shipping-taxable","20":"purchasable","21":"product-type-simple"},"acf":[],"_links":{"self":[{"href":"https:\/\/secureus.se\/pl\/wp-json\/wp\/v2\/product\/68309","targetHints":{"allow":["GET"]}}],"collection":[{"href":"https:\/\/secureus.se\/pl\/wp-json\/wp\/v2\/product"}],"about":[{"href":"https:\/\/secureus.se\/pl\/wp-json\/wp\/v2\/types\/product"}],"wp:featuredmedia":[{"embeddable":true,"href":"https:\/\/secureus.se\/pl\/wp-json\/wp\/v2\/media\/141195"}],"wp:attachment":[{"href":"https:\/\/secureus.se\/pl\/wp-json\/wp\/v2\/media?parent=68309"}],"wp:term":[{"taxonomy":"product_brand","embeddable":true,"href":"https:\/\/secureus.se\/pl\/wp-json\/wp\/v2\/product_brand?post=68309"},{"taxonomy":"product_cat","embeddable":true,"href":"https:\/\/secureus.se\/pl\/wp-json\/wp\/v2\/product_cat?post=68309"},{"taxonomy":"product_tag","embeddable":true,"href":"https:\/\/secureus.se\/pl\/wp-json\/wp\/v2\/product_tag?post=68309"}],"curies":[{"name":"wp","href":"https:\/\/api.w.org\/{rel}","templated":true}]}}