{"id":68311,"date":"2022-11-21T17:13:27","date_gmt":"2022-11-21T16:13:27","guid":{"rendered":"https:\/\/secureus.se\/produkt\/visonic-k-305177-2-pack-mcs-740-powermax-siren-lithium-battery\/"},"modified":"2026-04-09T11:37:40","modified_gmt":"2026-04-09T09:37:40","slug":"batteripaket-for-siren-sr-740","status":"publish","type":"product","link":"https:\/\/secureus.se\/pl\/batteripaket-for-siren-sr-740\/","title":{"rendered":"Zestaw akumulator\u00f3w do SIREN SR-740 Outdoor - Visonic"},"content":{"rendered":"<h1>Zestaw akumulator\u00f3w do syreny SR-740 Outdoor \u2013 niezawodne \u017ar\u00f3d\u0142o zasilania<\/h1>\n<p>Ulepsz sw\u00f3j zewn\u0119trzny system alarmowy dzi\u0119ki temu pakietowi baterii przeznaczonemu do syreny Visonic SR-740.<\/p>\n<p>Zestaw zawiera dwie wysokiej jako\u015bci baterie litowe ER18505M, kt\u00f3re zapewniaj\u0105 niezawodne i d\u0142ugotrwa\u0142e zasilanie zewn\u0119trznej syreny.<\/p>\n<p>Zaprojektowano go specjalnie, aby zapewni\u0107 optymaln\u0105 wydajno\u015b\u0107 i jest kompatybilny z systemami Visonics PowerG.<\/p>\n<h4>Zalety akumulatora:<\/h4>\n<ul>\n<li><strong>D\u0142uga \u017cywotno\u015b\u0107<\/strong>:Dzi\u0119ki pojemno\u015bci 3,5 Ah akumulatory te przy normalnej eksploatacji wytrzymuj\u0105 2\u20133 lata.<\/li>\n<li><strong>Solidna konstrukcja<\/strong>Akumulatory zaprojektowano do pracy w temperaturach od -33\u00b0C do 70\u00b0C, dzi\u0119ki czemu idealnie nadaj\u0105 si\u0119 do trudnych warunk\u00f3w zewn\u0119trznych.<\/li>\n<li><strong>Zgodno\u015b\u0107<\/strong>:Zaprojektowany tak, aby idealnie pasowa\u0142 do Siren SR-740 i innych system\u00f3w PowerMaster.<\/li>\n<\/ul>\n<h3>Optymalny dla system\u00f3w PowerG<\/h3>\n<p>Siren SR-740 to wydajna, bezprzewodowa syrena zewn\u0119trzna z zaawansowan\u0105 technologi\u0105 PowerG.<\/p>\n<p>Dzi\u0119ki temu akumulatorowi zyskujesz zasilanie niezb\u0119dne do d\u0142ugotrwa\u0142ej i wydajnej pracy urz\u0105dzenia.<\/p>\n<p>Baterie s\u0105 \u0142atwe w monta\u017cu i wymianie, co u\u0142atwia konserwacj\u0119.<\/p>\n<p>Zapewnij swojemu systemowi bezpiecze\u0144stwa niezawodno\u015b\u0107, na jak\u0105 zas\u0142uguje, dzi\u0119ki temu zestawowi baterii do syreny SR-740.<\/p>","protected":false},"excerpt":{"rendered":"<p>Akumulator do Visonic Siren SR-740 Outdoor zapewnia niezawodne zasilanie i d\u0142ug\u0105 \u017cywotno\u015b\u0107.<\/p>\n<p>Idealny do system\u00f3w bezpiecze\u0144stwa PowerG.<\/p>","protected":false},"featured_media":141352,"template":"","meta":{"_acf_changed":false},"product_brand":[],"product_cat":[1562,3379,3377,1862],"product_tag":[2333],"class_list":{"0":"post-68311","1":"product","2":"type-product","3":"status-publish","4":"has-post-thumbnail","6":"product_cat-larmdon-blixtljus","7":"product_cat-visonic-batteri-reservdelar","8":"product_cat-visonic-siren","9":"product_cat-batterier-knappcell","10":"product_tag-visonic-siren","11":"product_shipping_class-postnord-varubrev","12":"pa_brands-5visonic","13":"tm-no-options","15":"first","16":"outofstock","17":"sale","18":"taxable","19":"shipping-taxable","20":"purchasable","21":"product-type-simple"},"acf":[],"_links":{"self":[{"href":"https:\/\/secureus.se\/pl\/wp-json\/wp\/v2\/product\/68311","targetHints":{"allow":["GET"]}}],"collection":[{"href":"https:\/\/secureus.se\/pl\/wp-json\/wp\/v2\/product"}],"about":[{"href":"https:\/\/secureus.se\/pl\/wp-json\/wp\/v2\/types\/product"}],"wp:featuredmedia":[{"embeddable":true,"href":"https:\/\/secureus.se\/pl\/wp-json\/wp\/v2\/media\/141352"}],"wp:attachment":[{"href":"https:\/\/secureus.se\/pl\/wp-json\/wp\/v2\/media?parent=68311"}],"wp:term":[{"taxonomy":"product_brand","embeddable":true,"href":"https:\/\/secureus.se\/pl\/wp-json\/wp\/v2\/product_brand?post=68311"},{"taxonomy":"product_cat","embeddable":true,"href":"https:\/\/secureus.se\/pl\/wp-json\/wp\/v2\/product_cat?post=68311"},{"taxonomy":"product_tag","embeddable":true,"href":"https:\/\/secureus.se\/pl\/wp-json\/wp\/v2\/product_tag?post=68311"}],"curies":[{"name":"wp","href":"https:\/\/api.w.org\/{rel}","templated":true}]}}