{"id":68313,"date":"2022-11-21T17:13:20","date_gmt":"2022-11-21T16:13:20","guid":{"rendered":"https:\/\/secureus.se\/produkt\/visonic-mc-302e-pg2-powermaster-wireless-two-way-door-window-magnetic-contact-transmitter-with-wired-input\/"},"modified":"2026-03-26T14:25:33","modified_gmt":"2026-03-26T13:25:33","slug":"magnetkontakt-mc-302e-pg2-visonic","status":"publish","type":"product","link":"https:\/\/secureus.se\/pl\/magnetkontakt-mc-302e-pg2-visonic\/","title":{"rendered":"Czujka magnetyczna MC-302E PG2 \u2013 Visonic"},"content":{"rendered":"<h1>Magnetic Contact MC-302E PG2 \u2013 Bezprzewodowe zabezpieczenia z technologi\u0105 PowerG<\/h1>\n<p>Zabezpiecz swoje drzwi i okna za pomoc\u0105 kontaktronu magnetycznego MC-302E PG2, wydajnego bezprzewodowego rozwi\u0105zania zabezpieczaj\u0105cego firmy Visonic.<\/p>\n<p>Zaprojektowano je tak, aby bezproblemowo wsp\u00f3\u0142pracowa\u0107 z systemami alarmowymi PowerMaster, \u0142\u0105cz\u0105c w sobie zaawansowan\u0105 technologi\u0119 i \u0142atwo\u015b\u0107 obs\u0142ugi.<\/p>\n<h4>Zalety MC-302E PG2:<\/h4>\n<ul>\n<li><strong>D\u0142ugi zasi\u0119g<\/strong>Technologia PowerG umo\u017cliwia instalacj\u0119 bez wzmacniaczy sygna\u0142u nawet w wi\u0119kszych obiektach.<\/li>\n<li><strong>D\u0142ugi czas pracy baterii<\/strong>:Do 8 lat dzia\u0142ania z bateri\u0105 litow\u0105 3V CR-123.<\/li>\n<li><strong>Wszechstronno\u015b\u0107<\/strong>: Obs\u0142uga dodatkowych czujnik\u00f3w poprzez wej\u015bcie AUX, zapewniaj\u0105ca wi\u0119ksz\u0105 elastyczno\u015b\u0107.<\/li>\n<\/ul>\n<h3>Proste i niezawodne zabezpieczenia<\/h3>\n<p>Urz\u0105dzenie MC-302E PG2 jest nie tylko \u0142atwe w instalacji, ale tak\u017ce oferuje solidn\u0105 wydajno\u015b\u0107 dzi\u0119ki wy\u0142\u0105cznikowi zabezpieczaj\u0105cemu i diodzie LED informuj\u0105cej o niskim poziomie na\u0142adowania baterii.<\/p>\n<p>Niezale\u017cnie od tego, czy chodzi o domy prywatne czy obiekty komercyjne, jest to rozwi\u0105zanie, kt\u00f3remu mo\u017cesz zaufa\u0107.<\/p>\n<p>Zainwestuj w przysz\u0142o\u015b\u0107 bezpiecze\u0144stwa z MC-302E PG2 \u2013 produktem \u0142\u0105cz\u0105cym niezawodno\u015b\u0107, innowacyjno\u015b\u0107 i \u0142atwo\u015b\u0107 obs\u0142ugi.<\/p>","protected":false},"excerpt":{"rendered":"<p>Kontakt magnetyczny MC-302E PG2 chroni drzwi i okna dzi\u0119ki technologii PowerG.<\/p>\n<p>\u0141atwa instalacja i d\u0142ugi czas pracy baterii zapewniaj\u0105 niezawodne bezpiecze\u0144stwo.<\/p>","protected":false},"featured_media":141203,"template":"","meta":{"_acf_changed":false},"product_brand":[],"product_cat":[3376,3381],"product_tag":[2472,3125],"class_list":{"0":"post-68313","1":"product","2":"type-product","3":"status-publish","4":"has-post-thumbnail","6":"product_cat-visonic-larmenheter","7":"product_cat-visonic-magnetkontakter","8":"product_tag-sbsc-larmklassr","9":"product_tag-visonic-magnet","10":"product_shipping_class-postnord-varubrev","11":"pa_brands-5visonic","12":"tm-no-options","14":"first","15":"outofstock","16":"sale","17":"taxable","18":"shipping-taxable","19":"purchasable","20":"product-type-simple"},"acf":[],"_links":{"self":[{"href":"https:\/\/secureus.se\/pl\/wp-json\/wp\/v2\/product\/68313","targetHints":{"allow":["GET"]}}],"collection":[{"href":"https:\/\/secureus.se\/pl\/wp-json\/wp\/v2\/product"}],"about":[{"href":"https:\/\/secureus.se\/pl\/wp-json\/wp\/v2\/types\/product"}],"wp:featuredmedia":[{"embeddable":true,"href":"https:\/\/secureus.se\/pl\/wp-json\/wp\/v2\/media\/141203"}],"wp:attachment":[{"href":"https:\/\/secureus.se\/pl\/wp-json\/wp\/v2\/media?parent=68313"}],"wp:term":[{"taxonomy":"product_brand","embeddable":true,"href":"https:\/\/secureus.se\/pl\/wp-json\/wp\/v2\/product_brand?post=68313"},{"taxonomy":"product_cat","embeddable":true,"href":"https:\/\/secureus.se\/pl\/wp-json\/wp\/v2\/product_cat?post=68313"},{"taxonomy":"product_tag","embeddable":true,"href":"https:\/\/secureus.se\/pl\/wp-json\/wp\/v2\/product_tag?post=68313"}],"curies":[{"name":"wp","href":"https:\/\/api.w.org\/{rel}","templated":true}]}}