{"id":68315,"date":"2022-11-21T17:13:14","date_gmt":"2022-11-21T16:13:14","guid":{"rendered":"https:\/\/secureus.se\/produkt\/visonic-kf-235-pg2-powerg-wireless-4-button-keyfob-transmitter\/"},"modified":"2026-04-23T13:35:29","modified_gmt":"2026-04-23T11:35:29","slug":"fjarrkontroll-kf-235-pg2-visonic","status":"publish","type":"product","link":"https:\/\/secureus.se\/pl\/fjarrkontroll-kf-235-pg2-visonic\/","title":{"rendered":"Pilot KF-235 PG2 PowerG \u2013 Visonic"},"content":{"rendered":"<h1>Pilot KF-235 PG2 \u2013 Smooth Security z technologi\u0105 PowerG<\/h1>\n<p>KF-235 PG2 to idealny pilot umo\u017cliwiaj\u0105cy \u0142atwe zarz\u0105dzanie systemem alarmowym PowerMaster.<\/p>\n<p>Dzi\u0119ki czterem \u0142atwym w obs\u0142udze przyciskom do uzbrajania i rozbrajania, alarmu paniki i stanu systemu urz\u0105dzenie jest wygodne i bezpieczne.<\/p>\n<h4>Zalety KF-235 PG2:<\/h4>\n<ul>\n<li><strong>D\u0142ugi zasi\u0119g<\/strong>Dzi\u0119ki technologii PowerG system mo\u017cna zainstalowa\u0107 bez wzmacniaczy sygna\u0142u, nawet w wi\u0119kszych obiektach.<\/li>\n<li><strong>D\u0142ugi czas pracy baterii<\/strong>:Do 8 lat przy normalnym u\u017cytkowaniu, \u0142atwa konserwacja.<\/li>\n<li><strong>Zgodno\u015b\u0107<\/strong>:Zaprojektowany do bezproblemowej wsp\u00f3\u0142pracy z systemami PowerMaster i odbiornikami PowerG.<\/li>\n<\/ul>\n<h3>Styl i funkcjonalno\u015b\u0107<\/h3>\n<p>Kompaktowa i stylowa konstrukcja KF-235 PG2 u\u0142atwia przenoszenie urz\u0105dzenia i jest na tyle ma\u0142e, \u017ce zmie\u015bci si\u0119 w kieszeni.<\/p>\n<p>Pilot zdalnego sterowania wy\u015bwietla tak\u017ce wska\u017aniki niskiego poziomu na\u0142adowania baterii i stanu systemu, dzi\u0119ki czemu zawsze jeste\u015b na bie\u017c\u0105co.<\/p>\n<h4>Dlaczego warto wybra\u0107 KF-235 PG2?<\/h4>\n<ul>\n<li>Prze\u0142omowa technologia PowerG zapewniaj\u0105ca bezpieczn\u0105 i stabiln\u0105 komunikacj\u0119.<\/li>\n<li>\u0141atwy w u\u017cyciu, wygodny jak kluczyk samochodowy.<\/li>\n<li>Bezpieczny wyb\u00f3r zar\u00f3wno do domu, jak i firmy.<\/li>\n<\/ul>\n<p>KF-235 PG2 to nie tylko pilot zdalnego sterowania \u2013 to klucz do bezpieczniejszego domu.<\/p>","protected":false},"excerpt":{"rendered":"<p>Pilot zdalnego sterowania KF-235 PG2 \u0142\u0105czy w sobie bezpiecze\u0144stwo i wygod\u0119.<\/p>\n<p>Dzi\u0119ki technologii PowerG i d\u0142ugiej \u017cywotno\u015bci baterii jest to idealne rozwi\u0105zanie dla Twojego systemu alarmowego.<\/p>","protected":false},"featured_media":141071,"template":"","meta":{"_acf_changed":false},"product_brand":[],"product_cat":[3378],"product_tag":[2327],"class_list":{"0":"post-68315","1":"product","2":"type-product","3":"status-publish","4":"has-post-thumbnail","6":"product_cat-visonic-larmstyrning-knappsatser","7":"product_tag-visonic-fjarr-assistansknapp","8":"product_shipping_class-postnord-varubrev","9":"pa_brands-5visonic","10":"tm-no-options","12":"first","13":"instock","14":"sale","15":"featured","16":"taxable","17":"shipping-taxable","18":"purchasable","19":"product-type-simple"},"acf":[],"_links":{"self":[{"href":"https:\/\/secureus.se\/pl\/wp-json\/wp\/v2\/product\/68315","targetHints":{"allow":["GET"]}}],"collection":[{"href":"https:\/\/secureus.se\/pl\/wp-json\/wp\/v2\/product"}],"about":[{"href":"https:\/\/secureus.se\/pl\/wp-json\/wp\/v2\/types\/product"}],"wp:featuredmedia":[{"embeddable":true,"href":"https:\/\/secureus.se\/pl\/wp-json\/wp\/v2\/media\/141071"}],"wp:attachment":[{"href":"https:\/\/secureus.se\/pl\/wp-json\/wp\/v2\/media?parent=68315"}],"wp:term":[{"taxonomy":"product_brand","embeddable":true,"href":"https:\/\/secureus.se\/pl\/wp-json\/wp\/v2\/product_brand?post=68315"},{"taxonomy":"product_cat","embeddable":true,"href":"https:\/\/secureus.se\/pl\/wp-json\/wp\/v2\/product_cat?post=68315"},{"taxonomy":"product_tag","embeddable":true,"href":"https:\/\/secureus.se\/pl\/wp-json\/wp\/v2\/product_tag?post=68315"}],"curies":[{"name":"wp","href":"https:\/\/api.w.org\/{rel}","templated":true}]}}