{"id":68317,"date":"2022-11-21T17:13:06","date_gmt":"2022-11-21T16:13:06","guid":{"rendered":"https:\/\/secureus.se\/produkt\/visonic-sr-720b-pg2-powerg-wireless-2-way-indoor-siren\/"},"modified":"2026-04-01T15:52:14","modified_gmt":"2026-04-01T13:52:14","slug":"siren-sr-720b-inomhus-tradlos-visonic","status":"publish","type":"product","link":"https:\/\/secureus.se\/pl\/siren-sr-720b-inomhus-tradlos-visonic\/","title":{"rendered":"Syrena SR-720B PG2 Wewn\u0119trzna bezprzewodowa funkcja PowerG \u2013 Visonic"},"content":{"rendered":"<h1>Syrena SR-720B PG2 \u2013 Elegancka i skuteczna syrena wewn\u0119trzna<\/h1>\n<p>Ulepsz sw\u00f3j system bezpiecze\u0144stwa za pomoc\u0105 syreny SR-720B PG2.<\/p>\n<p>Ta bezprzewodowa syrena wewn\u0119trzna \u0142\u0105czy w sobie nowoczesny design z zaawansowan\u0105 technologi\u0105, zapewniaj\u0105c bezpiecze\u0144stwo, kt\u00f3re jest zar\u00f3wno widoczne, jak i s\u0142yszalne.<\/p>\n<p>Przy g\u0142o\u015bnym d\u017awi\u0119ku o nat\u0119\u017ceniu 110 dB i intensywnym, bia\u0142ym \u015bwietle stroboskopowym nie da si\u0119 zignorowa\u0107 alarmu.<\/p>\n<h4>Dlaczego warto wybra\u0107 SR-720B PG2?<\/h4>\n<ul>\n<li><strong>Technologia PowerG<\/strong>:Bezpieczna i niezawodna komunikacja dwukierunkowa eliminuj\u0105ca potrzeb\u0119 stosowania wzmacniaczy sygna\u0142u.<\/li>\n<li><strong>Mocne ostrze\u017cenie<\/strong>:D\u017awi\u0119k piezo o nat\u0119\u017ceniu 110 dB i migaj\u0105ce \u015bwiat\u0142o stroboskopowe natychmiast przyci\u0105gaj\u0105 uwag\u0119.<\/li>\n<li><strong>D\u0142ugi czas pracy baterii<\/strong>:Do 8 lat przy normalnym u\u017cytkowaniu, co czyni je op\u0142acalnym i niewymagaj\u0105cym cz\u0119stej konserwacji.<\/li>\n<\/ul>\n<h3>Przyjazny dla u\u017cytkownika i elastyczny<\/h3>\n<p>Syrena jest kompatybilna ze wszystkimi systemami PowerMaster i mo\u017cna j\u0105 \u0142atwo zaprogramowa\u0107 za pomoc\u0105 panelu sterowania.<\/p>\n<p>Podw\u00f3jne zabezpieczenie antysabota\u017cowe i widoczny wska\u017anik jako\u015bci sygna\u0142u zapewniaj\u0105 dodatkowe bezpiecze\u0144stwo i \u0142atwo\u015b\u0107 u\u017cytkowania.<\/p>\n<p>Zainwestuj w syren\u0119 SR-720B PG2, aby poprawi\u0107 bezpiecze\u0144stwo wewn\u0105trz domu i stworzy\u0107 bezpieczne \u015brodowisko zar\u00f3wno w domu, jak i firmie.<\/p>","protected":false},"excerpt":{"rendered":"<p>Siren SR-720B PG2 to elegancka i wydajna bezprzewodowa syrena wewn\u0119trzna z technologi\u0105 PowerG.<\/p>\n<p>Idealne do bezpiecznych dom\u00f3w i firm.<\/p>","protected":false},"featured_media":141360,"template":"","meta":{"_acf_changed":false},"product_brand":[],"product_cat":[1562,3377],"product_tag":[2472,2333],"class_list":{"0":"post-68317","1":"product","2":"type-product","3":"status-publish","4":"has-post-thumbnail","6":"product_cat-larmdon-blixtljus","7":"product_cat-visonic-siren","8":"product_tag-sbsc-larmklassr","9":"product_tag-visonic-siren","10":"product_shipping_class-tunga-paket","11":"pa_brands-5visonic","12":"tm-no-options","14":"first","15":"instock","16":"sale","17":"taxable","18":"shipping-taxable","19":"purchasable","20":"product-type-simple"},"acf":[],"_links":{"self":[{"href":"https:\/\/secureus.se\/pl\/wp-json\/wp\/v2\/product\/68317","targetHints":{"allow":["GET"]}}],"collection":[{"href":"https:\/\/secureus.se\/pl\/wp-json\/wp\/v2\/product"}],"about":[{"href":"https:\/\/secureus.se\/pl\/wp-json\/wp\/v2\/types\/product"}],"wp:featuredmedia":[{"embeddable":true,"href":"https:\/\/secureus.se\/pl\/wp-json\/wp\/v2\/media\/141360"}],"wp:attachment":[{"href":"https:\/\/secureus.se\/pl\/wp-json\/wp\/v2\/media?parent=68317"}],"wp:term":[{"taxonomy":"product_brand","embeddable":true,"href":"https:\/\/secureus.se\/pl\/wp-json\/wp\/v2\/product_brand?post=68317"},{"taxonomy":"product_cat","embeddable":true,"href":"https:\/\/secureus.se\/pl\/wp-json\/wp\/v2\/product_cat?post=68317"},{"taxonomy":"product_tag","embeddable":true,"href":"https:\/\/secureus.se\/pl\/wp-json\/wp\/v2\/product_tag?post=68317"}],"curies":[{"name":"wp","href":"https:\/\/api.w.org\/{rel}","templated":true}]}}