{"id":68321,"date":"2022-11-21T17:12:55","date_gmt":"2022-11-21T16:12:55","guid":{"rendered":"https:\/\/secureus.se\/produkt\/visonic-trafopm10-internal-switching-power-supply-100v-240v-ac-7-5v-dc-1-2a-for-powermaster-10\/"},"modified":"2026-04-03T14:23:04","modified_gmt":"2026-04-03T12:23:04","slug":"power-supply-trafopm10-visonic","status":"publish","type":"product","link":"https:\/\/secureus.se\/pl\/power-supply-trafopm10-visonic\/","title":{"rendered":"Zasilacz wewn\u0119trzny Visonic do central PowerMaster-10 - Cz\u0119\u015b\u0107 zamienna"},"content":{"rendered":"<h1>Zasilacz TRAFOPM10 Zasilacz Visonic do PowerMaster-10 \u2013 Niezawodny zasilacz<\/h1>\n<p>Przywr\u00f3\u0107 funkcjonalno\u015b\u0107 centrali PowerMaster-10 dzi\u0119ki oryginalnemu zasilaczowi Visonics.<\/p>\n<p>Ta wysokiej jako\u015bci cz\u0119\u015b\u0107 zamienna zosta\u0142a zaprojektowana w celu wymiany uszkodzonych lub niesprawnych zasilaczy, zapewniaj\u0105c optymalne dzia\u0142anie panelu alarmowego.<\/p>\n<h4>Zalety zasilaczy Visonics:<\/h4>\n<ul>\n<li><strong>Wysoka kompatybilno\u015b\u0107<\/strong>: Specjalnie opracowany dla system\u00f3w alarmowych PowerMaster-10.<\/li>\n<li><strong>Stabilna wydajno\u015b\u0107<\/strong>: Napi\u0119cie wej\u015bciowe 100\u2013240 V AC i wyj\u015bcie 7,5 V DC \/ 1,2 A zapewniaj\u0105 stabiln\u0105 prac\u0119.<\/li>\n<li><strong>\u0141atwa instalacja<\/strong>:Doskona\u0142y do szybkiej i efektywnej wymiany uszkodzonego urz\u0105dzenia.<\/li>\n<\/ul>\n<h3>Idealny do domu i firmy<\/h3>\n<p>Niezale\u017cnie od tego, czy korzystasz z systemu PowerMaster-10 w domu czy w miejscu pracy, zasilacz ten stanowi istotny element zapewniaj\u0105cy bezpiecze\u0144stwo.<\/p>\n<p>Wymiana jednostki mo\u017ce rozwi\u0105za\u0107 typowe problemy, np. nieprawid\u0142owe uruchamianie si\u0119 panelu lub jego nieprawid\u0142owe dzia\u0142anie.<\/p>\n<h4>Wa\u017cne informacje:<\/h4>\n<ul>\n<li>Przed wymian\u0105 zasilacza nale\u017cy od\u0142\u0105czy\u0107 zasilanie.<\/li>\n<li>W razie w\u0105tpliwo\u015bci skontaktuj si\u0119 z certyfikowanym instalatorem alarm\u00f3w, kt\u00f3ry udzieli Ci profesjonalnej pomocy.<\/li>\n<\/ul>\n<p>Zapewnij swojemu panelowi alarmowemu niezawodne zasilanie, na jakie zas\u0142uguje, wybieraj\u0105c zasilacz PowerMaster-10 firmy Visonics.<\/p>","protected":false},"excerpt":{"rendered":"<p>Zasilacze Visonics do urz\u0105dzenia PowerMaster-10 zapewniaj\u0105 niezawodne zasilanie.<\/p>\n<p>Doskona\u0142a cz\u0119\u015b\u0107 zamienna pozwalaj\u0105ca przywr\u00f3ci\u0107 funkcjonalno\u015b\u0107 panelu alarmowego.<\/p>","protected":false},"featured_media":141605,"template":"","meta":{"_acf_changed":false},"product_brand":[],"product_cat":[3379],"product_tag":[2334],"class_list":{"0":"post-68321","1":"product","2":"type-product","3":"status-publish","4":"has-post-thumbnail","6":"product_cat-visonic-batteri-reservdelar","7":"product_tag-visonic-reservdel","8":"product_shipping_class-postnord-varubrev","9":"pa_brands-5visonic","10":"pa_farg-svart","11":"tm-no-options","13":"first","14":"instock","15":"sale","16":"featured","17":"taxable","18":"shipping-taxable","19":"purchasable","20":"product-type-simple"},"acf":[],"_links":{"self":[{"href":"https:\/\/secureus.se\/pl\/wp-json\/wp\/v2\/product\/68321","targetHints":{"allow":["GET"]}}],"collection":[{"href":"https:\/\/secureus.se\/pl\/wp-json\/wp\/v2\/product"}],"about":[{"href":"https:\/\/secureus.se\/pl\/wp-json\/wp\/v2\/types\/product"}],"wp:featuredmedia":[{"embeddable":true,"href":"https:\/\/secureus.se\/pl\/wp-json\/wp\/v2\/media\/141605"}],"wp:attachment":[{"href":"https:\/\/secureus.se\/pl\/wp-json\/wp\/v2\/media?parent=68321"}],"wp:term":[{"taxonomy":"product_brand","embeddable":true,"href":"https:\/\/secureus.se\/pl\/wp-json\/wp\/v2\/product_brand?post=68321"},{"taxonomy":"product_cat","embeddable":true,"href":"https:\/\/secureus.se\/pl\/wp-json\/wp\/v2\/product_cat?post=68321"},{"taxonomy":"product_tag","embeddable":true,"href":"https:\/\/secureus.se\/pl\/wp-json\/wp\/v2\/product_tag?post=68321"}],"curies":[{"name":"wp","href":"https:\/\/api.w.org\/{rel}","templated":true}]}}