{"id":68325,"date":"2022-11-21T17:12:42","date_gmt":"2022-11-21T16:12:42","guid":{"rendered":"https:\/\/secureus.se\/produkt\/visonic-powerlink3-1-plug-and-play-broadband-ip-communicator-for-central-stations\/"},"modified":"2026-03-11T16:59:35","modified_gmt":"2026-03-11T15:59:35","slug":"ip-modul-powermaster-visonic","status":"publish","type":"product","link":"https:\/\/secureus.se\/pl\/ip-modul-powermaster-visonic\/","title":{"rendered":"Modu\u0142 IP Powermaster \u2013 PowerLink 3.1 \u2013 10 30 i 33 \u2013 Plug &amp; Play \u2013 Visonic"},"content":{"rendered":"<h1>Modu\u0142 IP Powermaster \u2013 PowerLink 3.1 \u2013 Rewolucyjny modu\u0142 IP dla PowerMaster<\/h1>\n<p>Visonics PowerLink 3.1 to proste i zaawansowane rozwi\u0105zanie do zarz\u0105dzania i monitorowania system\u00f3w bezpiecze\u0144stwa PowerMaster.<\/p>\n<p>Dzi\u0119ki funkcjonalno\u015bci Plug &amp; Play doskonale sprawdzi si\u0119 zar\u00f3wno w domach, jak i firmach, kt\u00f3re chc\u0105 wynie\u015b\u0107 swoje bezpiecze\u0144stwo na wy\u017cszy poziom.<\/p>\n<p>Za pomoc\u0105 modu\u0142u Powerlink IP mo\u017cesz po\u0142\u0105czy\u0107 si\u0119 z sieci\u0105 i razem z Visonic-GO sterowa\u0107 alarmem za po\u015brednictwem ich serwera visonic.tycomonitor.com<\/p>\n<p>Urz\u0105dzenie Powermaster Central musi by\u0107 w wersji 18 lub nowszej. Nie mo\u017cna siedzie\u0107 w panelu sterowania podczas korzystania z modu\u0142u mobilnego\/GPRS.<\/p>\n<h4>Funkcje, kt\u00f3re robi\u0105 r\u00f3\u017cnic\u0119:<\/h4>\n<ul>\n<li><strong>\u0141atwa instalacja<\/strong>: Pod\u0142\u0105cz PowerLink 3.1 do routera \u2013 nie jest wymagana \u017cadna dalsza konfiguracja.<\/li>\n<li><strong>Weryfikacja alarmu obrazu<\/strong>:Wysy\u0142anie obraz\u00f3w w momencie alarmu na podstawie wykrycia ruchu przez detektory NEXT CAM.<\/li>\n<li><strong>Ca\u0142kowita kontrola zdalna<\/strong>:Zarz\u0105dzaj systemem za po\u015brednictwem platformy Visonics PowerManage i aplikacji mobilnej.<\/li>\n<\/ul>\n<h3>Popraw bezpiecze\u0144stwo dzi\u0119ki technologii IP<\/h3>\n<p>PowerLink 3.1 oferuje oparte na protokole IP komunikaty o zdarzeniach, dzi\u0119ki czemu stacje centralne mog\u0105 \u0142atwo obs\u0142ugiwa\u0107 alarmy w czasie rzeczywistym.<\/p>\n<p>Dzi\u0119ki weryfikacji obrazu w\u0142a\u015bciciele dom\u00f3w i pracownicy ochrony mog\u0105 szybko stwierdzi\u0107, czy alarm jest prawdziwy, czy fa\u0142szywy, co pozwala ograniczy\u0107 liczb\u0119 niepotrzebnych telefon\u00f3w.<\/p>\n<h4>Odpowiednie zar\u00f3wno dla os\u00f3b prywatnych, jak i firm:<\/h4>\n<ul>\n<li>Wysy\u0142aj obrazy i zdarzenia alarmowe na adres e-mail lub telefon kom\u00f3rkowy.<\/li>\n<li>Zdalna konfiguracja i konserwacja systemu PowerMaster.<\/li>\n<li>Mo\u017cliwo\u015b\u0107 zintegrowania do 15 detektor\u00f3w Next CAM w celu zapewnienia kompleksowego monitoringu.<\/li>\n<\/ul>\n<p>Dzi\u0119ki PowerLink 3.1 otrzymujesz kompletne rozwi\u0105zanie zapewniaj\u0105ce bezpiecze\u0144stwo i wygod\u0119 \u2013 bez skomplikowanych instalacji.<\/p>","protected":false},"excerpt":{"rendered":"<p>PowerLink 3.1 to modu\u0142 IP dla system\u00f3w PowerMaster, kt\u00f3ry umo\u017cliwia \u0142atwe zdalne sterowanie i komunikacj\u0119 alarmow\u0105 opart\u0105 na protokole IP.<\/p>\n<p>Rozwi\u0105zanie Plug &amp; Play.<\/p>\n<p>Urz\u0105dzenie Powermaster Central musi by\u0107 w wersji 18 lub nowszej. Nie mo\u017cna siedzie\u0107 w panelu sterowania podczas korzystania z modu\u0142u mobilnego\/GPRS.<\/p>","protected":false},"featured_media":142126,"template":"","meta":{"_acf_changed":false},"product_brand":[],"product_cat":[3375],"product_tag":[2330],"class_list":{"0":"post-68325","1":"product","2":"type-product","3":"status-publish","4":"has-post-thumbnail","6":"product_cat-visonic-larmsandare-ip-4g","7":"product_tag-visonic-manoverpanel","8":"product_shipping_class-postnord-varubrev","9":"pa_brands-5visonic","10":"tm-no-options","12":"first","13":"instock","14":"sale","15":"featured","16":"taxable","17":"shipping-taxable","18":"purchasable","19":"product-type-simple"},"acf":[],"_links":{"self":[{"href":"https:\/\/secureus.se\/pl\/wp-json\/wp\/v2\/product\/68325","targetHints":{"allow":["GET"]}}],"collection":[{"href":"https:\/\/secureus.se\/pl\/wp-json\/wp\/v2\/product"}],"about":[{"href":"https:\/\/secureus.se\/pl\/wp-json\/wp\/v2\/types\/product"}],"wp:featuredmedia":[{"embeddable":true,"href":"https:\/\/secureus.se\/pl\/wp-json\/wp\/v2\/media\/142126"}],"wp:attachment":[{"href":"https:\/\/secureus.se\/pl\/wp-json\/wp\/v2\/media?parent=68325"}],"wp:term":[{"taxonomy":"product_brand","embeddable":true,"href":"https:\/\/secureus.se\/pl\/wp-json\/wp\/v2\/product_brand?post=68325"},{"taxonomy":"product_cat","embeddable":true,"href":"https:\/\/secureus.se\/pl\/wp-json\/wp\/v2\/product_cat?post=68325"},{"taxonomy":"product_tag","embeddable":true,"href":"https:\/\/secureus.se\/pl\/wp-json\/wp\/v2\/product_tag?post=68325"}],"curies":[{"name":"wp","href":"https:\/\/api.w.org\/{rel}","templated":true}]}}