{"id":68327,"date":"2022-11-21T17:12:35","date_gmt":"2022-11-21T16:12:35","guid":{"rendered":"https:\/\/secureus.se\/produkt\/visonic-0-9912-g-battery-replacement-for-security-alarm-system-9-6v-2100-mah\/"},"modified":"2026-04-09T11:39:34","modified_gmt":"2026-04-09T09:39:34","slug":"batteri-powermax-pro-2100-9-6v-visonic","status":"publish","type":"product","link":"https:\/\/secureus.se\/pl\/batteri-powermax-pro-2100-9-6v-visonic\/","title":{"rendered":"Akumulator Powermax Pro 1800 mAh 9,6 V Dodatkowa moc dla Visonic"},"content":{"rendered":"<h1>Akumulator PowerMax Pro 9,6 V 1800 mAh \u2013 bezpieczne i trwa\u0142e zasilanie zapasowe<\/h1>\n<p>Zapewnij swojemu systemowi bezpiecze\u0144stwa Visonic PowerMax Pro niezawodne zasilanie awaryjne dzi\u0119ki temu akumulatorowi o du\u017cej pojemno\u015bci.<\/p>\n<p>Dzi\u0119ki technologii NiMH 1800 mAh i napi\u0119ciu 9,6 V akumulator zapewnia d\u0142ugotrwa\u0142e i stabilne zasilanie, nawet podczas przerw w dostawie pr\u0105du.<\/p>\n<h4>Zalety akumulatora PowerMax Pro:<\/h4>\n<ul>\n<li><strong>D\u0142ugi czas dzia\u0142ania<\/strong>:Do 12 godzin zasilania awaryjnego w przypadku zaniku zasilania.<\/li>\n<li><strong>Rozwi\u0105zanie przyjazne dla \u015brodowiska<\/strong>Wykonane z materia\u0142\u00f3w zawieraj\u0105cych nikiel, co u\u0142atwia recykling.<\/li>\n<li><strong>Wygoda \u0142adowania<\/strong>:Bateria jest stale \u0142adowana przez jednostk\u0119 centraln\u0105, dzi\u0119ki czemu jest zawsze gotowa do pracy.<\/li>\n<\/ul>\n<h3>Idealny do domu i firmy<\/h3>\n<p>Ten akumulator jest kompatybilny z systemami alarmowymi PowerMax Pro i PowerMax Complete.<\/p>\n<p>Dzi\u0119ki temu masz pewno\u015b\u0107, \u017ce Twoja jednostka centralna b\u0119dzie dzia\u0142a\u0107 nieprzerwanie, nawet podczas nieprzewidzianych przerw w dostawie pr\u0105du, co zapewni Ci spok\u00f3j ducha i bezpiecze\u0144stwo, gdy b\u0119dziesz tego najbardziej potrzebowa\u0107.<\/p>\n<p>Wybierz akumulator o du\u017cej pojemno\u015bci, aby zoptymalizowa\u0107 dzia\u0142anie swojego systemu bezpiecze\u0144stwa i uzyska\u0107 niezawodne rozwi\u0105zanie w zakresie zasilania awaryjnego.<\/p>","protected":false},"excerpt":{"rendered":"<p>Akumulator do PowerMax Pro.<\/p>\n<p>Pojemno\u015b\u0107 2100 mAh gwarantuje do 12 godzin pracy podczas przerwy w dostawie pr\u0105du \u2013 bezpieczne \u017ar\u00f3d\u0142o zasilania zapasowego.<\/p>","protected":false},"featured_media":141375,"template":"","meta":{"_acf_changed":false},"product_brand":[],"product_cat":[3379,1862],"product_tag":[2334],"class_list":{"0":"post-68327","1":"product","2":"type-product","3":"status-publish","4":"has-post-thumbnail","6":"product_cat-visonic-batteri-reservdelar","7":"product_cat-batterier-knappcell","8":"product_tag-visonic-reservdel","9":"product_shipping_class-tunga-paket","10":"pa_brands-5visonic","11":"tm-no-options","13":"first","14":"onbackorder","15":"sale","16":"taxable","17":"shipping-taxable","18":"purchasable","19":"product-type-simple"},"acf":[],"_links":{"self":[{"href":"https:\/\/secureus.se\/pl\/wp-json\/wp\/v2\/product\/68327","targetHints":{"allow":["GET"]}}],"collection":[{"href":"https:\/\/secureus.se\/pl\/wp-json\/wp\/v2\/product"}],"about":[{"href":"https:\/\/secureus.se\/pl\/wp-json\/wp\/v2\/types\/product"}],"wp:featuredmedia":[{"embeddable":true,"href":"https:\/\/secureus.se\/pl\/wp-json\/wp\/v2\/media\/141375"}],"wp:attachment":[{"href":"https:\/\/secureus.se\/pl\/wp-json\/wp\/v2\/media?parent=68327"}],"wp:term":[{"taxonomy":"product_brand","embeddable":true,"href":"https:\/\/secureus.se\/pl\/wp-json\/wp\/v2\/product_brand?post=68327"},{"taxonomy":"product_cat","embeddable":true,"href":"https:\/\/secureus.se\/pl\/wp-json\/wp\/v2\/product_cat?post=68327"},{"taxonomy":"product_tag","embeddable":true,"href":"https:\/\/secureus.se\/pl\/wp-json\/wp\/v2\/product_tag?post=68327"}],"curies":[{"name":"wp","href":"https:\/\/api.w.org\/{rel}","templated":true}]}}