{"id":68339,"date":"2022-11-21T17:11:56","date_gmt":"2022-11-21T16:11:56","guid":{"rendered":"https:\/\/secureus.se\/produkt\/visonic-sd-304c-pg2-powerg-wireless-shock-and-contact-detector-with-wired-input\/"},"modified":"2026-04-09T11:40:23","modified_gmt":"2026-04-09T09:40:23","slug":"vibrationsdetektor-sd-304-pg2-visonic","status":"publish","type":"product","link":"https:\/\/secureus.se\/pl\/vibrationsdetektor-sd-304-pg2-visonic\/","title":{"rendered":"Detektor wibracyjny SD-304 PG2 \u2013 Visonic"},"content":{"rendered":"<h1>Detektor drga\u0144 SD-304 PG2 \u2013 wczesne wykrywanie dla maksymalnej ochrony<\/h1>\n<p>SD-304 PG2 to bezprzewodowy czujnik wibracji zaprojektowany do wykrywania pr\u00f3b w\u0142amania zanim dojdzie do uszkodze\u0144.<\/p>\n<p>Doskonale nadaje si\u0119 do ochrony drzwi, okien, \u015bcian i sufit\u00f3w zar\u00f3wno w domach, jak i lokalach u\u017cytkowych.<\/p>\n<p>Dzi\u0119ki technologii PowerG i zaawansowanemu wykrywaniu jest to warto\u015bciowe uzupe\u0142nienie system\u00f3w PowerMaster.<\/p>\n<h4>Dlaczego warto wybra\u0107 SD-304 PG2?<\/h4>\n<ul>\n<li><strong>Skuteczna strefa ochronna<\/strong>:Wykrywa wstrz\u0105sy i wibracje w promieniu do 4 metr\u00f3w w przypadku okien i 2,5 metra w przypadku \u015bcian.<\/li>\n<li><strong>Instalacja przyjazna dla u\u017cytkownika<\/strong>: Unikalny siedmiosegmentowy miernik wstrz\u0105s\u00f3w i przyciski umo\u017cliwiaj\u0105ce szybk\u0105 regulacj\u0119.<\/li>\n<li><strong>D\u0142ugi czas pracy baterii<\/strong>:Do 5 lat przy normalnym u\u017cytkowaniu.<\/li>\n<\/ul>\n<h3>Zawsze gotowy na sytuacje awaryjne<\/h3>\n<p>Urz\u0105dzenie SD-304 PG2 obs\u0142uguje r\u00f3wnie\u017c dodatkowe czujniki poprzez wej\u015bcie AUX, co czyni je elastycznym i \u0142atwym do dostosowania do r\u00f3\u017cnych potrzeb.<\/p>\n<p>Kompaktowa konstrukcja doskonale wpasowuje si\u0119 w ka\u017cde otoczenie, a zdalna konserwacja pozwala na \u0142atw\u0105 konfiguracj\u0119 i diagnostyk\u0119.<\/p>\n<h4>Korzy\u015bci dla dom\u00f3w i firm:<\/h4>\n<ul>\n<li>Zabezpieczenie antysabota\u017cowe z przodu i z ty\u0142u.<\/li>\n<li>Zintegrowana dioda LED pokazuj\u0105ca stan \u0142\u0105cza RF podczas instalacji.<\/li>\n<li>Zgodno\u015b\u0107 z systemami PowerMaster w wersji 16 i nowszych.<\/li>\n<\/ul>\n<p>Zainwestuj w SD-304 PG2, aby stworzy\u0107 bezpieczniejsze i pewniejsze \u015brodowisko dla dom\u00f3w i firm.<\/p>","protected":false},"excerpt":{"rendered":"<p>Czujnik drga\u0144 SD-304 PG2 chroni przed w\u0142amaniem dzi\u0119ki zaawansowanej technologii.<\/p>\n<p>\u0141atwy w instalacji, d\u0142ugi czas pracy baterii i kompatybilno\u015b\u0107 z PowerMaster.<\/p>","protected":false},"featured_media":141215,"template":"","meta":{"_acf_changed":false},"product_brand":[],"product_cat":[3376,3381],"product_tag":[2472,2335],"class_list":{"0":"post-68339","1":"product","2":"type-product","3":"status-publish","4":"has-post-thumbnail","6":"product_cat-visonic-larmenheter","7":"product_cat-visonic-magnetkontakter","8":"product_tag-sbsc-larmklassr","9":"product_tag-visonic-vatten-vibration-glas","10":"product_shipping_class-postnord-varubrev","11":"pa_brands-5visonic","12":"tm-no-options","14":"first","15":"onbackorder","16":"sale","17":"taxable","18":"shipping-taxable","19":"purchasable","20":"product-type-simple"},"acf":[],"_links":{"self":[{"href":"https:\/\/secureus.se\/pl\/wp-json\/wp\/v2\/product\/68339","targetHints":{"allow":["GET"]}}],"collection":[{"href":"https:\/\/secureus.se\/pl\/wp-json\/wp\/v2\/product"}],"about":[{"href":"https:\/\/secureus.se\/pl\/wp-json\/wp\/v2\/types\/product"}],"wp:featuredmedia":[{"embeddable":true,"href":"https:\/\/secureus.se\/pl\/wp-json\/wp\/v2\/media\/141215"}],"wp:attachment":[{"href":"https:\/\/secureus.se\/pl\/wp-json\/wp\/v2\/media?parent=68339"}],"wp:term":[{"taxonomy":"product_brand","embeddable":true,"href":"https:\/\/secureus.se\/pl\/wp-json\/wp\/v2\/product_brand?post=68339"},{"taxonomy":"product_cat","embeddable":true,"href":"https:\/\/secureus.se\/pl\/wp-json\/wp\/v2\/product_cat?post=68339"},{"taxonomy":"product_tag","embeddable":true,"href":"https:\/\/secureus.se\/pl\/wp-json\/wp\/v2\/product_tag?post=68339"}],"curies":[{"name":"wp","href":"https:\/\/api.w.org\/{rel}","templated":true}]}}