{"id":68341,"date":"2022-11-21T17:11:49","date_gmt":"2022-11-21T16:11:49","guid":{"rendered":"https:\/\/secureus.se\/produkt\/visonic-gb-502-pg2-wireless-glass-break-detector\/"},"modified":"2026-04-09T11:40:35","modified_gmt":"2026-04-09T09:40:35","slug":"glaskrossdetektor-gb-502-pg2-visonic","status":"publish","type":"product","link":"https:\/\/secureus.se\/pl\/glaskrossdetektor-gb-502-pg2-visonic\/","title":{"rendered":"Detektor zbicia szk\u0142a GB-502 PG2 \u2013 Visonic"},"content":{"rendered":"<div class=\"product-information u-m-b-06\">\n<h1>Detektor st\u0142uczenia szk\u0142a GB-502 PG2 \u2013 chro\u0144 sw\u00f3j dom za pomoc\u0105 zaawansowanej technologii<\/h1>\n<p>GB-502 PG2 to zaawansowany bezprzewodowy czujnik st\u0142uczenia szyby, przeznaczony do ochrony okien i drzwi szklanych przed w\u0142amaniem.<\/p>\n<p>Dzi\u0119ki zasi\u0119gowi 360\u00b0 i promieniowi do 7,6 metra kamera zapewnia bezpiecze\u0144stwo w domach i firmach.<\/p>\n<h4>Dlaczego warto wybra\u0107 GB-502 PG2?<\/h4>\n<ul>\n<li><strong>Pokrycie 360\u00b0<\/strong>:Wykrywa st\u0142uczone szk\u0142o z ka\u017cdej strony pomieszczenia.<\/li>\n<li><strong>Zaawansowana technologia akustyczna<\/strong>Analizuje d\u017awi\u0119k w celu wykrycia rzeczywistych zdarze\u0144 t\u0142uczenia szk\u0142a i zminimalizowania liczby fa\u0142szywych alarm\u00f3w.<\/li>\n<li><strong>D\u0142ugi czas pracy baterii<\/strong>:Do 5 lat przy normalnym u\u017cytkowaniu.<\/li>\n<\/ul>\n<h3>\u0141atwa instalacja i wysoka niezawodno\u015b\u0107<\/h3>\n<p>Ten czujnik st\u0142uczenia szk\u0142a wykorzystuje technologi\u0119 PowerG, kt\u00f3ra zapewnia niezawodn\u0105 i niezawodn\u0105 komunikacj\u0119 bezprzewodow\u0105.<\/p>\n<p>Dzi\u0119ki wbudowanemu wska\u017anikowi jako\u015bci sygna\u0142u mo\u017cna go zainstalowa\u0107 szybko i \u0142atwo, bez konieczno\u015bci dokonywania regulacji.<\/p>\n<h4>Idealny dla:<\/h4>\n<ul>\n<li>Okna i drzwi szklane w domach i firmach.<\/li>\n<li>Szk\u0142o r\u00f3\u017cnego rodzaju, w tym szk\u0142o hartowane, laminowane i zespolone.<\/li>\n<li>Pomieszczenia o wymiarach do 12 x 12 metr\u00f3w.<\/li>\n<\/ul>\n<p>GB-502 PG2 to proste rozwi\u0105zanie zwi\u0119kszaj\u0105ce bezpiecze\u0144stwo i redukuj\u0105ce ryzyko uszkodze\u0144 w razie w\u0142amania.<\/p>\n<div id=\"content-2\">\n<div><\/div>\n<div><\/div>\n<\/div>\n<\/div>\n<div>\n<p><iframe title=\"Detektor zbicia szyby \u2013 GB-502 PG2 \u2013 Z technologi\u0105 PowerG\" width=\"1170\" height=\"658\" src=\"https:\/\/www.youtube.com\/embed\/omS-ZzKkzsI?feature=oembed\" frameborder=\"0\" allow=\"accelerometer; autoplay; clipboard-write; encrypted-media; gyroscope; picture-in-picture; web-share\" referrerpolicy=\"strict-origin-when-cross-origin\" allowfullscreen><\/iframe><\/p>\n<\/div>\n<hr \/>\n<div class=\"accordion product-specifications-accordion\">\n<div id=\"trigger-1\" class=\"accordion-header accordion-header--no-padding\"><\/div>\n<\/div>\n<p>&nbsp;<\/p>","protected":false},"excerpt":{"rendered":"<p>GB-502 PG2 to bezprzewodowy czujnik st\u0142uczenia szk\u0142a, kt\u00f3ry chroni Tw\u00f3j dom dzi\u0119ki zaawansowanej technologii akustycznej.<\/p>\n<p>Idealny do system\u00f3w PowerMaster.<\/p>","protected":false},"featured_media":141088,"template":"","meta":{"_acf_changed":false},"product_brand":[],"product_cat":[3376,3381],"product_tag":[2472,2335],"class_list":{"0":"post-68341","1":"product","2":"type-product","3":"status-publish","4":"has-post-thumbnail","6":"product_cat-visonic-larmenheter","7":"product_cat-visonic-magnetkontakter","8":"product_tag-sbsc-larmklassr","9":"product_tag-visonic-vatten-vibration-glas","10":"product_shipping_class-tunga-paket","11":"pa_brands-5visonic","12":"tm-no-options","14":"first","15":"onbackorder","16":"sale","17":"taxable","18":"shipping-taxable","19":"purchasable","20":"product-type-simple"},"acf":[],"_links":{"self":[{"href":"https:\/\/secureus.se\/pl\/wp-json\/wp\/v2\/product\/68341","targetHints":{"allow":["GET"]}}],"collection":[{"href":"https:\/\/secureus.se\/pl\/wp-json\/wp\/v2\/product"}],"about":[{"href":"https:\/\/secureus.se\/pl\/wp-json\/wp\/v2\/types\/product"}],"wp:featuredmedia":[{"embeddable":true,"href":"https:\/\/secureus.se\/pl\/wp-json\/wp\/v2\/media\/141088"}],"wp:attachment":[{"href":"https:\/\/secureus.se\/pl\/wp-json\/wp\/v2\/media?parent=68341"}],"wp:term":[{"taxonomy":"product_brand","embeddable":true,"href":"https:\/\/secureus.se\/pl\/wp-json\/wp\/v2\/product_brand?post=68341"},{"taxonomy":"product_cat","embeddable":true,"href":"https:\/\/secureus.se\/pl\/wp-json\/wp\/v2\/product_cat?post=68341"},{"taxonomy":"product_tag","embeddable":true,"href":"https:\/\/secureus.se\/pl\/wp-json\/wp\/v2\/product_tag?post=68341"}],"curies":[{"name":"wp","href":"https:\/\/api.w.org\/{rel}","templated":true}]}}