{"id":68347,"date":"2022-11-21T17:11:32","date_gmt":"2022-11-21T16:11:32","guid":{"rendered":"https:\/\/secureus.se\/produkt\/visonic-tower-32am-pg2-powerg-high-performance-wireless-mirror-dual-technology-detector-with-anti-masking\/"},"modified":"2026-04-09T11:41:03","modified_gmt":"2026-04-09T09:41:03","slug":"kombidetektor-tower-32-am-pg2-visonic","status":"publish","type":"product","link":"https:\/\/secureus.se\/pl\/kombidetektor-tower-32-am-pg2-visonic\/","title":{"rendered":"Detektor kombi TOWER-32 AM PG2 \u2013 Visonic"},"content":{"rendered":"<h1>Detektor kombinowany TOWER-32AM PG2 \u2013 Detektor kombinowany z zaawansowan\u0105 technologi\u0105 bezpiecze\u0144stwa<\/h1>\n<p>TOWER-32AM PG2 to wydajny bezprzewodowy czujnik \u0142\u0105cz\u0105cy technologi\u0119 PIR i mikrofal, aby zminimalizowa\u0107 liczb\u0119 fa\u0142szywych alarm\u00f3w i zapewni\u0107 niezawodne wykrywanie ruchu.<\/p>\n<p>Doskonale nadaje si\u0119 do instalacji komercyjnych, jak i odpornych na warunki atmosferyczne instalacji domowych, zapewniaj\u0105c solidne zabezpieczenia i szereg zaawansowanych funkcji.<\/p>\n<h4>Zalety TOWER-32AM PG2:<\/h4>\n<ul>\n<li><strong>Podw\u00f3jna technologia<\/strong>\u0141\u0105czy technologi\u0119 PIR i mikrofalow\u0105 pasma K, zapewniaj\u0105c dok\u0142adne wykrywanie.<\/li>\n<li><strong>Zaawansowany antymasking<\/strong>:Chroni przed pr\u00f3bami zas\u0142oni\u0119cia czujnik\u00f3w, w tym rozpylaniem lub zakrywaniem.<\/li>\n<li><strong>D\u0142ugi zasi\u0119g<\/strong>: Zasi\u0119g do 15 m, k\u0105t wykrywania 90\u00b0 i strefa czo\u0142gania.<\/li>\n<\/ul>\n<h3>\u0141atwa instalacja i konserwacja<\/h3>\n<p>Dzi\u0119ki technologii PowerG TOWER-32AM PG2 oferuje bezpieczne i stabilne po\u0142\u0105czenie bezprzewodowe.<\/p>\n<p>Instalacja przebiega sprawnie, a jako\u015b\u0107 po\u0142\u0105czenia RF jest sygnalizowana diodami LED, a zdalna konfiguracja oszcz\u0119dza czas zar\u00f3wno instalatorom, jak i u\u017cytkownikom.<\/p>\n<h4>Idealny dla:<\/h4>\n<ul>\n<li>Miejsca chronione przed warunkami atmosferycznymi, takie jak ogrody zimowe lub zimne gara\u017ce.<\/li>\n<li>Wymagaj\u0105ce zastosowania komercyjne.<\/li>\n<li>Instalacje, w kt\u00f3rych wymagana jest technologia przyjazna dla zwierz\u0105t domowych (odporna na zwierz\u0119ta o wadze do 40 kg).<\/li>\n<\/ul>\n<p>Dzi\u0119ki czujce TOWER-32AM PG2 Combi zyskujesz niezawodne i ekonomiczne rozwi\u0105zanie chroni\u0105ce Tw\u00f3j obiekt przed w\u0142amaniem.<\/p>","protected":false},"excerpt":{"rendered":"<p>TOWER-32AM PG2 \u0142\u0105czy technologi\u0119 PIR i mikrofal w celu precyzyjnego wykrywania ruchu.<\/p>\n<p>Doskonale nadaje si\u0119 do miejsc chronionych przed warunkami atmosferycznymi i system\u00f3w PowerMaster.<\/p>","protected":false},"featured_media":142143,"template":"","meta":{"_acf_changed":false},"product_brand":[],"product_cat":[3376,3382],"product_tag":[2472,2332],"class_list":{"0":"post-68347","1":"product","2":"type-product","3":"status-publish","4":"has-post-thumbnail","6":"product_cat-visonic-larmenheter","7":"product_cat-rorelse-och-kamera-visonic-larmenheter","8":"product_tag-sbsc-larmklassr","9":"product_tag-visonic-rorelsedetektor","10":"product_shipping_class-tunga-paket","11":"pa_brands-5visonic","12":"tm-no-options","14":"first","15":"onbackorder","16":"sale","17":"taxable","18":"shipping-taxable","19":"purchasable","20":"product-type-simple"},"acf":[],"_links":{"self":[{"href":"https:\/\/secureus.se\/pl\/wp-json\/wp\/v2\/product\/68347","targetHints":{"allow":["GET"]}}],"collection":[{"href":"https:\/\/secureus.se\/pl\/wp-json\/wp\/v2\/product"}],"about":[{"href":"https:\/\/secureus.se\/pl\/wp-json\/wp\/v2\/types\/product"}],"wp:featuredmedia":[{"embeddable":true,"href":"https:\/\/secureus.se\/pl\/wp-json\/wp\/v2\/media\/142143"}],"wp:attachment":[{"href":"https:\/\/secureus.se\/pl\/wp-json\/wp\/v2\/media?parent=68347"}],"wp:term":[{"taxonomy":"product_brand","embeddable":true,"href":"https:\/\/secureus.se\/pl\/wp-json\/wp\/v2\/product_brand?post=68347"},{"taxonomy":"product_cat","embeddable":true,"href":"https:\/\/secureus.se\/pl\/wp-json\/wp\/v2\/product_cat?post=68347"},{"taxonomy":"product_tag","embeddable":true,"href":"https:\/\/secureus.se\/pl\/wp-json\/wp\/v2\/product_tag?post=68347"}],"curies":[{"name":"wp","href":"https:\/\/api.w.org\/{rel}","templated":true}]}}