{"id":68349,"date":"2022-11-21T17:11:29","date_gmt":"2022-11-21T16:11:29","guid":{"rendered":"https:\/\/secureus.se\/produkt\/visonic-powerg-0-102736-touch-screen-keypad-kp-160-white\/"},"modified":"2026-04-09T11:41:15","modified_gmt":"2026-04-09T09:41:15","slug":"manoverpanel-kp-160-n-visonic","status":"publish","type":"product","link":"https:\/\/secureus.se\/pl\/manoverpanel-kp-160-n-visonic\/","title":{"rendered":"Centrala alarmowa KP-160 N PowerG \u2013 ekran dotykowy do systemu alarmowego PowerMaster"},"content":{"rendered":"<h1>Centrala sterownicza KP-160 N PowerG \u2013 p\u0142ynne i bezpieczne zarz\u0105dzanie alarmami<\/h1>\n<p>KP-160 N PowerG to zaawansowany ekran dotykowy, dzi\u0119ki kt\u00f3remu zarz\u0105dzanie systemami alarmowymi PowerMaster jest proste i intuicyjne.<\/p>\n<p>Dzi\u0119ki du\u017cemu graficznemu ekranowi dotykowemu i obs\u0142udze znacznik\u00f3w kodowych oferuje bezpiecze\u0144stwo i wygod\u0119 w nowoczesnym formacie.<\/p>\n<h4>Funkcje i zalety:<\/h4>\n<ul>\n<li><strong>Intuicyjny ekran dotykowy<\/strong>: Du\u017cy, przyjazny dla u\u017cytkownika wy\u015bwietlacz umo\u017cliwiaj\u0105cy \u0142atw\u0105 nawigacj\u0119 i kontrol\u0119.<\/li>\n<li><strong>Znaczniki kodu<\/strong>: Mo\u017cliwo\u015b\u0107 szybkiego uzbrajania i rozbrajania alarm\u00f3w za pomoc\u0105 czytnika kart.<\/li>\n<li><strong>Partycjonowanie<\/strong>:Obs\u0142uga maksymalnie trzech obszar\u00f3w, kt\u00f3rymi mo\u017cna zarz\u0105dza\u0107 indywidualnie.<\/li>\n<li><strong>Wiele funkcji alarmowych<\/strong>: Uruchom alarmy alarmowe, przeciwpo\u017carowe i napadowe za pomoc\u0105 jednego naci\u015bni\u0119cia.<\/li>\n<li><strong>Elastyczne u\u017cytkowanie<\/strong>:Mo\u017cna zamontowa\u0107 na \u015bcianie lub u\u017cywa\u0107 jako urz\u0105dzenia przeno\u015bnego.<\/li>\n<\/ul>\n<h3>Idealny do domu i firmy<\/h3>\n<p>Urz\u0105dzenie KP-160 N PowerG zaprojektowano z my\u015bl\u0105 o zastosowaniach zar\u00f3wno w gospodarstwach domowych, jak i w ma\u0142ych firmach.<\/p>\n<p>Dzi\u0119ki takim funkcjom jak automatyzacja domu i zdalna konserwacja, oferuje kompleksowe rozwi\u0105zanie w zakresie bezpiecze\u0144stwa i kontroli.<\/p>\n<h4>Dlaczego warto wybra\u0107 KP-160 N PowerG?<\/h4>\n<ul>\n<li>D\u0142uga \u017cywotno\u015b\u0107 baterii \u2013 do 5 lat.<\/li>\n<li>Zabezpieczenie antysabota\u017cowe pokrywy baterii i uchwytu monta\u017cowego.<\/li>\n<li>Ostrze\u017cenie wizualne i akustyczne przy wej\u015bciu\/wyj\u015bciu.<\/li>\n<\/ul>\n<p>Dzi\u0119ki KP-160 N PowerG zyskujesz narz\u0119dzie, kt\u00f3re upraszcza zarz\u0105dzanie bezpiecze\u0144stwem i zapewnia spok\u00f3j ducha w codziennym \u017cyciu.<\/p>","protected":false},"excerpt":{"rendered":"<p>KP-160 N PowerG to bezprzewodowy ekran dotykowy, kt\u00f3ry upraszcza zarz\u0105dzanie alarmami.<\/p>\n<p>Dzi\u0119ki obs\u0142udze tag\u00f3w kodowych i partycjonowania idealnie nadaje si\u0119 do zastosowa\u0144 domowych i firmowych.<\/p>","protected":false},"featured_media":141224,"template":"","meta":{"_acf_changed":false},"product_brand":[],"product_cat":[3378],"product_tag":[2330],"class_list":{"0":"post-68349","1":"product","2":"type-product","3":"status-publish","4":"has-post-thumbnail","6":"product_cat-visonic-larmstyrning-knappsatser","7":"product_tag-visonic-manoverpanel","8":"product_shipping_class-tunga-paket","9":"pa_brands-5visonic","10":"tm-no-options","12":"first","13":"onbackorder","14":"sale","15":"taxable","16":"shipping-taxable","17":"purchasable","18":"product-type-simple"},"acf":[],"_links":{"self":[{"href":"https:\/\/secureus.se\/pl\/wp-json\/wp\/v2\/product\/68349","targetHints":{"allow":["GET"]}}],"collection":[{"href":"https:\/\/secureus.se\/pl\/wp-json\/wp\/v2\/product"}],"about":[{"href":"https:\/\/secureus.se\/pl\/wp-json\/wp\/v2\/types\/product"}],"wp:featuredmedia":[{"embeddable":true,"href":"https:\/\/secureus.se\/pl\/wp-json\/wp\/v2\/media\/141224"}],"wp:attachment":[{"href":"https:\/\/secureus.se\/pl\/wp-json\/wp\/v2\/media?parent=68349"}],"wp:term":[{"taxonomy":"product_brand","embeddable":true,"href":"https:\/\/secureus.se\/pl\/wp-json\/wp\/v2\/product_brand?post=68349"},{"taxonomy":"product_cat","embeddable":true,"href":"https:\/\/secureus.se\/pl\/wp-json\/wp\/v2\/product_cat?post=68349"},{"taxonomy":"product_tag","embeddable":true,"href":"https:\/\/secureus.se\/pl\/wp-json\/wp\/v2\/product_tag?post=68349"}],"curies":[{"name":"wp","href":"https:\/\/api.w.org\/{rel}","templated":true}]}}