{"id":68355,"date":"2022-11-21T17:11:09","date_gmt":"2022-11-21T16:11:09","guid":{"rendered":"https:\/\/secureus.se\/produkt\/visonic-tower-20am-pg2-powerg-wireless-outdoor-pir-motion-mirror-detector-with-anti-masking\/"},"modified":"2026-04-09T11:36:47","modified_gmt":"2026-04-09T09:36:47","slug":"detektor-tower-20-am-utomhus-visonic","status":"publish","type":"product","link":"https:\/\/secureus.se\/pl\/detektor-tower-20-am-utomhus-visonic\/","title":{"rendered":"Detektor ruchu TOWER-20 AM PIR na zewn\u0105trz PG2 PowerG \u2013 Visonic"},"content":{"rendered":"<h1>Detektor TOWER-20 AM PG2 \u2013 Zaawansowana detekcja ruchu w \u015brodowiskach zewn\u0119trznych<\/h1>\n<p>TOWER-20 AM PG2 to bezprzewodowy czujnik PIR zaprojektowany w celu zapewnienia maksymalnego bezpiecze\u0144stwa na zewn\u0105trz budynk\u00f3w.<\/p>\n<p>Dzi\u0119ki optyce lustrzanej i zaawansowanej funkcji antymaskingu chroni Tw\u00f3j dom lub firm\u0119 przed potencjalnymi zagro\u017ceniami, nie wywo\u0142uj\u0105c fa\u0142szywych alarm\u00f3w.<\/p>\n<h4>Kluczowe funkcje:<\/h4>\n<ul>\n<li><strong>Zaawansowana technologia<\/strong>Technologia Octa-Quad\u2122 z o\u015bmioma czujnikami PIR zapewniaj\u0105ca precyzyjne wykrywanie.<\/li>\n<li><strong>Antymasking<\/strong>: Chroni przed pr\u00f3bami manipulacji detektorem.<\/li>\n<li><strong>Solidna konstrukcja<\/strong>:Odporny na warunki atmosferyczne, certyfikat IP55, zabezpieczony przed wandalizmem.<\/li>\n<\/ul>\n<h3>Idealny do domu i firmy<\/h3>\n<p>TOWER-20 AM PG2 zapewnia zasi\u0119g 12\u00d712 m i k\u0105t widzenia 90\u00b0, dzi\u0119ki czemu idealnie nadaje si\u0119 do du\u017cych powierzchni zewn\u0119trznych.<\/p>\n<p>Urz\u0105dzenie jest odporne na fa\u0142szywe alarmy wywo\u0142ywane przez zwierz\u0119ta domowe (do 18 kg), \u015bwiat\u0142o s\u0142oneczne i warunki atmosferyczne, dzi\u0119ki czemu stanowi niezawodne rozwi\u0105zanie zabezpieczaj\u0105ce.<\/p>\n<h4>Zalety:<\/h4>\n<ul>\n<li>\u0141atwa instalacja dzi\u0119ki wska\u017anikowi si\u0142y sygna\u0142u LED.<\/li>\n<li>\u017bywotno\u015b\u0107 baterii do 3 lat.<\/li>\n<li>Zgodno\u015b\u0107 z systemami PowerMaster w wersji 16 i nowszych.<\/li>\n<\/ul>\n<p>Dzi\u0119ki detektorowi TOWER-20 AM PG2 zyskujesz wydajne i niezawodne rozwi\u0105zanie do ochrony teren\u00f3w zewn\u0119trznych.<\/p>","protected":false},"excerpt":{"rendered":"<p>TOWER-20 AM PG2 to bezprzewodowy czujnik PIR przeznaczony do stosowania na zewn\u0105trz budynk\u00f3w.<\/p>\n<p>Dzi\u0119ki zaawansowanemu systemowi antymaskingowemu i ochronie przed fa\u0142szywymi alarmami idealnie nadaje si\u0119 do zastosowa\u0144 w ochronie.<\/p>","protected":false},"featured_media":142148,"template":"","meta":{"_acf_changed":false},"product_brand":[],"product_cat":[3376,3380],"product_tag":[3152,2472,2332],"class_list":{"0":"post-68355","1":"product","2":"type-product","3":"status-publish","4":"has-post-thumbnail","6":"product_cat-visonic-larmenheter","7":"product_cat-visonic-utomhusdetektorer","8":"product_tag-cr123-tillbehor","9":"product_tag-sbsc-larmklassr","10":"product_tag-visonic-rorelsedetektor","11":"product_shipping_class-tunga-paket","12":"pa_brands-5visonic","13":"tm-no-options","15":"first","16":"onbackorder","17":"sale","18":"taxable","19":"shipping-taxable","20":"purchasable","21":"product-type-simple"},"acf":[],"_links":{"self":[{"href":"https:\/\/secureus.se\/pl\/wp-json\/wp\/v2\/product\/68355","targetHints":{"allow":["GET"]}}],"collection":[{"href":"https:\/\/secureus.se\/pl\/wp-json\/wp\/v2\/product"}],"about":[{"href":"https:\/\/secureus.se\/pl\/wp-json\/wp\/v2\/types\/product"}],"wp:featuredmedia":[{"embeddable":true,"href":"https:\/\/secureus.se\/pl\/wp-json\/wp\/v2\/media\/142148"}],"wp:attachment":[{"href":"https:\/\/secureus.se\/pl\/wp-json\/wp\/v2\/media?parent=68355"}],"wp:term":[{"taxonomy":"product_brand","embeddable":true,"href":"https:\/\/secureus.se\/pl\/wp-json\/wp\/v2\/product_brand?post=68355"},{"taxonomy":"product_cat","embeddable":true,"href":"https:\/\/secureus.se\/pl\/wp-json\/wp\/v2\/product_cat?post=68355"},{"taxonomy":"product_tag","embeddable":true,"href":"https:\/\/secureus.se\/pl\/wp-json\/wp\/v2\/product_tag?post=68355"}],"curies":[{"name":"wp","href":"https:\/\/api.w.org\/{rel}","templated":true}]}}