{"id":68369,"date":"2022-11-21T17:10:18","date_gmt":"2022-11-21T16:10:18","guid":{"rendered":"https:\/\/secureus.se\/produkt\/visonic-tower-32am-pg2-powerg-high-performance-wireless-pir-mirror-dual-technology-detector-with-anti-masking\/"},"modified":"2026-04-09T11:37:03","modified_gmt":"2026-04-09T09:37:03","slug":"detektor-tower-32am-kombi-visonic","status":"publish","type":"product","link":"https:\/\/secureus.se\/pl\/detektor-tower-32am-kombi-visonic\/","title":{"rendered":"Detektor TOWER-32AM Detektor Combi K9-90 PG2 \u2013 Visonic"},"content":{"rendered":"<h1>TOWER-32AM PG2 \u2013 zaawansowany detektor kombinowany dla bezpieczniejszych \u015brodowisk<\/h1>\n<p>TOWER-32AM PG2 to wydajny bezprzewodowy detektor kombinowany przeznaczony do instalacji zar\u00f3wno w budynkach mieszkalnych, jak i komercyjnych.<\/p>\n<p>Dzi\u0119ki zaawansowanej technologii PIR i mikrofal czujnik ten charakteryzuje si\u0119 wysok\u0105 precyzj\u0105 i minimalnym ryzykiem fa\u0142szywych alarm\u00f3w.<\/p>\n<h4>Funkcje i zalety:<\/h4>\n<ul>\n<li><strong>Podw\u00f3jna technologia<\/strong>:PIR i mikrofale w pa\u015bmie K zapewniaj\u0105 dok\u0142adne wykrywanie.<\/li>\n<li><strong>Antymasking<\/strong>:Chroni przed manipulacj\u0105 czujnikami.<\/li>\n<li><strong>Odporno\u015b\u0107 zwierz\u0105t<\/strong>: Wytrzymuje obecno\u015b\u0107 zwierz\u0105t domowych o wadze do 40 kg, co minimalizuje liczb\u0119 fa\u0142szywych alarm\u00f3w.<\/li>\n<li><strong>Solidna konstrukcja<\/strong>:Odporny na akty wandalizmu dzi\u0119ki technologii V-Slot.<\/li>\n<\/ul>\n<h3>Idealny do domu i firmy<\/h3>\n<p>Urz\u0105dzenie TOWER-32AM PG2 jest kompatybilne z systemami PowerMaster i charakteryzuje si\u0119 \u0142atw\u0105 instalacj\u0105 oraz zdaln\u0105 konserwacj\u0105.<\/p>\n<p>Niskie zu\u017cycie energii gwarantuje d\u0142ug\u0105 \u017cywotno\u015b\u0107 baterii i wysok\u0105 niezawodno\u015b\u0107.<\/p>\n<h4>Zalety:<\/h4>\n<ul>\n<li>Zasi\u0119g do 15 m przy k\u0105cie 90\u00b0.<\/li>\n<li>Przystosowane do trudnych warunk\u00f3w i ekstremalnych temperatur.<\/li>\n<li>Spe\u0142nia norm\u0119 EN 50131-2-4 stopie\u0144 2 klasa II.<\/li>\n<\/ul>\n<p>Dzi\u0119ki TOWER-32AM PG2 otrzymujesz rozwi\u0105zanie zabezpieczaj\u0105ce gwarantuj\u0105ce niezawodn\u0105 wydajno\u015b\u0107 i bezpiecze\u0144stwo w ka\u017cdym \u015brodowisku.<\/p>","protected":false},"excerpt":{"rendered":"<p>TOWER-32AM PG2 to bezprzewodowy detektor kombinowany z zaawansowan\u0105 technologi\u0105.<\/p>\n<p>Idealne do zapewnienia bezpiecze\u0144stwa w obiektach mieszkalnych i komercyjnych.<\/p>","protected":false},"featured_media":141413,"template":"","meta":{"_acf_changed":false},"product_brand":[],"product_cat":[3376,3382],"product_tag":[2472,2332],"class_list":{"0":"post-68369","1":"product","2":"type-product","3":"status-publish","4":"has-post-thumbnail","6":"product_cat-visonic-larmenheter","7":"product_cat-rorelse-och-kamera-visonic-larmenheter","8":"product_tag-sbsc-larmklassr","9":"product_tag-visonic-rorelsedetektor","10":"product_shipping_class-tunga-paket","11":"pa_brands-5visonic","12":"tm-no-options","14":"first","15":"onbackorder","16":"sale","17":"taxable","18":"shipping-taxable","19":"purchasable","20":"product-type-simple"},"acf":[],"_links":{"self":[{"href":"https:\/\/secureus.se\/pl\/wp-json\/wp\/v2\/product\/68369","targetHints":{"allow":["GET"]}}],"collection":[{"href":"https:\/\/secureus.se\/pl\/wp-json\/wp\/v2\/product"}],"about":[{"href":"https:\/\/secureus.se\/pl\/wp-json\/wp\/v2\/types\/product"}],"wp:featuredmedia":[{"embeddable":true,"href":"https:\/\/secureus.se\/pl\/wp-json\/wp\/v2\/media\/141413"}],"wp:attachment":[{"href":"https:\/\/secureus.se\/pl\/wp-json\/wp\/v2\/media?parent=68369"}],"wp:term":[{"taxonomy":"product_brand","embeddable":true,"href":"https:\/\/secureus.se\/pl\/wp-json\/wp\/v2\/product_brand?post=68369"},{"taxonomy":"product_cat","embeddable":true,"href":"https:\/\/secureus.se\/pl\/wp-json\/wp\/v2\/product_cat?post=68369"},{"taxonomy":"product_tag","embeddable":true,"href":"https:\/\/secureus.se\/pl\/wp-json\/wp\/v2\/product_tag?post=68369"}],"curies":[{"name":"wp","href":"https:\/\/api.w.org\/{rel}","templated":true}]}}