{"id":68371,"date":"2022-11-21T17:10:15","date_gmt":"2022-11-21T16:10:15","guid":{"rendered":"https:\/\/secureus.se\/produkt\/visonic-mp-902-pg2-powerg-wireless-advanced-outdoor-curtain-pir-detector\/"},"modified":"2026-03-27T10:28:25","modified_gmt":"2026-03-27T09:28:25","slug":"detektor-mp-902-utomhus-visonic","status":"publish","type":"product","link":"https:\/\/secureus.se\/pl\/detektor-mp-902-utomhus-visonic\/","title":{"rendered":"Czujka MP-902 Zewn\u0119trzna PG2 PowerG \u2013 Model PIR \u2013 Visonic"},"content":{"rendered":"<h1>Detektor MP-902 PG2 \u2013 zaawansowany zewn\u0119trzny detektor z wczesnym ostrzeganiem<\/h1>\n<p>MP-902 PG2 to bezprzewodowy czujnik PIR przeznaczony do wczesnego ostrzegania o intruzach. Tworzy w\u0105sk\u0105 stref\u0119 ochronn\u0105 wok\u00f3\u0142 okien, drzwi i innych wej\u015b\u0107 i wysy\u0142a ostrze\u017cenia przed w\u0142amaniem.<\/p>\n<h4>Funkcje i zalety:<\/h4>\n<ul>\n<li><strong>Antymasking<\/strong>: Zapobiega manipulacjom i zapewnia niezawodne wykrywanie.<\/li>\n<li><strong>Odporno\u015b\u0107 zwierz\u0105t<\/strong>:Zmniejsza fa\u0142szywe alarmy wywo\u0142ywane przez zwierz\u0119ta domowe o wadze do 18 kg.<\/li>\n<li><strong>Odporny na warunki atmosferyczne<\/strong>:Certyfikat IP55 umo\u017cliwiaj\u0105cy stosowanie na zewn\u0105trz w ekstremalnych temperaturach (od -35\u00b0C do 60\u00b0C).<\/li>\n<\/ul>\n<h3>Idealny do domu i firmy<\/h3>\n<p>Detektor MP-902 PG2 jest kompatybilny z systemami PowerMaster i charakteryzuje si\u0119 \u0142atw\u0105 instalacj\u0105 dzi\u0119ki technologii PowerG. Solidna konstrukcja sprawia, \u017ce urz\u0105dzenie nadaje si\u0119 zar\u00f3wno do u\u017cytku domowego, jak i ma\u0142ych i \u015brednich firm.<\/p>\n<h4>Zalety:<\/h4>\n<ul>\n<li>Zasi\u0119g 8 m zapewnia efektywny zasi\u0119g.<\/li>\n<li>Wbudowany czujnik temperatury, kt\u00f3ry dostarcza dane o temperaturze za po\u015brednictwem aplikacji.<\/li>\n<li>D\u0142ugi czas pracy baterii a\u017c do 3 lat.<\/li>\n<\/ul>\n<p>Dzi\u0119ki detektorowi MP-902 PG2 zyskujesz niezawodne i \u0142atwe w obs\u0142udze rozwi\u0105zanie zabezpieczaj\u0105ce.<\/p>\n<p>&nbsp;<\/p>\n<p><iframe src=\"https:\/\/www.youtube.com\/embed\/homlHlVajWA\" width=\"505\" height=\"284\" frameborder=\"0\" allowfullscreen=\"allowfullscreen\"><\/iframe>A<\/p>\n<p>&nbsp;<\/p>\n<p>&nbsp;<\/p>","protected":false},"excerpt":{"rendered":"<p>Detektor MP-902 PG2 to zaawansowany kurtynowy czujnik PIR do zastosowa\u0144 zewn\u0119trznych. Dzi\u0119ki funkcji antymaskingu i zasi\u0119gowi 8 m zapewnia wczesne ostrzeganie i chroni Tw\u00f3j dom.<\/p>","protected":false},"featured_media":141419,"template":"","meta":{"_acf_changed":false},"product_brand":[],"product_cat":[3376,3380],"product_tag":[3152,2472,2332],"class_list":{"0":"post-68371","1":"product","2":"type-product","3":"status-publish","4":"has-post-thumbnail","6":"product_cat-visonic-larmenheter","7":"product_cat-visonic-utomhusdetektorer","8":"product_tag-cr123-tillbehor","9":"product_tag-sbsc-larmklassr","10":"product_tag-visonic-rorelsedetektor","11":"product_shipping_class-tunga-paket","12":"pa_brands-5visonic","13":"tm-no-options","15":"first","16":"outofstock","17":"sale","18":"taxable","19":"shipping-taxable","20":"purchasable","21":"product-type-simple"},"acf":[],"_links":{"self":[{"href":"https:\/\/secureus.se\/pl\/wp-json\/wp\/v2\/product\/68371","targetHints":{"allow":["GET"]}}],"collection":[{"href":"https:\/\/secureus.se\/pl\/wp-json\/wp\/v2\/product"}],"about":[{"href":"https:\/\/secureus.se\/pl\/wp-json\/wp\/v2\/types\/product"}],"wp:featuredmedia":[{"embeddable":true,"href":"https:\/\/secureus.se\/pl\/wp-json\/wp\/v2\/media\/141419"}],"wp:attachment":[{"href":"https:\/\/secureus.se\/pl\/wp-json\/wp\/v2\/media?parent=68371"}],"wp:term":[{"taxonomy":"product_brand","embeddable":true,"href":"https:\/\/secureus.se\/pl\/wp-json\/wp\/v2\/product_brand?post=68371"},{"taxonomy":"product_cat","embeddable":true,"href":"https:\/\/secureus.se\/pl\/wp-json\/wp\/v2\/product_cat?post=68371"},{"taxonomy":"product_tag","embeddable":true,"href":"https:\/\/secureus.se\/pl\/wp-json\/wp\/v2\/product_tag?post=68371"}],"curies":[{"name":"wp","href":"https:\/\/api.w.org\/{rel}","templated":true}]}}