{"id":68377,"date":"2022-11-21T17:09:53","date_gmt":"2022-11-21T16:09:53","guid":{"rendered":"https:\/\/secureus.se\/produkt\/visonic-pb-102-pg2-868-0030-powerg-2-button-supervised-handheld-wireless-panic-button-868mhz\/"},"modified":"2026-04-09T11:35:45","modified_gmt":"2026-04-09T09:35:45","slug":"overfallskontakt-pb-102-pg2-visonic","status":"publish","type":"product","link":"https:\/\/secureus.se\/pl\/overfallskontakt-pb-102-pg2-visonic\/","title":{"rendered":"Styk napadowy PB-102 Przycisk napadowy z 2 przyciskami 868MHz \u2013 Visonic"},"content":{"rendered":"<h1>Prze\u0142\u0105cznik paniki PB-102 PG2 \u2013 podw\u00f3jny przycisk paniki dla zwi\u0119kszonego bezpiecze\u0144stwa<\/h1>\n<p>PB-102 PG2 to elegancki i ergonomiczny przycisk paniki, kt\u00f3ry umo\u017cliwia szybk\u0105 i bezpieczn\u0105 obs\u0142ug\u0119 alarmu.<\/p>\n<p>Dwa przyciski i wbudowany mechanizm bezpiecze\u0144stwa redukuj\u0105 ryzyko fa\u0142szywych alarm\u00f3w, zapewniaj\u0105c u\u017cytkownikowi bezpiecze\u0144stwo i spok\u00f3j ducha.<\/p>\n<h4>Funkcje i zalety:<\/h4>\n<ul>\n<li><strong>Projekt z podw\u00f3jnym guzikiem<\/strong>: Dwa przyciski umo\u017cliwiaj\u0105ce \u0142atw\u0105 aktywacj\u0119 alarm\u00f3w awaryjnych.<\/li>\n<li><strong>Mechanizm bezpiecze\u0144stwa<\/strong>: Wymagane jest przytrzymanie przycisku przez dwie sekundy, aby unikn\u0105\u0107 przypadkowego naci\u015bni\u0119cia.<\/li>\n<li><strong>Przeno\u015bny i wszechstronny<\/strong>:Mo\u017cna nosi\u0107 na szyi, na pasku lub zamontowa\u0107 na \u015bcianie.<\/li>\n<\/ul>\n<h3>Idealny do domu i firmy<\/h3>\n<p>Urz\u0105dzenie PB-102 PG2 jest kompatybilne z systemami PowerMaster i stanowi proste rozwi\u0105zanie do uzbrajania i rozbrajania.<\/p>\n<p>\u017bywotno\u015b\u0107 baterii wynosz\u0105ca do 5 lat sprawia, \u017ce jest to urz\u0105dzenie zar\u00f3wno ekonomiczne, jak i niezawodne.<\/p>\n<h4>Zalety:<\/h4>\n<ul>\n<li>Technologia PowerG zapewniaj\u0105ca niezawodn\u0105 komunikacj\u0119.<\/li>\n<li>W zestawie znajduje si\u0119 klips do paska, brelok i smycz.<\/li>\n<li>Dzia\u0142a w temperaturach od 0\u00b0C do 50\u00b0C.<\/li>\n<\/ul>\n<p>Dzi\u0119ki wy\u0142\u0105cznikowi paniki PB-102 PG2 zyskujesz wygodne i bezpieczne rozwi\u0105zanie do obs\u0142ugi alarm\u00f3w awaryjnych w domach lub obiektach komercyjnych.<\/p>","protected":false},"excerpt":{"rendered":"<p>PB-102 PG2 to ergonomiczny, bezprzewodowy przycisk paniki z dwoma przyciskami i mechanizmem bezpiecze\u0144stwa.<\/p>\n<p>Doskonale nadaje si\u0119 do szybkiej i bezpiecznej obs\u0142ugi alarm\u00f3w awaryjnych.<\/p>","protected":false},"featured_media":141430,"template":"","meta":{"_acf_changed":false},"product_brand":[],"product_cat":[3378],"product_tag":[2327],"class_list":{"0":"post-68377","1":"product","2":"type-product","3":"status-publish","4":"has-post-thumbnail","6":"product_cat-visonic-larmstyrning-knappsatser","7":"product_tag-visonic-fjarr-assistansknapp","8":"product_shipping_class-tunga-paket","9":"pa_brands-5visonic","10":"tm-no-options","12":"first","13":"onbackorder","14":"sale","15":"taxable","16":"shipping-taxable","17":"purchasable","18":"product-type-simple"},"acf":[],"_links":{"self":[{"href":"https:\/\/secureus.se\/pl\/wp-json\/wp\/v2\/product\/68377","targetHints":{"allow":["GET"]}}],"collection":[{"href":"https:\/\/secureus.se\/pl\/wp-json\/wp\/v2\/product"}],"about":[{"href":"https:\/\/secureus.se\/pl\/wp-json\/wp\/v2\/types\/product"}],"wp:featuredmedia":[{"embeddable":true,"href":"https:\/\/secureus.se\/pl\/wp-json\/wp\/v2\/media\/141430"}],"wp:attachment":[{"href":"https:\/\/secureus.se\/pl\/wp-json\/wp\/v2\/media?parent=68377"}],"wp:term":[{"taxonomy":"product_brand","embeddable":true,"href":"https:\/\/secureus.se\/pl\/wp-json\/wp\/v2\/product_brand?post=68377"},{"taxonomy":"product_cat","embeddable":true,"href":"https:\/\/secureus.se\/pl\/wp-json\/wp\/v2\/product_cat?post=68377"},{"taxonomy":"product_tag","embeddable":true,"href":"https:\/\/secureus.se\/pl\/wp-json\/wp\/v2\/product_tag?post=68377"}],"curies":[{"name":"wp","href":"https:\/\/api.w.org\/{rel}","templated":true}]}}