{"id":68379,"date":"2022-11-21T17:09:43","date_gmt":"2022-11-21T16:09:43","guid":{"rendered":"https:\/\/secureus.se\/produkt\/visonic-mp-862-pg2-powerg-wireless-360-ceiling-mount-pir-detector-10m-32-8\/"},"modified":"2026-04-09T11:35:44","modified_gmt":"2026-04-09T09:35:44","slug":"detektor-mp-862-360-tak-pg2-10m-visonic","status":"publish","type":"product","link":"https:\/\/secureus.se\/pl\/detektor-mp-862-360-tak-pg2-10m-visonic\/","title":{"rendered":"Czujka MP-862 360 sufitowa czujka ruchu PIR PG2 10m \u2013 Visonic"},"content":{"rendered":"<h1>Detektor MP-862 PG2 \u2013 360\u00b0 wykrywanie ruchu dla optymalnego bezpiecze\u0144stwa<\/h1>\n<p>MP-862 PG2 to bezprzewodowy czujnik PIR montowany na suficie, kt\u00f3ry zapewnia doskona\u0142\u0105 detekcj\u0119 ruchu pod ka\u017cdym k\u0105tem.<\/p>\n<p>Dzi\u0119ki nowoczesnemu wzornictwu i zaawansowanej technologii doskonale sprawdzi si\u0119 zar\u00f3wno w domach, jak i firmach, gdzie wymagany jest wysoki poziom bezpiecze\u0144stwa.<\/p>\n<h4>Funkcje i zalety:<\/h4>\n<ul>\n<li><strong>Pokrycie 360\u00b0<\/strong>:Kompleksowy monitoring pomieszczenia za pomoc\u0105 jednego czujnika.<\/li>\n<li><strong>Technologia PowerG<\/strong>:Bezpieczna i niezawodna komunikacja dwukierunkowa.<\/li>\n<li><strong>Nowoczesny design<\/strong>:Kompaktowy i dyskretny, idealnie wpasuje si\u0119 w ka\u017cde otoczenie.<\/li>\n<\/ul>\n<h3>Idealny do domu i firmy<\/h3>\n<p>MP-862 PG2 przeznaczony jest do ochrony ma\u0142ych i \u015brednich pomieszcze\u0144 o obszarze dzia\u0142ania do 10 metr\u00f3w.<\/p>\n<p>Dzi\u0119ki \u0142atwej instalacji i niskiemu zu\u017cyciu energii jest to idealne rozwi\u0105zanie dla wi\u0119kszo\u015bci potrzeb w zakresie bezpiecze\u0144stwa.<\/p>\n<h4>Zalety:<\/h4>\n<ul>\n<li>\u017bywotno\u015b\u0107 baterii do 5 lat przy normalnym u\u017cytkowaniu.<\/li>\n<li>Kompatybilny z systemami PowerMaster i innymi systemami opartymi na technologii PowerG.<\/li>\n<li>\u0141atwa instalacja i konserwacja dzi\u0119ki wbudowanym wska\u017anikom.<\/li>\n<\/ul>\n<p>MP-862 PG2 to doskona\u0142y wyb\u00f3r dla os\u00f3b poszukuj\u0105cych zaawansowanego bezpiecze\u0144stwa bez \u017cadnych kompromis\u00f3w.<\/p>\n<p>&nbsp;<\/p>\n<p><iframe src=\"https:\/\/www.youtube.com\/embed\/M60TugKrWpY\" width=\"505\" height=\"284\" frameborder=\"0\" allowfullscreen=\"allowfullscreen\"><\/iframe><\/p>","protected":false},"excerpt":{"rendered":"<p>Detektor MP-862 PG2 to montowany na suficie czujnik PIR o polu widzenia 360\u00b0 i technologii PowerG.<\/p>\n<p>Bezpieczne, dyskretne, idealne do domu i firmy.<\/p>","protected":false},"featured_media":141437,"template":"","meta":{"_acf_changed":false},"product_brand":[],"product_cat":[3376,3382],"product_tag":[2472,2332],"class_list":{"0":"post-68379","1":"product","2":"type-product","3":"status-publish","4":"has-post-thumbnail","6":"product_cat-visonic-larmenheter","7":"product_cat-rorelse-och-kamera-visonic-larmenheter","8":"product_tag-sbsc-larmklassr","9":"product_tag-visonic-rorelsedetektor","10":"product_shipping_class-tunga-paket","11":"pa_brands-5visonic","12":"tm-no-options","14":"first","15":"onbackorder","16":"sale","17":"taxable","18":"shipping-taxable","19":"purchasable","20":"product-type-simple"},"acf":[],"_links":{"self":[{"href":"https:\/\/secureus.se\/pl\/wp-json\/wp\/v2\/product\/68379","targetHints":{"allow":["GET"]}}],"collection":[{"href":"https:\/\/secureus.se\/pl\/wp-json\/wp\/v2\/product"}],"about":[{"href":"https:\/\/secureus.se\/pl\/wp-json\/wp\/v2\/types\/product"}],"wp:featuredmedia":[{"embeddable":true,"href":"https:\/\/secureus.se\/pl\/wp-json\/wp\/v2\/media\/141437"}],"wp:attachment":[{"href":"https:\/\/secureus.se\/pl\/wp-json\/wp\/v2\/media?parent=68379"}],"wp:term":[{"taxonomy":"product_brand","embeddable":true,"href":"https:\/\/secureus.se\/pl\/wp-json\/wp\/v2\/product_brand?post=68379"},{"taxonomy":"product_cat","embeddable":true,"href":"https:\/\/secureus.se\/pl\/wp-json\/wp\/v2\/product_cat?post=68379"},{"taxonomy":"product_tag","embeddable":true,"href":"https:\/\/secureus.se\/pl\/wp-json\/wp\/v2\/product_tag?post=68379"}],"curies":[{"name":"wp","href":"https:\/\/api.w.org\/{rel}","templated":true}]}}