{"id":68381,"date":"2022-11-21T17:09:42","date_gmt":"2022-11-21T16:09:42","guid":{"rendered":"https:\/\/secureus.se\/produkt\/visonic-clip-pg2-powerg-ultra-small-wireless-curtain-detector\/"},"modified":"2026-03-26T14:27:00","modified_gmt":"2026-03-26T13:27:00","slug":"detektor-clip-pg2-ultraliten-pir-visonic","status":"publish","type":"product","link":"https:\/\/secureus.se\/pl\/detektor-clip-pg2-ultraliten-pir-visonic\/","title":{"rendered":"Czujka CLIP PG2 \u2013 Ultra ma\u0142a \u2013 Model PIR \u2013 Visonic"},"content":{"rendered":"<h1>Detektor CLIP PG2 \u2013 Kompaktowy i Elegancki Bezpiecze\u0144stwo<\/h1>\n<p>CLIP PG2 to najmniejszy na \u015bwiecie bezprzewodowy czujnik PIR, zaprojektowany tak, aby zapewni\u0107 maksymalne bezpiecze\u0144stwo przy minimalnym wp\u0142ywie na wygl\u0105d.<\/p>\n<p>Doskonale nadaje si\u0119 do wn\u0119trz, gdzie liczy si\u0119 zar\u00f3wno estetyka, jak i wydajno\u015b\u0107.<\/p>\n<h4>Funkcje i zalety:<\/h4>\n<ul>\n<li><strong>Ultra-ma\u0142y projekt<\/strong>:Kompaktowy i dyskretny, idealnie wpasuje si\u0119 w ka\u017cde otoczenie.<\/li>\n<li><strong>Wysoka wydajno\u015b\u0107<\/strong>:Technologia True Motion Recognition\u2122 eliminuje fa\u0142szywe alarmy.<\/li>\n<li><strong>Elastyczne pokrycie<\/strong>: Regulowany zasi\u0119g od 2 do 6 metr\u00f3w.<\/li>\n<\/ul>\n<h3>Idealny do domu i biura<\/h3>\n<p>Wybieraj\u0105c CLIP PG2 otrzymujesz detektor, kt\u00f3ry jest niezawodny i \u0142atwy w instalacji.<\/p>\n<p>Idealnie nadaje si\u0119 do ochrony pomieszcze\u0144, korytarzy i innych przestrzeni wewn\u0119trznych.<\/p>\n<h4>Zalety:<\/h4>\n<ul>\n<li>\u017bywotno\u015b\u0107 baterii do 7 lat przy minimalnej konserwacji.<\/li>\n<li>Maksymalny zasi\u0119g 9 x 13,5 m przy k\u0105cie 100\u00b0.<\/li>\n<li>\u0141atwy monta\u017c na \u015bcianie lub w naro\u017cniku.<\/li>\n<\/ul>\n<p>Zainwestuj w CLIP PG2, aby po\u0142\u0105czy\u0107 bezpiecze\u0144stwo, wydajno\u015b\u0107 i estetyk\u0119 w jednym rozwi\u0105zaniu.<\/p>","protected":false},"excerpt":{"rendered":"<p>Detektor CLIP PG2 to wyj\u0105tkowo ma\u0142y, elegancki i bezprzewodowy kurtynowy czujnik PIR.<\/p>\n<p>Dzi\u0119ki wysokiej wydajno\u015bci i minimalnej liczbie fa\u0142szywych alarm\u00f3w urz\u0105dzenie idealnie nadaje si\u0119 do u\u017cytku domowego i biurowego.<\/p>","protected":false},"featured_media":141128,"template":"","meta":{"_acf_changed":false},"product_brand":[],"product_cat":[3376,3382],"product_tag":[2472,2332],"class_list":{"0":"post-68381","1":"product","2":"type-product","3":"status-publish","4":"has-post-thumbnail","6":"product_cat-visonic-larmenheter","7":"product_cat-rorelse-och-kamera-visonic-larmenheter","8":"product_tag-sbsc-larmklassr","9":"product_tag-visonic-rorelsedetektor","10":"product_shipping_class-tunga-paket","11":"pa_brands-5visonic","12":"tm-no-options","14":"first","15":"outofstock","16":"sale","17":"taxable","18":"shipping-taxable","19":"purchasable","20":"product-type-simple"},"acf":[],"_links":{"self":[{"href":"https:\/\/secureus.se\/pl\/wp-json\/wp\/v2\/product\/68381","targetHints":{"allow":["GET"]}}],"collection":[{"href":"https:\/\/secureus.se\/pl\/wp-json\/wp\/v2\/product"}],"about":[{"href":"https:\/\/secureus.se\/pl\/wp-json\/wp\/v2\/types\/product"}],"wp:featuredmedia":[{"embeddable":true,"href":"https:\/\/secureus.se\/pl\/wp-json\/wp\/v2\/media\/141128"}],"wp:attachment":[{"href":"https:\/\/secureus.se\/pl\/wp-json\/wp\/v2\/media?parent=68381"}],"wp:term":[{"taxonomy":"product_brand","embeddable":true,"href":"https:\/\/secureus.se\/pl\/wp-json\/wp\/v2\/product_brand?post=68381"},{"taxonomy":"product_cat","embeddable":true,"href":"https:\/\/secureus.se\/pl\/wp-json\/wp\/v2\/product_cat?post=68381"},{"taxonomy":"product_tag","embeddable":true,"href":"https:\/\/secureus.se\/pl\/wp-json\/wp\/v2\/product_tag?post=68381"}],"curies":[{"name":"wp","href":"https:\/\/api.w.org\/{rel}","templated":true}]}}