{"id":68385,"date":"2022-11-21T17:09:28","date_gmt":"2022-11-21T16:09:28","guid":{"rendered":"https:\/\/secureus.se\/produkt\/visonic-rp-600-pg2-powerg-wireless-repeater-with-1300mah-8v-4-rechargeable-back-up-battery\/"},"modified":"2026-03-27T10:27:21","modified_gmt":"2026-03-27T09:27:21","slug":"repeater-rp-600-pg2-visonic","status":"publish","type":"product","link":"https:\/\/secureus.se\/pl\/repeater-rp-600-pg2-visonic\/","title":{"rendered":"Repeater RP-600 PG2 PowerG \u2013 Visonic"},"content":{"rendered":"<h1>Repeater RP-600 PG2 \u2013 rozszerzona komunikacja dla system\u00f3w PowerMaster<\/h1>\n<p>RP-600 PG2 to zaawansowany bezprzewodowy przeka\u017anik sygna\u0142u zaprojektowany w celu zwi\u0119kszenia zasi\u0119gu komunikacji mi\u0119dzy systemami PowerMaster i nadajnikami PowerG.<\/p>\n<p>Doskonale sprawdza si\u0119 w du\u017cych instalacjach, gdzie odleg\u0142o\u015b\u0107 lub przeszkody mog\u0105 wp\u0142ywa\u0107 na si\u0142\u0119 sygna\u0142u.<\/p>\n<h4>Funkcje i zalety:<\/h4>\n<ul>\n<li><strong>Rozszerzony zasi\u0119g<\/strong>:Zapewnia niezawodn\u0105 komunikacj\u0119 nawet w du\u017cych i skomplikowanych budynkach.<\/li>\n<li><strong>Solidna technologia<\/strong>:Technologia PowerG Frequency Hopping Spread Spectrum FHSS-TDMA zapewnia stabiln\u0105 komunikacj\u0119 dwukierunkow\u0105.<\/li>\n<li><strong>\u0141atwa instalacja<\/strong>: Kompaktowa konstrukcja ze wska\u017anikami LED do diagnostyki i monitorowania stanu.<\/li>\n<\/ul>\n<h3>Idealny do domu i firmy<\/h3>\n<p>RP-600 PG2 zwi\u0119ksza bezpiecze\u0144stwo i wygod\u0119, eliminuj\u0105c problemy z komunikacj\u0105 mi\u0119dzy urz\u0105dzeniami.<\/p>\n<p>Wbudowana bateria zapasowa zapewnia dzia\u0142anie urz\u0105dzenia nawet w przypadku zaniku zasilania.<\/p>\n<h4>Zalety:<\/h4>\n<ul>\n<li>48-godzinne podtrzymanie zasilania bateryjnego zapewniaj\u0105ce nieprzerwan\u0105 prac\u0119.<\/li>\n<li>Ochrona przed manipulacj\u0105 poprzez sabota\u017c czo\u0142owy i tylny.<\/li>\n<li>Zgodno\u015b\u0107 z systemami Visonic i Qolsys.<\/li>\n<\/ul>\n<p>Repeater RP-600 PG2 jest niezb\u0119dnym elementem do tworzenia niezawodnych i efektywnych system\u00f3w bezpiecze\u0144stwa.<\/p>","protected":false},"excerpt":{"rendered":"<p>RP-600 PG2 rozszerza komunikacj\u0119 pomi\u0119dzy systemami PowerMaster i urz\u0105dzeniami PowerG.<\/p>\n<p>Kompaktowa konstrukcja i \u0142atwa instalacja.<\/p>","protected":false},"featured_media":141449,"template":"","meta":{"_acf_changed":false},"product_brand":[],"product_cat":[3378],"product_tag":[2331],"class_list":{"0":"post-68385","1":"product","2":"type-product","3":"status-publish","4":"has-post-thumbnail","6":"product_cat-visonic-larmstyrning-knappsatser","7":"product_tag-visonic-larmoverforing","8":"product_shipping_class-tunga-paket","9":"pa_brands-5visonic","10":"tm-no-options","12":"first","13":"outofstock","14":"sale","15":"taxable","16":"shipping-taxable","17":"purchasable","18":"product-type-simple"},"acf":[],"_links":{"self":[{"href":"https:\/\/secureus.se\/pl\/wp-json\/wp\/v2\/product\/68385","targetHints":{"allow":["GET"]}}],"collection":[{"href":"https:\/\/secureus.se\/pl\/wp-json\/wp\/v2\/product"}],"about":[{"href":"https:\/\/secureus.se\/pl\/wp-json\/wp\/v2\/types\/product"}],"wp:featuredmedia":[{"embeddable":true,"href":"https:\/\/secureus.se\/pl\/wp-json\/wp\/v2\/media\/141449"}],"wp:attachment":[{"href":"https:\/\/secureus.se\/pl\/wp-json\/wp\/v2\/media?parent=68385"}],"wp:term":[{"taxonomy":"product_brand","embeddable":true,"href":"https:\/\/secureus.se\/pl\/wp-json\/wp\/v2\/product_brand?post=68385"},{"taxonomy":"product_cat","embeddable":true,"href":"https:\/\/secureus.se\/pl\/wp-json\/wp\/v2\/product_cat?post=68385"},{"taxonomy":"product_tag","embeddable":true,"href":"https:\/\/secureus.se\/pl\/wp-json\/wp\/v2\/product_tag?post=68385"}],"curies":[{"name":"wp","href":"https:\/\/api.w.org\/{rel}","templated":true}]}}