{"id":68837,"date":"2022-11-21T12:56:02","date_gmt":"2022-11-21T11:56:02","guid":{"rendered":"https:\/\/secureus.se\/produkt\/poeswitch-4-port-battbackup\/"},"modified":"2026-04-08T16:47:33","modified_gmt":"2026-04-08T14:47:33","slug":"poeswitch-4-port-battbackup","status":"publish","type":"product","link":"https:\/\/secureus.se\/pl\/poeswitch-4-port-battbackup\/","title":{"rendered":"4-portowa kopia zapasowa Poeswitch"},"content":{"rendered":"<p>Napi\u0119cie sieciowe sygnalizowane jest zielon\u0105 diod\u0105 LED, a b\u0142\u0119dy czerwon\u0105 diod\u0105 LED z przodu, przeka\u017anikiem alarmowym. Mo\u017cna wyposa\u017cy\u0107 w karty alarmowe do dodatkowych alarm\u00f3w o usterkach i styki sabota\u017cowe we wst\u0119pnie wywierconych otworach. Urz\u0105dzenie posiada zabezpieczenie przed przeci\u0105\u017ceniem, zwarciem oraz posiada wbudowane zabezpieczenie przed g\u0142\u0119bokim roz\u0142adowaniem akumulator\u00f3w. Sie\u0107, obci\u0105\u017cenie i akumulator s\u0105 zabezpieczone bezpiecznikami. Spe\u0142nia wymagania IEEE802.3af i IEEE802.3at. i mo\u017ce dostarczy\u0107 do 25 W\/port<\/p>","protected":false},"excerpt":{"rendered":"<p>Napi\u0119cie sieciowe sygnalizowane jest zielon\u0105 diod\u0105 LED, a b\u0142\u0119dy czerwon\u0105 diod\u0105 LED z przodu, przeka\u017anikiem alarmowym. Mo\u017cna wyposa\u017cy\u0107 w karty alarmowe do dodatkowych alarm\u00f3w o usterkach i styki sabota\u017cowe we wst\u0119pnie wywierconych otworach. Urz\u0105dzenie jest zabezpieczone przed przeci\u0105\u017ceniem,<\/p>","protected":false},"featured_media":141530,"template":"","meta":{"_acf_changed":false},"product_brand":[],"product_cat":[2123],"product_tag":[],"class_list":{"0":"post-68837","1":"product","2":"type-product","3":"status-publish","4":"has-post-thumbnail","6":"product_cat-poe-switch-med-batteribackup","7":"product_shipping_class-tunga-paket","8":"pa_brands-swansons","9":"tm-no-options","11":"first","12":"instock","13":"sale","14":"taxable","15":"shipping-taxable","16":"purchasable","17":"product-type-simple"},"acf":[],"_links":{"self":[{"href":"https:\/\/secureus.se\/pl\/wp-json\/wp\/v2\/product\/68837","targetHints":{"allow":["GET"]}}],"collection":[{"href":"https:\/\/secureus.se\/pl\/wp-json\/wp\/v2\/product"}],"about":[{"href":"https:\/\/secureus.se\/pl\/wp-json\/wp\/v2\/types\/product"}],"wp:featuredmedia":[{"embeddable":true,"href":"https:\/\/secureus.se\/pl\/wp-json\/wp\/v2\/media\/141530"}],"wp:attachment":[{"href":"https:\/\/secureus.se\/pl\/wp-json\/wp\/v2\/media?parent=68837"}],"wp:term":[{"taxonomy":"product_brand","embeddable":true,"href":"https:\/\/secureus.se\/pl\/wp-json\/wp\/v2\/product_brand?post=68837"},{"taxonomy":"product_cat","embeddable":true,"href":"https:\/\/secureus.se\/pl\/wp-json\/wp\/v2\/product_cat?post=68837"},{"taxonomy":"product_tag","embeddable":true,"href":"https:\/\/secureus.se\/pl\/wp-json\/wp\/v2\/product_tag?post=68837"}],"curies":[{"name":"wp","href":"https:\/\/api.w.org\/{rel}","templated":true}]}}