{"id":69243,"date":"2022-11-22T12:20:46","date_gmt":"2022-11-22T11:20:46","guid":{"rendered":"https:\/\/secureus.se\/produkt\/exxact-dosa-1-f-21mm-vit\/"},"modified":"2026-04-07T13:07:02","modified_gmt":"2026-04-07T11:07:02","slug":"exxact-dosa-1-f-21mm-vit","status":"publish","type":"product","link":"https:\/\/secureus.se\/pl\/exxact-dosa-1-f-21mm-vit\/","title":{"rendered":"Dok\u0142adne pude\u0142ko 1-F 21MM BIA\u0141Y"},"content":{"rendered":"<p>Puszka 1-przedzia\u0142owa 21mm do monta\u017cu przed\u0142u\u017cenia, dziurka od klucza do monta\u017cu nad puszk\u0105 aparaturow\u0105 c\/c 60mm.<\/p>\n<p>Wyt\u0142oczenia w dolnej cz\u0119\u015bci, mo\u017cliwo\u015b\u0107 monta\u017cu odci\u0105\u017cenia naci\u0105gu i \u015bcianki dzia\u0142owej.<\/p>\n<p>Oddzielna cz\u0119\u015b\u0107 dolna i rama przed\u0142u\u017caj\u0105ca u\u0142atwiaj\u0105 instalacj\u0119.<\/p>","protected":false},"excerpt":{"rendered":"<p>Puszka 1-przedzia\u0142owa 21mm do monta\u017cu przed\u0142u\u017cenia, dziurka od klucza do monta\u017cu nad puszk\u0105 aparaturow\u0105 c\/c 60mm. Wyt\u0142oczenia w dolnej cz\u0119\u015bci, mo\u017cliwo\u015b\u0107 monta\u017cu odci\u0105\u017cenia i \u015bcianki dzia\u0142owej. Oddzielna cz\u0119\u015b\u0107 dolna i rama przed\u0142u\u017caj\u0105ca u\u0142atwiaj\u0105 instalacj\u0119.<\/p>","protected":false},"featured_media":141313,"template":"","meta":{"_acf_changed":false},"product_brand":[],"product_cat":[4826],"product_tag":[3130],"class_list":{"0":"post-69243","1":"product","2":"type-product","3":"status-publish","4":"has-post-thumbnail","6":"product_cat-exxact","7":"product_tag-tillbehor-oppna-brandknappar","8":"product_shipping_class-postnord-varubrev","9":"pa_brands-schneider-electric","10":"tm-no-options","12":"first","13":"instock","14":"sale","15":"featured","16":"taxable","17":"shipping-taxable","18":"purchasable","19":"product-type-simple"},"acf":[],"_links":{"self":[{"href":"https:\/\/secureus.se\/pl\/wp-json\/wp\/v2\/product\/69243","targetHints":{"allow":["GET"]}}],"collection":[{"href":"https:\/\/secureus.se\/pl\/wp-json\/wp\/v2\/product"}],"about":[{"href":"https:\/\/secureus.se\/pl\/wp-json\/wp\/v2\/types\/product"}],"wp:featuredmedia":[{"embeddable":true,"href":"https:\/\/secureus.se\/pl\/wp-json\/wp\/v2\/media\/141313"}],"wp:attachment":[{"href":"https:\/\/secureus.se\/pl\/wp-json\/wp\/v2\/media?parent=69243"}],"wp:term":[{"taxonomy":"product_brand","embeddable":true,"href":"https:\/\/secureus.se\/pl\/wp-json\/wp\/v2\/product_brand?post=69243"},{"taxonomy":"product_cat","embeddable":true,"href":"https:\/\/secureus.se\/pl\/wp-json\/wp\/v2\/product_cat?post=69243"},{"taxonomy":"product_tag","embeddable":true,"href":"https:\/\/secureus.se\/pl\/wp-json\/wp\/v2\/product_tag?post=69243"}],"curies":[{"name":"wp","href":"https:\/\/api.w.org\/{rel}","templated":true}]}}