{"id":69370,"date":"2022-11-28T13:13:23","date_gmt":"2022-11-28T12:13:23","guid":{"rendered":"https:\/\/secureus.se\/produkt\/regnskydd-for-ir-detektor-utomhus-vit\/"},"modified":"2026-04-30T15:46:14","modified_gmt":"2026-04-30T13:46:14","slug":"ajax-hood-regnskydd-ir-utomhus","status":"publish","type":"product","link":"https:\/\/secureus.se\/pl\/ajax-hood-regnskydd-ir-utomhus\/","title":{"rendered":"AJAX Hood do czujnika zewn\u0119trznego MotionProtect, ochrona przed deszczem"},"content":{"rendered":"<h3><strong>Os\u0142ona przeciwdeszczowa na kaptur Ajax \u2013 chro\u0144 swoje urz\u0105dzenia zewn\u0119trzne przed warunkami atmosferycznymi<\/strong><\/h3>\n<p>Aby mie\u0107 pewno\u015b\u0107, \u017ce Twoje jednostki Ajax b\u0119d\u0105 dzia\u0142a\u0107 prawid\u0142owo w ka\u017cdych warunkach pogodowych, Ajax oferuje praktyczne akcesorium: os\u0142on\u0119 przeciwdeszczow\u0105 Ajax Hood. Ta os\u0142ona przeciwdeszczowa zosta\u0142a specjalnie zaprojektowana, aby pasowa\u0142a do Ajax MotionProtect Outdoor i MotionCam Outdoor, dw\u00f3ch najbardziej zaawansowanych urz\u0105dze\u0144 w systemie bezpiecze\u0144stwa Ajax.<\/p>\n<p>Chroni\u0105c te urz\u0105dzenia przed deszczem, \u015bniegiem i innymi wp\u0142ywami atmosferycznymi, Hood gwarantuje, \u017ce z\u0142a pogoda nie wp\u0142ynie na Twoje bezpiecze\u0144stwo.<\/p>\n<p><strong>Ochrona czujnik\u00f3w ruchu i kamer<\/strong><\/p>\n<p>Os\u0142ona przeciwdeszczowa Ajax Hood to solidna os\u0142ona, kt\u00f3ra zapobiega blokowaniu lub oddzia\u0142ywaniu deszczu i \u015bniegu na urz\u0105dzenia, umo\u017cliwiaj\u0105c im dalsz\u0105 wydajn\u0105 prac\u0119 nawet w ekstremalnych warunkach pogodowych.<\/p>\n<p>To sprawia, \u017ce os\u0142ona przeciwdeszczowa jest szczeg\u00f3lnie przydatna, poniewa\u017c gwarantuje, \u017ce czujnik ruchu Ajax MotionProtect Outdoor i kamera zewn\u0119trzna MotionCam b\u0119d\u0105 dzia\u0142a\u0107 niezale\u017cnie od pogody.<\/p>\n<p><strong>\u0141atwa instalacja<\/strong><\/p>\n<p>Okap do MotionProtect Outdoor mo\u017cna \u0142atwo zamontowa\u0107 bez konieczno\u015bci usuwania ju\u017c zainstalowanej czujki z powierzchni.<\/p>\n<p>Os\u0142ona przeciwdeszczowa jest wyposa\u017cona w ta\u015bm\u0119 Dual Lock po wewn\u0119trznej stronie pokrowca, dzi\u0119ki czemu monta\u017c jest szybki i bezpieczny.<\/p>\n<p>Aby j\u0105 zamontowa\u0107 nale\u017cy zdj\u0105\u0107 foli\u0119 ochronn\u0105 z ta\u015bmy, za\u0142o\u017cy\u0107 os\u0142on\u0119 na czujk\u0119 tak, aby cz\u0119\u015b\u0107 ta\u015bmy przyklei\u0142a si\u0119 do korpusu czujki.<\/p>\n<p>Nast\u0119pnie poluzuj os\u0142on\u0119 i wyg\u0142ad\u017a fragment ta\u015bmy, kt\u00f3ry pozosta\u0142 na czujce, a nast\u0119pnie za\u0142\u00f3\u017c os\u0142on\u0119 tak, aby oba kawa\u0142ki ta\u015bmy by\u0142y dobrze przymocowane.<\/p>\n<p>Instalacja ta nie wymaga demonta\u017cu urz\u0105dzenia i u\u0142atwia ochron\u0119 czujnik\u00f3w i kamer, nie powoduj\u0105c przy tym zak\u0142\u00f3ce\u0144 w ich dzia\u0142aniu.<\/p>\n<p><strong>Wi\u0119ksze bezpiecze\u0144stwo na zewn\u0105trz<\/strong><\/p>\n<p>Os\u0142ona przeciwdeszczowa Ajax Hood zapobiega wp\u0142ywom pogody na dzia\u0142anie urz\u0105dze\u0144 zabezpieczaj\u0105cych, zapewniaj\u0105c ci\u0105g\u0142\u0105 ochron\u0119 przed w\u0142amaniem, po\u017carem i innymi zagro\u017ceniami bezpiecze\u0144stwa.<\/p>\n<p>Instaluj\u0105c t\u0119 os\u0142on\u0119 przeciwdeszczow\u0105, mo\u017cesz mie\u0107 pewno\u015b\u0107, \u017ce Twoje czujki i kamery b\u0119d\u0105 wolne od problem\u00f3w pogodowych, kt\u00f3re mog\u0105 mie\u0107 wp\u0142yw na ich dzia\u0142anie.<\/p>\n<p>Nale\u017cy r\u00f3wnie\u017c pami\u0119ta\u0107, \u017ce os\u0142ona przeciwdeszczowa Ajax Hood jest przeznaczona do u\u017cytku w pomieszczeniach, co oznacza, \u017ce zapewnia niezawodn\u0105 ochron\u0119 wszystkich urz\u0105dze\u0144 zewn\u0119trznych wchodz\u0105cych w sk\u0142ad systemu bezpiecze\u0144stwa Ajax.<\/p>\n<p><strong>Kompatybilno\u015b\u0107 z urz\u0105dzeniami Ajax<\/strong><\/p>\n<p>Os\u0142ona przeciwdeszczowa jest kompatybilna z Ajax MotionProtect Outdoor, MotionCam Outdoor i MotionCam Outdoor PhOD, dzi\u0119ki czemu jest wszechstronnym dodatkiem do wszystkich urz\u0105dze\u0144 zewn\u0119trznych.<\/p>\n<p>Jest to idealne rozwi\u0105zanie, kt\u00f3re gwarantuje, \u017ce wszystkie cz\u0119\u015bci systemu bezpiecze\u0144stwa Ajax b\u0119d\u0105 nadal dzia\u0142a\u0107 prawid\u0142owo, niezale\u017cnie od warunk\u00f3w pogodowych.<\/p>\n<p><strong>Dane techniczne:<\/strong><\/p>\n<ul>\n<li><strong>Rodzaj akcesori\u00f3w:<\/strong> Os\u0142ona przeciwdeszczowa do u\u017cytku na zewn\u0105trz<\/li>\n<li><strong>Zgodno\u015b\u0107:<\/strong> Pasuje do Ajax MotionProtect Outdoor, MotionCam Outdoor i MotionCam Outdoor PhOD<\/li>\n<li><strong>Metoda instalacji:<\/strong> \u0141atwy w monta\u017cu za pomoc\u0105 ta\u015bmy Dual Lock<\/li>\n<li><strong>Tworzywo:<\/strong> Odporna na warunki atmosferyczne ochrona przed deszczem i \u015bniegiem<\/li>\n<li><strong>Cechy:<\/strong> Chroni przed wp\u0142ywami atmosferycznymi, zapewniaj\u0105c lepsze wykrywanie i monitorowanie<\/li>\n<\/ul>\n<p><strong>Wniosek:<\/strong><\/p>\n<p>Os\u0142ona przeciwdeszczowa Ajax Hood to proste, ale skuteczne akcesorium, kt\u00f3re zapewnia prac\u0119 jednostek zewn\u0119trznych bez zak\u0142\u00f3ce\u0144 powodowanych przez deszcz lub \u015bnieg.<\/p>\n<p>Chroni\u0105c Ajax MotionProtect Outdoor i MotionCam Outdoor przed \u017cywio\u0142ami, mo\u017cesz mie\u0107 pewno\u015b\u0107, \u017ce Tw\u00f3j system bezpiecze\u0144stwa b\u0119dzie nadal dzia\u0142a\u0142 prawid\u0142owo w ka\u017cdych warunkach pogodowych, zapewniaj\u0105c niezawodn\u0105 i ci\u0105g\u0142\u0105 ochron\u0119 Twojego domu lub firmy.<\/p>","protected":false},"excerpt":{"rendered":"<p>Os\u0142ona przeciwdeszczowa Ajax Hood zosta\u0142a zaprojektowana, aby chroni\u0107 Ajax MotionProtect Outdoor i MotionCam Outdoor przed deszczem i \u015bniegiem.<\/p>\n<p>To praktyczne akcesorium gwarantuje, \u017ce Twoje urz\u0105dzenia b\u0119d\u0105 dzia\u0142a\u0107 prawid\u0142owo w ka\u017cdych warunkach pogodowych.<\/p>","protected":false},"featured_media":152162,"template":"","meta":{"_acf_changed":false},"product_brand":[],"product_cat":[3157,1319],"product_tag":[4863],"class_list":{"0":"post-69370","1":"product","2":"type-product","3":"status-publish","4":"has-post-thumbnail","6":"product_cat-utomhussakerhet","7":"product_cat-ajax-larm","8":"product_tag-pf","9":"product_shipping_class-postnord-varubrev","10":"pa_ajax-tradlosa-larm-ovriga-tillbehor-monteringsfaste","11":"pa_brands-ajax-systems","12":"pa_color-vit","13":"pa_farg-vit","14":"tm-no-options","16":"first","17":"instock","18":"sale","19":"featured","20":"taxable","21":"shipping-taxable","22":"purchasable","23":"product-type-simple"},"acf":[],"_links":{"self":[{"href":"https:\/\/secureus.se\/pl\/wp-json\/wp\/v2\/product\/69370","targetHints":{"allow":["GET"]}}],"collection":[{"href":"https:\/\/secureus.se\/pl\/wp-json\/wp\/v2\/product"}],"about":[{"href":"https:\/\/secureus.se\/pl\/wp-json\/wp\/v2\/types\/product"}],"wp:featuredmedia":[{"embeddable":true,"href":"https:\/\/secureus.se\/pl\/wp-json\/wp\/v2\/media\/152162"}],"wp:attachment":[{"href":"https:\/\/secureus.se\/pl\/wp-json\/wp\/v2\/media?parent=69370"}],"wp:term":[{"taxonomy":"product_brand","embeddable":true,"href":"https:\/\/secureus.se\/pl\/wp-json\/wp\/v2\/product_brand?post=69370"},{"taxonomy":"product_cat","embeddable":true,"href":"https:\/\/secureus.se\/pl\/wp-json\/wp\/v2\/product_cat?post=69370"},{"taxonomy":"product_tag","embeddable":true,"href":"https:\/\/secureus.se\/pl\/wp-json\/wp\/v2\/product_tag?post=69370"}],"curies":[{"name":"wp","href":"https:\/\/api.w.org\/{rel}","templated":true}]}}