{"id":69375,"date":"2022-11-28T13:13:20","date_gmt":"2022-11-28T12:13:20","guid":{"rendered":"https:\/\/secureus.se\/produkt\/repeater-ajax-rex-vit\/"},"modified":"2026-03-10T11:02:46","modified_gmt":"2026-03-10T10:02:46","slug":"ajax-rex-repeater-range-extender-2","status":"publish","type":"product","link":"https:\/\/secureus.se\/pl\/ajax-rex-repeater-range-extender-2\/","title":{"rendered":"Wzmacniacz zasi\u0119gu Ajax ReX, bia\u0142y"},"content":{"rendered":"<h3><strong>Ajax ReX \u2013 przed\u0142u\u017cacz sygna\u0142u zapewniaj\u0105cy wi\u0119kszy zasi\u0119g i wi\u0119ksze bezpiecze\u0144stwo<\/strong><\/h3>\n<p>Ajax ReX to inteligentne rozwi\u0105zanie zwi\u0119kszaj\u0105ce zasi\u0119g i usprawniaj\u0105ce komunikacj\u0119 w ramach systemu bezpiecze\u0144stwa Ajax.<\/p>\n<p>ReX dzia\u0142a jako przed\u0142u\u017cacz lub wzmacniacz sygna\u0142u, podwajaj\u0105c zasi\u0119g dowolnego urz\u0105dzenia pod\u0142\u0105czonego do koncentratora Ajax.<\/p>\n<p>Dzi\u0119ki ReX mo\u017cesz z \u0142atwo\u015bci\u0105 pokry\u0107 du\u017ce obszary, takie jak wielopi\u0119trowe biura, wolnostoj\u0105ce budynki, a nawet du\u017ce zak\u0142ady produkcyjne.<\/p>\n<p>Pod\u0142\u0105czaj\u0105c do systemu a\u017c pi\u0119\u0107 jednostek ReX, mo\u017cna rozszerzy\u0107 zasi\u0119g do 35 km\u00b2, co czyni go pot\u0119\u017cnym narz\u0119dziem zar\u00f3wno dla ma\u0142ych, jak i du\u017cych rozwi\u0105za\u0144 bezpiecze\u0144stwa.<\/p>\n<p><strong>Szybki czas reakcji i niezawodna komunikacja<\/strong><\/p>\n<p>ReX dostarcza alarmy w rekordowym czasie, w ci\u0105gu 0,3 sekundy, i umo\u017cliwia szybk\u0105 komunikacj\u0119 pomi\u0119dzy jednostkami Ajax, nawet na du\u017ce odleg\u0142o\u015bci.<\/p>\n<p>Mo\u017ce przesy\u0142a\u0107 sygna\u0142y na odleg\u0142o\u015b\u0107 do 1800 metr\u00f3w na otwartym terenie, dzi\u0119ki czemu mo\u017cliwe jest umieszczenie sprz\u0119tu zabezpieczaj\u0105cego dalej od g\u0142\u00f3wnego w\u0119z\u0142a bez utraty si\u0142y i niezawodno\u015bci sygna\u0142u.<\/p>\n<p>To sprawia, \u017ce ReX idealnie nadaje si\u0119 do du\u017cych obszar\u00f3w, gdzie wiele detektor\u00f3w lub kamer musi komunikowa\u0107 si\u0119 z koncentratorem bez utraty funkcjonalno\u015bci.<\/p>\n<p><strong>Wbudowana bateria zapasowa i zabezpieczenie przed manipulacj\u0105<\/strong><\/p>\n<p>Jedn\u0105 z najbardziej imponuj\u0105cych cech ReXa jest wbudowany akumulator podtrzymuj\u0105cy, kt\u00f3ry mo\u017ce zasila\u0107 urz\u0105dzenie a\u017c do 35 godzin bez zewn\u0119trznego \u017ar\u00f3d\u0142a zasilania.<\/p>\n<p>Oznacza to, \u017ce ReX mo\u017ce nadal zachowa\u0107 bezpiecze\u0144stwo nawet podczas przerw w dostawie pr\u0105du, co jest niezb\u0119dne do ci\u0105g\u0142ego monitorowania.<\/p>\n<p>ReX jest r\u00f3wnie\u017c wyposa\u017cony w solidn\u0105 ochron\u0119 antysabota\u017cow\u0105, dzi\u0119ki czemu jest odporny na manipulacje lub pr\u00f3by manipulacji.<\/p>\n<p>System bezpiecze\u0144stwa obejmuje zar\u00f3wno wykrywanie w\u0142ama\u0144, jak i ochron\u0119 przed manipulacj\u0105, a ca\u0142a komunikacja jest szyfrowana algorytmem AES w celu ochrony przed pods\u0142uchem i w\u0142amaniami.<\/p>\n<p><strong>\u0141atwa instalacja i elastyczno\u015b\u0107<\/strong><\/p>\n<p>ReX jest \u0142atwy w instalacji i mo\u017cna go szybko zintegrowa\u0107 z istniej\u0105cym systemem Ajax. Instalacja odbywa si\u0119 poprzez zeskanowanie kodu QR w aplikacji Ajax i wykonanie prostych krok\u00f3w w celu dodania urz\u0105dzenia do systemu.<\/p>\n<p>Nast\u0119pnie mo\u017cesz skonfigurowa\u0107 ReX do wsp\u00f3\u0142pracy z urz\u0105dzeniami, dla kt\u00f3rych chcesz korzysta\u0107 z rozszerzonego zasi\u0119gu.<\/p>\n<p>ReX mo\u017cna zainstalowa\u0107 w bezpiecznym miejscu za pomoc\u0105 do\u0142\u0105czonego uchwytu SmartBracket, dzi\u0119ki czemu instalacja jest szybka i \u0142atwa bez konieczno\u015bci demonta\u017cu urz\u0105dzenia.<\/p>\n<p><strong>Autonomiczna praca i elastyczne po\u0142\u0105czenie<\/strong><\/p>\n<p>ReX dzia\u0142a autonomicznie w przypadku utraty komunikacji z koncentratorem.<\/p>\n<p>Je\u015bli kt\u00f3rekolwiek z pod\u0142\u0105czonych urz\u0105dze\u0144 wy\u015ble alarm, ReX w\u0142\u0105czy syren\u0119, aby ostrzec o zdarzeniu, utrzymuj\u0105c bezpiecze\u0144stwo nawet je\u015bli system nie jest w pe\u0142ni sprawny.<\/p>\n<p>Zapewnia to dodatkowe bezpiecze\u0144stwo i ochron\u0119, chroni\u0105c wszystkie pod\u0142\u0105czone urz\u0105dzenia, niezale\u017cnie od sytuacji.<\/p>\n<p><strong>Kompatybilno\u015b\u0107 i aktualizacje<\/strong><\/p>\n<p>ReX jest kompatybilny ze wszystkimi koncentratorami Ajax, w tym Hub, Hub 2, Hub 2 Plus i Hub Hybrid. W jednym systemie mo\u017cna zastosowa\u0107 do pi\u0119ciu jednostek ReX, aby pokry\u0107 bardzo du\u017ce obszary.<\/p>\n<p>ReX wsp\u00f3\u0142pracuje r\u00f3wnie\u017c bezproblemowo z systemem operacyjnym Malewicz i regularnie otrzymuje bezp\u0142atne aktualizacje, kt\u00f3re zapewniaj\u0105, \u017ce urz\u0105dzenie jest zawsze aktualne i zawiera najnowsze funkcje i ulepszenia zabezpiecze\u0144.<\/p>\n<p><strong>Dane techniczne:<\/strong><\/p>\n<ul>\n<li><strong>Typ:<\/strong> Bezprzewodowy przed\u0142u\u017cacz\/wzmacniacz sygna\u0142u<\/li>\n<li><strong>Maksymalna liczba pod\u0142\u0105czonych urz\u0105dze\u0144 (na koncentrator):<\/strong> Piasta\/Piasta Hybrydowa \u2013 do 99, Piasta Plus \u2013 do 149, Piasta 2 Plus \u2013 do 199<\/li>\n<li><strong>Obszar komunikacji:<\/strong> Do 2800 mil otwartego terenu<\/li>\n<li><strong>Czas transmisji alarmu:<\/strong> 0,3 sekundy<\/li>\n<li><strong>Zasilanie:<\/strong> 110-240 V z sieci lub 12 V z zasilaczem 12 V dla Hub\/Hub Plus\/ReX<\/li>\n<li><strong>Bateria zapasowa:<\/strong> Li-Ion 2 A\u00b7h, do 35 godzin pracy bez zasilania<\/li>\n<li><strong>System operacyjny:<\/strong> OS Malewicz<\/li>\n<li><strong>Pasmo cz\u0119stotliwo\u015bci:<\/strong> W zale\u017cno\u015bci od regionu sprzeda\u017cy<\/li>\n<li><strong>Szyfrowanie:<\/strong> Algorytm AES do szyfrowania blokowego<\/li>\n<li><strong>Temperatura pracy:<\/strong> -10\u00b0C do +40\u00b0C<\/li>\n<li><strong>Maksymalna wilgotno\u015b\u0107:<\/strong> Do 75%<\/li>\n<li><strong>Rozmiar:<\/strong> 163 \u00d7 163 \u00d7 36 mm<\/li>\n<li><strong>Waga:<\/strong> 330 gr<\/li>\n<li><strong>Antysabota\u017c:<\/strong> Tak, obs\u0142uguje wykrywanie sabota\u017cu i ochron\u0119 przed sabota\u017cem<\/li>\n<li><strong>Metoda instalacji:<\/strong> Wn\u0119trz<\/li>\n<\/ul>\n<p><strong>Zawarto\u015b\u0107 pakietu:<\/strong><\/p>\n<ul>\n<li>Wzmacniacz Ajax ReX<\/li>\n<li>Panel monta\u017cowy SmartBracket<\/li>\n<li>Kabel zasilaj\u0105cy<\/li>\n<li>Zestaw instalacyjny<\/li>\n<li>Skr\u00f3cona instrukcja obs\u0142ugi<\/li>\n<\/ul>\n<p><strong>Wniosek:<\/strong><\/p>\n<p>Ajax ReX to wydajne i niezawodne rozwi\u0105zanie poprawiaj\u0105ce zasi\u0119g system\u00f3w bezpiecze\u0144stwa Ajax.<\/p>\n<p>Dzi\u0119ki \u0142atwej instalacji, niezawodnej komunikacji i solidnym funkcjom bezpiecze\u0144stwa ReX umo\u017cliwia stworzenie kompleksowej ochrony du\u017cych obszar\u00f3w lub z\u0142o\u017conych budynk\u00f3w.<\/p>\n<p>Niezale\u017cnie od tego, czy potrzebujesz pokry\u0107 wiele pi\u0119ter, wolnostoj\u0105ce budynki czy du\u017ce zak\u0142ady produkcyjne, ReX zapewnia elastyczne i bezpieczne rozwi\u0105zanie spe\u0142niaj\u0105ce wszystkie Twoje potrzeby.<\/p>","protected":false},"excerpt":{"rendered":"<p>Ajax ReX to bezprzewodowy przed\u0142u\u017cacz sygna\u0142u, kt\u00f3ry rozszerza zasi\u0119g systemu bezpiecze\u0144stwa Ajax.<\/p>\n<p>Mo\u017ce \u0142\u0105czy\u0107 urz\u0105dzenia znajduj\u0105ce si\u0119 w odleg\u0142o\u015bci do 1800 metr\u00f3w, a dzi\u0119ki 35-godzinnemu podtrzymaniu bateryjnemu zapewnia sta\u0142e bezpiecze\u0144stwo nawet w przypadku przerwy w dostawie pr\u0105du.<\/p>","protected":false},"featured_media":152095,"template":"","meta":{"_acf_changed":false},"product_brand":[],"product_cat":[3168,1319],"product_tag":[3127,2137,4863],"class_list":{"0":"post-69375","1":"product","2":"type-product","3":"status-publish","4":"has-post-thumbnail","6":"product_cat-range-extender-repeater","7":"product_cat-ajax-larm","8":"product_tag-kontrollprodukt","9":"product_tag-lager-ajax","10":"product_tag-pf","11":"product_shipping_class-tunga-paket","12":"pa_ajax-tradlosa-larm-reapeater","13":"pa_brands-ajax-systems","14":"pa_color-vit","15":"pa_farg-vit","16":"tm-no-options","18":"first","19":"instock","20":"sale","21":"featured","22":"taxable","23":"shipping-taxable","24":"purchasable","25":"product-type-simple"},"acf":[],"_links":{"self":[{"href":"https:\/\/secureus.se\/pl\/wp-json\/wp\/v2\/product\/69375","targetHints":{"allow":["GET"]}}],"collection":[{"href":"https:\/\/secureus.se\/pl\/wp-json\/wp\/v2\/product"}],"about":[{"href":"https:\/\/secureus.se\/pl\/wp-json\/wp\/v2\/types\/product"}],"wp:featuredmedia":[{"embeddable":true,"href":"https:\/\/secureus.se\/pl\/wp-json\/wp\/v2\/media\/152095"}],"wp:attachment":[{"href":"https:\/\/secureus.se\/pl\/wp-json\/wp\/v2\/media?parent=69375"}],"wp:term":[{"taxonomy":"product_brand","embeddable":true,"href":"https:\/\/secureus.se\/pl\/wp-json\/wp\/v2\/product_brand?post=69375"},{"taxonomy":"product_cat","embeddable":true,"href":"https:\/\/secureus.se\/pl\/wp-json\/wp\/v2\/product_cat?post=69375"},{"taxonomy":"product_tag","embeddable":true,"href":"https:\/\/secureus.se\/pl\/wp-json\/wp\/v2\/product_tag?post=69375"}],"curies":[{"name":"wp","href":"https:\/\/api.w.org\/{rel}","templated":true}]}}