{"id":69407,"date":"2022-11-28T13:13:05","date_gmt":"2022-11-28T12:13:05","guid":{"rendered":"https:\/\/secureus.se\/produkt\/kombidetektor-husdjur-12m-tradlos-vit\/"},"modified":"2026-04-02T10:43:41","modified_gmt":"2026-04-02T08:43:41","slug":"ajax-motionprotect-plus-husdjur-vit","status":"publish","type":"product","link":"https:\/\/secureus.se\/pl\/ajax-motionprotect-plus-husdjur-vit\/","title":{"rendered":"Detektor kombinowany Ajax MotionProtect Plus \u2013 IR+mikrofale \u2013 bia\u0142y \u2013 do trudniejszych warunk\u00f3w"},"content":{"rendered":"<h3><strong>Ajax MotionProtect Plus \u2013 idealny czujnik ruchu do domu i biura<\/strong><\/h3>\n<p>Ajax MotionProtect Plus to innowacyjna i niezawodna bezprzewodowa czujka ruchu, kt\u00f3ra zapewnia najwy\u017csze bezpiecze\u0144stwo w domu lub firmie.<\/p>\n<p>Wyposa\u017cony zar\u00f3wno w czujnik PIR (pasywny czujnik podczerwieni), jak i czujnik mikrofalowy, MotionProtect Plus mo\u017ce szybko i skutecznie wykrywa\u0107 ruch, nawet w trudnych warunkach, w kt\u00f3rych wyst\u0119puj\u0105 zak\u0142\u00f3cenia, takie jak klimatyzacja, otwarty ogie\u0144 lub migocz\u0105ce \u015bwiat\u0142a.<\/p>\n<p>Zaawansowana technologia sprawia, \u017ce jest to doskona\u0142y wyb\u00f3r zapewniaj\u0105cy niezawodne i dok\u0142adne wykrywanie bez powodowania fa\u0142szywych alarm\u00f3w.<\/p>\n<p><strong>Zaawansowana technologia zapewniaj\u0105ca doskona\u0142\u0105 detekcj\u0119<\/strong><\/p>\n<p>MotionProtect Plus \u0142\u0105czy w sobie dwa systemy detekcji \u2013 czujniki PIR i czujniki mikrofalowe \u2013 co zapewnia bardzo du\u017c\u0105 dok\u0142adno\u015b\u0107 w zakresie wykrywania ruchu cz\u0142owieka.<\/p>\n<p>Czujnik PIR reaguje na r\u00f3\u017cnice temperatur, natomiast czujnik mikrofalowy odfiltrowuje zak\u0142\u00f3cenia powodowane przez klimatyzacj\u0119, zas\u0142ony, odblaski czy odbicia.<\/p>\n<p>Takie po\u0142\u0105czenie pozwala urz\u0105dzeniu odr\u00f3\u017cni\u0107 rzeczywiste zagro\u017cenia od potencjalnych zak\u0142\u00f3ce\u0144, zmniejszaj\u0105c w ten spos\u00f3b ryzyko fa\u0142szywych alarm\u00f3w.<\/p>\n<p><strong>Wykrywanie bezpiecznego zwierz\u0119cia<\/strong><\/p>\n<p>Jedn\u0105 z najbardziej godnych uwagi cech MotionProtect Plus jest odporno\u015b\u0107 na zwierz\u0119ta.<\/p>\n<p>Zosta\u0142 zaprojektowany tak, aby ignorowa\u0107 ruch zwierz\u0105t domowych o wadze do 20 kg i wzro\u015bcie do 50 cm, dzi\u0119ki czemu idealnie nadaje si\u0119 do gospodarstw domowych ze zwierz\u0119tami.<\/p>\n<p>Zmniejsza to ryzyko fa\u0142szywych alarm\u00f3w wywo\u0142anych przez zwierz\u0119ta domowe i umo\u017cliwia zastosowanie czujki w domach, w kt\u00f3rych przebywaj\u0105 zar\u00f3wno ma\u0142e, jak i du\u017ce zwierz\u0119ta.<\/p>\n<p><strong>Niezawodne i d\u0142ugotrwa\u0142e dzia\u0142anie<\/strong><\/p>\n<p>MotionProtect Plus ma d\u0142ug\u0105 \u017cywotno\u015b\u0107 baterii, si\u0119gaj\u0105c\u0105 5 lat, co oznacza, \u017ce mo\u017cesz go ustawi\u0107 i zapomnie\u0107 bez konieczno\u015bci cz\u0119stej wymiany baterii.<\/p>\n<p>Czujka wyposa\u017cona jest tak\u017ce w zaawansowane zarz\u0105dzanie energi\u0105, co sprawia, \u017ce jest trwa\u0142a i niezawodna przez d\u0142ugi czas.<\/p>\n<p>Jest kompatybilny ze wszystkimi koncentratorami Ajax i p\u0142ynnie wsp\u00f3\u0142pracuje z reszt\u0105 systemu bezpiecze\u0144stwa, zapewniaj\u0105c kompleksow\u0105 ochron\u0119.<\/p>\n<p><strong>Bezpieczna komunikacja i ochrona przed manipulacj\u0105<\/strong><\/p>\n<p>Aby zapewni\u0107, \u017ce Twoje bezpiecze\u0144stwo nie zostanie zagro\u017cone przez zak\u0142\u00f3cenia, MotionProtect Plus wykorzystuje technologi\u0119 radiow\u0105 Jeweler firmy Ajax.<\/p>\n<p>Dzi\u0119ki temu mo\u017ce skutecznie komunikowa\u0107 si\u0119 z koncentratorem Ajax i innymi urz\u0105dzeniami, nawet na odleg\u0142o\u015b\u0107.<\/p>\n<p>Wyposa\u017cone jest tak\u017ce w system wykrywania sabota\u017cu i sabota\u017cu, kt\u00f3ry natychmiast ostrzega, je\u015bli kto\u015b podejmie pr\u00f3b\u0119 manipulacji przy urz\u0105dzeniu.<\/p>\n<p>Ca\u0142a komunikacja jest szyfrowana przy u\u017cyciu algorytmu AES, co oznacza, \u017ce system jest chroniony przed nieuprawnionym dost\u0119pem i przechwyceniem.<\/p>\n<p><strong>Instalacja i konfiguracja<\/strong><\/p>\n<p>Ajax MotionProtect Plus jest \u0142atwy w instalacji i konfiguracji. Jest wyposa\u017cony w fabrycznie zainstalowan\u0105 bateri\u0119 CR123A i mo\u017cna go szybko pod\u0142\u0105czy\u0107 do systemu za po\u015brednictwem aplikacji Ajax, skanuj\u0105c kod QR.<\/p>\n<p>Dzi\u0119ki zastosowaniu panelu monta\u017cowego SmartBracket urz\u0105dzenie mo\u017cna przymocowa\u0107 do powierzchni pionowej lub w naro\u017cniku, dzi\u0119ki czemu instalacja jest szybka i elastyczna.<\/p>\n<p>Aby zapewni\u0107 najlepsz\u0105 mo\u017cliw\u0105 wydajno\u015b\u0107, mo\u017cesz tak\u017ce wykona\u0107 testy si\u0142y sygna\u0142u i dostosowa\u0107 stref\u0119 detekcji czujki.<\/p>\n<p><strong>Dane techniczne:<\/strong><\/p>\n<ul>\n<li><strong>Typ detektora:<\/strong> Bezprzewodowy czujnik wielofunkcyjny z czujnikiem PIR i mikrofalowym<\/li>\n<li><strong>Odleg\u0142o\u015b\u0107 wykrywania ruchu:<\/strong> Do 12 metr\u00f3w<\/li>\n<li><strong>K\u0105ty detekcji:<\/strong> Poziomo \u2013 88,5\u00b0, Pionowo \u2013 80\u00b0<\/li>\n<li><strong>Czas dostarczenia alarmu:<\/strong> 0,15 sekundy<\/li>\n<li><strong>Wra\u017cliwo\u015b\u0107:<\/strong> Regulowany, 3 poziomy<\/li>\n<li><strong>Bezpiecze\u0144stwo zwierz\u0105t:<\/strong> Do 20 kg, wysoko\u015b\u0107 do 50 cm<\/li>\n<li><strong>Zasilanie:<\/strong> Bateria CR123A (wst\u0119pnie zainstalowana)<\/li>\n<li><strong>\u017bywotno\u015b\u0107 baterii:<\/strong> Do 5 lat<\/li>\n<li><strong>Protok\u00f3\u0142 komunikacyjny:<\/strong> Jubiler<\/li>\n<li><strong>Temperatura pracy:<\/strong> -10\u00b0C do +40\u00b0C<\/li>\n<li><strong>Wilgotno\u015b\u0107:<\/strong> Do 75%<\/li>\n<li><strong>Wymiary:<\/strong> 110 \u00d7 65 \u00d7 50 mm<\/li>\n<li><strong>Waga:<\/strong> 96 gr<\/li>\n<\/ul>\n<p><strong>Zawarto\u015b\u0107 pakietu:<\/strong><\/p>\n<ul>\n<li>Detektor ruchu MotionProtect Plus<\/li>\n<li>Panel monta\u017cowy SmartBracket<\/li>\n<li>Bateria CR123A (wst\u0119pnie zainstalowana)<\/li>\n<li>Zestaw instalacyjny<\/li>\n<li>Instrukcja obs\u0142ugi<\/li>\n<\/ul>\n<p><strong>Wniosek:<\/strong><\/p>\n<p>Ajax MotionProtect Plus to niezawodne i elastyczne rozwi\u0105zanie zapewniaj\u0105ce wykrywanie ruchu i odporno\u015b\u0107 na zwierz\u0119ta w domu lub firmie.<\/p>\n<p>Dzi\u0119ki zaawansowanym funkcjom, d\u0142ugiej \u017cywotno\u015bci baterii i solidnym protoko\u0142om bezpiecze\u0144stwa zapewnia skuteczn\u0105 i d\u0142ugotrwa\u0142\u0105 ochron\u0119 przed intruzami.<\/p>\n<p>Filtruj\u0105c zak\u0142\u00f3cenia i ignoruj\u0105c zwierz\u0119ta, MotionProtect Plus zapewnia dok\u0142adne i niezawodne wykrywanie we wszystkich typach \u015brodowisk.<\/p>","protected":false},"excerpt":{"rendered":"<p>Ajax MotionProtect Plus to zaawansowana bezprzewodowa czujka typu kombi z czujnikiem mikrofalowym i odporno\u015bci\u0105 na zwierz\u0119ta.<\/p>\n<p>Wykrywa ruch i filtruje zak\u0142\u00f3cenia pochodz\u0105ce z klimatyzacji oraz migotania \u015bwiat\u0142a w zasi\u0119gu do 12 metr\u00f3w.<\/p>","protected":false},"featured_media":155434,"template":"","meta":{"_acf_changed":false},"product_brand":[],"product_cat":[3156,1319],"product_tag":[3152,3127,2137,4863],"class_list":{"0":"post-69407","1":"product","2":"type-product","3":"status-publish","4":"has-post-thumbnail","6":"product_cat-rorelse-och-kamera","7":"product_cat-ajax-larm","8":"product_tag-cr123-tillbehor","9":"product_tag-kontrollprodukt","10":"product_tag-lager-ajax","11":"product_tag-pf","12":"product_shipping_class-postnord-varubrev","13":"pa_ajax-tradlosa-larm-detektorer","14":"pa_brands-ajax-systems","15":"pa_color-vit","16":"pa_farg-vit","17":"tm-no-options","19":"first","20":"instock","21":"sale","22":"featured","23":"taxable","24":"shipping-taxable","25":"purchasable","26":"product-type-simple"},"acf":[],"_links":{"self":[{"href":"https:\/\/secureus.se\/pl\/wp-json\/wp\/v2\/product\/69407","targetHints":{"allow":["GET"]}}],"collection":[{"href":"https:\/\/secureus.se\/pl\/wp-json\/wp\/v2\/product"}],"about":[{"href":"https:\/\/secureus.se\/pl\/wp-json\/wp\/v2\/types\/product"}],"wp:featuredmedia":[{"embeddable":true,"href":"https:\/\/secureus.se\/pl\/wp-json\/wp\/v2\/media\/155434"}],"wp:attachment":[{"href":"https:\/\/secureus.se\/pl\/wp-json\/wp\/v2\/media?parent=69407"}],"wp:term":[{"taxonomy":"product_brand","embeddable":true,"href":"https:\/\/secureus.se\/pl\/wp-json\/wp\/v2\/product_brand?post=69407"},{"taxonomy":"product_cat","embeddable":true,"href":"https:\/\/secureus.se\/pl\/wp-json\/wp\/v2\/product_cat?post=69407"},{"taxonomy":"product_tag","embeddable":true,"href":"https:\/\/secureus.se\/pl\/wp-json\/wp\/v2\/product_tag?post=69407"}],"curies":[{"name":"wp","href":"https:\/\/api.w.org\/{rel}","templated":true}]}}