{"id":69414,"date":"2022-11-28T13:13:05","date_gmt":"2022-11-28T12:13:05","guid":{"rendered":"https:\/\/secureus.se\/produkt\/monteringsfaste-ir-detektor-vit\/"},"modified":"2026-03-10T11:02:24","modified_gmt":"2026-03-10T10:02:24","slug":"ajax-faste-ir-detektor-vit","status":"publish","type":"product","link":"https:\/\/secureus.se\/pl\/ajax-faste-ir-detektor-vit\/","title":{"rendered":"Ajax Smart Bracket Cz\u0119\u015b\u0107 zamienna Uchwyt monta\u017cowy \/ Akcesoria MotionProtect"},"content":{"rendered":"<h3><strong>Ajax Smart Bracket Uchwyt monta\u017cowy do czujnika ruchu z czujnikiem IR<\/strong><\/h3>\n<p>Uchwyt Ajax Smart Bracket to doskona\u0142e akcesorium do instalacji czujnik\u00f3w ruchu Ajax, zaprojektowane specjalnie w celu optymalizacji rozmieszczenia urz\u0105dze\u0144 takich jak MotionProtect z czujnikami podczerwieni.<\/p>\n<p>Dzi\u0119ki temu uchwytowi monta\u017cowemu uzyskasz bezpieczn\u0105, stabiln\u0105 i elastyczn\u0105 instalacj\u0119, dzi\u0119ki czemu z \u0142atwo\u015bci\u0105 umie\u015bcisz czujnik ruchu w najlepszym miejscu dla maksymalnej ochrony.<\/p>\n<p>Niezale\u017cnie od tego, czy instalujesz czujki w domu, czy w biurze, uchwyt Smart Bracket zapewnia niezawodne i d\u0142ugotrwa\u0142e dzia\u0142anie.<\/p>\n<p><strong>Zalety wspornika monta\u017cowego Ajax Smart Bracket<\/strong><\/p>\n<p>Smart Bracket sprawia, \u017ce instalacja czujek ruchu Ajax MotionProtect jest p\u0142ynna i szybka.<\/p>\n<p>Aby zainstalowa\u0107 czujk\u0119, nale\u017cy zdj\u0105\u0107 panel monta\u017cowy Smart Bracket z urz\u0105dzenia i przymocowa\u0107 go do powierzchni pionowej lub w rogu pomieszczenia.<\/p>\n<p>mo\u017cesz u\u017cy\u0107 ta\u015bmy dwustronnej lub innych tymczasowych element\u00f3w mocuj\u0105cych.<\/p>\n<p>Zalecana wysoko\u015b\u0107 monta\u017cu wynosi 2,4 metra, co pozwala czujce zapewni\u0107 najlepszy zasi\u0119g i wykrywanie w systemie bezpiecze\u0144stwa.<\/p>\n<p>Wa\u017cn\u0105 cech\u0105 inteligentnego wspornika jest elastyczno\u015b\u0107 w testowaniu si\u0142y sygna\u0142u.<\/p>\n<p>Przeprowadzaj\u0105c testy si\u0142y sygna\u0142u za po\u015brednictwem aplikacji Ajax, mo\u017cesz \u0142atwo sprawdzi\u0107, czy si\u0142a sygna\u0142u jest wystarczaj\u0105ca do zapewnienia optymalnego dzia\u0142ania czujnika ruchu.<\/p>\n<p>Je\u017celi si\u0142a sygna\u0142u jest zbyt niska, prosta regulacja po\u0142o\u017cenia urz\u0105dzenia mo\u017ce znacz\u0105co poprawi\u0107 odbi\u00f3r.<\/p>\n<p><strong>Optymalne wykrywanie i regulacja strefy wykrywania<\/strong><\/p>\n<p>Aby mie\u0107 pewno\u015b\u0107, \u017ce czujnik ruchu obejmuje w\u0142a\u015bciwy obszar, mo\u017cna wykona\u0107 test strefy detekcji.<\/p>\n<p>Podczas tego testu mo\u017cesz chodzi\u0107 po pomieszczeniu i obserwowa\u0107 diody LED na urz\u0105dzeniu, aby sprawdzi\u0107, czy wykrywa ruch zgodnie z oczekiwaniami.<\/p>\n<p>Maksymalny zasi\u0119g wykrywania czujnik\u00f3w ruchu wynosi 12 metr\u00f3w, a poprzez testowanie i regulacj\u0119 mo\u017cna go dostroi\u0107, aby uzyska\u0107 najlepszy mo\u017cliwy zasi\u0119g i niezawodne wykrywanie.<\/p>\n<p><strong>\u0141atwa i stabilna instalacja<\/strong><\/p>\n<p>Inteligentny wspornik Ajax zosta\u0142 zaprojektowany tak, aby mo\u017cna go by\u0142o \u0142atwo zainstalowa\u0107 bez wp\u0142ywu na funkcjonalno\u015b\u0107 urz\u0105dzenia.<\/p>\n<p>Po umieszczeniu panelu monta\u017cowego na swoim miejscu przymocuj go za pomoc\u0105 do\u0142\u0105czonych \u015brub, aby zapewni\u0107 stabilno\u015b\u0107 czujki.<\/p>\n<p>Uchwyt Smart Bracket posiada specjalne otwory, kt\u00f3re umo\u017cliwiaj\u0105 \u0142atwe zamocowanie panelu w odpowiednim miejscu, a w przypadku stosowania innych element\u00f3w z\u0142\u0105cznych nale\u017cy uwa\u017ca\u0107, aby nie uszkodzi\u0107 ani nie zdeformowa\u0107 panelu monta\u017cowego.<\/p>\n<p><strong>Kompatybilno\u015b\u0107 z czujnikami ruchu Ajax<\/strong><\/p>\n<p>Uchwyt Smart Bracket jest w pe\u0142ni kompatybilny z Ajax MotionProtect i innymi czujnikami ruchu Ajax, co czyni go wszechstronnym dodatkiem do ka\u017cdego systemu bezpiecze\u0144stwa korzystaj\u0105cego z urz\u0105dze\u0144 Ajax.<\/p>\n<p>\u0141atwo\u015b\u0107 instalacji w po\u0142\u0105czeniu z elastyczno\u015bci\u0105 mo\u017cliwo\u015bci dostosowania si\u0142y sygna\u0142u i strefy wykrywania sprawia, \u017ce ten uchwyt jest cenn\u0105 cz\u0119\u015bci\u0105 systemu, zapewniaj\u0105c\u0105 najlepsze dzia\u0142anie wszystkich urz\u0105dze\u0144.<\/p>\n<p><strong>Dane techniczne:<\/strong><\/p>\n<ul>\n<li><strong>Rodzaj akcesori\u00f3w:<\/strong> Uchwyt monta\u017cowy do czujnika ruchu Ajax z czujnikiem IR<\/li>\n<li><strong>Wysoko\u015b\u0107 monta\u017cu:<\/strong> Zalecane 2,4 metra<\/li>\n<li><strong>Metoda instalacji:<\/strong> Mocuje si\u0119 do powierzchni pionowych lub naro\u017cnik\u00f3w<\/li>\n<li><strong>Tworzywo:<\/strong> Trwa\u0142e i odporne na warunki atmosferyczne<\/li>\n<li><strong>Zgodno\u015b\u0107:<\/strong> Pasuje do Ajax MotionProtect i innych czujnik\u00f3w ruchu<\/li>\n<li><strong>Test si\u0142y sygna\u0142u:<\/strong> Tak, poprzez aplikacj\u0119 Ajax<\/li>\n<li><strong>Regulacja strefy detekcji:<\/strong> Tak<\/li>\n<li><strong>Elementy z\u0142\u0105czne:<\/strong> Zawiera \u015bruby i mo\u017cliwo\u015b\u0107 u\u017cycia innych element\u00f3w z\u0142\u0105cznych<\/li>\n<\/ul>\n<p><strong>Wniosek:<\/strong><\/p>\n<p>Inteligentny wspornik Ajax to idealne rozwi\u0105zanie do instalacji i optymalizacji rozmieszczenia czujnik\u00f3w ruchu Ajax.<\/p>\n<p>Dzi\u0119ki \u0142atwej instalacji, regulowanym funkcjom i trwa\u0142ej konstrukcji uchwyt Smart Bracket zapewnia wydajne i niezawodne dzia\u0142anie systemu bezpiecze\u0144stwa.<\/p>\n<p>&nbsp;<\/p>","protected":false},"excerpt":{"rendered":"<p>Ajax Smart Bracket to uchwyt monta\u017cowy do czujek ruchu Ajax MotionProtect z czujnikami IR.<\/p>\n<p>Wspornik sprawia, \u017ce instalacja jest \u0142atwa i bezpieczna, a regulowana wysoko\u015b\u0107 i elastyczno\u015b\u0107 pozwalaj\u0105 zoptymalizowa\u0107 rozmieszczenie czujek w systemie bezpiecze\u0144stwa.<\/p>","protected":false},"featured_media":0,"template":"","meta":{"_acf_changed":false},"product_brand":[],"product_cat":[3128],"product_tag":[],"class_list":{"0":"post-69414","1":"product","2":"type-product","3":"status-publish","5":"product_cat-ajax-reservdelar-fasten","6":"product_shipping_class-postnord-varubrev","7":"pa_ajax-tradlosa-larm-ovriga-tillbehor-monteringsfaste","8":"pa_brands-ajax-systems","9":"pa_color-vit","10":"pa_farg-vit","11":"tm-no-options","13":"first","14":"instock","15":"sale","16":"featured","17":"taxable","18":"shipping-taxable","19":"purchasable","20":"product-type-simple"},"acf":[],"_links":{"self":[{"href":"https:\/\/secureus.se\/pl\/wp-json\/wp\/v2\/product\/69414","targetHints":{"allow":["GET"]}}],"collection":[{"href":"https:\/\/secureus.se\/pl\/wp-json\/wp\/v2\/product"}],"about":[{"href":"https:\/\/secureus.se\/pl\/wp-json\/wp\/v2\/types\/product"}],"wp:attachment":[{"href":"https:\/\/secureus.se\/pl\/wp-json\/wp\/v2\/media?parent=69414"}],"wp:term":[{"taxonomy":"product_brand","embeddable":true,"href":"https:\/\/secureus.se\/pl\/wp-json\/wp\/v2\/product_brand?post=69414"},{"taxonomy":"product_cat","embeddable":true,"href":"https:\/\/secureus.se\/pl\/wp-json\/wp\/v2\/product_cat?post=69414"},{"taxonomy":"product_tag","embeddable":true,"href":"https:\/\/secureus.se\/pl\/wp-json\/wp\/v2\/product_tag?post=69414"}],"curies":[{"name":"wp","href":"https:\/\/api.w.org\/{rel}","templated":true}]}}