{"id":69419,"date":"2022-11-28T13:12:59","date_gmt":"2022-11-28T12:12:59","guid":{"rendered":"https:\/\/secureus.se\/produkt\/integrationsmodul-ocbridge-plus\/"},"modified":"2026-03-09T17:43:43","modified_gmt":"2026-03-09T16:43:43","slug":"ajax-integrationsmodul-ocbridge-plus","status":"publish","type":"product","link":"https:\/\/secureus.se\/pl\/ajax-integrationsmodul-ocbridge-plus\/","title":{"rendered":"Modu\u0142 integracji Ajax\/ocBridge Plus"},"content":{"rendered":"<h3><strong>Modu\u0142 integracji Ajax ocBridge Plus \u2013 rozbuduj sw\u00f3j system Ajax o detektory przewodowe<\/strong><\/h3>\n<p>Ajax ocBridge Plus to pot\u0119\u017cny modu\u0142 integracyjny, kt\u00f3ry umo\u017cliwia \u0142atwe pod\u0142\u0105czenie przewodowych czujek i innych urz\u0105dze\u0144 do bezprzewodowego systemu bezpiecze\u0144stwa Ajax.<\/p>\n<p>Za pomoc\u0105 tego modu\u0142u mo\u017cna zintegrowa\u0107 istniej\u0105ce urz\u0105dzenia przewodowe z systemem, kt\u00f3ry w przeciwnym razie by\u0142by ca\u0142kowicie bezprzewodowy, co czyni go idealnym rozwi\u0105zaniem zar\u00f3wno w przypadku nowych instalacji, jak i aktualizacji starszych system\u00f3w.<\/p>\n<p>Modu\u0142 ten udost\u0119pnia szerok\u0105 gam\u0119 czujek przewodowych, w tym czujniki ruchu, czujniki drzwi i okien, a tak\u017ce inne elementy bezpiecze\u0144stwa, kt\u00f3re tradycyjnie by\u0142y cz\u0119\u015bci\u0105 przewodowych system\u00f3w bezpiecze\u0144stwa.<\/p>\n<p><strong>\u0141atwa integracja i elastyczno\u015b\u0107<\/strong><\/p>\n<p>ocBridge Plus zosta\u0142 zaprojektowany tak, aby by\u0142 kompatybilny ze wszystkimi koncentratorami Ajax, co u\u0142atwia integracj\u0119 z istniej\u0105cym systemem bezpiecze\u0144stwa.<\/p>\n<p>Zadaniem modu\u0142u jest pod\u0142\u0105czenie czujek przewodowych do wej\u015b\u0107 sekcyjnych w przewodowym urz\u0105dzeniu centralnym.<\/p>\n<p>W ten spos\u00f3b mo\u017cesz skorzysta\u0107 z zalet system\u00f3w bezprzewodowych Ajax \u2013 w tym przyjaznej dla u\u017cytkownika kontroli aplikacji, szybkiej instalacji i elastyczno\u015bci \u2013 podczas korzystania z ju\u017c zainstalowanych urz\u0105dze\u0144 przewodowych.<\/p>\n<p><strong>Dodatek dla wi\u0119kszych system\u00f3w bezpiecze\u0144stwa<\/strong><\/p>\n<p>Dzi\u0119ki ocBridge Plus mo\u017cesz stworzy\u0107 bardziej kompleksowy system bezpiecze\u0144stwa, pod\u0142\u0105czaj\u0105c do systemu a\u017c 18 czujek przewodowych.<\/p>\n<p>Dzi\u0119ki temu jest to idealne rozwi\u0105zanie dla du\u017cych instalacji, w kt\u00f3rych potrzebne jest po\u0142\u0105czenie element\u00f3w bezprzewodowych i przewodowych.<\/p>\n<p>Korzystaj\u0105c z tego modu\u0142u, uzyskasz najlepszy mo\u017cliwy zasi\u0119g i niezawodno\u015b\u0107 swojego systemu bezpiecze\u0144stwa.<\/p>\n<p><strong>Szybka i \u0142atwa instalacja<\/strong><\/p>\n<p>Instalacja ocBridge Plus jest szybka i \u0142atwa. Po pod\u0142\u0105czeniu go do systemu i czujek przewodowych za pomoc\u0105 dostarczonych z\u0142\u0105czy, mo\u017cesz \u0142atwo konfigurowa\u0107 i sterowa\u0107 systemem za pomoc\u0105 aplikacji Ajax.<\/p>\n<p>Dzi\u0119ki temu w bardzo kr\u00f3tkim czasie mo\u017cna uzyska\u0107 w pe\u0142ni funkcjonalny i niezawodny system bezpiecze\u0144stwa, bez konieczno\u015bci skomplikowanej instalacji.<\/p>\n<p><strong>Zdalne sterowanie i monitorowanie<\/strong><\/p>\n<p>Jedn\u0105 z najwi\u0119kszych zalet Ajax ocBridge Plus jest to, \u017ce umo\u017cliwia u\u017cytkownikom monitorowanie i kontrolowanie wszystkich pod\u0142\u0105czonych urz\u0105dze\u0144 \u2013 zar\u00f3wno bezprzewodowych, jak i przewodowych \u2013 za po\u015brednictwem aplikacji Ajax.<\/p>\n<p>Zapewnia to wysoki poziom kontroli u\u017cytkownika i gwarantuje, \u017ce zawsze masz dost\u0119p do stanu systemu, niezale\u017cnie od tego, gdzie si\u0119 znajdujesz. Modu\u0142 jest r\u00f3wnie\u017c kompatybilny z centrami alarmowymi Ajax, co pozwala na pod\u0142\u0105czenie si\u0119 do profesjonalnej us\u0142ugi monitoringu, je\u015bli zajdzie taka potrzeba.<\/p>\n<p><strong>Wysokie bezpiecze\u0144stwo i szyfrowanie<\/strong><\/p>\n<p>Jako cz\u0119\u015b\u0107 systemu Ajax, ocBridge Plus oferuje ten sam poziom bezpiecze\u0144stwa i szyfrowania, co ka\u017cde inne urz\u0105dzenie.<\/p>\n<p>Wykorzystuje szyfrowanie AES, aby zapewni\u0107, \u017ce ca\u0142a komunikacja mi\u0119dzy urz\u0105dzeniami jest bezpieczna i chroniona przed zagro\u017ceniami zewn\u0119trznymi.<\/p>\n<p>Oznacza to, \u017ce praktycznie niemo\u017cliwe jest pods\u0142uchanie lub manipulowanie systemem przez osoby nieuprawnione.<\/p>\n<p><strong>Dane techniczne:<\/strong><\/p>\n<ul>\n<li><strong>Typ:<\/strong> Modu\u0142 integracyjny do czujek przewodowych<\/li>\n<li><strong>Zgodno\u015b\u0107:<\/strong> Wsp\u00f3\u0142pracuje ze wszystkimi koncentratorami Ajax<\/li>\n<li><strong>Znajomo\u015bci:<\/strong> Do 18 czujek przewodowych (PIR, czujniki drzwiowe itp.)<\/li>\n<li><strong>Szyfrowanie:<\/strong> Algorytm AES<\/li>\n<li><strong>Zasilanie:<\/strong> 12 V pr\u0105du sta\u0142ego<\/li>\n<li><strong>Instalacja:<\/strong> \u0141atwa instalacja za pomoc\u0105 aplikacji Ajax<\/li>\n<li><strong>U\u017cywa\u0107:<\/strong> Wn\u0119trz<\/li>\n<li><strong>Wymiary:<\/strong> 105 x 105 x 28 mm<\/li>\n<li><strong>Waga:<\/strong> 90 gr<\/li>\n<li><strong>Gwarancja:<\/strong> Wymiana i naprawa w ci\u0105gu 24 miesi\u0119cy od daty sprzeda\u017cy<\/li>\n<\/ul>\n<p><strong>Wniosek:<\/strong><\/p>\n<p>Ajax ocBridge Plus to idealne rozwi\u0105zanie dla u\u017cytkownik\u00f3w, kt\u00f3rzy chc\u0105 po\u0142\u0105czy\u0107 w swoim systemie bezpiecze\u0144stwa zalety urz\u0105dze\u0144 bezprzewodowych i przewodowych.<\/p>\n<p>Dzi\u0119ki \u0142atwej integracji czujek przewodowych i innych komponent\u00f3w otrzymujesz bardziej kompleksowy i niezawodny system bezpiecze\u0144stwa.<\/p>\n<p>Instalacja jest \u0142atwa, komunikacja jest bezpieczna, a pe\u0142n\u0105 kontrol\u0119 nad systemem uzyskujesz za po\u015brednictwem aplikacji Ajax.<\/p>\n<p>&nbsp;<\/p>\n<p>&nbsp;<\/p>","protected":false},"excerpt":{"rendered":"<p>Ajax ocBridge Plus to modu\u0142 integracyjny umo\u017cliwiaj\u0105cy pod\u0142\u0105czenie przewodowych czujek i urz\u0105dze\u0144 do bezprzewodowych system\u00f3w bezpiecze\u0144stwa Ajax.<\/p>\n<p>To akcesorium rozszerza funkcjonalno\u015b\u0107 i elastyczno\u015b\u0107 systemu poprzez integracj\u0119 komponent\u00f3w przewodowych.<\/p>","protected":false},"featured_media":0,"template":"","meta":{"_acf_changed":false},"product_brand":[],"product_cat":[1319],"product_tag":[4863],"class_list":{"0":"post-69419","1":"product","2":"type-product","3":"status-publish","5":"product_cat-ajax-larm","6":"product_tag-pf","7":"product_shipping_class-tunga-paket","8":"pa_ajax-tradlosa-larm-ovriga-tillbehor-monteringsfaste","9":"pa_brands-ajax-systems","10":"tm-no-options","12":"first","13":"onbackorder","14":"sale","15":"featured","16":"taxable","17":"shipping-taxable","18":"purchasable","19":"product-type-simple"},"acf":[],"_links":{"self":[{"href":"https:\/\/secureus.se\/pl\/wp-json\/wp\/v2\/product\/69419","targetHints":{"allow":["GET"]}}],"collection":[{"href":"https:\/\/secureus.se\/pl\/wp-json\/wp\/v2\/product"}],"about":[{"href":"https:\/\/secureus.se\/pl\/wp-json\/wp\/v2\/types\/product"}],"wp:attachment":[{"href":"https:\/\/secureus.se\/pl\/wp-json\/wp\/v2\/media?parent=69419"}],"wp:term":[{"taxonomy":"product_brand","embeddable":true,"href":"https:\/\/secureus.se\/pl\/wp-json\/wp\/v2\/product_brand?post=69419"},{"taxonomy":"product_cat","embeddable":true,"href":"https:\/\/secureus.se\/pl\/wp-json\/wp\/v2\/product_cat?post=69419"},{"taxonomy":"product_tag","embeddable":true,"href":"https:\/\/secureus.se\/pl\/wp-json\/wp\/v2\/product_tag?post=69419"}],"curies":[{"name":"wp","href":"https:\/\/api.w.org\/{rel}","templated":true}]}}