{"id":69435,"date":"2022-11-28T12:54:13","date_gmt":"2022-11-28T11:54:13","guid":{"rendered":"https:\/\/secureus.se\/produkt\/monteringsfaste-siren-inomhus-svart\/"},"modified":"2026-03-10T11:01:50","modified_gmt":"2026-03-10T10:01:50","slug":"ajax-smart-bracket-svart-6","status":"publish","type":"product","link":"https:\/\/secureus.se\/pl\/ajax-smart-bracket-svart-6\/","title":{"rendered":"Ajax Smart Bracket Cz\u0119\u015b\u0107 zamienna Uchwyt monta\u017cowy \/ akcesorium Syrena wewn\u0119trzna czarna"},"content":{"rendered":"<h3><strong>Uchwyt monta\u017cowy syreny wewn\u0119trznej Ajax Smart Bracket \u2014 \u0142atwa instalacja i elastyczny zasi\u0119g<\/strong><\/h3>\n<p>Inteligentny wspornik Ajax to praktyczny i przyjazny dla u\u017cytkownika wspornik monta\u017cowy, kt\u00f3ry sprawia, \u017ce instalacja sygnalizator\u00f3w Ajax w pomieszczeniach zamkni\u0119tych jest prosta i wydajna.<\/p>\n<p>Zosta\u0142 zaprojektowany w celu optymalizacji rozmieszczenia syreny w celu zapewnienia najlepszej transmisji d\u017awi\u0119ku i zapewnienia najlepszego mo\u017cliwego dzia\u0142ania urz\u0105dzenia Ajax.<\/p>\n<p>Dzi\u0119ki trwa\u0142ej i elastycznej konstrukcji wspornik ten zapewnia stabiln\u0105 instalacj\u0119 na powierzchniach pionowych lub w naro\u017cnikach, maksymalizuj\u0105c skuteczno\u015b\u0107 systemu bezpiecze\u0144stwa.<\/p>\n<p><strong>Prosta i elastyczna instalacja<\/strong><\/p>\n<p>Smart Bracket jest \u0142atwy w monta\u017cu i mo\u017cna go szybko zamontowa\u0107 w wybranym miejscu.<\/p>\n<p>Aby zamontowa\u0107 czujk\u0119 nale\u017cy zdj\u0105\u0107 panel Smart Bracket z sygnalizatora i przymocowa\u0107 go do pionowej powierzchni lub rogu pomieszczenia.<\/p>\n<p>Mocowanie odbywa si\u0119 za pomoc\u0105 ta\u015bmy dwustronnej lub innych \u0142\u0105cznik\u00f3w tymczasowych.<\/p>\n<p>Aby zapewni\u0107 optymaln\u0105 prac\u0119 syreny, zalecana wysoko\u015b\u0107 monta\u017cu wynosi 2,4 metra.<\/p>\n<p>Aby zapewni\u0107 najlepsz\u0105 mo\u017cliw\u0105 si\u0142\u0119 sygna\u0142u, mo\u017cesz wykona\u0107 testy si\u0142y sygna\u0142u za pomoc\u0105 aplikacji Ajax.<\/p>\n<p>Zalecana si\u0142a sygna\u0142u dla stabilnego systemu to dwie lub trzy kreski.<\/p>\n<p>Je\u015bli sygna\u0142 jest s\u0142aby, mo\u017cesz \u0142atwo przesun\u0105\u0107 urz\u0105dzenie o kilka centymetr\u00f3w, aby poprawi\u0107 odbi\u00f3r sygna\u0142u.<\/p>\n<p><strong>Testowanie i regulacja stref detekcji<\/strong><\/p>\n<p>Podczas instalowania inteligentnego wspornika Ajax mo\u017cna tak\u017ce przeprowadzi\u0107 test strefy detekcji, aby upewni\u0107 si\u0119, \u017ce syrena obejmuje w\u0142a\u015bciwy obszar i \u017ce \u017cadne przeszkody nie blokuj\u0105 transmisji d\u017awi\u0119ku.<\/p>\n<p>Testuj\u0105c strefy dozorowe, mo\u017cesz mie\u0107 pewno\u015b\u0107, \u017ce syrena dzia\u0142a skutecznie w ka\u017cdej sytuacji.<\/p>\n<p>Je\u015bli zauwa\u017cysz, \u017ce detektor nie reaguje prawid\u0142owo, mo\u017cesz dostosowa\u0107 po\u0142o\u017cenie, aby uzyska\u0107 lepsze wyniki.<\/p>\n<p><strong>Trwa\u0142a i stabilna funkcja<\/strong><\/p>\n<p>Wspornik monta\u017cowy Ajax Smart Bracket wykonany jest z trwa\u0142ych materia\u0142\u00f3w i zaprojektowany z my\u015bl\u0105 o d\u0142ugotrwa\u0142ym u\u017cytkowaniu.<\/p>\n<p>Aby zapewni\u0107 stabiln\u0105 instalacj\u0119, zaleca si\u0119 przymocowanie panelu monta\u017cowego za pomoc\u0105 dostarczonych \u015brub.<\/p>\n<p>Panel Smart Bracket posiada specjalne otwory, kt\u00f3re umo\u017cliwiaj\u0105 jego prawid\u0142owe zamocowanie, a dzi\u0119ki perforowanym elementom wykrywaj\u0105cym manipulacj\u0119 zyskujesz dodatkowe bezpiecze\u0144stwo swojej instalacji.<\/p>\n<p><strong>Kompatybilno\u015b\u0107 i elastyczno\u015b\u0107<\/strong><\/p>\n<p>Ten wspornik monta\u017cowy jest idealny dla wszystkich syren Ajax i dobrze wsp\u00f3\u0142pracuje zar\u00f3wno ze starszymi, jak i nowszymi jednostkami.<\/p>\n<p>Zapewnia elastyczno\u015b\u0107 u\u017cytkownikom, kt\u00f3rzy chc\u0105 zoptymalizowa\u0107 bezpiecze\u0144stwo swojego domu lub firmy, umieszczaj\u0105c sygnalizator w najlepszym mo\u017cliwym miejscu.<\/p>\n<p><strong>Dane techniczne:<\/strong><\/p>\n<ul>\n<li><strong>Rodzaj akcesori\u00f3w:<\/strong> Uchwyt monta\u017cowy sygnalizatora Ajax wewn\u0105trz pomieszcze\u0144<\/li>\n<li><strong>Wysoko\u015b\u0107 monta\u017cu:<\/strong> Zalecane 2,4 metra<\/li>\n<li><strong>Metoda instalacji:<\/strong> Mocuje si\u0119 do powierzchni pionowych lub naro\u017cnik\u00f3w<\/li>\n<li><strong>Tworzywo:<\/strong> Trwa\u0142e i odporne na warunki atmosferyczne<\/li>\n<li><strong>Zgodno\u015b\u0107:<\/strong> Pasuje do syren Ajaxu<\/li>\n<li><strong>Test si\u0142y sygna\u0142u:<\/strong> Tak, poprzez aplikacj\u0119 Ajax<\/li>\n<li><strong>Regulacja strefy detekcji:<\/strong> Tak<\/li>\n<li><strong>Elementy z\u0142\u0105czne:<\/strong> Zawiera \u015bruby i mo\u017cliwo\u015b\u0107 u\u017cycia innych element\u00f3w z\u0142\u0105cznych<\/li>\n<\/ul>\n<p><strong>Wniosek:<\/strong><\/p>\n<p>Wspornik monta\u017cowy Ajax Smart Bracket do syren to proste i skuteczne akcesorium optymalizuj\u0105ce instalacj\u0119 syreny.<\/p>\n<p>Oferuj\u0105c trwa\u0142o\u015b\u0107 i elastyczno\u015b\u0107, a tak\u017ce \u0142atw\u0105 instalacj\u0119 i regulacj\u0119, inteligentny wspornik zapewnia optymalne dzia\u0142anie systemu bezpiecze\u0144stwa i zapewnia maksymaln\u0105 ochron\u0119 domu lub firmy.<\/p>","protected":false},"excerpt":{"rendered":"<p>Ajax Smart Bracket to uchwyt monta\u017cowy do wewn\u0119trznych sygnalizator\u00f3w Ajax, zaprojektowany z my\u015bl\u0105 o \u0142atwej instalacji i regulacji umiejscowienia.<\/p>\n<p>Rozwi\u0105zanie to zapewnia stabiln\u0105 i bezpieczn\u0105 instalacj\u0119 oraz skuteczn\u0105 transmisj\u0119 alarm\u00f3w w Twoim systemie bezpiecze\u0144stwa.<\/p>","protected":false},"featured_media":0,"template":"","meta":{"_acf_changed":false},"product_brand":[],"product_cat":[3128],"product_tag":[4863],"class_list":{"0":"post-69435","1":"product","2":"type-product","3":"status-publish","5":"product_cat-ajax-reservdelar-fasten","6":"product_tag-pf","7":"product_shipping_class-postnord-varubrev","8":"pa_ajax-tradlosa-larm-ovriga-tillbehor-monteringsfaste","9":"pa_brands-ajax-systems","10":"pa_color-svart","11":"pa_farg-svart","12":"tm-no-options","14":"first","15":"instock","16":"sale","17":"featured","18":"taxable","19":"shipping-taxable","20":"purchasable","21":"product-type-simple"},"acf":[],"_links":{"self":[{"href":"https:\/\/secureus.se\/pl\/wp-json\/wp\/v2\/product\/69435","targetHints":{"allow":["GET"]}}],"collection":[{"href":"https:\/\/secureus.se\/pl\/wp-json\/wp\/v2\/product"}],"about":[{"href":"https:\/\/secureus.se\/pl\/wp-json\/wp\/v2\/types\/product"}],"wp:attachment":[{"href":"https:\/\/secureus.se\/pl\/wp-json\/wp\/v2\/media?parent=69435"}],"wp:term":[{"taxonomy":"product_brand","embeddable":true,"href":"https:\/\/secureus.se\/pl\/wp-json\/wp\/v2\/product_brand?post=69435"},{"taxonomy":"product_cat","embeddable":true,"href":"https:\/\/secureus.se\/pl\/wp-json\/wp\/v2\/product_cat?post=69435"},{"taxonomy":"product_tag","embeddable":true,"href":"https:\/\/secureus.se\/pl\/wp-json\/wp\/v2\/product_tag?post=69435"}],"curies":[{"name":"wp","href":"https:\/\/api.w.org\/{rel}","templated":true}]}}