{"id":69457,"date":"2022-11-28T11:19:14","date_gmt":"2022-11-28T10:19:14","guid":{"rendered":"https:\/\/secureus.se\/produkt\/monteringsfaste-hub-vit\/"},"modified":"2026-03-30T23:38:17","modified_gmt":"2026-03-30T21:38:17","slug":"ajax-smart-bracket-faste-hub-vit","status":"publish","type":"product","link":"https:\/\/secureus.se\/pl\/ajax-smart-bracket-faste-hub-vit\/","title":{"rendered":"Uchwyt monta\u017cowy\/piasta akcesori\u00f3w Ajax Smart Bracket, cz\u0119\u015b\u0107 zamienna, bia\u0142y"},"content":{"rendered":"<h3>Wspornik monta\u017cowy Ajax Smart Bracket do koncentratora to idealne rozwi\u0105zanie umo\u017cliwiaj\u0105ce \u0142atw\u0105 i wydajn\u0105 instalacj\u0119 koncentratora Ajax w domu lub firmie.<\/h3>\n<p>Dzi\u0119ki solidnej konstrukcji i elastycznym opcjom instalacji uchwyt Smart Bracket zapewnia stabilno\u015b\u0107 i bezpiecze\u0144stwo potrzebne do zapewnienia optymalnego funkcjonowania systemu bezpiecze\u0144stwa.<\/p>\n<p>Ten panel monta\u017cowy zosta\u0142 specjalnie zaprojektowany do mocowania koncentratora Ajax do powierzchni pionowej lub w rogu pokoju, dzi\u0119ki czemu instalacja jest zar\u00f3wno p\u0142ynna, jak i oszcz\u0119dzaj\u0105ca miejsce.<\/p>\n<p>Instalacja zajmuje kilka minut, a w zestawie znajduj\u0105 si\u0119 wszystkie niezb\u0119dne \u015bruby i elementy mocuj\u0105ce, kt\u00f3re zapewniaj\u0105 bezpieczne zamocowanie urz\u0105dzenia.<\/p>\n<p>To proste rozwi\u0105zanie, kt\u00f3re pozwala utrzyma\u0107 Ajax Hub na miejscu i zapewni\u0107, \u017ce wszystkie komponenty systemu s\u0105 po\u0142\u0105czone i dzia\u0142aj\u0105 najlepiej.<\/p>\n<p>Aby zoptymalizowa\u0107 instalacj\u0119 i zapewni\u0107 najlepsz\u0105 si\u0142\u0119 sygna\u0142u, mo\u017cesz skorzysta\u0107 z test\u00f3w si\u0142y sygna\u0142u, aby sprawdzi\u0107, czy Ajax Hub ma najlepsz\u0105 mo\u017cliw\u0105 jako\u015b\u0107 komunikacji z innymi urz\u0105dzeniami, takimi jak Jewels i Wings.<\/p>\n<p>Je\u015bli si\u0142a sygna\u0142u jest zbyt niska, mo\u017cesz dostosowa\u0107 lokalizacj\u0119 lub u\u017cy\u0107 ReX 2, aby rozszerzy\u0107 zasi\u0119g radiowy.<\/p>\n<p><strong>Instalacja odbywa si\u0119 w kilku prostych krokach:<\/strong><\/p>\n<ol>\n<li>Zdejmij panel monta\u017cowy Smart Bracket z urz\u0105dzenia.<\/li>\n<li>Przymocuj panel do powierzchni pionowej lub naro\u017cnika pomieszczenia za pomoc\u0105 ta\u015bmy dwustronnej lub wkr\u0119t\u00f3w.<\/li>\n<li>Zainstaluj urz\u0105dzenie na panelu i wyreguluj, aby zapewni\u0107 optymaln\u0105 si\u0142\u0119 sygna\u0142u.<\/li>\n<li>U\u017cyj funkcji aplikacji Ajax, aby przetestowa\u0107 i dostosowa\u0107 sygna\u0142 w razie potrzeby.<\/li>\n<\/ol>\n<p>Dzi\u0119ki temu rozwi\u0105zanie to jest nie tylko proste, ale tak\u017ce elastyczne i pozwala dostosowa\u0107 si\u0119 do konkretnych potrzeb zwi\u0105zanych z przestrzeni\u0105 i bezpiecze\u0144stwem.<\/p>\n<p><strong>Zalety wspornika monta\u017cowego Ajax Smart Bracket:<\/strong><\/p>\n<ul>\n<li><strong>Stabilna instalacja:<\/strong> Zapewnia, \u017ce koncentrator jest prawid\u0142owo zamontowany i stabilny.<\/li>\n<li><strong>Elastyczne zastosowanie:<\/strong> Mo\u017cna go zainstalowa\u0107 na powierzchni pionowej lub w rogu pokoju, aby dopasowa\u0107 go do wystroju.<\/li>\n<li><strong>Zgodno\u015b\u0107:<\/strong> Dzia\u0142a doskonale ze wszystkimi urz\u0105dzeniami Ajax Hub.<\/li>\n<li><strong>Optymalna si\u0142a sygna\u0142u:<\/strong> Stosuj\u0105c testy, mo\u017cesz zapewni\u0107 najlepsz\u0105 mo\u017cliw\u0105 komunikacj\u0119 pomi\u0119dzy urz\u0105dzeniami.<\/li>\n<li><strong>\u0141atwa instalacja:<\/strong> W komplecie znajduj\u0105 si\u0119 elementy mocuj\u0105ce u\u0142atwiaj\u0105ce monta\u017c.<\/li>\n<\/ul>\n<p><strong>Dane techniczne:<\/strong><\/p>\n<ul>\n<li><strong>Zgodno\u015b\u0107:<\/strong> Hub Ajax, Hub Plus<\/li>\n<li><strong>Metoda instalacji:<\/strong> Monta\u017c na\u015bcienny lub monta\u017c naro\u017cny<\/li>\n<li><strong>Do\u0142\u0105czone akcesoria:<\/strong> \u015aruby monta\u017cowe i ta\u015bma dwustronna<\/li>\n<li><strong>Tworzywo:<\/strong> Solidny plastik i metal<\/li>\n<li><strong>Farba:<\/strong> Czarny<\/li>\n<li><strong>Mierzy\u0107:<\/strong> Niestandardowe wymiary u\u0142atwiaj\u0105ce monta\u017c<\/li>\n<\/ul>","protected":false},"excerpt":{"rendered":"<p>Uchwyt monta\u017cowy Ajax Smart Bracket do piasty to elastyczne i bezpieczne rozwi\u0105zanie umo\u017cliwiaj\u0105ce instalacj\u0119 koncentratora Ajax na powierzchni pionowej lub w rogu.<\/p>\n<p>U\u0142atwia instalacj\u0119 i zapewnia stabilno\u015b\u0107 systemu bezpiecze\u0144stwa, zapewniaj\u0105c niezawodn\u0105 komunikacj\u0119 pomi\u0119dzy urz\u0105dzeniami.<\/p>","protected":false},"featured_media":0,"template":"","meta":{"_acf_changed":false},"product_brand":[],"product_cat":[3128],"product_tag":[],"class_list":{"0":"post-69457","1":"product","2":"type-product","3":"status-publish","5":"product_cat-ajax-reservdelar-fasten","6":"product_shipping_class-postnord-varubrev","7":"pa_ajax-tradlosa-larm-ovriga-tillbehor-monteringsfaste","8":"pa_brands-ajax-systems","9":"pa_color-vit","10":"pa_farg-vit","11":"tm-no-options","13":"first","14":"onbackorder","15":"sale","16":"featured","17":"taxable","18":"shipping-taxable","19":"purchasable","20":"product-type-simple"},"acf":[],"_links":{"self":[{"href":"https:\/\/secureus.se\/pl\/wp-json\/wp\/v2\/product\/69457","targetHints":{"allow":["GET"]}}],"collection":[{"href":"https:\/\/secureus.se\/pl\/wp-json\/wp\/v2\/product"}],"about":[{"href":"https:\/\/secureus.se\/pl\/wp-json\/wp\/v2\/types\/product"}],"wp:attachment":[{"href":"https:\/\/secureus.se\/pl\/wp-json\/wp\/v2\/media?parent=69457"}],"wp:term":[{"taxonomy":"product_brand","embeddable":true,"href":"https:\/\/secureus.se\/pl\/wp-json\/wp\/v2\/product_brand?post=69457"},{"taxonomy":"product_cat","embeddable":true,"href":"https:\/\/secureus.se\/pl\/wp-json\/wp\/v2\/product_cat?post=69457"},{"taxonomy":"product_tag","embeddable":true,"href":"https:\/\/secureus.se\/pl\/wp-json\/wp\/v2\/product_tag?post=69457"}],"curies":[{"name":"wp","href":"https:\/\/api.w.org\/{rel}","templated":true}]}}