{"id":69507,"date":"2022-11-28T11:05:31","date_gmt":"2022-11-28T10:05:31","guid":{"rendered":"https:\/\/secureus.se\/produkt\/fjarrkontroll-tradlos-vit\/"},"modified":"2026-04-14T23:18:07","modified_gmt":"2026-04-14T21:18:07","slug":"ajax-spacecontrol-fjarrkontroll-vit","status":"publish","type":"product","link":"https:\/\/secureus.se\/pl\/ajax-spacecontrol-fjarrkontroll-vit\/","title":{"rendered":"Pilot Ajax SpaceControl w kolorze bia\u0142ym"},"content":{"rendered":"<h3>Ajax SpaceControl to innowacyjny i przyjazny dla u\u017cytkownika pilot zaprojektowany, aby zapewni\u0107 Ci pe\u0142n\u0105 kontrol\u0119 nad systemem bezpiecze\u0144stwa.<\/h3>\n<p>Dzi\u0119ki czterem programowalnym przyciskom mo\u017cna \u0142atwo aktywowa\u0107 lub dezaktywowa\u0107 r\u00f3\u017cne tryby bezpiecze\u0144stwa, a tak\u017ce wywo\u0142a\u0107 alarm awaryjny za pomoc\u0105 dedykowanego przycisku napadowego.<\/p>\n<p>Ten pilot to doskona\u0142e narz\u0119dzie do szybkiego i \u0142atwego zarz\u0105dzania systemem alarmowym w wygodny spos\u00f3b, niezale\u017cnie od tego, czy jeste\u015b w domu, czy w biurze.<\/p>\n<p>Jedn\u0105 z najwa\u017cniejszych cech Ajax SpaceControl jest wbudowany przycisk paniki.<\/p>\n<p>W sytuacji awaryjnej mo\u017cesz natychmiast w\u0142\u0105czy\u0107 alarm i uzyska\u0107 pomoc. Przycisk paniki wysy\u0142a sygna\u0142y alarmowe zar\u00f3wno do firmy ochroniarskiej, jak i do wszystkich pod\u0142\u0105czonych urz\u0105dze\u0144 w systemie, umo\u017cliwiaj\u0105c szybkie wys\u0142anie pomocy.<\/p>\n<p>Jest to szczeg\u00f3lnie wa\u017cne w przypadku w\u0142amania lub innego zagro\u017cenia, w kt\u00f3rym szybka reakcja mo\u017ce mie\u0107 kluczowe znaczenie.<\/p>\n<p>Aby zapewni\u0107 maksymalne bezpiecze\u0144stwo i zapobiec fa\u0142szerstwom, Ajax SpaceControl jest wyposa\u017cony w technologi\u0119 uwierzytelniania.<\/p>\n<p>Dzi\u0119ki temu tylko autoryzowani u\u017cytkownicy mog\u0105 \u0142\u0105czy\u0107 si\u0119 z pilotem i korzysta\u0107 z niego, zapobiegaj\u0105c nieautoryzowanemu dost\u0119powi i fa\u0142szerstwom.<\/p>\n<p>Dodatkowo wykorzystuje szyfrowane kana\u0142y komunikacji oraz posiada wbudowan\u0105 detekcj\u0119 zag\u0142uszania, co sprawia, \u017ce system jest chroniony przed ewentualnymi zak\u0142\u00f3ceniami i atakami.<\/p>\n<p>Kolejn\u0105 przydatn\u0105 funkcj\u0105 jest dwukierunkowa komunikacja, kt\u00f3ra pozwala na potwierdzenie, \u017ce Twoje polecenia zosta\u0142y wykonane poprawnie.<\/p>\n<p>Po wys\u0142aniu polecenia pilot zasygnalizuje to kolorowym b\u0142yskiem, daj\u0105c wizualn\u0105 informacj\u0119, \u017ce system bezpiecze\u0144stwa otrzyma\u0142 i przetworzy\u0142 Twoje polecenie.<\/p>\n<p>Minimalizuje to ryzyko nieporozumie\u0144 i daje u\u017cytkownikowi ca\u0142kowit\u0105 pewno\u015b\u0107, \u017ce zosta\u0142o podj\u0119te w\u0142a\u015bciwe dzia\u0142anie.<\/p>\n<p>Ajax SpaceControl jest r\u00f3wnie\u017c bardzo \u0142atwy w u\u017cyciu. Nie musisz si\u0119 martwi\u0107 skomplikowanymi instalacjami ani ustawieniami u\u017cytkownika.<\/p>\n<p>Pilot jest gotowy do u\u017cycia od razu po wyj\u0119ciu z pude\u0142ka i \u0142atwo \u0142\u0105czy si\u0119 z systemem bezpiecze\u0144stwa Ajax za po\u015brednictwem aplikacji mobilnej.<\/p>\n<p>Dzi\u0119ki \u017cywotno\u015bci baterii do pi\u0119ciu lat i kompaktowej konstrukcji wa\u017c\u0105cej zaledwie 13 gram\u00f3w jest zar\u00f3wno praktyczny, jak i trwa\u0142y.<\/p>\n<p>Ten pilot doskonale wsp\u00f3\u0142pracuje ze wszystkimi koncentratorami Ajax, przed\u0142u\u017caczami zasi\u0119gu, ocBridge Plus i uartBridge i ma zasi\u0119g komunikacji do 1300 metr\u00f3w na otwartym terenie, zapewniaj\u0105c elastyczno\u015b\u0107 i kontrol\u0119 z niemal dowolnego miejsca w Twojej posesji.<\/p>\n<p><strong>Dane techniczne:<\/strong><\/p>\n<ul>\n<li><strong>Typ urz\u0105dzenia:<\/strong> Pilot zdalnego sterowania z czterema przyciskami<\/li>\n<li><strong>Cechy:<\/strong> Zarz\u0105dzanie alarmami, przycisk paniki, dwukierunkowa komunikacja<\/li>\n<li><strong>Zgodno\u015b\u0107:<\/strong> Wsp\u00f3\u0142pracuje ze wszystkimi koncentratorami Ajax i przed\u0142u\u017caczami zasi\u0119gu<\/li>\n<li><strong>Szyfrowanie:<\/strong> Szyfrowanie AES-128-bitowe<\/li>\n<li><strong>\u017bywotno\u015b\u0107 baterii:<\/strong> Do 5 lat (bateria CR2032)<\/li>\n<li><strong>Zakres temperatur:<\/strong> Od -25\u00b0C do +50\u00b0C<\/li>\n<li><strong>Wilgotno\u015b\u0107:<\/strong> Do 95%<\/li>\n<li><strong>Mierzy\u0107:<\/strong> 65 \u00d7 37 \u00d7 10 mm<\/li>\n<li><strong>Waga:<\/strong> 13 gr<\/li>\n<li><strong>Gwarancja:<\/strong> 24 miesi\u0105ce (Baterie nie s\u0105 obj\u0119te gwarancj\u0105)<\/li>\n<\/ul>","protected":false},"excerpt":{"rendered":"<p>Ajax SpaceControl to bezprzewodowy pilot zdalnego sterowania umo\u017cliwiaj\u0105cy \u0142atwe i bezpieczne zarz\u0105dzanie systemem bezpiecze\u0144stwa.<\/p>\n<p>Dzi\u0119ki funkcjom takim jak przycisk paniki, uwierzytelnianie i dwukierunkowa komunikacja zapewnia skuteczn\u0105 kontrol\u0119 i zwi\u0119kszone bezpiecze\u0144stwo.<\/p>","protected":false},"featured_media":156279,"template":"","meta":{"_acf_changed":false},"product_brand":[],"product_cat":[3164,1319],"product_tag":[3127,2137,4863],"class_list":{"0":"post-69507","1":"product","2":"type-product","3":"status-publish","4":"has-post-thumbnail","6":"product_cat-larmstyrning","7":"product_cat-ajax-larm","8":"product_tag-kontrollprodukt","9":"product_tag-lager-ajax","10":"product_tag-pf","11":"product_shipping_class-postnord-varubrev","12":"pa_ajax-tradlosa-larm-fjarr-overfallsknapp","13":"pa_brands-ajax-systems","14":"pa_color-vit","15":"pa_farg-vit","16":"tm-no-options","18":"first","19":"instock","20":"sale","21":"featured","22":"taxable","23":"shipping-taxable","24":"purchasable","25":"product-type-simple"},"acf":[],"_links":{"self":[{"href":"https:\/\/secureus.se\/pl\/wp-json\/wp\/v2\/product\/69507","targetHints":{"allow":["GET"]}}],"collection":[{"href":"https:\/\/secureus.se\/pl\/wp-json\/wp\/v2\/product"}],"about":[{"href":"https:\/\/secureus.se\/pl\/wp-json\/wp\/v2\/types\/product"}],"wp:featuredmedia":[{"embeddable":true,"href":"https:\/\/secureus.se\/pl\/wp-json\/wp\/v2\/media\/156279"}],"wp:attachment":[{"href":"https:\/\/secureus.se\/pl\/wp-json\/wp\/v2\/media?parent=69507"}],"wp:term":[{"taxonomy":"product_brand","embeddable":true,"href":"https:\/\/secureus.se\/pl\/wp-json\/wp\/v2\/product_brand?post=69507"},{"taxonomy":"product_cat","embeddable":true,"href":"https:\/\/secureus.se\/pl\/wp-json\/wp\/v2\/product_cat?post=69507"},{"taxonomy":"product_tag","embeddable":true,"href":"https:\/\/secureus.se\/pl\/wp-json\/wp\/v2\/product_tag?post=69507"}],"curies":[{"name":"wp","href":"https:\/\/api.w.org\/{rel}","templated":true}]}}