{"id":69514,"date":"2022-11-28T11:05:31","date_gmt":"2022-11-28T10:05:31","guid":{"rendered":"https:\/\/secureus.se\/produkt\/passerbricka-ajax-mifare-desfire-vit-2\/"},"modified":"2026-03-31T14:17:46","modified_gmt":"2026-03-31T12:17:46","slug":"ajax-tag-passerbricka-mifare-desfire-vit","status":"publish","type":"product","link":"https:\/\/secureus.se\/pl\/ajax-tag-passerbricka-mifare-desfire-vit\/","title":{"rendered":"Tag Ajax (bia\u0142y) \u2013 tag dla KeyPad Plus i ekran\u00f3w dotykowych"},"content":{"rendered":"<h3>Tag Ajax Tag Passer Mifare DESFire to zaawansowane rozwi\u0105zanie bezpiecze\u0144stwa, kt\u00f3re zapewnia szybki dost\u0119p do Twojego systemu bezpiecze\u0144stwa Ajax.<\/h3>\n<p>Technologia bezdotykowa umo\u017cliwia aktywacj\u0119 lub dezaktywacj\u0119 alarmu po prostu przytrzymuj\u0105c pilota blisko klawiatury KeyPad Plus lub KeyPad TouchScreen.<\/p>\n<p>Jest to doskona\u0142y wyb\u00f3r zar\u00f3wno dla domu, jak i firmy, gdzie istotne jest bezpiecze\u0144stwo i \u0142atwo\u015b\u0107 obs\u0142ugi.<\/p>\n<p>Tag wykorzystuje wysoce szyfrowan\u0105 i bezpieczn\u0105 technologi\u0119 Mifare DESFire, kt\u00f3ra opiera si\u0119 na normie ISO 14443, co oznacza, \u017ce dost\u0119p do systemu maj\u0105 tylko upowa\u017cnieni u\u017cytkownicy.<\/p>\n<p>Technologia zapewnia 128-bitowe szyfrowanie i ochron\u0119 przed kopiowaniem, zapewniaj\u0105c bezpieczne i niezawodne rozwi\u0105zanie do zarz\u0105dzania systemem bezpiecze\u0144stwa bez konieczno\u015bci zapami\u0119tywania hase\u0142 i tworzenia kont u\u017cytkownik\u00f3w.<\/p>\n<p>Technologia ta stosowana jest tak\u017ce w systemach transportowych w stolicach europejskich oraz w systemach dost\u0119pu dla NASA.<\/p>\n<p>Jedn\u0105 z najwi\u0119kszych zalet tagu Ajax jest jego prostota. Aby doda\u0107 nowy brelok do systemu, po prostu otw\u00f3rz aplikacj\u0119 Ajax, przejd\u017a do ustawie\u0144 i przytrzymaj brelok blisko kompatybilnego urz\u0105dzenia KeyPad.<\/p>\n<p>Nie musisz zak\u0142ada\u0107 konta ani wykonywa\u0107 skomplikowanych instalacji. Szczeg\u00f3lnie u\u0142atwia nadawanie tymczasowych praw dost\u0119pu innym osobom, takim jak go\u015bcie czy pracownicy, poprzez przypisanie im konkretnego Tagu, bez konieczno\u015bci zak\u0142adania konta u\u017cytkownika.<\/p>\n<p>Brelok Ajax Tag mo\u017cna pod\u0142\u0105czy\u0107 do maksymalnie 13 koncentrator\u00f3w, co zapewnia elastyczno\u015b\u0107 sterowania kilkoma systemami bezpiecze\u0144stwa za pomoc\u0105 tego samego pilota.<\/p>\n<p>Dzi\u0119ki aplikacji Ajax administrator systemu mo\u017ce z \u0142atwo\u015bci\u0105 zarz\u0105dza\u0107 wszystkimi przypisanymi tagami, a tak\u017ce dostosowywa\u0107 uprawnienia dost\u0119pu lub w razie potrzeby odbiera\u0107 dost\u0119p.<\/p>\n<p>Wszystkie zmiany i akcje dost\u0119pu s\u0105 rejestrowane w dzienniku zdarze\u0144, co oznacza, \u017ce zawsze masz pe\u0142n\u0105 kontrol\u0119 i wgl\u0105d w to, kiedy i przez kogo system bezpiecze\u0144stwa zosta\u0142 aktywowany lub dezaktywowany.<\/p>\n<p>Przywieszka pracuje w zakresie temperatur od -10\u00b0C do +40\u00b0C i charakteryzuje si\u0119 d\u0142ug\u0105 \u017cywotno\u015bci\u0105 si\u0119gaj\u0105c\u0105 10 lat, co czyni j\u0105 trwa\u0142ym rozwi\u0105zaniem przy d\u0142ugotrwa\u0142ym u\u017cytkowaniu.<\/p>\n<p>Charakteryzuje si\u0119 r\u00f3wnie\u017c bardzo nisk\u0105 wag\u0105, zaledwie 7 gram\u00f3w, oraz kompaktow\u0105 konstrukcj\u0105, dzi\u0119ki czemu jest \u0142atwy w przenoszeniu i wygodny w u\u017cyciu.<\/p>\n<p><strong>Dane techniczne:<\/strong><\/p>\n<ul>\n<li><strong>Technologia komunikacji:<\/strong> Mifare DESFire\u00ae<\/li>\n<li><strong>Standard operacyjny:<\/strong> ISO 14443-A (13,56 MHz)<\/li>\n<li><strong>Szyfrowanie:<\/strong> Szyfrowanie 128-bitowe<\/li>\n<li><strong>Liczba pod\u0142\u0105czonych koncentrator\u00f3w:<\/strong> Do 13 w\u0119z\u0142\u00f3w<\/li>\n<li><strong>Zgodno\u015b\u0107:<\/strong> Wsp\u00f3\u0142pracuje z KeyPad Plus i KeyPad TouchScreen<\/li>\n<li><strong>Temperatura pracy:<\/strong> Od -10\u00b0C do +40\u00b0C<\/li>\n<li><strong>Wilgotno\u015b\u0107:<\/strong> Do 75%<\/li>\n<li><strong>Wymiary:<\/strong> 45 \u00d7 32 \u00d7 6 mm<\/li>\n<li><strong>Waga:<\/strong> 7 gr<\/li>\n<\/ul>","protected":false},"excerpt":{"rendered":"<p>Tag Ajax Tag Passer Mifare DESFire to szyfrowany, bezdotykowy brelok do kluczy zapewniaj\u0105cy szybki i bezpieczny dost\u0119p do systemu bezpiecze\u0144stwa Ajax.<\/p>\n<p>Zaprojektowany do wsp\u00f3\u0142pracy z KeyPad Plus i TouchScreen, umo\u017cliwia w\u0142\u0105czanie i wy\u0142\u0105czanie systemu bezpiecze\u0144stwa bez has\u0142a lub konta u\u017cytkownika.<\/p>","protected":false},"featured_media":158365,"template":"","meta":{"_acf_changed":false},"product_brand":[],"product_cat":[3164,1319],"product_tag":[3127,2137,4863],"class_list":{"0":"post-69514","1":"product","2":"type-product","3":"status-publish","4":"has-post-thumbnail","6":"product_cat-larmstyrning","7":"product_cat-ajax-larm","8":"product_tag-kontrollprodukt","9":"product_tag-lager-ajax","10":"product_tag-pf","11":"product_shipping_class-postnord-varubrev","12":"pa_ajax-tradlosa-larm-ovriga-tillbehor-monteringsfaste","13":"pa_brands-ajax-systems","14":"pa_color-vit","15":"pa_farg-vit","16":"tm-no-options","18":"first","19":"instock","20":"sale","21":"featured","22":"taxable","23":"shipping-taxable","24":"purchasable","25":"product-type-simple"},"acf":[],"_links":{"self":[{"href":"https:\/\/secureus.se\/pl\/wp-json\/wp\/v2\/product\/69514","targetHints":{"allow":["GET"]}}],"collection":[{"href":"https:\/\/secureus.se\/pl\/wp-json\/wp\/v2\/product"}],"about":[{"href":"https:\/\/secureus.se\/pl\/wp-json\/wp\/v2\/types\/product"}],"wp:featuredmedia":[{"embeddable":true,"href":"https:\/\/secureus.se\/pl\/wp-json\/wp\/v2\/media\/158365"}],"wp:attachment":[{"href":"https:\/\/secureus.se\/pl\/wp-json\/wp\/v2\/media?parent=69514"}],"wp:term":[{"taxonomy":"product_brand","embeddable":true,"href":"https:\/\/secureus.se\/pl\/wp-json\/wp\/v2\/product_brand?post=69514"},{"taxonomy":"product_cat","embeddable":true,"href":"https:\/\/secureus.se\/pl\/wp-json\/wp\/v2\/product_cat?post=69514"},{"taxonomy":"product_tag","embeddable":true,"href":"https:\/\/secureus.se\/pl\/wp-json\/wp\/v2\/product_tag?post=69514"}],"curies":[{"name":"wp","href":"https:\/\/api.w.org\/{rel}","templated":true}]}}