{"id":69523,"date":"2022-11-28T11:05:31","date_gmt":"2022-11-28T10:05:31","guid":{"rendered":"https:\/\/secureus.se\/produkt\/vattendetektor-tradlos-vit\/"},"modified":"2026-04-29T11:01:49","modified_gmt":"2026-04-29T09:01:49","slug":"ajax-leaksprotect-vattendetektor-vit","status":"publish","type":"product","link":"https:\/\/secureus.se\/pl\/ajax-leaksprotect-vattendetektor-vit\/","title":{"rendered":"Bezprzewodowy czujnik wody Ajax LeaksProtect w kolorze bia\u0142ym"},"content":{"rendered":"<h3><strong>Ajax LeaksProtect \u2013 bezprzewodowy czujnik zalania<\/strong><\/h3>\n<p>Ajax LeaksProtect to zaawansowany i niezawodny bezprzewodowy wykrywacz wody zaprojektowany, aby chroni\u0107 Tw\u00f3j dom lub firm\u0119 przed powa\u017cnymi szkodami spowodowanymi wyciekami wody.<\/p>\n<p>Dzi\u0119ki innowacyjnej technologii i wysokiej jako\u015bci funkcjom wykrywacz ten zapewnia szybk\u0105 informacj\u0119 o wszelkich wyciekach, zanim spowoduj\u0105 one powa\u017cne szkody.<\/p>\n<p><strong>Szybkie wykrywanie i alarm:<\/strong> LeaksProtect reaguje natychmiast na pierwsze oznaki wycieku i aktywuje alarm, aby poinformowa\u0107 u\u017cytkownika i firm\u0119 ochroniarsk\u0105 o problemie.<\/p>\n<p>Szybkie wykrywanie umo\u017cliwia podj\u0119cie dzia\u0142a\u0144 w odpowiednim czasie i zminimalizowanie szk\u00f3d w mieniu.<\/p>\n<p><strong>Kompaktowa i dyskretna konstrukcja:<\/strong> Dzi\u0119ki wysoko\u015bci zaledwie 14 mm LeaksProtect jest niezwykle dyskretny i mo\u017cna go umie\u015bci\u0107 na prawie ka\u017cdej powierzchni.<\/p>\n<p>Dzi\u0119ki temu mo\u017cna go zamontowa\u0107 w trudno dost\u0119pnych miejscach, np. pod zlewem, w pobli\u017cu okien, obok rur czy pod sprz\u0119tem AGD, gdzie mo\u017ce doj\u015b\u0107 do wyciek\u00f3w.<\/p>\n<p><strong>Innowacyjna technologia zapewniaj\u0105ca niezawodno\u015b\u0107:<\/strong> Detektor wyposa\u017cony jest w cztery pary styk\u00f3w wra\u017cliwych na wod\u0119, kt\u00f3re pokrywaj\u0105 ca\u0142\u0105 powierzchni\u0119 urz\u0105dzenia.<\/p>\n<p>Gdy tylko jedna ze stron kontaktu wejdzie w kontakt z wod\u0105, urz\u0105dzenie alarmuje i wysy\u0142a sygna\u0142 do koncentratora Ajax. Umo\u017cliwia to systemowi szybk\u0105 identyfikacj\u0119 i napraw\u0119 nieszczelno\u015bci.<\/p>\n<p><strong>D\u0142ugi czas pracy baterii i \u0142atwa instalacja:<\/strong> LeaksProtect zosta\u0142 zaprojektowany tak, aby by\u0142 zar\u00f3wno skuteczny, jak i d\u0142ugotrwa\u0142y.<\/p>\n<p>Wykorzystuje dwie baterie AAA i ma \u017cywotno\u015b\u0107 baterii do 5 lat.<\/p>\n<p>Monta\u017c jest prosty i nie wymaga skomplikowanego procesu monta\u017cu \u2013 wystarczy po\u0142o\u017cy\u0107 go na poziomej powierzchni, gdzie istnieje ryzyko wycieku i jest gotowy do u\u017cycia.<\/p>\n<p><strong>Stopie\u0144 ochrony IP65:<\/strong> Dzi\u0119ki klasie ochrony IP65 LeaksProtect jest odporny na kurz i wod\u0119, dzi\u0119ki czemu nadaje si\u0119 do stosowania zar\u00f3wno wewn\u0105trz, jak i na zewn\u0105trz.<\/p>\n<p><strong>Automatyczne odci\u0119cie wody:<\/strong> Kiedy LeaksProtect jest pod\u0142\u0105czony do urz\u0105dzenia WaterStop, system mo\u017ce automatycznie odci\u0105\u0107 dop\u0142yw wody w przypadku wykrycia wyciek\u00f3w.<\/p>\n<p>Zapobiega to potencjalnym powodziom i szkodom spowodowanym przez wod\u0119, zapewniaj\u0105c dodatkow\u0105 warstw\u0119 bezpiecze\u0144stwa.<\/p>\n<p><strong>Zdalne monitorowanie za po\u015brednictwem aplikacji Ajax:<\/strong> Podobnie jak inne urz\u0105dzenia Ajax, LeaksProtect jest w pe\u0142ni zintegrowany z ekosystemem Ajax, co oznacza, \u017ce mo\u017cesz monitorowa\u0107 i sterowa\u0107 detektorem za po\u015brednictwem aplikacji Ajax na swoim smartfonie.<\/p>\n<p>Otrzymujesz powiadomienia push w przypadku alarmu i mo\u017cesz szybko dzia\u0142a\u0107, aby zapobiec uszkodzeniom.<\/p>\n<p><strong>Zalety:<\/strong><\/p>\n<ul>\n<li><strong>Szybkie i skuteczne wykrywanie wyciek\u00f3w wody<\/strong> aby zminimalizowa\u0107 szkody.<\/li>\n<li><strong>D\u0142ugi czas pracy baterii<\/strong> do 5 lat dla niezawodnej pracy bez ci\u0105g\u0142ej konserwacji.<\/li>\n<li><strong>Kompaktowa konstrukcja<\/strong> co u\u0142atwia monta\u017c w trudno dost\u0119pnych miejscach.<\/li>\n<li><strong>Stopie\u0144 ochrony IP65<\/strong> do u\u017cytku zar\u00f3wno wewn\u0105trz jak i na zewn\u0105trz.<\/li>\n<li><strong>Automatyczne odci\u0119cie wody<\/strong> poprzez integracj\u0119 z WaterStop, aby zapobiec dalszym szkodom.<\/li>\n<li><strong>Zdalne sterowanie i monitorowanie<\/strong> za po\u015brednictwem aplikacji Ajax dla sta\u0142ej kontroli.<\/li>\n<\/ul>\n<p><strong>Dane techniczne:<\/strong><\/p>\n<ul>\n<li><strong>\u017bywotno\u015b\u0107 baterii:<\/strong> Do 5 lat.<\/li>\n<li><strong>Obszar komunikacji:<\/strong> Do 1300 m (w terenie otwartym).<\/li>\n<li><strong>Klasa ochrony:<\/strong> IP65 (py\u0142oszczelna i wodoodporna).<\/li>\n<li><strong>Metoda instalacji:<\/strong> Umieszczone na poziomej powierzchni.<\/li>\n<li><strong>Zasilanie:<\/strong> 2x baterie AAA.<\/li>\n<li><strong>Mierzy\u0107:<\/strong> 56 \u00d7 56 \u00d7 14 mm.<\/li>\n<li><strong>Waga:<\/strong> 40 gr.<\/li>\n<\/ul>\n<p>Chro\u0144 sw\u00f3j dom lub firm\u0119 przed szkodami spowodowanymi przez wod\u0119 dzi\u0119ki Ajax LeaksProtect.<\/p>\n<p>Szybkie wykrywanie, niezawodna komunikacja i d\u0142uga \u017cywotno\u015b\u0107 baterii sprawiaj\u0105, \u017ce jest to niezb\u0119dna cz\u0119\u015b\u0107 Twojego systemu bezpiecze\u0144stwa.<\/p>","protected":false},"excerpt":{"rendered":"<p>Ajax LeaksProtect to bezprzewodowy czujnik zalania, kt\u00f3ry szybko wykrywa wycieki wody i ostrzega u\u017cytkownik\u00f3w za pomoc\u0105 alarm\u00f3w.<\/p>\n<p>Integruje si\u0119 z systemem Ajax i pomaga chroni\u0107 Tw\u00f3j dom lub firm\u0119 przed potencjalnymi szkodami spowodowanymi przez wod\u0119.<\/p>","protected":false},"featured_media":155448,"template":"","meta":{"_acf_changed":false},"product_brand":[],"product_cat":[3158,1319],"product_tag":[3127,2137,4863],"class_list":{"0":"post-69523","1":"product","2":"type-product","3":"status-publish","4":"has-post-thumbnail","6":"product_cat-vattenlarm-och-fuktlarm","7":"product_cat-ajax-larm","8":"product_tag-kontrollprodukt","9":"product_tag-lager-ajax","10":"product_tag-pf","11":"product_shipping_class-postnord-varubrev","12":"pa_ajax-tradlosa-larm-fuktlarm","13":"pa_brands-ajax-systems","14":"pa_color-vit","15":"pa_farg-vit","16":"tm-no-options","18":"first","19":"instock","20":"sale","21":"featured","22":"taxable","23":"shipping-taxable","24":"purchasable","25":"product-type-simple"},"acf":[],"_links":{"self":[{"href":"https:\/\/secureus.se\/pl\/wp-json\/wp\/v2\/product\/69523","targetHints":{"allow":["GET"]}}],"collection":[{"href":"https:\/\/secureus.se\/pl\/wp-json\/wp\/v2\/product"}],"about":[{"href":"https:\/\/secureus.se\/pl\/wp-json\/wp\/v2\/types\/product"}],"wp:featuredmedia":[{"embeddable":true,"href":"https:\/\/secureus.se\/pl\/wp-json\/wp\/v2\/media\/155448"}],"wp:attachment":[{"href":"https:\/\/secureus.se\/pl\/wp-json\/wp\/v2\/media?parent=69523"}],"wp:term":[{"taxonomy":"product_brand","embeddable":true,"href":"https:\/\/secureus.se\/pl\/wp-json\/wp\/v2\/product_brand?post=69523"},{"taxonomy":"product_cat","embeddable":true,"href":"https:\/\/secureus.se\/pl\/wp-json\/wp\/v2\/product_cat?post=69523"},{"taxonomy":"product_tag","embeddable":true,"href":"https:\/\/secureus.se\/pl\/wp-json\/wp\/v2\/product_tag?post=69523"}],"curies":[{"name":"wp","href":"https:\/\/api.w.org\/{rel}","templated":true}]}}