{"id":69530,"date":"2022-11-28T11:05:31","date_gmt":"2022-11-28T10:05:31","guid":{"rendered":"https:\/\/secureus.se\/produkt\/siren-utomhus-tradlos-svart\/"},"modified":"2026-04-17T09:19:51","modified_gmt":"2026-04-17T07:19:51","slug":"ajax-streetsiren-siren-utomhus-svart","status":"publish","type":"product","link":"https:\/\/secureus.se\/pl\/ajax-streetsiren-siren-utomhus-svart\/","title":{"rendered":"Ajax StreetSiren Siren zewn\u0119trzna bezprzewodowa czarna"},"content":{"rendered":"<h3>Ajax StreetSiren to idealne rozwi\u0105zanie zabezpieczaj\u0105ce zar\u00f3wno do u\u017cytku wewn\u0105trz, jak i na zewn\u0105trz.<\/h3>\n<p>Dzi\u0119ki pot\u0119\u017cnemu poziomowi d\u017awi\u0119ku do 113 dB i ramce LED, kt\u00f3ra zapewnia wizualn\u0105 sygnalizacj\u0119 alarmu, ta bezprzewodowa syrena gwarantuje, \u017ce alarm b\u0119dzie s\u0142yszalny i widoczny z du\u017cej odleg\u0142o\u015bci.<\/p>\n<p>StreetSiren ma za zadanie odstrasza\u0107 intruz\u00f3w i przyci\u0105ga\u0107 uwag\u0119 podczas zdarze\u0144 alarmowych, co czyni go idealnym rozwi\u0105zaniem zar\u00f3wno dla nieruchomo\u015bci mieszkalnych, jak i komercyjnych.<\/p>\n<p>Urz\u0105dzenie wyposa\u017cone jest w szereg zabezpiecze\u0144 zapobiegaj\u0105cych manipulacji. Posiada funkcj\u0119 wykrywania zag\u0142uszania, co oznacza, \u017ce mo\u017ce wykrywa\u0107 zak\u0142\u00f3cenia i reagowa\u0107 na nie.<\/p>\n<p>Ponadto syrena zawiera czujnik sabota\u017cu i akcelerometr, kt\u00f3ry aktywuje si\u0119, je\u015bli kto\u015b spr\u00f3buje usun\u0105\u0107 lub przenie\u015b\u0107 urz\u0105dzenie. Je\u017celi sygnalizator zostanie otwarty lub uszkodzony, natychmiast zostanie uruchomiony alarm sabota\u017cowy.<\/p>\n<p>StreetSiren charakteryzuje si\u0119 imponuj\u0105c\u0105 \u017cywotno\u015bci\u0105 baterii wynosz\u0105c\u0105 do 5 lat na fabrycznie zainstalowanych bateriach CR123A. Istnieje r\u00f3wnie\u017c mo\u017cliwo\u015b\u0107 pod\u0142\u0105czenia zewn\u0119trznego \u017ar\u00f3d\u0142a zasilania 12 V, aby zapewni\u0107 nieprzerwan\u0105 prac\u0119 syreny.<\/p>\n<p>Syrena posiada stopie\u0144 ochrony IP54, co oznacza, \u017ce jest zabezpieczona zar\u00f3wno przed kurzem, jak i wod\u0105, dzi\u0119ki czemu mo\u017cna j\u0105 umie\u015bci\u0107 zar\u00f3wno wewn\u0105trz, jak i na zewn\u0105trz.<\/p>\n<p>Syrena dzia\u0142a w szerokim zakresie temperatur, od -25\u00b0C do +50\u00b0C i jest wystarczaj\u0105co wytrzyma\u0142a, aby wytrzyma\u0107 trudne warunki.<\/p>\n<p>Kolejn\u0105 zalet\u0105 Ajax StreetSiren jest jego elastyczno\u015b\u0107. Poziom d\u017awi\u0119ku mo\u017cna regulowa\u0107 w zakresie od 85 dB do 113 dB, a czas trwania alarmu mo\u017cna ustawi\u0107 w zakresie od 3 sekund do 3 minut.<\/p>\n<p>Dzi\u0119ki temu u\u017cytkownik mo\u017ce dostosowa\u0107 g\u0142o\u015bno\u015b\u0107 i czas trwania sygnalizatora do w\u0142asnych potrzeb i preferencji. Aby zapewni\u0107 dodatkow\u0105 widoczno\u015b\u0107 i sygnalizacj\u0119, do syreny mo\u017cna pod\u0142\u0105czy\u0107 zewn\u0119trzne \u015bwiat\u0142o LED.<\/p>\n<p>Instalacja i konfiguracja s\u0105 \u0142atwe i mo\u017cna je szybko wykona\u0107 za pomoc\u0105 aplikacji Ajax. Dzi\u0119ki do\u0142\u0105czonemu panelowi monta\u017cowemu SmartBracket monta\u017c sygnalizatora zajmuje zaledwie kilka minut.<\/p>\n<p>Bezprzewodowa komunikacja poprzez technologi\u0119 Jeweler oznacza, \u017ce sygnalizator mo\u017cna pod\u0142\u0105czy\u0107 i skonfigurowa\u0107 bez \u017cadnych problem\u00f3w.<\/p>\n<p><strong>Dane techniczne:<\/strong><\/p>\n<ul>\n<li><strong>Typ:<\/strong> Syrena bezprzewodowa do monta\u017cu wewn\u0105trz i na zewn\u0105trz<\/li>\n<li><strong>G\u0142o\u015bno\u015b\u0107 d\u017awi\u0119ku:<\/strong> Regulacja w zakresie od 85 dB do 113 dB w odleg\u0142o\u015bci 1 metra<\/li>\n<li><strong>Czas trwania alarmu:<\/strong> Mo\u017cliwo\u015b\u0107 regulacji w zakresie od 3 sekund do 3 minut<\/li>\n<li><strong>Zasilanie:<\/strong> 4 \u00d7 baterie CR123A (fabrycznie zainstalowane) lub zewn\u0119trzny zasilacz 12 V<\/li>\n<li><strong>\u017bywotno\u015b\u0107 baterii:<\/strong> Do 5 lat<\/li>\n<li><strong>Klasa ochrony:<\/strong> IP54 (wodoodporny i py\u0142oszczelny)<\/li>\n<li><strong>Protok\u00f3\u0142 komunikacyjny:<\/strong> Jubiler<\/li>\n<li><strong>Zakres temperatur:<\/strong> -25\u00b0C do +50\u00b0C<\/li>\n<li><strong>Mierzy\u0107:<\/strong> 200 \u00d7 200 \u00d7 51 mm<\/li>\n<li><strong>Waga:<\/strong> 528 gr<\/li>\n<li><strong>Wysoko\u015b\u0107 monta\u017cu:<\/strong> Zalecana wysoko\u015b\u0107 2,5 metra lub wi\u0119cej<\/li>\n<\/ul>","protected":false},"excerpt":{"rendered":"<p>Ajax StreetSiren to wydajna bezprzewodowa syrena zewn\u0119trzna o g\u0142o\u015bno\u015bci do 113 dB i ramce LED do wizualnej sygnalizacji alarm\u00f3w.<\/p>\n<p>Przeznaczony zar\u00f3wno do instalacji wewn\u0119trznych, jak i zewn\u0119trznych, jest skutecznym rozwi\u0105zaniem bezpiecze\u0144stwa, kt\u00f3re odstrasza intruz\u00f3w i informuje o alarmach.<\/p>\n<p>StreetSiren jest wyposa\u017cony w kilka funkcji bezpiecze\u0144stwa, w tym ochron\u0119 przed manipulacj\u0105 i d\u0142ug\u0105 \u017cywotno\u015b\u0107 baterii do 5 lat.<\/p>","protected":false},"featured_media":155466,"template":"","meta":{"_acf_changed":false},"product_brand":[],"product_cat":[3163,1319],"product_tag":[3152,3127,4863],"class_list":{"0":"post-69530","1":"product","2":"type-product","3":"status-publish","4":"has-post-thumbnail","6":"product_cat-sirener","7":"product_cat-ajax-larm","8":"product_tag-cr123-tillbehor","9":"product_tag-kontrollprodukt","10":"product_tag-pf","11":"product_shipping_class-postnord-varubrev","12":"pa_ajax-tradlosa-larm-sirener","13":"pa_brands-ajax-systems","14":"pa_color-svart","15":"pa_farg-svart","16":"tm-no-options","18":"first","19":"onbackorder","20":"sale","21":"featured","22":"taxable","23":"shipping-taxable","24":"purchasable","25":"product-type-simple"},"acf":[],"_links":{"self":[{"href":"https:\/\/secureus.se\/pl\/wp-json\/wp\/v2\/product\/69530","targetHints":{"allow":["GET"]}}],"collection":[{"href":"https:\/\/secureus.se\/pl\/wp-json\/wp\/v2\/product"}],"about":[{"href":"https:\/\/secureus.se\/pl\/wp-json\/wp\/v2\/types\/product"}],"wp:featuredmedia":[{"embeddable":true,"href":"https:\/\/secureus.se\/pl\/wp-json\/wp\/v2\/media\/155466"}],"wp:attachment":[{"href":"https:\/\/secureus.se\/pl\/wp-json\/wp\/v2\/media?parent=69530"}],"wp:term":[{"taxonomy":"product_brand","embeddable":true,"href":"https:\/\/secureus.se\/pl\/wp-json\/wp\/v2\/product_brand?post=69530"},{"taxonomy":"product_cat","embeddable":true,"href":"https:\/\/secureus.se\/pl\/wp-json\/wp\/v2\/product_cat?post=69530"},{"taxonomy":"product_tag","embeddable":true,"href":"https:\/\/secureus.se\/pl\/wp-json\/wp\/v2\/product_tag?post=69530"}],"curies":[{"name":"wp","href":"https:\/\/api.w.org\/{rel}","templated":true}]}}