{"id":69556,"date":"2022-11-28T11:05:31","date_gmt":"2022-11-28T10:05:31","guid":{"rendered":"https:\/\/secureus.se\/produkt\/relamodul-36vdc-och-230vac-tradlos-svart\/"},"modified":"2026-05-04T14:13:33","modified_gmt":"2026-05-04T12:13:33","slug":"ajax-relay-module-relamodul-36vdc","status":"publish","type":"product","link":"https:\/\/secureus.se\/pl\/ajax-relay-module-relamodul-36vdc\/","title":{"rendered":"Modu\u0142 przeka\u017anika Ajax Modu\u0142 przeka\u017anika Sterowanie za pomoc\u0105 7-24 V DC (urz\u0105dzenie bezprzewodowe)"},"content":{"rendered":"<h3>Modu\u0142 przeka\u017anikowy Ajax to wszechstronne i wydajne rozwi\u0105zanie do zdalnego sterowania systemami elektrycznymi za po\u015brednictwem sieci bezprzewodowej.<\/h3>\n<p>Modu\u0142 wsp\u00f3\u0142pracuje zar\u00f3wno z instalacjami niskonapi\u0119ciowymi, jak i energi\u0105 elektryczn\u0105 w gospodarstwie domowym, dzi\u0119ki czemu idealnie nadaje si\u0119 do sterowania r\u00f3\u017cnorodnymi urz\u0105dzeniami, od o\u015bwietlenia i bram po zawory i zamki elektromagnetyczne.<\/p>\n<p>Modu\u0142 przeka\u017anika wyposa\u017cony jest w styk bezpotencja\u0142owy i dzia\u0142a bez po\u0142\u0105czenia galwanicznego z zasilaniem urz\u0105dzenia, co pozwala na zastosowanie go w r\u00f3\u017cnorodnych instalacjach elektrycznych.<\/p>\n<p>Jedn\u0105 z najwa\u017cniejszych cech jest elastyczna technologia dzia\u0142ania, kt\u00f3ra oferuje zar\u00f3wno tryb bistabilny, jak i impulsowy, aby dopasowa\u0107 si\u0119 do r\u00f3\u017cnych typ\u00f3w zastosowa\u0144.<\/p>\n<p>W trybie impulsowym u\u017cytkownik mo\u017ce regulowa\u0107 czas trwania od 0,5 do 255 sekund, dzi\u0119ki czemu modu\u0142 mo\u017cna ustawi\u0107 dok\u0142adnie wed\u0142ug potrzeb.<\/p>\n<p>Modu\u0142 przeka\u017anikowy wyposa\u017cony jest tak\u017ce w zabezpieczenie napi\u0119ciowe, kt\u00f3re zabezpiecza urz\u0105dzenie przed skokami napi\u0119cia oraz zapewnia d\u0142ug\u0105 trwa\u0142o\u015b\u0107 i niezawodno\u015b\u0107 dzia\u0142ania.<\/p>\n<p>Instalacja jest \u0142atwa i zajmuje tylko kilka minut. Pod\u0142\u0105czaj\u0105c modu\u0142 do koncentratora Ajax za po\u015brednictwem aplikacji Ajax, u\u017cytkownicy mog\u0105 szybko uzyska\u0107 dost\u0119p do swoich urz\u0105dze\u0144.<\/p>\n<p>Miniaturowa jednostka (39\u00d733\u00d718 mm) idealnie pasuje do puszek elektrycznych i tablic elektrycznych, a zewn\u0119trzna antena zapewnia stabiln\u0105 komunikacj\u0119 do 1000 metr\u00f3w w otwartym terenie.<\/p>\n<p>Modu\u0142 przeka\u017anikowy zbudowany jest w oparciu o technologi\u0119 radiow\u0105 Jeweler firmy Ajax, zapewniaj\u0105c\u0105 szybk\u0105 i bezpieczn\u0105 komunikacj\u0119 pomi\u0119dzy urz\u0105dzeniami.<\/p>\n<p>Szyfrowanie i uwierzytelnianie zapobiega fa\u0142szerstwom i w\u0142amaniom, dzi\u0119ki czemu system jest bezpieczny i niezawodny.<\/p>\n<p>Modu\u0142 przeka\u017anika mo\u017ce obs\u0142ugiwa\u0107 zar\u00f3wno obci\u0105\u017cenia rezystancyjne, jak i indukcyjne i obs\u0142uguje maksymalne obci\u0105\u017cenie pr\u0105dowe 13 A przy 230 V~ i 5 A przy 24 V\u2393.<\/p>\n<p>Modu\u0142 przeka\u017anika idealnie nadaje si\u0119 do stosowania zar\u00f3wno w ma\u0142ych, jak i du\u017cych instalacjach i mo\u017ce by\u0107 u\u017cywany do sterowania szerok\u0105 gam\u0105 urz\u0105dze\u0144 elektrycznych.<\/p>\n<p>Dzi\u0119ki obs\u0142udze automatyzacji za po\u015brednictwem aplikacji Ajax, Relay mo\u017cna \u0142atwo zintegrowa\u0107 ze zautomatyzowanymi scenariuszami, takimi jak w\u0142\u0105czanie \u015bwiate\u0142 po uruchomieniu alarmu lub sterowanie zaworami i bramami w oparciu o harmonogramy lub zdarzenia alarmowe.<\/p>","protected":false},"excerpt":{"rendered":"<p>Modu\u0142 przeka\u017anikowy mo\u017ce obs\u0142ugiwa\u0107 obci\u0105\u017cenia rezystancyjne i indukcyjne i obs\u0142uguje maksymalne obci\u0105\u017cenie pr\u0105dowe <span style=\"text-decoration: underline;\"><strong>13A przy 230V<\/strong><\/span>~ i <span style=\"text-decoration: underline;\"><strong>5A przy 36 DC.<\/strong><\/span><\/p>\n<p>Modu\u0142 przeka\u017anikowy Ajax to bezprzewodowy, zdalnie sterowany modu\u0142 przeka\u017anikowy, kt\u00f3ry umo\u017cliwia efektywne sterowanie urz\u0105dzeniami i systemami elektrycznymi.<\/p>\n<p>Dzia\u0142a zar\u00f3wno w sieciach niskiego napi\u0119cia, jak i sieciach domowych i oferuje elastyczne tryby u\u017cytkowania do automatyzacji i sterowania urz\u0105dzeniami, takimi jak zas\u0142ony, zawory, bramy i wiele innych.<\/p>","protected":false},"featured_media":155622,"template":"","meta":{"_acf_changed":false},"product_brand":[],"product_cat":[3169,1319],"product_tag":[3127,4863],"class_list":{"0":"post-69556","1":"product","2":"type-product","3":"status-publish","4":"has-post-thumbnail","6":"product_cat-automation","7":"product_cat-ajax-larm","8":"product_tag-kontrollprodukt","9":"product_tag-pf","10":"product_shipping_class-postnord-varubrev","11":"pa_ajax-tradlosa-larm-rela-multisandare","12":"pa_brands-ajax-systems","13":"pa_color-svart","14":"pa_farg-svart","15":"tm-no-options","17":"first","18":"instock","19":"sale","20":"featured","21":"taxable","22":"shipping-taxable","23":"purchasable","24":"product-type-simple"},"acf":[],"_links":{"self":[{"href":"https:\/\/secureus.se\/pl\/wp-json\/wp\/v2\/product\/69556","targetHints":{"allow":["GET"]}}],"collection":[{"href":"https:\/\/secureus.se\/pl\/wp-json\/wp\/v2\/product"}],"about":[{"href":"https:\/\/secureus.se\/pl\/wp-json\/wp\/v2\/types\/product"}],"wp:featuredmedia":[{"embeddable":true,"href":"https:\/\/secureus.se\/pl\/wp-json\/wp\/v2\/media\/155622"}],"wp:attachment":[{"href":"https:\/\/secureus.se\/pl\/wp-json\/wp\/v2\/media?parent=69556"}],"wp:term":[{"taxonomy":"product_brand","embeddable":true,"href":"https:\/\/secureus.se\/pl\/wp-json\/wp\/v2\/product_brand?post=69556"},{"taxonomy":"product_cat","embeddable":true,"href":"https:\/\/secureus.se\/pl\/wp-json\/wp\/v2\/product_cat?post=69556"},{"taxonomy":"product_tag","embeddable":true,"href":"https:\/\/secureus.se\/pl\/wp-json\/wp\/v2\/product_tag?post=69556"}],"curies":[{"name":"wp","href":"https:\/\/api.w.org\/{rel}","templated":true}]}}