{"id":69561,"date":"2022-11-28T11:05:30","date_gmt":"2022-11-28T10:05:30","guid":{"rendered":"https:\/\/secureus.se\/produkt\/glaskrossdetektor-9m-tradlos-vit\/"},"modified":"2026-04-10T13:27:44","modified_gmt":"2026-04-10T11:27:44","slug":"ajax-glassprotect-vit-glaskross","status":"publish","type":"product","link":"https:\/\/secureus.se\/pl\/ajax-glassprotect-vit-glaskross\/","title":{"rendered":"Ajax GlassProtect Detektor st\u0142uczenia szyby 9m bezprzewodowy Bia\u0142y"},"content":{"rendered":"<h3><strong>Ajax GlassProtect \u2013 bezprzewodowy czujnik st\u0142uczenia szyby zapewniaj\u0105cy zwi\u0119kszon\u0105 ochron\u0119<\/strong><\/h3>\n<p>Ajax GlassProtect to zaawansowany technologicznie, bezprzewodowy czujnik st\u0142uczenia szk\u0142a, kt\u00f3ry zapewnia niezawodn\u0105 ochron\u0119 Twojego domu lub firmy.<\/p>\n<p>Zaprojektowany do szybkiego wykrywania st\u0142uczonego szk\u0142a z odleg\u0142o\u015bci do 9 metr\u00f3w, detektor ten wykorzystuje czu\u0142y mikrofon elektretowy, kt\u00f3ry rejestruje d\u017awi\u0119k t\u0142uczonego szk\u0142a, w tym d\u017awi\u0119ki o niskiej i wysokiej cz\u0119stotliwo\u015bci.<\/p>\n<p>GlassProtect reaguje natychmiast w przypadku st\u0142uczenia szyby i wysy\u0142a sygna\u0142 alarmowy do Twojego systemu Ajax, dzi\u0119ki czemu zar\u00f3wno u\u017cytkownicy, jak i firmy ochroniarskie zostan\u0105 szybko poinformowani o mo\u017cliwych naruszeniach.<\/p>\n<p><strong>Zapobiega fa\u0142szywym alarmom dzi\u0119ki zaawansowanej technologii<\/strong><\/p>\n<p>Jedn\u0105 z g\u0142\u00f3wnych zalet Ajax GlassProtect jest jego zdolno\u015b\u0107 do minimalizacji fa\u0142szywych alarm\u00f3w.<\/p>\n<p>Dzi\u0119ki dwuczynnikowej detekcji st\u0142uczenia szk\u0142a, kt\u00f3ra \u0142\u0105czy w sobie d\u017awi\u0119k t\u0142uczonego i spadaj\u0105cego szk\u0142a, potrafi dok\u0142adnie odr\u00f3\u017cni\u0107 prawdziwe w\u0142amania od innych zak\u0142\u00f3ce\u0144, takich jak grzmoty, szczekanie ps\u00f3w czy odg\u0142osy przeje\u017cd\u017caj\u0105cych samochod\u00f3w.<\/p>\n<p>Oznacza to, \u017ce czujka reaguje tylko na realne zagro\u017cenia, co zmniejsza ryzyko fa\u0142szywych alarm\u00f3w i daje bezpieczniejsze i bardziej niezawodne rozwi\u0105zanie bezpiecze\u0144stwa.<\/p>\n<p><strong>Bezpieczna komunikacja i alarm sabota\u017cowy<\/strong><\/p>\n<p>Ajax GlassProtect wykorzystuje radio Ajax Jeweler do komunikacji z Twoim systemem bezpiecze\u0144stwa.<\/p>\n<p>Dzi\u0119ki temu czujka mo\u017ce dzia\u0142a\u0107 na dystansie do 1000 metr\u00f3w bez przeszk\u00f3d, zapewniaj\u0105c sprawn\u0105 transmisj\u0119 wszystkich alarm\u00f3w i danych.<\/p>\n<p>Aby jeszcze bardziej zwi\u0119kszy\u0107 bezpiecze\u0144stwo, GlassProtect posiada funkcj\u0119 ochrony przed sabota\u017cem, kt\u00f3ra natychmiast uruchamia alarm w przypadku pr\u00f3by manipulacji przy urz\u0105dzeniu lub usuni\u0119cia go z panelu monta\u017cowego.<\/p>\n<p><strong>D\u0142ugi czas pracy baterii i \u0142atwa instalacja<\/strong><\/p>\n<p>Dzi\u0119ki do\u0142\u0105czonej baterii CR123A, kt\u00f3ra ma d\u0142ug\u0105 \u017cywotno\u015b\u0107 a\u017c do 7 lat, Ajax GlassProtect zapewnia d\u0142ugoterminow\u0105 i bezobs\u0142ugow\u0105 prac\u0119.<\/p>\n<p>Dzi\u0119ki temu idealnie nadaje si\u0119 zar\u00f3wno do obiekt\u00f3w mieszkalnych, jak i komercyjnych, gdzie wa\u017cna jest niezawodno\u015b\u0107 i d\u0142ugotrwa\u0142a wydajno\u015b\u0107.<\/p>\n<p>Instalacja jest r\u00f3wnie\u017c bardzo prosta: gdy bateria jest ju\u017c zainstalowana, a urz\u0105dzenie jest gotowe do u\u017cycia, szybko \u0142\u0105czysz GlassProtect z koncentratorem Ajax za po\u015brednictwem aplikacji i montujesz je na do\u0142\u0105czonym panelu SmartBracket.<\/p>\n<p><strong>Inteligentny i wydajny dla wszystkich typ\u00f3w systemu Windows<\/strong><\/p>\n<p>GlassProtect doskonale sprawdza si\u0119 w \u015brodowiskach, w kt\u00f3rych wa\u017cna jest ochrona okien i szk\u0142a.<\/p>\n<p>Nie jest wra\u017cliwy na inne d\u017awi\u0119ki, takie jak grzmoty czy szczekanie ps\u00f3w, co oznacza, \u017ce zapewnia dok\u0142adne wykrywanie bez wp\u0142ywu zak\u0142\u00f3ce\u0144 zewn\u0119trznych.<\/p>\n<p>Czujka przeznaczona jest do wykrywania st\u0142uczenia szk\u0142a w obszarze detekcji 180\u00b0 i mo\u017cna j\u0105 \u0142atwo zamontowa\u0107 na \u015bcianie lub ramie okna.<\/p>\n<p>Aby uzyska\u0107 najlepsze rezultaty, urz\u0105dzenie nale\u017cy umie\u015bci\u0107 pomi\u0119dzy zas\u0142onami lub innymi przeszkodami, aby mie\u0107 pewno\u015b\u0107, \u017ce zareaguje na st\u0142uczenie szk\u0142a i nie b\u0119dzie filtrowane przez inne d\u017awi\u0119ki lub przedmioty.<\/p>\n<p><strong>Dane techniczne:<\/strong><\/p>\n<ul>\n<li><strong>Typ detektora:<\/strong> Bezprzewodowy czujnik st\u0142uczenia szk\u0142a<\/li>\n<li><strong>Odleg\u0142o\u015b\u0107 wykrywania:<\/strong> Do 9 metr\u00f3w<\/li>\n<li><strong>K\u0105t detekcji:<\/strong> 180\u00b0<\/li>\n<li><strong>\u017bywotno\u015b\u0107 baterii:<\/strong> Do 7 lat<\/li>\n<li><strong>Protok\u00f3\u0142 komunikacyjny:<\/strong> Jubiler<\/li>\n<li><strong>Zasilanie:<\/strong> Bateria CR123A (3 V, zainstalowana fabrycznie)<\/li>\n<li><strong>Metoda instalacji:<\/strong> Wn\u0119trz<\/li>\n<li><strong>Zakres temperatur:<\/strong> -10\u00b0C do +40\u00b0C<\/li>\n<li><strong>Wilgotno\u015b\u0107:<\/strong> Do 75%<\/li>\n<li><strong>Wymiary:<\/strong> \u015arednica: 20 mm, wysoko\u015b\u0107: 90 mm<\/li>\n<li><strong>Waga:<\/strong> 30 gr<\/li>\n<li><strong>Alarm sabota\u017cowy:<\/strong> Tak<\/li>\n<li><strong>Zgodno\u015b\u0107:<\/strong> Wsp\u00f3\u0142pracuje ze wszystkimi koncentratorami Ajax, przed\u0142u\u017caczami zasi\u0119gu, ocBridge Plus, uartBridge<\/li>\n<\/ul>\n<p><strong>Wniosek:<\/strong><\/p>\n<p>Ajax GlassProtect oferuje niezawodne i bezpieczne rozwi\u0105zanie chroni\u0105ce Tw\u00f3j dom lub firm\u0119 przed w\u0142amaniem przez pot\u0142uczone szk\u0142o.<\/p>\n<p>Dzi\u0119ki d\u0142ugiej \u017cywotno\u015bci baterii, zaawansowanej technologii zapobiegaj\u0105cej fa\u0142szywym alarmom i \u0142atwej instalacji GlassProtect jest idealnym wyborem dla tych, kt\u00f3rzy chc\u0105 niezawodnego i skutecznego systemu zabezpieczaj\u0105cego przed st\u0142uczeniem szyby.<\/p>","protected":false},"excerpt":{"rendered":"<p>Ajax GlassProtect to bezprzewodowy czujnik st\u0142uczenia szk\u0142a, kt\u00f3ry wykrywa st\u0142uczone szk\u0142o w odleg\u0142o\u015bci do 9 metr\u00f3w.<\/p>\n<p>Dzi\u0119ki zaawansowanej technologii zapobiegaj\u0105cej fa\u0142szywym alarmom i \u017cywotno\u015bci baterii do 7 lat zapewnia niezawodn\u0105 ochron\u0119 Twojego domu lub firmy.<\/p>","protected":false},"featured_media":155461,"template":"","meta":{"_acf_changed":false},"product_brand":[],"product_cat":[3160,1319,3162],"product_tag":[3152,3127,2137,4863],"class_list":{"0":"post-69561","1":"product","2":"type-product","3":"status-publish","4":"has-post-thumbnail","6":"product_cat-skalskydd","7":"product_cat-ajax-larm","8":"product_cat-glaskrossdetektor","9":"product_tag-cr123-tillbehor","10":"product_tag-kontrollprodukt","11":"product_tag-lager-ajax","12":"product_tag-pf","13":"product_shipping_class-postnord-varubrev","14":"pa_ajax-tradlosa-larm-glaskrossdetektorer","15":"pa_brands-ajax-systems","16":"pa_color-vit","17":"pa_farg-vit","18":"tm-no-options","20":"first","21":"instock","22":"sale","23":"featured","24":"taxable","25":"shipping-taxable","26":"purchasable","27":"product-type-simple"},"acf":[],"_links":{"self":[{"href":"https:\/\/secureus.se\/pl\/wp-json\/wp\/v2\/product\/69561","targetHints":{"allow":["GET"]}}],"collection":[{"href":"https:\/\/secureus.se\/pl\/wp-json\/wp\/v2\/product"}],"about":[{"href":"https:\/\/secureus.se\/pl\/wp-json\/wp\/v2\/types\/product"}],"wp:featuredmedia":[{"embeddable":true,"href":"https:\/\/secureus.se\/pl\/wp-json\/wp\/v2\/media\/155461"}],"wp:attachment":[{"href":"https:\/\/secureus.se\/pl\/wp-json\/wp\/v2\/media?parent=69561"}],"wp:term":[{"taxonomy":"product_brand","embeddable":true,"href":"https:\/\/secureus.se\/pl\/wp-json\/wp\/v2\/product_brand?post=69561"},{"taxonomy":"product_cat","embeddable":true,"href":"https:\/\/secureus.se\/pl\/wp-json\/wp\/v2\/product_cat?post=69561"},{"taxonomy":"product_tag","embeddable":true,"href":"https:\/\/secureus.se\/pl\/wp-json\/wp\/v2\/product_tag?post=69561"}],"curies":[{"name":"wp","href":"https:\/\/api.w.org\/{rel}","templated":true}]}}