{"id":69575,"date":"2022-11-28T11:05:23","date_gmt":"2022-11-28T10:05:23","guid":{"rendered":"https:\/\/secureus.se\/produkt\/magnetkontakt-tilt-chocksensor-extern-ingang-tradlos-vit\/"},"modified":"2026-03-30T12:17:16","modified_gmt":"2026-03-30T10:17:16","slug":"ajax-doorprotect-plus-magnetkontakt-chock-vit","status":"publish","type":"product","link":"https:\/\/secureus.se\/pl\/ajax-doorprotect-plus-magnetkontakt-chock-vit\/","title":{"rendered":"Ajax DoorProtect Plus Kontakt magnetyczny Czujnik drzwi + Czujnik wstrz\u0105s\u00f3w Bia\u0142y"},"content":{"rendered":"<h3><strong>Ajax DoorProtect Plus<\/strong> to zaawansowany bezprzewodowy czujnik otwarcia, kt\u00f3ry zapewnia pe\u0142n\u0105 ochron\u0119 Twojego domu lub firmy, wykrywaj\u0105c zar\u00f3wno otwarcie, jak i zamkni\u0119cie drzwi, okien i w\u0142az\u00f3w.<\/h3>\n<p>Czujnik ten jest niezb\u0119dnym narz\u0119dziem do ochrony budynk\u00f3w i tworzenia rozwi\u0105za\u0144 inteligentnego domu, kt\u00f3re automatycznie zarz\u0105dzaj\u0105 bezpiecze\u0144stwem.<\/p>\n<p>Innowacyjna konstrukcja \u0142\u0105czy w sobie czujnik otwarcia z czujnikiem otwarcia <strong>czujnik wstrz\u0105s\u00f3w<\/strong> i jeden <strong>detektor pochylenia<\/strong>.<\/p>\n<p>Gdy drzwi lub okna zostan\u0105 otwarte lub poddane uderzeniom, czujnik zostaje aktywowany, a do systemu bezpiecze\u0144stwa zostaje wys\u0142any alarm.<\/p>\n<p>Ten modu\u0142 czujnika mo\u017cna pod\u0142\u0105czy\u0107 do systemu alarmowego Ajax i \u0142atwo zintegrowa\u0107 z innymi urz\u0105dzeniami zabezpieczaj\u0105cymi, takimi jak syreny, \u015bwiat\u0142a lub kamery.<\/p>\n<p>Jedna z najwi\u0119kszych zalet <strong>Ajax DoorProtect Plus<\/strong> jest jego zdolno\u015b\u0107 odczuwania <strong>uderzenia<\/strong> I <strong>nachylenie<\/strong>co czyni go bardziej zaawansowanym i niezawodnym rozwi\u0105zaniem ni\u017c standardowe czujniki otwarcia.<\/p>\n<p>Gdy drzwi lub okno zostan\u0105 poddane naciskowi lub manipulacji, np. podczas w\u0142amania lub pr\u00f3by wywa\u017cenia drzwi, czujnik natychmiast uruchomi alarm.<\/p>\n<p>Czu\u0142o\u015b\u0107 mo\u017cna regulowa\u0107, aby unikn\u0105\u0107 fa\u0142szywych alarm\u00f3w, a do wyboru s\u0105 trzy poziomy w zale\u017cno\u015bci od \u015brodowiska i obszaru zastosowania.<\/p>\n<h3>Cechy:<\/h3>\n<ul>\n<li><strong>Wbudowany czujnik wstrz\u0105s\u00f3w i detektor przechy\u0142u<\/strong>: Do wykrywania w\u0142ama\u0144 lub manipulacji w wyniku uderze\u0144 i zmiany k\u0105ta pochylenia.<\/li>\n<li><strong>Regulowana czu\u0142o\u015b\u0107<\/strong>: Regulacja czu\u0142o\u015bci na wstrz\u0105sy na trzech poziomach, aby unikn\u0105\u0107 fa\u0142szywych alarm\u00f3w.<\/li>\n<li><strong>\u017bywotno\u015b\u0107 baterii do 5 lat<\/strong>: Dzi\u0119ki energooszcz\u0119dnemu algorytmowi, kt\u00f3ry zapewnia d\u0142ug\u0105 prac\u0119 bez konieczno\u015bci wymiany baterii.<\/li>\n<li><strong>Komunikacja bezprzewodowa<\/strong>: \u0141\u0105czy si\u0119 bezprzewodowo z panelem sterowania Ajax i wysy\u0142a sygna\u0142y testowe w celu zapewnienia prawid\u0142owej komunikacji.<\/li>\n<li><strong>Automatyczne powiadomienia<\/strong>: U\u017cytkownicy otrzymuj\u0105 alarmy i powiadomienia w przypadku manipulacji lub otwarcia drzwi lub okien.<\/li>\n<li><strong>Zabezpieczenie przed manipulacj\u0105<\/strong>: Chroni przed pr\u00f3bami w\u0142ama\u0144 poprzez alarmy sabota\u017cu, kt\u00f3re aktywuj\u0105 si\u0119 w przypadku manipulacji lub demonta\u017cu.<\/li>\n<li><strong>W zestawie dwa magnesy<\/strong>: Dla r\u00f3\u017cnych mo\u017cliwo\u015bci monta\u017cu w zale\u017cno\u015bci od konstrukcji drzwi lub okna.<\/li>\n<li><strong>Zintegruj si\u0119 z systemem bezpiecze\u0144stwa Ajax<\/strong>: Dzia\u0142a doskonale ze wszystkimi koncentratorami i systemami Ajax, ale nie z rozwi\u0105zaniami bezpiecze\u0144stwa innych firm.<\/li>\n<li><strong>Inteligentny wspornik<\/strong>: \u0141atwa instalacja bez uszkadzania wn\u0119trza dzi\u0119ki do\u0142\u0105czonemu wspornikowi SmartBracket.<\/li>\n<\/ul>\n<h3>Obszary zastosowania:<\/h3>\n<ul>\n<li><strong>Ochrona antyw\u0142amaniowa<\/strong>: Chro\u0144 drzwi i okna przed w\u0142amaniem, w\u0142\u0105czaj\u0105c alarm natychmiast po otwarciu lub uderzeniu.<\/li>\n<li><strong>Nadz\u00f3r nad osobami starszymi lub dzie\u0107mi<\/strong>: Przymocuj czujnik do drzwi lub szafek, aby otrzymywa\u0107 powiadomienia, gdy kto\u015b opu\u015bci lub otworzy wa\u017cne obszary.<\/li>\n<li><strong>Zastosowanie przemys\u0142owe<\/strong>: Stosowany w magazynach, fabrykach i innych obiektach przemys\u0142owych do ochrony drzwi i okien przed manipulacj\u0105 i kradzie\u017c\u0105.<\/li>\n<\/ul>\n<p><strong>Ajax DoorProtect Plus<\/strong> to niezawodny i wydajny czujnik otwarcia, kt\u00f3ry zapewni ochron\u0119 Twojego domu lub miejsca pracy przed w\u0142amaniem i innymi zagro\u017ceniami.<\/p>\n<p>Dzi\u0119ki po\u0142\u0105czeniu bezprzewodowemu, d\u0142ugiej \u017cywotno\u015bci baterii i zaawansowanym funkcjom bezpiecze\u0144stwa jest to idealny wyb\u00f3r, aby zwi\u0119kszy\u0107 swoje bezpiecze\u0144stwo i zyska\u0107 spok\u00f3j ducha.<\/p>","protected":false},"excerpt":{"rendered":"<p>Ajax DoorProtect Plus to zaawansowany bezprzewodowy czujnik otwarcia z wbudowanym czujnikiem wstrz\u0105s\u00f3w i czujnikiem pochylenia.<\/p>\n<p>Idealny do ochrony drzwi, okien i w\u0142az\u00f3w przed w\u0142amaniem i manipulacj\u0105.<\/p>\n<p>Do 5 lat \u017cywotno\u015bci baterii i bezprzewodowe po\u0142\u0105czenie z systemem bezpiecze\u0144stwa Ajax.<\/p>","protected":false},"featured_media":155458,"template":"","meta":{"_acf_changed":false},"product_brand":[],"product_cat":[3160,1319,3161],"product_tag":[3127,2137,4863],"class_list":{"0":"post-69575","1":"product","2":"type-product","3":"status-publish","4":"has-post-thumbnail","6":"product_cat-skalskydd","7":"product_cat-ajax-larm","8":"product_cat-dorrbrytare","9":"product_tag-kontrollprodukt","10":"product_tag-lager-ajax","11":"product_tag-pf","12":"product_shipping_class-postnord-varubrev","13":"pa_ajax-tradlosa-larm-magnetkontakter","14":"pa_brands-ajax-systems","15":"pa_color-vit","16":"pa_farg-vit","17":"tm-no-options","19":"first","20":"instock","21":"sale","22":"featured","23":"taxable","24":"shipping-taxable","25":"purchasable","26":"product-type-simple"},"acf":[],"_links":{"self":[{"href":"https:\/\/secureus.se\/pl\/wp-json\/wp\/v2\/product\/69575","targetHints":{"allow":["GET"]}}],"collection":[{"href":"https:\/\/secureus.se\/pl\/wp-json\/wp\/v2\/product"}],"about":[{"href":"https:\/\/secureus.se\/pl\/wp-json\/wp\/v2\/types\/product"}],"wp:featuredmedia":[{"embeddable":true,"href":"https:\/\/secureus.se\/pl\/wp-json\/wp\/v2\/media\/155458"}],"wp:attachment":[{"href":"https:\/\/secureus.se\/pl\/wp-json\/wp\/v2\/media?parent=69575"}],"wp:term":[{"taxonomy":"product_brand","embeddable":true,"href":"https:\/\/secureus.se\/pl\/wp-json\/wp\/v2\/product_brand?post=69575"},{"taxonomy":"product_cat","embeddable":true,"href":"https:\/\/secureus.se\/pl\/wp-json\/wp\/v2\/product_cat?post=69575"},{"taxonomy":"product_tag","embeddable":true,"href":"https:\/\/secureus.se\/pl\/wp-json\/wp\/v2\/product_tag?post=69575"}],"curies":[{"name":"wp","href":"https:\/\/api.w.org\/{rel}","templated":true}]}}