{"id":69582,"date":"2022-11-28T11:05:23","date_gmt":"2022-11-28T10:05:23","guid":{"rendered":"https:\/\/secureus.se\/produkt\/siren-inomhus-tradlos-vit\/"},"modified":"2026-04-09T13:45:39","modified_gmt":"2026-04-09T11:45:39","slug":"ajax-homesiren-siren-inomhus-vit","status":"publish","type":"product","link":"https:\/\/secureus.se\/pl\/ajax-homesiren-siren-inomhus-vit\/","title":{"rendered":"Ajax HomeSiren - Syrena wewn\u0119trzna - Bezprzewodowa - Bia\u0142a"},"content":{"rendered":"<h3>Ajax HomeSiren to idealne rozwi\u0105zanie wzmacniaj\u0105ce ochron\u0119 wn\u0119trz dzi\u0119ki niezawodnej syrenie o du\u017cej g\u0142o\u015bno\u015bci, kt\u00f3ra reaguje na aktywacj\u0119 czujek w systemie bezpiecze\u0144stwa.<\/h3>\n<p>Jest wyposa\u017cony we wska\u017aniki d\u017awi\u0119kowe i \u015bwietlne, kt\u00f3re szybko ostrzegaj\u0105 o w\u0142amaniach lub innych zagro\u017ceniach bezpiecze\u0144stwa.<\/p>\n<p>Syren\u0119 mo\u017cna \u0142atwo zainstalowa\u0107 za pomoc\u0105 do\u0142\u0105czonego panelu SmartBracket i jest kompatybilna ze wszystkimi koncentratorami i przed\u0142u\u017caczami zasi\u0119gu Ajax, zapewniaj\u0105c kompletny system bezpiecze\u0144stwa bez zak\u0142\u00f3ce\u0144.<\/p>\n<p>Jedn\u0105 z g\u0142\u00f3wnych cech Ajax HomeSiren jest jego pot\u0119\u017cny poziom d\u017awi\u0119ku, kt\u00f3ry mo\u017cna regulowa\u0107 w zakresie od 80 dB do 98 dB w odleg\u0142o\u015bci 1 metra.<\/p>\n<p>Ten d\u017awi\u0119k pomaga odstraszy\u0107 intruz\u00f3w i zaalarmowa\u0107 wszystkich w zasi\u0119gu. Dodatkowo syrena posiada regulowany czas trwania alarmu od 3 sekund do 3 minut, dzi\u0119ki czemu mo\u017cesz dostosowa\u0107 go do swoich potrzeb.<\/p>\n<p>Wbudowana dioda LED syreny wskazuje stan systemu i daje u\u017cytkownikowi wizualne wskazanie, czy system jest uzbrojony, czy rozbrojony.<\/p>\n<p>Aby uzyska\u0107 dodatkow\u0105 informacj\u0119 wizualn\u0105, do syreny mo\u017cna pod\u0142\u0105czy\u0107 zewn\u0119trzn\u0105 diod\u0119 LED.<\/p>\n<p>Kolejn\u0105 wa\u017cn\u0105 funkcj\u0105 jest wbudowana funkcja sabota\u017cu. W przypadku pr\u00f3by manipulacji sygnalizatorem uruchamiany jest alarm sabota\u017cowy, kt\u00f3ry powiadamia u\u017cytkownika o ewentualnych pr\u00f3bach sabota\u017cu.<\/p>\n<p>Wykorzystuje r\u00f3wnie\u017c szyfrowanie Ajax i wykrywanie w\u0142ama\u0144, aby chroni\u0107 przed w\u0142amaniami i nieautoryzowanym dost\u0119pem, zapewniaj\u0105c, \u017ce syrena dzia\u0142a prawid\u0142owo, gdy jest naprawd\u0119 potrzebna.<\/p>\n<p>Ajax HomeSiren ma \u017cywotno\u015b\u0107 baterii do 5 lat, co oznacza, \u017ce nie musisz si\u0119 martwi\u0107 o cz\u0119st\u0105 wymian\u0119 baterii.<\/p>\n<p>Zosta\u0142 r\u00f3wnie\u017c zaprojektowany z my\u015bl\u0105 o \u0142atwej instalacji i obs\u0142udze za po\u015brednictwem aplikacji Ajax.<\/p>\n<p>Syren\u0119 mo\u017cna zintegrowa\u0107 z innymi urz\u0105dzeniami zabezpieczaj\u0105cymi w systemie Ajax, a instalacj\u0119 mo\u017cna przeprowadzi\u0107 w ci\u0105gu zaledwie kilku minut.<\/p>\n<p><strong>Dane techniczne:<\/strong><\/p>\n<ul>\n<li><strong>Poziom d\u017awi\u0119ku:<\/strong> Regulacja w zakresie od 80 dB do 98 dB (w odleg\u0142o\u015bci 1 m)<\/li>\n<li><strong>Czas trwania alarmu:<\/strong> Mo\u017cliwo\u015b\u0107 regulacji w zakresie od 3 sekund do 3 minut<\/li>\n<li><strong>\u017bywotno\u015b\u0107 baterii:<\/strong> Do 5 lat<\/li>\n<li><strong>Zasilanie:<\/strong> 2 baterie CR123A (fabrycznie zainstalowane)<\/li>\n<li><strong>Komunikacja:<\/strong> Jubilerska technologia radiowa, zasi\u0119g komunikacji do 2000 m w otwartym terenie<\/li>\n<li><strong>Zakres temperatur:<\/strong> Od -10\u00b0C do +40\u00b0C<\/li>\n<li><strong>Wilgotno\u015b\u0107:<\/strong> Do 75%<\/li>\n<li><strong>Ochrona przed manipulacj\u0105:<\/strong> Tak, z alarmem sabota\u017cowym<\/li>\n<li><strong>Mierzy\u0107:<\/strong> 75 x 76 x 27 mm<\/li>\n<li><strong>Waga:<\/strong> 97 gr<\/li>\n<li><strong>Ochrona IP:<\/strong> IP50<\/li>\n<li><strong>Zgodno\u015b\u0107:<\/strong> Wsp\u00f3\u0142pracuje ze wszystkimi koncentratorami Ajax i przed\u0142u\u017caczami zasi\u0119gu<\/li>\n<\/ul>","protected":false},"excerpt":{"rendered":"<p>Ajax HomeSiren to bezprzewodowa syrena wewn\u0119trzna, kt\u00f3ra za pomoc\u0105 silnego d\u017awi\u0119ku i wska\u017anik\u00f3w LED ostrzega o aktywowanych alarmach w systemie bezpiecze\u0144stwa.<\/p>\n<p>Ma za zadanie odstraszy\u0107 intruz\u00f3w i zapewni\u0107 u\u017cytkownikowi natychmiastow\u0105 informacj\u0119 zwrotn\u0105 na temat stanu bezpiecze\u0144stwa.<\/p>","protected":false},"featured_media":155465,"template":"","meta":{"_acf_changed":false},"product_brand":[],"product_cat":[3163,1319,1562],"product_tag":[3152,3127,2137,4863],"class_list":{"0":"post-69582","1":"product","2":"type-product","3":"status-publish","4":"has-post-thumbnail","6":"product_cat-sirener","7":"product_cat-ajax-larm","8":"product_cat-larmdon-blixtljus","9":"product_tag-cr123-tillbehor","10":"product_tag-kontrollprodukt","11":"product_tag-lager-ajax","12":"product_tag-pf","13":"product_shipping_class-postnord-varubrev","14":"pa_ajax-tradlosa-larm-sirener","15":"pa_brands-ajax-systems","16":"pa_color-vit","17":"pa_farg-vit","18":"tm-no-options","20":"first","21":"instock","22":"sale","23":"featured","24":"taxable","25":"shipping-taxable","26":"purchasable","27":"product-type-simple"},"acf":[],"_links":{"self":[{"href":"https:\/\/secureus.se\/pl\/wp-json\/wp\/v2\/product\/69582","targetHints":{"allow":["GET"]}}],"collection":[{"href":"https:\/\/secureus.se\/pl\/wp-json\/wp\/v2\/product"}],"about":[{"href":"https:\/\/secureus.se\/pl\/wp-json\/wp\/v2\/types\/product"}],"wp:featuredmedia":[{"embeddable":true,"href":"https:\/\/secureus.se\/pl\/wp-json\/wp\/v2\/media\/155465"}],"wp:attachment":[{"href":"https:\/\/secureus.se\/pl\/wp-json\/wp\/v2\/media?parent=69582"}],"wp:term":[{"taxonomy":"product_brand","embeddable":true,"href":"https:\/\/secureus.se\/pl\/wp-json\/wp\/v2\/product_brand?post=69582"},{"taxonomy":"product_cat","embeddable":true,"href":"https:\/\/secureus.se\/pl\/wp-json\/wp\/v2\/product_cat?post=69582"},{"taxonomy":"product_tag","embeddable":true,"href":"https:\/\/secureus.se\/pl\/wp-json\/wp\/v2\/product_tag?post=69582"}],"curies":[{"name":"wp","href":"https:\/\/api.w.org\/{rel}","templated":true}]}}