{"id":69603,"date":"2022-11-28T11:05:23","date_gmt":"2022-11-28T10:05:23","guid":{"rendered":"https:\/\/secureus.se\/produkt\/kameradetektor-husdjur-phod-12m-tradlos-vit-2\/"},"modified":"2026-04-02T10:43:35","modified_gmt":"2026-04-02T08:43:35","slug":"ajax-motioncam-phod-kameradetektor-vit","status":"publish","type":"product","link":"https:\/\/secureus.se\/pl\/ajax-motioncam-phod-kameradetektor-vit\/","title":{"rendered":"Kamera Ajax MotionCam PhOD do wykrywania zwierz\u0105t domowych w kolorze bia\u0142ym"},"content":{"rendered":"<h3><strong>Ajax MotionCam PhOD \u2013 bezprzewodowy czujnik ruchu z odporno\u015bci\u0105 na kamer\u0119 i zwierz\u0119ta<\/strong><\/h3>\n<p>Ajax MotionCam PhOD to idealne rozwi\u0105zanie do szybkiej i skutecznej weryfikacji ruchu w Twoim domu lub firmie.<\/p>\n<p>Bezprzewodowa czujka ruchu wyposa\u017cona jest w kamer\u0119 o wysokiej rozdzielczo\u015bci, kt\u00f3ra w przypadku alarmu automatycznie wykonuje zdj\u0119cia, dzi\u0119ki czemu mo\u017cliwe jest uzyskanie natychmiastowego wizualnego potwierdzenia zdarzenia.<\/p>\n<p>Dzi\u0119ki zaawansowanym funkcjom, takim jak odporno\u015b\u0107 na zwierz\u0119ta, szybka weryfikacja zdj\u0119\u0107 i wysokie bezpiecze\u0144stwo dzi\u0119ki szyfrowaniu, MotionCam PhOD oferuje unikalne po\u0142\u0105czenie bezpiecze\u0144stwa i wygody.<\/p>\n<p><strong>Funkcje o wysokiej wydajno\u015bci:<\/strong><\/p>\n<ol>\n<li><strong>Szybka weryfikacja zdj\u0119\u0107:<\/strong> Po w\u0142\u0105czeniu czujnika ruchu MotionCam PhOD szybko przechwytuje obrazy w ci\u0105gu 9 sekund, aby zweryfikowa\u0107 zdarzenie.<\/li>\n<li>Dzi\u0119ki temu mo\u017cna szybko i wiarygodnie uzyska\u0107 informacj\u0119 o tym, co si\u0119 wydarzy\u0142o, bez konieczno\u015bci czekania na dodatkowe dane.<\/li>\n<li><strong>Odporno\u015b\u0107 na zwierz\u0119ta:<\/strong> MotionCam PhOD jest odporny na zwierz\u0119ta o wadze do 20 kg i 50 cm, co zmniejsza ryzyko fa\u0142szywych alarm\u00f3w powodowanych przez zwierz\u0119ta i sprawia, \u017ce idealnie nadaje si\u0119 do stosowania w gospodarstwach domowych ze zwierz\u0119tami.<\/li>\n<li><strong>Funkcje ochrony prywatno\u015bci i danych:<\/strong> Ajax MotionCam PhOD zosta\u0142 starannie zaprojektowany, aby chroni\u0107 Twoj\u0105 prywatno\u015b\u0107.<\/li>\n<li>Wszystkie przesy\u0142ane i przechowywane dane wizualne s\u0105 szyfrowane zgodnie ze \u015bcis\u0142ymi przepisami RODO, a dost\u0119p do obraz\u00f3w mog\u0105 mie\u0107 wy\u0142\u0105cznie upowa\u017cnieni u\u017cytkownicy.<\/li>\n<li>Korzystaj\u0105c ze specjalnych menu w aplikacji Ajax, mo\u017cesz dok\u0142adnie kontrolowa\u0107, kto ma dost\u0119p do zdj\u0119\u0107 i wydarze\u0144.<\/li>\n<li><strong>Wbudowane o\u015bwietlenie IR w ciemnych warunkach:<\/strong> Aby zapewni\u0107 wyra\u017any obraz nawet w ciemnych pomieszczeniach, MotionCam PhOD jest wyposa\u017cona we wbudowany o\u015bwietlacz podczerwieni, kt\u00f3ry umo\u017cliwia robienie zdj\u0119\u0107 nawet przy s\u0142abym o\u015bwietleniu lub ca\u0142kowicie ciemnych warunkach.<\/li>\n<li><strong>Szeroki k\u0105t detekcji i regulowana jako\u015b\u0107 obrazu:<\/strong> K\u0105t detekcji w poziomie i w pionie jest szeroki, co oznacza, \u017ce obejmuje du\u017cy obszar i wychwytuje ruch ze wszystkich kierunk\u00f3w.<\/li>\n<li>Ponadto mo\u017cesz dostosowa\u0107 rozdzielczo\u015b\u0107 obrazu do swoich konkretnych potrzeb, oszcz\u0119dzaj\u0105c przepustowo\u015b\u0107 i miejsce na dysku, gdy wy\u017csza rozdzielczo\u015b\u0107 nie jest potrzebna.<\/li>\n<\/ol>\n<p><strong>Intuicyjna instalacja i integracja:<\/strong><\/p>\n<p>MotionCam PhOD jest \u0142atwy w instalacji i pod\u0142\u0105czeniu do systemu Ajax. Skanuj\u0105c kod QR poprzez aplikacj\u0119 Ajax, mo\u017cesz szybko doda\u0107 detektor do systemu.<\/p>\n<p>Nie wymaga skomplikowanej instalacji i mo\u017cna go zamontowa\u0107 na wsporniku SmartBracket bez konieczno\u015bci demonta\u017cu.<\/p>\n<p><strong>Zaawansowane funkcje bezpiecze\u0144stwa:<\/strong><\/p>\n<ol>\n<li><strong>Szybka detekcja i antysabota\u017c:<\/strong> Dzi\u0119ki Ajax MotionCam PhOD zyskujesz szybk\u0105 detekcj\u0119 ruchu i natychmiastowe powiadomienie w przypadku mo\u017cliwych manipulacji lub utraty komunikacji.<\/li>\n<li>Je\u015bli kto\u015b spr\u00f3buje sabotowa\u0107 urz\u0105dzenie lub je odinstalowa\u0107, system wy\u015ble alarm do Twojego smartfona i firmy ochroniarskiej.<\/li>\n<li><strong>Korzystanie z dw\u00f3ch protoko\u0142\u00f3w bezprzewodowych (Jubiler i Wings):<\/strong> MotionCam PhOD wykorzystuje dwa protoko\u0142y bezprzewodowe, aby zapewni\u0107 niezawodn\u0105 i szybk\u0105 komunikacj\u0119 pomi\u0119dzy urz\u0105dzeniem a koncentratorem, zapewniaj\u0105c wi\u0119ksze bezpiecze\u0144stwo i lepszy zasi\u0119g.<\/li>\n<\/ol>\n<p><strong>Zalety:<\/strong><\/p>\n<ul>\n<li><strong>Szybka i bezpieczna weryfikacja alarm\u00f3w<\/strong> poprzez zdj\u0119cia.<\/li>\n<li><strong>Odporno\u015b\u0107 na zwierz\u0119ta<\/strong> aby unikn\u0105\u0107 fa\u0142szywych alarm\u00f3w powodowanych przez zwierz\u0119ta.<\/li>\n<li><strong>Wbudowane o\u015bwietlenie IR<\/strong> do robienia zdj\u0119\u0107 w ciemnych warunkach.<\/li>\n<li><strong>Regulowana rozdzielczo\u015b\u0107 obrazu<\/strong> aby dostosowa\u0107 jako\u015b\u0107 obrazu wed\u0142ug potrzeb.<\/li>\n<li><strong>Szyfrowanie i ochrona danych<\/strong> zgodnie z RODO dla maksymalnego bezpiecze\u0144stwa.<\/li>\n<li><strong>\u0141atwa instalacja i integracja<\/strong> z aplikacj\u0105 Ajax.<\/li>\n<\/ul>\n<p><strong>Dane techniczne:<\/strong><\/p>\n<ul>\n<li><strong>Odleg\u0142o\u015b\u0107 wykrywania:<\/strong> Do 12 metr\u00f3w.<\/li>\n<li><strong>Odporno\u015b\u0107 na zwierz\u0119ta:<\/strong> Do 20 kg i 50 cm wzrostu.<\/li>\n<li><strong>\u017bywotno\u015b\u0107 baterii:<\/strong> Do 4 lat w zale\u017cno\u015bci od u\u017cytkowania.<\/li>\n<li><strong>Czas przesy\u0142ania obrazu:<\/strong> 9 sekund na weryfikacj\u0119.<\/li>\n<li><strong>Obszar komunikacyjny z hubem:<\/strong> Do 1300 metr\u00f3w (w otwartym terenie).<\/li>\n<li><strong>Zasilanie:<\/strong> 1 bateria CR123A.<\/li>\n<li><strong>Klasa ochrony IP:<\/strong> IP50.<\/li>\n<li><strong>Mierzy\u0107:<\/strong> 130 x 70 x 60 mm.<\/li>\n<li><strong>Waga:<\/strong> 200 gr.<\/li>\n<\/ul>\n<p>Dzi\u0119ki Ajax MotionCam PhOD otrzymujesz nie tylko niezawodny czujnik ruchu, ale tak\u017ce inteligentne rozwi\u0105zanie do szybkiego potwierdzania alarm\u00f3w i ochrony domu lub firmy przy najwy\u017cszym bezpiecze\u0144stwie i prywatno\u015bci.<\/p>","protected":false},"excerpt":{"rendered":"<p>Ajax MotionCam PhOD to bezprzewodowa czujka ruchu z kamer\u0105, kt\u00f3ra umo\u017cliwia szybk\u0105 weryfikacj\u0119 zdj\u0119\u0107 w przypadku alarmu i na \u017c\u0105danie.<\/p>\n<p>Dzi\u0119ki wbudowanej odporno\u015bci na zwierz\u0119ta, regulowanej rozdzielczo\u015bci obrazu i zaawansowanemu filtrowaniu fa\u0142szywych alarm\u00f3w zapewnia skuteczn\u0105 i niezawodn\u0105 detekcj\u0119 nawet w ciemnych warunkach.<\/p>","protected":false},"featured_media":155437,"template":"","meta":{"_acf_changed":false},"product_brand":[],"product_cat":[3156,1319,3155],"product_tag":[3127,4863],"class_list":{"0":"post-69603","1":"product","2":"type-product","3":"status-publish","4":"has-post-thumbnail","6":"product_cat-rorelse-och-kamera","7":"product_cat-ajax-larm","8":"product_cat-larmenheter","9":"product_tag-kontrollprodukt","10":"product_tag-pf","11":"product_shipping_class-postnord-varubrev","12":"pa_ajax-tradlosa-larm-kameradetektor","13":"pa_brands-ajax-systems","14":"pa_color-vit","15":"pa_farg-vit","16":"tm-no-options","18":"first","19":"instock","20":"sale","21":"featured","22":"taxable","23":"shipping-taxable","24":"purchasable","25":"product-type-simple"},"acf":[],"_links":{"self":[{"href":"https:\/\/secureus.se\/pl\/wp-json\/wp\/v2\/product\/69603","targetHints":{"allow":["GET"]}}],"collection":[{"href":"https:\/\/secureus.se\/pl\/wp-json\/wp\/v2\/product"}],"about":[{"href":"https:\/\/secureus.se\/pl\/wp-json\/wp\/v2\/types\/product"}],"wp:featuredmedia":[{"embeddable":true,"href":"https:\/\/secureus.se\/pl\/wp-json\/wp\/v2\/media\/155437"}],"wp:attachment":[{"href":"https:\/\/secureus.se\/pl\/wp-json\/wp\/v2\/media?parent=69603"}],"wp:term":[{"taxonomy":"product_brand","embeddable":true,"href":"https:\/\/secureus.se\/pl\/wp-json\/wp\/v2\/product_brand?post=69603"},{"taxonomy":"product_cat","embeddable":true,"href":"https:\/\/secureus.se\/pl\/wp-json\/wp\/v2\/product_cat?post=69603"},{"taxonomy":"product_tag","embeddable":true,"href":"https:\/\/secureus.se\/pl\/wp-json\/wp\/v2\/product_tag?post=69603"}],"curies":[{"name":"wp","href":"https:\/\/api.w.org\/{rel}","templated":true}]}}