{"id":69622,"date":"2022-11-28T11:05:23","date_gmt":"2022-11-28T10:05:23","guid":{"rendered":"https:\/\/secureus.se\/produkt\/repeater-rex-2-vit\/"},"modified":"2026-04-12T17:20:20","modified_gmt":"2026-04-12T15:20:20","slug":"ajax-rex-2-repeater-vit","status":"publish","type":"product","link":"https:\/\/secureus.se\/pl\/ajax-rex-2-repeater-vit\/","title":{"rendered":"Ajax ReX 2 Repeater White \u2013 przed\u0142u\u017cacz zasi\u0119gu"},"content":{"rendered":"<h3>Ajax ReX 2 to pot\u0119\u017cny wzmacniacz sygna\u0142u radiowego, kt\u00f3ry umo\u017cliwia instalacj\u0119 urz\u0105dze\u0144 zabezpieczaj\u0105cych Ajax w odleg\u0142ych lokalizacjach, umo\u017cliwiaj\u0105c ochron\u0119 wi\u0119kszych obszar\u00f3w, takich jak magazyny, centra biznesowe lub ca\u0142e nieruchomo\u015bci.<\/h3>\n<p>Dzi\u0119ki ReX 2 mo\u017cesz rozszerzy\u0107 zasi\u0119g komunikacji swojego systemu bezpiecze\u0144stwa Ajax i wesprze\u0107 weryfikacj\u0119 fotograficzn\u0105, zapewniaj\u0105c szybk\u0105 i dok\u0142adn\u0105 informacj\u0119 o zdarzeniach alarmowych.<\/p>\n<p><strong>Cechy:<\/strong><\/p>\n<ul>\n<li><strong>Rozszerzony zakres:<\/strong> ReX 2 pozwala na instalacj\u0119 urz\u0105dze\u0144 zabezpieczaj\u0105cych w odleg\u0142o\u015bci do 1700 metr\u00f3w od koncentratora i obejmuje obszar do 35 km\u00b2. Dzi\u0119ki temu jest to doskona\u0142y wyb\u00f3r do du\u017cych obiekt\u00f3w i obiekt\u00f3w komercyjnych.<\/li>\n<li><strong>Weryfikacja zdj\u0119cia:<\/strong> Dzi\u0119ki obs\u0142udze weryfikacji zdj\u0119\u0107 za po\u015brednictwem czujek MotionCam i MotionCam Outdoor mo\u017cna szybko uzyska\u0107 wizualny dow\u00f3d zdarzenia w\u0142amaniowego, minimalizuj\u0105c ryzyko fa\u0142szywych alarm\u00f3w i lepiej przygotowuj\u0105c personel ochrony.<\/li>\n<li><strong>Bateria zapasowa:<\/strong> ReX 2 posiada akumulator zapasowy, kt\u00f3ry zapewnia do 38 godzin pracy w przypadku awarii zasilania, zapewniaj\u0105c, \u017ce system bezpiecze\u0144stwa pozostanie aktywny nawet w przypadku awarii zasilania.<\/li>\n<li><strong>Po\u0142\u0105czenie Ethernetowe:<\/strong> Aby zapewni\u0107 stabiln\u0105 i niezawodn\u0105 komunikacj\u0119, ReX 2 oferuje mo\u017cliwo\u015b\u0107 po\u0142\u0105czenia z koncentratorem poprzez Ethernet, co poprawia niezawodno\u015b\u0107 systemu w \u015brodowiskach o s\u0142abym sygnale radiowym.<\/li>\n<li><strong>Zabezpieczenie antysabota\u017cowe:<\/strong> ReX 2 wyposa\u017cony jest w funkcje wykrywania manipulacji i sabota\u017cu. Je\u017celi kto\u015b spr\u00f3buje manipulowa\u0107 przy urz\u0105dzeniu lub od\u0142\u0105czy\u0107 je od systemu, w\u0142\u0105cza si\u0119 alarm sabota\u017cowy.<\/li>\n<li><strong>Szybka konfiguracja:<\/strong> ReX 2 mo\u017cna \u0142atwo zainstalowa\u0107 i skonfigurowa\u0107 za pomoc\u0105 aplikacji Ajax, wystarczy zeskanowa\u0107 kod QR i post\u0119powa\u0107 zgodnie z instrukcjami, aby doda\u0107 go do systemu.<\/li>\n<\/ul>\n<p><strong>Dane techniczne:<\/strong><\/p>\n<ul>\n<li><strong>Zgodno\u015b\u0107:<\/strong> Piasta 2, Piasta 2 Plus, Piasta hybrydowa<\/li>\n<li><strong>Protok\u00f3\u0142 komunikacyjny:<\/strong> Jubiler (do transmisji alarm\u00f3w i zdarze\u0144), Skrzyd\u0142a (do transmisji zdj\u0119\u0107)<\/li>\n<li><strong>Maksymalny zasi\u0119g:<\/strong> Do 1700 m (w zale\u017cno\u015bci od si\u0142y sygna\u0142u)<\/li>\n<li><strong>Bateria zapasowa:<\/strong> Do 38 godzin<\/li>\n<li><strong>Po\u0142\u0105czenie Ethernetowe:<\/strong> Tak, dla bezpiecznej i stabilnej komunikacji<\/li>\n<li><strong>Zakres temperatur:<\/strong> -10\u00b0C do +40\u00b0C<\/li>\n<li><strong>Instalacja:<\/strong> Wn\u0119trz<\/li>\n<li><strong>Mierzy\u0107:<\/strong> 163 x 163 x 36 mm<\/li>\n<li><strong>Waga:<\/strong> 410 gr<\/li>\n<\/ul>\n<p>ReX 2 oferuje tak\u017ce dwukierunkow\u0105 komunikacj\u0119 pomi\u0119dzy koncentratorem a urz\u0105dzeniami pod\u0142\u0105czonymi poprzez wzmacniacz, zapewniaj\u0105c szybki i bezpieczny transfer danych.<\/p>\n<p>Je\u015bli system napotka problemy z komunikacj\u0105 drog\u0105 radiow\u0105, mo\u017ce automatycznie prze\u0142\u0105czy\u0107 si\u0119 na \u0142\u0105czno\u015b\u0107 Ethernet, aby mie\u0107 pewno\u015b\u0107, \u017ce alarmy i zdarzenia b\u0119d\u0105 zawsze dostarczane szybko i dok\u0142adnie.<\/p>","protected":false},"excerpt":{"rendered":"<p>Ajax ReX 2 to zaawansowany wzmacniacz sygna\u0142u radiowego, kt\u00f3ry rozszerza zasi\u0119g Twojego systemu bezpiecze\u0144stwa i wspiera weryfikacj\u0119 fotograficzn\u0105.<\/p>\n<p>Kompatybilny z Hub 2, Hub 2 Plus i Hub Hybrid, ReX 2 zapewnia niezawodn\u0105 komunikacj\u0119 pomi\u0119dzy urz\u0105dzeniami zabezpieczaj\u0105cymi a g\u0142\u00f3wnym panelem sterowania.<\/p>\n<p>Dzi\u0119ki baterii zapasowej, po\u0142\u0105czeniu Ethernet i zabezpieczeniu przed manipulacj\u0105 zapewnia wi\u0119ksz\u0105 elastyczno\u015b\u0107 i bezpiecze\u0144stwo Twojego systemu.<\/p>","protected":false},"featured_media":152095,"template":"","meta":{"_acf_changed":false},"product_brand":[],"product_cat":[1319,3168],"product_tag":[3127,2137,4863],"class_list":{"0":"post-69622","1":"product","2":"type-product","3":"status-publish","4":"has-post-thumbnail","6":"product_cat-ajax-larm","7":"product_cat-range-extender-repeater","8":"product_tag-kontrollprodukt","9":"product_tag-lager-ajax","10":"product_tag-pf","11":"product_shipping_class-postnord-varubrev","12":"pa_ajax-tradlosa-larm-reapeater","13":"pa_brands-ajax-systems","14":"pa_color-vit","15":"pa_farg-vit","16":"tm-no-options","18":"first","19":"instock","20":"sale","21":"featured","22":"taxable","23":"shipping-taxable","24":"purchasable","25":"product-type-simple"},"acf":[],"_links":{"self":[{"href":"https:\/\/secureus.se\/pl\/wp-json\/wp\/v2\/product\/69622","targetHints":{"allow":["GET"]}}],"collection":[{"href":"https:\/\/secureus.se\/pl\/wp-json\/wp\/v2\/product"}],"about":[{"href":"https:\/\/secureus.se\/pl\/wp-json\/wp\/v2\/types\/product"}],"wp:featuredmedia":[{"embeddable":true,"href":"https:\/\/secureus.se\/pl\/wp-json\/wp\/v2\/media\/152095"}],"wp:attachment":[{"href":"https:\/\/secureus.se\/pl\/wp-json\/wp\/v2\/media?parent=69622"}],"wp:term":[{"taxonomy":"product_brand","embeddable":true,"href":"https:\/\/secureus.se\/pl\/wp-json\/wp\/v2\/product_brand?post=69622"},{"taxonomy":"product_cat","embeddable":true,"href":"https:\/\/secureus.se\/pl\/wp-json\/wp\/v2\/product_cat?post=69622"},{"taxonomy":"product_tag","embeddable":true,"href":"https:\/\/secureus.se\/pl\/wp-json\/wp\/v2\/product_tag?post=69622"}],"curies":[{"name":"wp","href":"https:\/\/api.w.org\/{rel}","templated":true}]}}