{"id":69634,"date":"2022-11-28T12:54:04","date_gmt":"2022-11-28T11:54:04","guid":{"rendered":"https:\/\/secureus.se\/produkt\/monteringsfaste-rokdetektor-vit\/"},"modified":"2026-03-30T23:38:17","modified_gmt":"2026-03-30T21:38:17","slug":"ajax-smart-bracket-fastedetektor-vit","status":"publish","type":"product","link":"https:\/\/secureus.se\/pl\/ajax-smart-bracket-fastedetektor-vit\/","title":{"rendered":"Ajax Smart Bracket Cz\u0119\u015b\u0107 zamienna Uchwyt monta\u017cowy \/ akcesorium Czujnik dymu bia\u0142y"},"content":{"rendered":"<h3><strong>Uchwyt monta\u017cowy Ajax Smart Bracket do czujnika dymu \u2014 \u0142atwy i bezpieczny monta\u017c<\/strong><\/h3>\n<p>Inteligentny wspornik Ajax to idealne rozwi\u0105zanie umo\u017cliwiaj\u0105ce bezpieczn\u0105 i wydajn\u0105 instalacj\u0119 czujnika dymu Ajax.<\/p>\n<p>Ten wspornik monta\u017cowy zosta\u0142 zaprojektowany tak, aby zapewni\u0107 stabiln\u0105 podstaw\u0119 dla czujnika dymu, zapewniaj\u0105c prawid\u0142ow\u0105 instalacj\u0119 i optymalne dzia\u0142anie urz\u0105dzenia.<\/p>\n<p>Niezale\u017cnie od tego, czy jeste\u015b entuzjast\u0105 majsterkowania, czy profesjonalnym instalatorem, inteligentny wspornik sprawia, \u017ce instalacja jest szybka i \u0142atwa.<\/p>\n<p><strong>Funkcje i zalety<\/strong><\/p>\n<p>Uchwyt Smart Bracket zosta\u0142 zaprojektowany tak, aby pasowa\u0142 do czujek dymu Ajax i pozwala u\u017cytkownikom umie\u015bci\u0107 urz\u0105dzenie na powierzchni pionowej lub w rogu pokoju.<\/p>\n<p>Aby zainstalowa\u0107 czujk\u0119, zdejmij panel wspornika z urz\u0105dzenia i przymocuj panel Smart Bracket do odpowiedniej powierzchni za pomoc\u0105 dwustronnej ta\u015bmy lub innych tymczasowych element\u00f3w mocuj\u0105cych.<\/p>\n<p>Zalecana wysoko\u015b\u0107 monta\u017cu wynosi 2,4 metra, co zapewnia najlepsze pokrycie czujnika dymu.<\/p>\n<p>Jedn\u0105 z g\u0142\u00f3wnych zalet Smart Bracket jest jego elastyczno\u015b\u0107 i mo\u017cliwo\u015b\u0107 dostosowania po\u0142o\u017cenia urz\u0105dzenia po zamontowaniu.<\/p>\n<p>Uruchamiaj\u0105c testy si\u0142y sygna\u0142u, mo\u017cesz sprawdzi\u0107, czy czujnik dymu otrzymuje najlepszy mo\u017cliwy sygna\u0142 zapewniaj\u0105cy stabiln\u0105 komunikacj\u0119 z koncentratorem Ajax.<\/p>\n<p>Je\u015bli si\u0142a sygna\u0142u jest zbyt niska, mo\u017cesz \u0142atwo zmieni\u0107 po\u0142o\u017cenie urz\u0105dzenia, aby poprawi\u0107 odbi\u00f3r sygna\u0142u, dzi\u0119ki czemu instalacja b\u0119dzie znacznie bardziej przyjazna dla u\u017cytkownika.<\/p>\n<p><strong>Niezawodna wydajno\u015b\u0107 i bezpiecze\u0144stwo<\/strong><\/p>\n<p>Wspornik monta\u017cowy Ajax Smart Bracket zosta\u0142 zaprojektowany tak, aby zapewni\u0107 optymaln\u0105 wydajno\u015b\u0107 czujnika dymu.<\/p>\n<p>Dzi\u0119ki zapewnieniu stabilnego mocowania zmniejsza si\u0119 ryzyko uszkodzenia urz\u0105dzenia lub utraty jego skuteczno\u015bci. Czujka b\u0119dzie w stanie wykry\u0107 dym lub ogie\u0144 i natychmiast wys\u0142a\u0107 ostrze\u017cenie do systemu, zapewniaj\u0105c szybk\u0105 reakcj\u0119 w przypadku zagro\u017cenia.<\/p>\n<p>Aby zapewni\u0107 p\u0142ynne dzia\u0142anie systemu bezpiecze\u0144stwa, inteligentny wspornik wykorzystuje funkcj\u0119 komunikacji dwukierunkowej, kt\u00f3ra umo\u017cliwia efektywn\u0105 komunikacj\u0119 koncentratora Ajax i innych pod\u0142\u0105czonych urz\u0105dze\u0144.<\/p>\n<p>Oznacza to, \u017ce wszelkie informacje o stanie systemu i alarmach przesy\u0142ane s\u0105 szybko i niezawodnie zar\u00f3wno do u\u017cytkownik\u00f3w, jak i ewentualnie firm ochroniarskich.<\/p>\n<p><strong>Instalacja i kompatybilno\u015b\u0107<\/strong><\/p>\n<p>\u0141atwo\u015b\u0107 monta\u017cu to jedna z g\u0142\u00f3wnych zalet uchwytu Smart Bracket. Po zamocowaniu panelu monta\u017cowego w odpowiednim miejscu, w \u0142atwy spos\u00f3b mo\u017cna pod\u0142\u0105czy\u0107 urz\u0105dzenie do systemu poprzez aplikacj\u0119 Ajax.<\/p>\n<p>Skanuj\u0105c kod QR na urz\u0105dzeniu, mo\u017cesz szybko doda\u0107 je do swojego systemu, bez konieczno\u015bci demonta\u017cu czujnika dymu.<\/p>\n<p>Uchwyt Smart Bracket jest r\u00f3wnie\u017c kompatybilny ze wszystkimi czujnikami dymu Ajax i mo\u017ce by\u0107 u\u017cywany w r\u00f3\u017cnych konfiguracjach system\u00f3w.<\/p>\n<p>Jest to doskona\u0142y wyb\u00f3r zar\u00f3wno do prywatnych, jak i komercyjnych rozwi\u0105za\u0144 bezpiecze\u0144stwa, gdzie niezb\u0119dna jest stabilno\u015b\u0107 i niezawodno\u015b\u0107.<\/p>\n<p><strong>Dane techniczne:<\/strong><\/p>\n<ul>\n<li><strong>Rodzaj akcesori\u00f3w:<\/strong> Uchwyt monta\u017cowy do czujki dymu Ajax<\/li>\n<li><strong>Wysoko\u015b\u0107 monta\u017cu:<\/strong> Zalecane 2,4 metra<\/li>\n<li><strong>Metoda instalacji:<\/strong> Mocuje si\u0119 do powierzchni pionowych lub naro\u017cnik\u00f3w<\/li>\n<li><strong>Tworzywo:<\/strong> Trwa\u0142e i odporne na warunki atmosferyczne<\/li>\n<li><strong>Zgodno\u015b\u0107:<\/strong> Kompatybilny z czujnikami dymu Ajax<\/li>\n<li><strong>Test si\u0142y sygna\u0142u:<\/strong> Tak, poprzez aplikacj\u0119 Ajax<\/li>\n<li><strong>Elementy z\u0142\u0105czne:<\/strong> Zawiera \u015bruby i mo\u017cliwo\u015b\u0107 u\u017cycia innych element\u00f3w z\u0142\u0105cznych<\/li>\n<\/ul>\n<p><strong>Wniosek:<\/strong><\/p>\n<p>Inteligentny wspornik Ajax to doskona\u0142e rozwi\u0105zanie zapewniaj\u0105ce prawid\u0142ow\u0105 instalacj\u0119 czujnika dymu i jego optymalne dzia\u0142anie.<\/p>\n<p>Oferuj\u0105c \u0142atw\u0105 instalacj\u0119, bezpieczn\u0105 komunikacj\u0119 i niezawodne dzia\u0142anie, uchwyt Smart Bracket umo\u017cliwia u\u017cytkownikom szybk\u0105 instalacj\u0119 i zapewnia skuteczne dzia\u0142anie systemu bezpiecze\u0144stwa.<\/p>","protected":false},"excerpt":{"rendered":"<p>Ajax Smart Bracket to uchwyt monta\u017cowy do czujki dymu Ajax, kt\u00f3ry zapewnia \u0142atw\u0105 instalacj\u0119 i stabilne umiejscowienie urz\u0105dzenia.<\/p>\n<p>Wspornik umo\u017cliwia szybki i skuteczny monta\u017c czujnika dymu w celu zapewnienia maksymalnej ochrony.<\/p>","protected":false},"featured_media":0,"template":"","meta":{"_acf_changed":false},"product_brand":[],"product_cat":[3128],"product_tag":[],"class_list":{"0":"post-69634","1":"product","2":"type-product","3":"status-publish","5":"product_cat-ajax-reservdelar-fasten","6":"product_shipping_class-postnord-varubrev","7":"pa_ajax-tradlosa-larm-ovriga-tillbehor-monteringsfaste","8":"pa_brands-ajax-systems","9":"pa_color-vit","10":"pa_farg-vit","11":"tm-no-options","13":"first","14":"onbackorder","15":"sale","16":"featured","17":"taxable","18":"shipping-taxable","19":"purchasable","20":"product-type-simple"},"acf":[],"_links":{"self":[{"href":"https:\/\/secureus.se\/pl\/wp-json\/wp\/v2\/product\/69634","targetHints":{"allow":["GET"]}}],"collection":[{"href":"https:\/\/secureus.se\/pl\/wp-json\/wp\/v2\/product"}],"about":[{"href":"https:\/\/secureus.se\/pl\/wp-json\/wp\/v2\/types\/product"}],"wp:attachment":[{"href":"https:\/\/secureus.se\/pl\/wp-json\/wp\/v2\/media?parent=69634"}],"wp:term":[{"taxonomy":"product_brand","embeddable":true,"href":"https:\/\/secureus.se\/pl\/wp-json\/wp\/v2\/product_brand?post=69634"},{"taxonomy":"product_cat","embeddable":true,"href":"https:\/\/secureus.se\/pl\/wp-json\/wp\/v2\/product_cat?post=69634"},{"taxonomy":"product_tag","embeddable":true,"href":"https:\/\/secureus.se\/pl\/wp-json\/wp\/v2\/product_tag?post=69634"}],"curies":[{"name":"wp","href":"https:\/\/api.w.org\/{rel}","templated":true}]}}