{"id":69646,"date":"2022-11-28T12:54:02","date_gmt":"2022-11-28T11:54:02","guid":{"rendered":"https:\/\/secureus.se\/produkt\/multisandare-2-3eol-for-tradade-detektorer-vit\/"},"modified":"2026-03-23T15:20:08","modified_gmt":"2026-03-23T14:20:08","slug":"ajax-multitransmitter-multisandare-vit","status":"publish","type":"product","link":"https:\/\/secureus.se\/pl\/ajax-multitransmitter-multisandare-vit\/","title":{"rendered":"Ajax MultiTransmitter Multi nadajnik 2\/3EoL do czujek przewodowych Bia\u0142y"},"content":{"rendered":"<h3>Nadajnik Ajax MultiTransmitter Multi to wydajne i niezawodne urz\u0105dzenie bezprzewodowe, kt\u00f3re umo\u017cliwia pod\u0142\u0105czenie przewodowych detektor\u00f3w i czujnik\u00f3w do system\u00f3w bezpiecze\u0144stwa Ajax. Umo\u017cliwia to \u0142atw\u0105 integracj\u0119 starszych przewodowych urz\u0105dze\u0144 centralnych z nowoczesnym systemem bezprzewodowym.<\/h3>\n<p>MultiTransmitter jest szczeg\u00f3lnie przydatny w obiektach, w kt\u00f3rych istniej\u0105ca czujka przewodowa ma zosta\u0107 zmodernizowana bez wymiany ca\u0142ego systemu.<\/p>\n<p>Dzi\u0119ki 18 wej\u015bciom sekcji, obs\u0142uguj\u0105cym typy po\u0142\u0105cze\u0144, takie jak NO (normalnie otwarte), NC (normalnie zamkni\u0119te), EOL (koniec linii), 2EOL i 3EOL, MultiTransmitter mo\u017ce pod\u0142\u0105czy\u0107 r\u00f3\u017cne typy przewodowych detektor\u00f3w i czujnik\u00f3w.<\/p>\n<p>Dzi\u0119ki temu jest on bardzo elastyczny i mo\u017cna go dostosowa\u0107 do wielu r\u00f3\u017cnych potrzeb w zakresie bezpiecze\u0144stwa. Urz\u0105dzenie posiada r\u00f3wnie\u017c wyj\u015bcia do zasilania pod\u0142\u0105czonych czujek, dzi\u0119ki czemu instalacja przebiega sprawnie i efektywnie.<\/p>\n<p>MultiTransmitter jest przeznaczony do wsp\u00f3\u0142pracy ze wszystkimi koncentratorami Ajax i komunikuje si\u0119 z systemem bezprzewodowo poprzez protok\u00f3\u0142 Jeweler.<\/p>\n<p>Ma zasi\u0119g do 2000 metr\u00f3w w otwartym terenie, dzi\u0119ki czemu nadaje si\u0119 zar\u00f3wno do ma\u0142ych, jak i du\u017cych obszar\u00f3w instalacyjnych.<\/p>\n<p>Dodatkowo MultiTransmitter posiada dwa zabezpieczenia sabota\u017cowe zabezpieczaj\u0105ce przed sabota\u017cem.<\/p>\n<p>Wyposa\u017cony jest tak\u017ce w akumulator podtrzymuj\u0105cy, kt\u00f3ry zapewnia do 4 dni pracy w przypadku zaniku pr\u0105du.<\/p>\n<p>Oznacza to, \u017ce system nadal dzia\u0142a nawet w nieprzewidzianych sytuacjach.<\/p>\n<p>Dzi\u0119ki najnowszej wersji oprogramowania (2.13.0 lub wy\u017cszej) mo\u017cna automatycznie mierzy\u0107 warto\u015bci rezystancji pod\u0142\u0105czonych czujek, co u\u0142atwia instalacj\u0119 i konfiguracj\u0119 systemu.<\/p>\n<p>Detektory i urz\u0105dzenia pod\u0142\u0105czone do MultiTransmittera mo\u017cna indywidualnie programowa\u0107 za pomoc\u0105 aplikacji Ajax, dzi\u0119ki czemu system jest jeszcze bardziej przyjazny dla u\u017cytkownika i elastyczny.<\/p>\n<p><strong>Dane techniczne:<\/strong><\/p>\n<ul>\n<li><strong>Typy po\u0142\u0105cze\u0144:<\/strong> NIE, NC, EOL, 2EOL, 3EOL<\/li>\n<li><strong>Liczba wej\u015b\u0107:<\/strong> 18<\/li>\n<li><strong>Zasi\u0119g bezprzewodowy:<\/strong> Do 2000 mil wolnego terenu<\/li>\n<li><strong>Zasilanie:<\/strong> 110 \u2013 255 VAC (w zestawie kabel)<\/li>\n<li><strong>Bateria zapasowa:<\/strong> 12V 7Ah (brak w zestawie)<\/li>\n<li><strong>Czas podtrzymania baterii:<\/strong> Do 4 dni<\/li>\n<li><strong>Wyj\u015bcia 12V DC:<\/strong> 4 szt., 1A na wyj\u015bcie<\/li>\n<li><strong>Zakres temperatur:<\/strong> -10\u00b0 do +40\u00b0C<\/li>\n<li><strong>Wilgotno\u015b\u0107:<\/strong> Do 75%<\/li>\n<\/ul>","protected":false},"excerpt":{"rendered":"<p>Ajax MultiTransmitter Multitransmitter to bezprzewodowa integracja umo\u017cliwiaj\u0105ca pod\u0142\u0105czenie przewodowych detektor\u00f3w i czujnik\u00f3w do system\u00f3w bezpiecze\u0144stwa Ajax.<\/p>\n<p>Dzi\u0119ki 18 wej\u015bciom sekcji i elastycznemu po\u0142\u0105czeniu poprzez EOL (koniec linii) oferuje niezawodne rozwi\u0105zanie do modernizacji starszych system\u00f3w przewodowych.<\/p>","protected":false},"featured_media":151883,"template":"","meta":{"_acf_changed":false},"product_brand":[],"product_cat":[3170,1319],"product_tag":[3127,2137,4863],"class_list":{"0":"post-69646","1":"product","2":"type-product","3":"status-publish","4":"has-post-thumbnail","6":"product_cat-integration","7":"product_cat-ajax-larm","8":"product_tag-kontrollprodukt","9":"product_tag-lager-ajax","10":"product_tag-pf","11":"product_shipping_class-tunga-paket","12":"pa_ajax-tradlosa-larm-ovriga-tillbehor-monteringsfaste","13":"pa_brands-ajax-systems","14":"pa_color-vit","15":"pa_farg-vit","16":"tm-no-options","18":"first","19":"onbackorder","20":"sale","21":"featured","22":"taxable","23":"shipping-taxable","24":"purchasable","25":"product-type-simple"},"acf":[],"_links":{"self":[{"href":"https:\/\/secureus.se\/pl\/wp-json\/wp\/v2\/product\/69646","targetHints":{"allow":["GET"]}}],"collection":[{"href":"https:\/\/secureus.se\/pl\/wp-json\/wp\/v2\/product"}],"about":[{"href":"https:\/\/secureus.se\/pl\/wp-json\/wp\/v2\/types\/product"}],"wp:featuredmedia":[{"embeddable":true,"href":"https:\/\/secureus.se\/pl\/wp-json\/wp\/v2\/media\/151883"}],"wp:attachment":[{"href":"https:\/\/secureus.se\/pl\/wp-json\/wp\/v2\/media?parent=69646"}],"wp:term":[{"taxonomy":"product_brand","embeddable":true,"href":"https:\/\/secureus.se\/pl\/wp-json\/wp\/v2\/product_brand?post=69646"},{"taxonomy":"product_cat","embeddable":true,"href":"https:\/\/secureus.se\/pl\/wp-json\/wp\/v2\/product_cat?post=69646"},{"taxonomy":"product_tag","embeddable":true,"href":"https:\/\/secureus.se\/pl\/wp-json\/wp\/v2\/product_tag?post=69646"}],"curies":[{"name":"wp","href":"https:\/\/api.w.org\/{rel}","templated":true}]}}