{"id":69661,"date":"2022-11-28T12:53:52","date_gmt":"2022-11-28T11:53:52","guid":{"rendered":"https:\/\/secureus.se\/produkt\/monteringsfaste-magnetdelen-svart\/"},"modified":"2026-03-10T11:01:12","modified_gmt":"2026-03-10T10:01:12","slug":"ajax-smart-bracket-faste-magnetdelen-svart","status":"publish","type":"product","link":"https:\/\/secureus.se\/pl\/ajax-smart-bracket-faste-magnetdelen-svart\/","title":{"rendered":"Cz\u0119\u015b\u0107 zamienna do uchwytu Ajax Smart Bracket Uchwyt monta\u017cowy \/ akcesoria Cz\u0119\u015b\u0107 magnetyczna w kolorze czarnym"},"content":{"rendered":"<h3><strong>Uchwyt monta\u017cowy Ajax Smart Bracket do cz\u0119\u015bci magnetycznej \u2014 wydajny i trwa\u0142y monta\u017c<\/strong><\/h3>\n<p>Uchwyt Ajax Smart Bracket do cz\u0119\u015bci magnetycznej to idealne rozwi\u0105zanie do monta\u017cu styk\u00f3w magnetycznych Ajax w stabilny i prosty spos\u00f3b.<\/p>\n<p>Ten wspornik monta\u017cowy zapewnia, \u017ce czujnik magnetyczny jest prawid\u0142owo zainstalowany i mo\u017ce skutecznie dzia\u0142a\u0107 jako cz\u0119\u015b\u0107 systemu bezpiecze\u0144stwa Ajax. Dzi\u0119ki inteligentnemu wspornikowi instalacja cz\u0119\u015bci magnetycznej jest szybka i \u0142atwa, co oznacza, \u017ce mo\u017cesz skonfigurowa\u0107 system i chroni\u0107 sw\u00f3j dom lub firm\u0119 w profesjonalny spos\u00f3b.<\/p>\n<p>Cz\u0119\u015b\u0107 magnetyczna jest wa\u017cnym elementem alarmu Ajax, kt\u00f3ry s\u0142u\u017cy do wykrywania otwarcia drzwi lub okien.<\/p>\n<p>Dzia\u0142a na zasadzie pomiaru odleg\u0142o\u015bci magnesu od czujnika, co umo\u017cliwia wykrycie ruchu i nieautoryzowanych otwar\u0107. Aby zoptymalizowa\u0107 dzia\u0142anie z\u0142\u0105cza magnetycznego, wa\u017cne jest jego prawid\u0142owe zamontowanie, a inteligentny wspornik Ajax o to dba.<\/p>\n<p><strong>\u0141atwa instalacja dzi\u0119ki inteligentnemu wspornikowi<\/strong><\/p>\n<p>Uchwyt monta\u017cowy Smart Bracket sprawia, \u017ce instalacja jest szybka i \u0142atwa.<\/p>\n<p>Na pocz\u0105tek zdejmij panel wspornika ze z\u0142\u0105cza magnetycznego i przymocuj panel Smart Bracket do powierzchni pionowej lub w rogu pokoju.<\/p>\n<p>Wspornik mo\u017cna \u0142atwo zamontowa\u0107 za pomoc\u0105 dwustronnej ta\u015bmy lub przykr\u0119ci\u0107 w celu zwi\u0119kszenia bezpiecze\u0144stwa.<\/p>\n<p>Aby uzyska\u0107 najlepsze rezultaty, wysoko\u015b\u0107 monta\u017cu wynosi 2,4 metra, ale mo\u017cna j\u0105 dostosowa\u0107 w zale\u017cno\u015bci od konkretnych potrzeb.<\/p>\n<p>Po zamontowaniu uchwytu mo\u017cesz przetestowa\u0107 si\u0142\u0119 sygna\u0142u i zasi\u0119g za pomoc\u0105 aplikacji Ajax.<\/p>\n<p>Je\u015bli sygna\u0142 jest s\u0142aby lub niestabilny, mo\u017cesz wyregulowa\u0107 po\u0142o\u017cenie czujki magnetycznej lub zastosowa\u0107 przed\u0142u\u017cacz zasi\u0119gu sygna\u0142u radiowego ReX, aby poprawi\u0107 odbi\u00f3r sygna\u0142u i zapewni\u0107 optymalne dzia\u0142anie systemu bezpiecze\u0144stwa.<\/p>\n<p><strong>Bezpiecze\u0144stwo i niezawodno\u015b\u0107<\/strong><\/p>\n<p>Wspornik monta\u017cowy Ajax Smart Bracket do cz\u0119\u015bci magnetycznej zosta\u0142 zbudowany tak, aby zapewni\u0107 wysokie bezpiecze\u0144stwo i niezawodno\u015b\u0107.<\/p>\n<p>Mocowanie sprawia, \u017ce czujka magnetyczna jest zabezpieczona przed uszkodzeniami i nie traci swojej funkcji wraz z up\u0142ywem czasu. Jest r\u00f3wnie\u017c odporny na manipulacje i inne napr\u0119\u017cenia zewn\u0119trzne, kt\u00f3re mog\u0105 mie\u0107 wp\u0142yw na wydajno\u015b\u0107 systemu.<\/p>\n<p>Umo\u017cliwia stworzenie stabilnego i skutecznego systemu zabezpiecze\u0144, w kt\u00f3rym kontakt magnetyczny jest \u0142atwo dost\u0119pny, a jednocze\u015bnie zabezpieczony przed przypadkowym uszkodzeniem lub manipulacj\u0105.<\/p>\n<p>Dzi\u0119ki systemowi Ajax otrzymujesz wysokiej jako\u015bci rozwi\u0105zanie bezpiecze\u0144stwa, kt\u00f3re pozwala mie\u0107 pewno\u015b\u0107, \u017ce Tw\u00f3j dom lub firma jest chroniona przez ca\u0142\u0105 dob\u0119.<\/p>\n<p><strong>Elastyczno\u015b\u0107 i kompatybilno\u015b\u0107<\/strong><\/p>\n<p>Wspornik monta\u017cowy Smart Bracket zosta\u0142 zaprojektowany tak, aby by\u0142 kompatybilny ze wszystkimi z\u0142\u0105czami magnetycznymi Ajax.<\/p>\n<p>Niezale\u017cnie od tego, czy instalujesz nowy system, czy modernizujesz istniej\u0105cy, inteligentny wspornik zapewni \u0142atwe i wydajne rozwi\u0105zanie instalacyjne.<\/p>\n<p>Solidna konstrukcja sprawia, \u017ce nadaje si\u0119 zar\u00f3wno do instalacji mieszkalnych, jak i komercyjnych, co czyni go dobrym wyborem zar\u00f3wno do obiekt\u00f3w mieszkalnych, jak i komercyjnych.<\/p>\n<p>Wspornik jest r\u00f3wnie\u017c na tyle elastyczny, \u017ce mo\u017cna go stosowa\u0107 z innymi rozwi\u0105zaniami bezpiecze\u0144stwa i komponentami systemu, co pozwala dostosowa\u0107 system bezpiecze\u0144stwa do potrzeb i stworzy\u0107 dostosowan\u0105 do potrzeb ochron\u0119 Twojego mienia.<\/p>\n<p><strong>Dane techniczne:<\/strong><\/p>\n<ul>\n<li><strong>Rodzaj akcesori\u00f3w:<\/strong> Wspornik monta\u017cowy do cz\u0119\u015bci magnetycznej Ajax<\/li>\n<li><strong>Wysoko\u015b\u0107 monta\u017cu:<\/strong> Zalecane 2,4 metra<\/li>\n<li><strong>Metoda instalacji:<\/strong> Mocuje si\u0119 do powierzchni pionowych lub naro\u017cnik\u00f3w<\/li>\n<li><strong>Tworzywo:<\/strong> Trwa\u0142e i odporne na warunki atmosferyczne<\/li>\n<li><strong>Zgodno\u015b\u0107:<\/strong> Pasuje do styk\u00f3w magnetycznych Ajax<\/li>\n<li><strong>Test si\u0142y sygna\u0142u:<\/strong> Tak, poprzez aplikacj\u0119 Ajax<\/li>\n<li><strong>Elementy z\u0142\u0105czne:<\/strong> Zawiera \u015bruby i mo\u017cliwo\u015b\u0107 u\u017cycia innych element\u00f3w z\u0142\u0105cznych<\/li>\n<\/ul>","protected":false},"excerpt":{"rendered":"<p>Wspornik monta\u017cowy Ajax Smart Bracket do cz\u0119\u015bci magnetycznej sprawia, \u017ce instalacja z\u0142\u0105cza magnetycznego Ajax jest \u0142atwa i bezpieczna.<\/p>\n<p>Solidny wspornik zapewnia stabilne umiejscowienie i pozwala zoptymalizowa\u0107 bezpiecze\u0144stwo w domu lub miejscu pracy.<\/p>","protected":false},"featured_media":0,"template":"","meta":{"_acf_changed":false},"product_brand":[],"product_cat":[3128],"product_tag":[],"class_list":{"0":"post-69661","1":"product","2":"type-product","3":"status-publish","5":"product_cat-ajax-reservdelar-fasten","6":"product_shipping_class-postnord-varubrev","7":"pa_ajax-tradlosa-larm-ovriga-tillbehor-monteringsfaste","8":"pa_brands-ajax-systems","9":"pa_color-vit","10":"pa_farg-vit","11":"tm-no-options","13":"first","14":"instock","15":"sale","16":"featured","17":"taxable","18":"shipping-taxable","19":"purchasable","20":"product-type-simple"},"acf":[],"_links":{"self":[{"href":"https:\/\/secureus.se\/pl\/wp-json\/wp\/v2\/product\/69661","targetHints":{"allow":["GET"]}}],"collection":[{"href":"https:\/\/secureus.se\/pl\/wp-json\/wp\/v2\/product"}],"about":[{"href":"https:\/\/secureus.se\/pl\/wp-json\/wp\/v2\/types\/product"}],"wp:attachment":[{"href":"https:\/\/secureus.se\/pl\/wp-json\/wp\/v2\/media?parent=69661"}],"wp:term":[{"taxonomy":"product_brand","embeddable":true,"href":"https:\/\/secureus.se\/pl\/wp-json\/wp\/v2\/product_brand?post=69661"},{"taxonomy":"product_cat","embeddable":true,"href":"https:\/\/secureus.se\/pl\/wp-json\/wp\/v2\/product_cat?post=69661"},{"taxonomy":"product_tag","embeddable":true,"href":"https:\/\/secureus.se\/pl\/wp-json\/wp\/v2\/product_tag?post=69661"}],"curies":[{"name":"wp","href":"https:\/\/api.w.org\/{rel}","templated":true}]}}