{"id":69681,"date":"2022-11-28T12:53:41","date_gmt":"2022-11-28T11:53:41","guid":{"rendered":"https:\/\/secureus.se\/produkt\/monteringsfaste-manoverpanel-desfire-vit\/"},"modified":"2026-03-09T17:44:16","modified_gmt":"2026-03-09T16:44:16","slug":"ajax-smart-bracket-faste-manoverpanel-desfire-vit","status":"publish","type":"product","link":"https:\/\/secureus.se\/pl\/ajax-smart-bracket-faste-manoverpanel-desfire-vit\/","title":{"rendered":"Ajax Smart Bracket Cz\u0119\u015b\u0107 zamienna Uchwyt monta\u017cowy \/ akcesoria Panel sterowania DESFire bia\u0142y"},"content":{"rendered":"<h3><strong>Uchwyt monta\u017cowy Ajax Smart Bracket do panelu sterowania DESFire \u2014 \u0142atwa i stabilna instalacja panelu sterowania<\/strong><\/h3>\n<p>Wspornik monta\u017cowy Ajax Smart Bracket do centrali DESFire to wydajne i niezawodne rozwi\u0105zanie umo\u017cliwiaj\u0105ce szybk\u0105 i bezpieczn\u0105 instalacj\u0119 centrali Ajax.<\/p>\n<p>Panel sterowania jest kluczowym elementem systemu bezpiecze\u0144stwa Ajax i s\u0142u\u017cy do kontrolowania i monitorowania alarmu.<\/p>\n<p>Aby zapewni\u0107 optymaln\u0105 wydajno\u015b\u0107 tego urz\u0105dzenia, wa\u017cne jest, aby zosta\u0142o ono zamontowane we w\u0142a\u015bciwym miejscu, a inteligentny wspornik sprawia, \u017ce instalacja jest \u0142atwa i trwa\u0142a.<\/p>\n<p><strong>P\u0142ynna instalacja i elastyczne rozmieszczenie<\/strong><\/p>\n<p>Wspornik monta\u017cowy Smart Bracket zosta\u0142 zaprojektowany tak, aby instalacja panelu sterowania DESFire by\u0142a szybka i \u0142atwa.<\/p>\n<p>Uchwyt mo\u017cna zainstalowa\u0107 na powierzchni pionowej lub w rogu, co pozwala dostosowa\u0107 jego umiejscowienie w zale\u017cno\u015bci od konkretnego rozwi\u0105zania zabezpieczaj\u0105cego.<\/p>\n<p>Zalecana wysoko\u015b\u0107 monta\u017cu wynosi 2,4 metra, aby zapewni\u0107 najlepszy dost\u0119p i widoczno\u015b\u0107.<\/p>\n<p>Aby zainstalowa\u0107 wspornik, zdejmij wst\u0119pnie zamontowany panel wspornika z panelu sterowania i przymocuj panel Smart Bracket do wybranej powierzchni za pomoc\u0105 dwustronnej ta\u015bmy lub \u015brub, aby zapewni\u0107 bardziej trwa\u0142\u0105 instalacj\u0119.<\/p>\n<p>Po umieszczeniu wspornika mo\u017cna szybko i \u0142atwo dostosowa\u0107 po\u0142o\u017cenie panelu sterowania, aby zapewni\u0107 mocny i stabilny sygna\u0142 pomi\u0119dzy panelem a koncentratorem systemu Ajax.<\/p>\n<p>Je\u015bli po instalacji si\u0142a sygna\u0142u jest niska lub niestabilna, mo\u017cesz wyregulowa\u0107 panel lub u\u017cy\u0107 przed\u0142u\u017cacza zasi\u0119gu sygna\u0142u radiowego ReX 2, aby poprawi\u0107 zasi\u0119g.<\/p>\n<p><strong>Optymalizuj wydajno\u015b\u0107 i bezpiecze\u0144stwo<\/strong><\/p>\n<p>Aby mie\u0107 pewno\u015b\u0107, \u017ce Tw\u00f3j system bezpiecze\u0144stwa Ajax dzia\u0142a optymalnie, wa\u017cne jest, aby panel sterowania by\u0142 prawid\u0142owo zamontowany i ustawiony.<\/p>\n<p>Uchwyt monta\u017cowy Smart Bracket oferuje bezpieczne rozwi\u0105zanie, kt\u00f3re pozwala centrali DESFire dzia\u0142a\u0107 na najwy\u017cszym poziomie.<\/p>\n<p>Stabilna instalacja zapobiega uszkodzeniu panelu lub utracie sygna\u0142\u00f3w podczas pracy, zapewniaj\u0105c niezawodne i bezpieczne u\u017cytkowanie.<\/p>\n<p>Wspornik umo\u017cliwia r\u00f3wnie\u017c stworzenie indywidualnego rozwi\u0105zania bezpiecze\u0144stwa poprzez proste umieszczenie panelu sterowania w najbardziej odpowiednim miejscu w domu lub firmie.<\/p>\n<p>Optymalizuj\u0105c instalacj\u0119 i si\u0142\u0119 sygna\u0142u, mo\u017cesz w pe\u0142ni wykorzysta\u0107 sw\u00f3j system bezpiecze\u0144stwa, zapewniaj\u0105c wysokiej jako\u015bci ochron\u0119 swojego mienia.<\/p>\n<p><strong>Kompatybilno\u015b\u0107 i dostosowanie do wszystkich instalacji<\/strong><\/p>\n<p>Wspornik monta\u017cowy do centrali Smart Bracket DESFire jest kompatybilny ze wszystkimi centralami Ajax i zapewnia elastyczne rozwi\u0105zanie zar\u00f3wno przy instalacji nowych system\u00f3w, jak i aktualizacji.<\/p>\n<p>Niezale\u017cnie od tego, czy instalujesz zupe\u0142nie nowy system bezpiecze\u0144stwa, czy wymieniasz stary panel, ten wspornik zapewnia stabiln\u0105 i bezpieczn\u0105 instalacj\u0119.<\/p>\n<p>Nadaje si\u0119 zar\u00f3wno do \u015brodowisk mieszkalnych, jak i komercyjnych, uchwyt pozwala u\u017cytkownikom stworzy\u0107 niestandardow\u0105 instalacj\u0119, kt\u00f3ra najlepiej odpowiada ich potrzebom w zakresie bezpiecze\u0144stwa.<\/p>\n<p>Monta\u017c mo\u017cna przeprowadzi\u0107 szybko i \u0142atwo, bez konieczno\u015bci posiadania specjalistycznej wiedzy, co czyni go idealnym rozwi\u0105zaniem zar\u00f3wno dla profesjonalist\u00f3w, jak i majsterkowicz\u00f3w.<\/p>\n<p><strong>Solidna konstrukcja i prosta obs\u0142uga<\/strong><\/p>\n<p>Uchwyt monta\u017cowy Smart Bracket wykonany jest z trwa\u0142ych materia\u0142\u00f3w, kt\u00f3re wytrzymuj\u0105 zar\u00f3wno obci\u0105\u017cenia, jak i d\u0142ugotrwa\u0142e u\u017cytkowanie.<\/p>\n<p>Zosta\u0142 r\u00f3wnie\u017c zaprojektowany tak, aby by\u0142 odporny na uszkodzenia i napr\u0119\u017cenia zewn\u0119trzne, co czyni go niezawodnym rozwi\u0105zaniem zar\u00f3wno do u\u017cytku wewn\u0105trz, jak i na zewn\u0105trz.<\/p>\n<p>Dzi\u0119ki aplikacji Ajax w \u0142atwy spos\u00f3b sprawdzisz i przetestujesz si\u0142\u0119 sygna\u0142u, a w razie potrzeby dostosujesz po\u0142o\u017cenie panelu sterowania, aby zoptymalizowa\u0107 dzia\u0142anie systemu.<\/p>\n<p><strong>Dane techniczne:<\/strong><\/p>\n<ul>\n<li><strong>Rodzaj akcesori\u00f3w:<\/strong> Wspornik monta\u017cowy do centrali Ajax DESFire<\/li>\n<li><strong>Wysoko\u015b\u0107 monta\u017cu:<\/strong> Zalecane 2,4 metra<\/li>\n<li><strong>Metoda instalacji:<\/strong> Mocuje si\u0119 do powierzchni pionowych lub naro\u017cnik\u00f3w<\/li>\n<li><strong>Tworzywo:<\/strong> Trwa\u0142e i odporne na warunki atmosferyczne<\/li>\n<li><strong>Zgodno\u015b\u0107:<\/strong> Pasuje do paneli sterowania Ajax DESFire<\/li>\n<li><strong>Test si\u0142y sygna\u0142u:<\/strong> Tak, poprzez aplikacj\u0119 Ajax<\/li>\n<li><strong>Elementy z\u0142\u0105czne:<\/strong> Zawiera \u015bruby i mo\u017cliwo\u015b\u0107 u\u017cycia innych element\u00f3w z\u0142\u0105cznych<\/li>\n<\/ul>\n<p><strong>Wniosek:<\/strong><\/p>\n<p>Wspornik monta\u017cowy Ajax Smart Bracket do centrali DESFire to niezawodne i proste rozwi\u0105zanie umo\u017cliwiaj\u0105ce instalacj\u0119 centrali alarmowej i zapewniaj\u0105ce optymalne dzia\u0142anie systemu bezpiecze\u0144stwa.<\/p>\n<p>Dzi\u0119ki trwa\u0142ej konstrukcji, elastyczno\u015bci i \u0142atwo\u015bci u\u017cytkowania wspornik ten zapewnia stabiln\u0105 podstaw\u0119 do skutecznego monitorowania i kontrolowania alarmu Ajax.<\/p>\n<p>&nbsp;<\/p>","protected":false},"excerpt":{"rendered":"<p>Wspornik monta\u017cowy Ajax Smart Bracket do centrali DESFire zapewnia prost\u0105 i bezpieczn\u0105 instalacj\u0119 centrali Ajax.<\/p>\n<p>Wspornik zapewnia stabilne umiejscowienie, zapewniaj\u0105c najlepsz\u0105 funkcjonalno\u015b\u0107 i \u0142atwy dost\u0119p do systemu bezpiecze\u0144stwa.<\/p>","protected":false},"featured_media":0,"template":"","meta":{"_acf_changed":false},"product_brand":[],"product_cat":[3128],"product_tag":[],"class_list":{"0":"post-69681","1":"product","2":"type-product","3":"status-publish","5":"product_cat-ajax-reservdelar-fasten","6":"product_shipping_class-postnord-varubrev","7":"pa_ajax-tradlosa-larm-knapssats-manoverpanel","8":"pa_ajax-tradlosa-larm-ovriga-tillbehor-monteringsfaste","9":"pa_brands-ajax-systems","10":"pa_color-vit","11":"pa_farg-vit","12":"tm-no-options","14":"first","15":"instock","16":"sale","17":"featured","18":"taxable","19":"shipping-taxable","20":"purchasable","21":"product-type-simple"},"acf":[],"_links":{"self":[{"href":"https:\/\/secureus.se\/pl\/wp-json\/wp\/v2\/product\/69681","targetHints":{"allow":["GET"]}}],"collection":[{"href":"https:\/\/secureus.se\/pl\/wp-json\/wp\/v2\/product"}],"about":[{"href":"https:\/\/secureus.se\/pl\/wp-json\/wp\/v2\/types\/product"}],"wp:attachment":[{"href":"https:\/\/secureus.se\/pl\/wp-json\/wp\/v2\/media?parent=69681"}],"wp:term":[{"taxonomy":"product_brand","embeddable":true,"href":"https:\/\/secureus.se\/pl\/wp-json\/wp\/v2\/product_brand?post=69681"},{"taxonomy":"product_cat","embeddable":true,"href":"https:\/\/secureus.se\/pl\/wp-json\/wp\/v2\/product_cat?post=69681"},{"taxonomy":"product_tag","embeddable":true,"href":"https:\/\/secureus.se\/pl\/wp-json\/wp\/v2\/product_tag?post=69681"}],"curies":[{"name":"wp","href":"https:\/\/api.w.org\/{rel}","templated":true}]}}