{"id":69691,"date":"2022-11-28T12:53:40","date_gmt":"2022-11-28T11:53:40","guid":{"rendered":"https:\/\/secureus.se\/produkt\/monteringsfaste-manoverpanel-vit\/"},"modified":"2026-03-09T17:38:08","modified_gmt":"2026-03-09T16:38:08","slug":"ajax-smart-bracket-faste-manoverpanel-vit","status":"publish","type":"product","link":"https:\/\/secureus.se\/pl\/ajax-smart-bracket-faste-manoverpanel-vit\/","title":{"rendered":"Ajax Smart Bracket Cz\u0119\u015b\u0107 zamienna Uchwyt monta\u017cowy \/ akcesoria Panel sterowania bia\u0142y"},"content":{"rendered":"<h3><strong>Uchwyt monta\u017cowy Ajax Smart Bracket do panelu sterowania \u2014 \u0142atwy i stabilny monta\u017c<\/strong><\/h3>\n<p>Wspornik monta\u017cowy Ajax Smart Bracket do panelu sterowania to praktyczne i wydajne rozwi\u0105zanie umo\u017cliwiaj\u0105ce szybk\u0105 i stabiln\u0105 instalacj\u0119 panelu sterowania Ajax.<\/p>\n<p>Panel sterowania jest sercem Twojego systemu bezpiecze\u0144stwa Ajax, gdzie mo\u017cesz kontrolowa\u0107 i monitorowa\u0107 sw\u00f3j alarm.<\/p>\n<p>Aby zoptymalizowa\u0107 \u0142atwo\u015b\u0107 obs\u0142ugi i bezpiecze\u0144stwo, wa\u017cne jest, aby panel by\u0142 prawid\u0142owo zamontowany w \u0142atwo dost\u0119pnym i stabilnym miejscu, a inteligentny wspornik Ajax Smart Bracket zapewnia\u0142 za ka\u017cdym razem bezpieczn\u0105 instalacj\u0119.<\/p>\n<p><strong>Prosta i elastyczna instalacja<\/strong><\/p>\n<p>Dzi\u0119ki uchwytowi monta\u017cowemu Smart Bracket mo\u017cesz \u0142atwo przymocowa\u0107 panel sterowania do powierzchni pionowej lub w rogu pokoju. Instalacja jest elastyczna i mo\u017cna j\u0105 dostosowa\u0107 do uk\u0142adu pomieszczenia i preferencji u\u017cytkownika.<\/p>\n<p>Wspornik umo\u017cliwia monta\u017c centrali na wysoko\u015bci oko\u0142o 2,4 metra, dzi\u0119ki czemu jest ona \u0142atwo dost\u0119pna i widoczna dla u\u017cytkownika.<\/p>\n<p>Instalacja jest szybka i \u0142atwa, poniewa\u017c wspornik mo\u017cna zamontowa\u0107 za pomoc\u0105 ta\u015bmy dwustronnej lub przykr\u0119ci\u0107, aby uzyska\u0107 trwalsze rozwi\u0105zanie.<\/p>\n<p><strong>Stabilne umiejscowienie dla bezpiecznego u\u017cytkowania<\/strong><\/p>\n<p>Aby panel sterowania dzia\u0142a\u0142 optymalnie, wa\u017cne jest, aby by\u0142 on stabilnie ustawiony. Uchwyt monta\u017cowy Smart Bracket umo\u017cliwia zamontowanie panelu w bezpiecznym miejscu, w kt\u00f3rym u\u017cytkownik mo\u017ce z \u0142atwo\u015bci\u0105 z nim wchodzi\u0107 w interakcj\u0119.<\/p>\n<p>Aby zminimalizowa\u0107 ryzyko uszkodzenia lub manipulacji, wspornik chroni panel sterowania i utrzymuje go na miejscu, nie trac\u0105c przy tym wydajno\u015bci w miar\u0119 up\u0142ywu czasu.<\/p>\n<p><strong>Zoptymalizuj si\u0142\u0119 sygna\u0142u i wydajno\u015b\u0107<\/strong><\/p>\n<p>Po zainstalowaniu panelu sterowania z inteligentnym wspornikiem Ajax mo\u017cesz \u0142atwo przetestowa\u0107 si\u0142\u0119 sygna\u0142u za pomoc\u0105 aplikacji Ajax.<\/p>\n<p>Pozwala to na dostosowanie instalacji w razie potrzeby, aby sygna\u0142 pomi\u0119dzy central\u0105 a koncentratorem systemu Ajax by\u0142 mocny i stabilny.<\/p>\n<p>Je\u015bli si\u0142a sygna\u0142u jest niska lub niestabilna, mo\u017cesz \u0142atwo przenie\u015b\u0107 central\u0119 alarmow\u0105 lub zastosowa\u0107 przed\u0142u\u017cacz zasi\u0119gu sygna\u0142u radiowego ReX 2, aby poprawi\u0107 zasi\u0119g.<\/p>\n<p><strong>Kompatybilno\u015b\u0107 i elastyczno\u015b\u0107<\/strong><\/p>\n<p>Uchwyt Ajax Smart Bracket jest w pe\u0142ni kompatybilny z panelami sterowania Ajax i mo\u017ce by\u0107 u\u017cywany zar\u00f3wno w przypadku nowych instalacji, jak i aktualizacji istniej\u0105cych system\u00f3w.<\/p>\n<p>Dzi\u0119ki temu wspornik jest elastycznym rozwi\u0105zaniem dla wszystkich typ\u00f3w instalacji.<\/p>\n<p>Niezale\u017cnie od tego, czy instalujesz nowy system, czy wymieniasz starsz\u0105 jednostk\u0119, inteligentny wspornik zapewni bezpieczne i stabilne rozwi\u0105zanie monta\u017cowe panelu sterowania.<\/p>\n<p>Wspornik nadaje si\u0119 r\u00f3wnie\u017c do zastosowa\u0144 prywatnych i komercyjnych i daje mo\u017cliwo\u015b\u0107 stworzenia dostosowanego do indywidualnych potrzeb systemu bezpiecze\u0144stwa dla Twojej posesji.<\/p>\n<p><strong>Trwa\u0142a i przyjazna dla u\u017cytkownika konstrukcja<\/strong><\/p>\n<p>Uchwyt monta\u017cowy Smart Bracket wykonany jest z trwa\u0142ych materia\u0142\u00f3w, kt\u00f3re wytrzymuj\u0105 napr\u0119\u017cenia i warunki atmosferyczne, dzi\u0119ki czemu jest niezawodnym rozwi\u0105zaniem zar\u00f3wno wewn\u0105trz, jak i na zewn\u0105trz.<\/p>\n<p>Instalacja nie wymaga specjalnych narz\u0119dzi i mo\u017cna szybko rozpocz\u0105\u0107 korzystanie z panelu sterowania do sterowania i monitorowania systemu bezpiecze\u0144stwa.<\/p>\n<p><strong>Dane techniczne:<\/strong><\/p>\n<ul>\n<li><strong>Rodzaj akcesori\u00f3w:<\/strong> Wspornik monta\u017cowy do panelu sterowania Ajax<\/li>\n<li><strong>Wysoko\u015b\u0107 monta\u017cu:<\/strong> Zalecane 2,4 metra<\/li>\n<li><strong>Metoda instalacji:<\/strong> Mocuje si\u0119 do powierzchni pionowych lub naro\u017cnik\u00f3w<\/li>\n<li><strong>Tworzywo:<\/strong> Trwa\u0142e i odporne na warunki atmosferyczne<\/li>\n<li><strong>Zgodno\u015b\u0107:<\/strong> Pasuje do paneli sterowania Ajax<\/li>\n<li><strong>Test si\u0142y sygna\u0142u:<\/strong> Tak, poprzez aplikacj\u0119 Ajax<\/li>\n<li><strong>Elementy z\u0142\u0105czne:<\/strong> Zawiera \u015bruby i mo\u017cliwo\u015b\u0107 u\u017cycia innych element\u00f3w z\u0142\u0105cznych<\/li>\n<\/ul>\n<p><strong>Wniosek:<\/strong><\/p>\n<p>Wspornik monta\u017cowy Ajax Smart Bracket do centrali alarmowej to idealne rozwi\u0105zanie umo\u017cliwiaj\u0105ce bezpieczny i stabilny monta\u017c centrali alarmowej.<\/p>\n<p>Zapewniaj\u0105c odpowiednie rozmieszczenie i optymalizuj\u0105c si\u0142\u0119 sygna\u0142u, mo\u017cna \u0142atwo stworzy\u0107 niezawodny system bezpiecze\u0144stwa, kt\u00f3ry dzia\u0142a wydajnie i niezawodnie.<\/p>\n<p>&nbsp;<\/p>","protected":false},"excerpt":{"rendered":"<p>Wspornik monta\u017cowy Ajax Smart Bracket do panelu sterowania sprawia, \u017ce instalacja panelu sterowania Ajax jest \u0142atwa i bezpieczna.<\/p>\n<p>Solidny wspornik zapewnia stabilne umiejscowienie i umo\u017cliwia dostosowanie instalacji w celu zapewnienia maksymalnej \u0142atwo\u015bci u\u017cytkowania i bezpiecze\u0144stwa.<\/p>","protected":false},"featured_media":0,"template":"","meta":{"_acf_changed":false},"product_brand":[],"product_cat":[3128],"product_tag":[],"class_list":{"0":"post-69691","1":"product","2":"type-product","3":"status-publish","5":"product_cat-ajax-reservdelar-fasten","6":"product_shipping_class-postnord-varubrev","7":"pa_ajax-tradlosa-larm-knapssats-manoverpanel","8":"pa_ajax-tradlosa-larm-ovriga-tillbehor-monteringsfaste","9":"pa_brands-ajax-systems","10":"pa_color-vit","11":"pa_farg-vit","12":"tm-no-options","14":"first","15":"instock","16":"sale","17":"featured","18":"taxable","19":"shipping-taxable","20":"purchasable","21":"product-type-simple"},"acf":[],"_links":{"self":[{"href":"https:\/\/secureus.se\/pl\/wp-json\/wp\/v2\/product\/69691","targetHints":{"allow":["GET"]}}],"collection":[{"href":"https:\/\/secureus.se\/pl\/wp-json\/wp\/v2\/product"}],"about":[{"href":"https:\/\/secureus.se\/pl\/wp-json\/wp\/v2\/types\/product"}],"wp:attachment":[{"href":"https:\/\/secureus.se\/pl\/wp-json\/wp\/v2\/media?parent=69691"}],"wp:term":[{"taxonomy":"product_brand","embeddable":true,"href":"https:\/\/secureus.se\/pl\/wp-json\/wp\/v2\/product_brand?post=69691"},{"taxonomy":"product_cat","embeddable":true,"href":"https:\/\/secureus.se\/pl\/wp-json\/wp\/v2\/product_cat?post=69691"},{"taxonomy":"product_tag","embeddable":true,"href":"https:\/\/secureus.se\/pl\/wp-json\/wp\/v2\/product_tag?post=69691"}],"curies":[{"name":"wp","href":"https:\/\/api.w.org\/{rel}","templated":true}]}}