{"id":69703,"date":"2022-11-28T12:06:09","date_gmt":"2022-11-28T11:06:09","guid":{"rendered":"https:\/\/secureus.se\/produkt\/overfalls-smart-knapp-enkeltryck-tradlos-svart\/"},"modified":"2026-03-10T11:00:50","modified_gmt":"2026-03-10T10:00:50","slug":"ajax-button-overfalls-enkeltryck-svart","status":"publish","type":"product","link":"https:\/\/secureus.se\/pl\/ajax-button-overfalls-enkeltryck-svart\/","title":{"rendered":"Przycisk Ajax - Pojedynczy przycisk alarmu napadowego - Inteligentny przycisk - Czarny"},"content":{"rendered":"<h3>Przycisk Ajax to zaawansowany bezprzewodowy przycisk alarmowy zaprojektowany z my\u015bl\u0105 o szybkiej reakcji i natychmiastowej reakcji na sytuacje awaryjne.<\/h3>\n<p>To nie tylko przycisk paniki, ale inteligentne urz\u0105dzenie, kt\u00f3rego mo\u017cna u\u017cy\u0107 w kilku krytycznych sytuacjach, w tym w\u0142amaniu, wycieku gazu, po\u017carze i nag\u0142ych przypadkach medycznych.<\/p>\n<p>\u0141atwo\u015b\u0107 obs\u0142ugi sprawia, \u017ce jest to nieocenione narz\u0119dzie bezpiecze\u0144stwa, niezale\u017cnie od tego, czy jeste\u015b w domu, w pracy, czy w miejscu publicznym.<\/p>\n<p>Przycisk Ajax pozwala szybko wezwa\u0107 pomoc za pomoc\u0105 jednego naci\u015bni\u0119cia przycisku, co czyni go szczeg\u00f3lnie przydatnym w niebezpiecznych sytuacjach.<\/p>\n<p>Przycisk mo\u017cna zaprogramowa\u0107 do obs\u0142ugi maksymalnie o\u015bmiu r\u00f3\u017cnych typ\u00f3w zdarze\u0144, co pozwala na dostosowanie go do r\u00f3\u017cnych typ\u00f3w sytuacji awaryjnych.<\/p>\n<p>Naciskaj\u0105c przycisk, mo\u017cesz natychmiast poinformowa\u0107 ochron\u0119, uruchomi\u0107 alarm w stacjach monitoruj\u0105cych, a nawet uruchomi\u0107 urz\u0105dzenia inteligentnego domu, takie jak czujniki dymu czy alarmy gazowe.<\/p>\n<p>Jedn\u0105 z najwa\u017cniejszych cech przycisku Ajax jest jego zdolno\u015b\u0107 do zapobiegania fa\u0142szywym alarmom.<\/p>\n<p>Aby alarm zadzia\u0142a\u0142, nale\u017cy dwukrotnie nacisn\u0105\u0107 przycisk lub przytrzyma\u0107 go, co minimalizuje ryzyko przypadkowych naci\u015bni\u0119\u0107.<\/p>\n<p>Dzi\u0119ki temu zg\u0142aszane s\u0105 tylko zamierzone sytuacje awaryjne i mo\u017cna mie\u0107 pewno\u015b\u0107, \u017ce alarm jest zawsze autentyczny.<\/p>\n<p>Przycisk wsp\u00f3\u0142pracuje z systemem Ajax poprzez protok\u00f3\u0142 radiowy Jeweler, kt\u00f3ry oferuje imponuj\u0105cy zasi\u0119g a\u017c do 1300 metr\u00f3w w otwartym terenie.<\/p>\n<p>Dzi\u0119ki temu mo\u017cesz u\u017cywa\u0107 go w dowolnym miejscu w domu, biurze, a nawet na wi\u0119kszej posesji. Po naci\u015bni\u0119ciu przycisku otrzymasz potwierdzenie za pomoc\u0105 migaj\u0105cej zielonej diody LED, co gwarantuje wys\u0142anie alarmu.<\/p>\n<p>Przycisk Ajax ma stopie\u0144 ochrony IP55, co oznacza, \u017ce jest wodoodporny i chroniony przed kurzem, dzi\u0119ki czemu jest trwa\u0142y zar\u00f3wno do u\u017cytku wewn\u0105trz, jak i na zewn\u0105trz.<\/p>\n<p>Bateria CR2032 ma \u017cywotno\u015b\u0107 do 5 lat, co oznacza, \u017ce przycisk wymaga minimalnej konserwacji i mo\u017ce by\u0107 u\u017cywany przez d\u0142ugi czas bez konieczno\u015bci wymiany.<\/p>\n<p><strong>Przyk\u0142ady u\u017cycia<\/strong>:<\/p>\n<ul>\n<li><strong>Tryb paniki<\/strong>: Naci\u015bnij przycisk, aby wezwa\u0107 ochron\u0119 w przypadku w\u0142amania lub zagro\u017cenia.<\/li>\n<li><strong>Ogie\u0144<\/strong>: U\u017cyj przycisku, aby szybko zg\u0142osi\u0107 po\u017car lub wyciek gazu.<\/li>\n<li><strong>Nag\u0142y wypadek medyczny<\/strong>: U\u017cyj przycisku, aby poprosi\u0107 o pomoc w przypadku nag\u0142ych problem\u00f3w zdrowotnych.<\/li>\n<li><strong>\u015arodki zapobiegawcze<\/strong>: Umie\u015b\u0107 przycisk przy drzwiach lub w pobli\u017cu stacji roboczych, aby szybko podj\u0105\u0107 dzia\u0142ania, takie jak w\u0142\u0105czenie alarm\u00f3w lub \u015bwiate\u0142 bezpiecze\u0144stwa.<\/li>\n<\/ul>\n<p>Przycisku mo\u017cna tak\u017ce u\u017cywa\u0107 do sterowania innymi urz\u0105dzeniami inteligentnego domu, dzi\u0119ki czemu b\u0119dzie to wielofunkcyjne urz\u0105dzenie dla Twojego systemu bezpiecze\u0144stwa.<\/p>\n<p><strong>Dane techniczne<\/strong>:<\/p>\n<ul>\n<li><strong>Zgodno\u015b\u0107<\/strong>: Dzia\u0142a ze wszystkimi koncentratorami Ajax z systemem operacyjnym Malewicz 2.7 lub nowszym.<\/li>\n<li><strong>Czas transmisji alarmu<\/strong>: Do 0,15 sekundy<\/li>\n<li><strong>Zasilanie<\/strong>: Bateria CR2032 (3V)<\/li>\n<li><strong>\u017bywotno\u015b\u0107 baterii<\/strong>: Do 5 lat<\/li>\n<li><strong>Obszar komunikacyjny<\/strong>: Do 2300 km otwartego terenu<\/li>\n<li><strong>Klasa ochrony<\/strong>: IP55 (wodoodporny i py\u0142oszczelny)<\/li>\n<li><strong>Zakres temperatur pracy<\/strong>: -10\u00b0C do +40\u00b0C<\/li>\n<li><strong>Funkcje<\/strong>: Przycisk paniki, alarm po\u017carowy, alarm gazowy, pomoc medyczna, zwolnienie alarmu<\/li>\n<li><strong>Wymiary<\/strong>: 47 \u00d7 35 \u00d7 13 mm<\/li>\n<li><strong>Waga<\/strong>: 16 gr<\/li>\n<\/ul>","protected":false},"excerpt":{"rendered":"<p>Przycisk Ajax to bezprzewodowy przycisk napadowy, kt\u00f3ry zapewnia szybk\u0105 i bezpieczn\u0105 obs\u0142ug\u0119 alarm\u00f3w w sytuacjach awaryjnych, takich jak w\u0142amanie, wyciek gazu, po\u017car lub sytuacje awaryjne.<\/p>\n<p>Dzi\u0119ki jednemu naci\u015bni\u0119ciu i d\u0142ugiej \u017cywotno\u015bci baterii ten przycisk zapewnia bezpiecze\u0144stwo zar\u00f3wno w domu, jak i w firmie.<\/p>","protected":false},"featured_media":155474,"template":"","meta":{"_acf_changed":false},"product_brand":[],"product_cat":[3165,1319],"product_tag":[3127,4863],"class_list":{"0":"post-69703","1":"product","2":"type-product","3":"status-publish","4":"has-post-thumbnail","6":"product_cat-overfallslarm-knappar","7":"product_cat-ajax-larm","8":"product_tag-kontrollprodukt","9":"product_tag-pf","10":"product_shipping_class-postnord-varubrev","11":"pa_ajax-tradlosa-larm-fjarr-overfallsknapp","12":"pa_brands-ajax-systems","13":"pa_color-svart","14":"pa_farg-svart","15":"tm-no-options","17":"first","18":"instock","19":"sale","20":"featured","21":"taxable","22":"shipping-taxable","23":"purchasable","24":"product-type-simple"},"acf":[],"_links":{"self":[{"href":"https:\/\/secureus.se\/pl\/wp-json\/wp\/v2\/product\/69703","targetHints":{"allow":["GET"]}}],"collection":[{"href":"https:\/\/secureus.se\/pl\/wp-json\/wp\/v2\/product"}],"about":[{"href":"https:\/\/secureus.se\/pl\/wp-json\/wp\/v2\/types\/product"}],"wp:featuredmedia":[{"embeddable":true,"href":"https:\/\/secureus.se\/pl\/wp-json\/wp\/v2\/media\/155474"}],"wp:attachment":[{"href":"https:\/\/secureus.se\/pl\/wp-json\/wp\/v2\/media?parent=69703"}],"wp:term":[{"taxonomy":"product_brand","embeddable":true,"href":"https:\/\/secureus.se\/pl\/wp-json\/wp\/v2\/product_brand?post=69703"},{"taxonomy":"product_cat","embeddable":true,"href":"https:\/\/secureus.se\/pl\/wp-json\/wp\/v2\/product_cat?post=69703"},{"taxonomy":"product_tag","embeddable":true,"href":"https:\/\/secureus.se\/pl\/wp-json\/wp\/v2\/product_tag?post=69703"}],"curies":[{"name":"wp","href":"https:\/\/api.w.org\/{rel}","templated":true}]}}