{"id":69731,"date":"2022-11-28T12:06:00","date_gmt":"2022-11-28T11:06:00","guid":{"rendered":"https:\/\/secureus.se\/produkt\/ridadetektor-inomhus-tradlos-vit\/"},"modified":"2026-05-05T01:45:48","modified_gmt":"2026-05-04T23:45:48","slug":"ajax-motionprotect-curtain-inomhus-vit","status":"publish","type":"product","link":"https:\/\/secureus.se\/pl\/ajax-motionprotect-curtain-inomhus-vit\/","title":{"rendered":"Ajax MotionProtect Curtain - wewn\u0119trzna czujka je\u017adziecka - bia\u0142a"},"content":{"rendered":"<h3><strong>Kurtyna Ajax MotionProtect \u2013 nowy standard ochrony wn\u0119trz<\/strong><\/h3>\n<p>Kurtyna Ajax MotionProtect to zaawansowana bezprzewodowa czujka ruchu zaprojektowana specjalnie w celu zapewnienia niezawodnego bezpiecze\u0144stwa w pomieszczeniach zamkni\u0119tych.<\/p>\n<p>Jest to doskona\u0142e rozwi\u0105zanie do ochrony okien, drzwi i innych w\u0105skich przestrzeni, gdzie tradycyjne czujki nie zawsze zapewniaj\u0105 po\u017c\u0105dany zasi\u0119g.<\/p>\n<p>Dzi\u0119ki zaawansowanym funkcjom, takim jak dwa systemy optyczne i technologia ELSA, oferuje precyzyjn\u0105 precyzj\u0119 detekcji, a robi to bez zak\u0142\u00f3cania swobody przemieszczania si\u0119 os\u00f3b znajduj\u0105cych si\u0119 ju\u017c w terenie.<\/p>\n<p><strong>Podw\u00f3jny system detekcji \u2013 zapewniaj\u0105cy wysok\u0105 dok\u0142adno\u015b\u0107 i niskie ryzyko fa\u0142szywych alarm\u00f3w<\/strong><\/p>\n<p>Unikalna konstrukcja kurtyny Ajax MotionProtect obejmuje podw\u00f3jny system detekcji z dwoma niezale\u017cnymi systemami optycznymi.<\/p>\n<p>Systemy te maj\u0105 w\u0105skie pole widzenia i mog\u0105 obejmowa\u0107 zasi\u0119g do 30 metr\u00f3w. Minimalizuje to ryzyko fa\u0142szywych alarm\u00f3w spowodowanych naturalnymi zak\u0142\u00f3ceniami, takimi jak ruch zwierz\u0105t domowych lub przedmiot\u00f3w w pomieszczeniu.<\/p>\n<p>W\u0105skie pola widzenia pozwalaj\u0105 r\u00f3wnie\u017c na stworzenie skutecznej bariery, nie blokuj\u0105c przep\u0142ywu ruchu w przestrzeni.<\/p>\n<p><strong>Technologia ELSA \u2013 dla wysokiej precyzji wykrywania<\/strong><\/p>\n<p>Kurtyna MotionProtect wyposa\u017cona jest w technologi\u0119 ELSA (Extended Live Signal Analysis), kt\u00f3ra umo\u017cliwia filtrowanie niepo\u017c\u0105danych ruch\u00f3w, takich jak zwierz\u0119ta lub zak\u0142\u00f3cenia naturalne.<\/p>\n<p>Gwarantuje to wysok\u0105 precyzj\u0119 wykrywania, co oznacza, \u017ce otrzymujesz powiadomienia tylko w przypadku realnych zagro\u017ce\u0144. Technologia ELSA stale analizuje i dostosowuje si\u0119 do otoczenia, co oznacza, \u017ce system pozostaje dok\u0142adny nawet w dynamicznych \u015brodowiskach wewn\u0119trznych.<\/p>\n<p><strong>Wykrywanie \u201edwa w jednym\u201d i wykrywanie blisko\u015bci<\/strong><\/p>\n<p>Detektor ten \u0142\u0105czy w sobie dwa czujniki w jednym urz\u0105dzeniu, co pozwala mu szybko i niezawodnie reagowa\u0107 na ruch cz\u0142owieka.<\/p>\n<p>MotionProtect Curtain wykorzystuje r\u00f3wnie\u017c funkcj\u0119 wykrywania zbli\u017cenia, kt\u00f3ra pozwala urz\u0105dzeniu wykrywa\u0107 martwe punkty i chroni\u0107 okre\u015blone obszary, takie jak okna, bez wp\u0142ywu na inne obszary.<\/p>\n<p>Jest to szczeg\u00f3lnie przydatne w \u015brodowiskach, w kt\u00f3rych przestrze\u0144 jest ograniczona, a czujka musi skupia\u0107 si\u0119 na okre\u015blonych punktach w\u0142ama\u0144.<\/p>\n<p><strong>Ochrona przed manipulacj\u0105 i wysoki poziom bezpiecze\u0144stwa<\/strong><\/p>\n<p>Aby zapewni\u0107, \u017ce bezpiecze\u0144stwo nie zostanie naruszone w wyniku manipulacji, kurtyn\u0119 MotionProtect zaprojektowano z zaawansowanym systemem maskowania i wykrywania sabota\u017cu.<\/p>\n<p>Je\u017celi kto\u015b podejmie pr\u00f3b\u0119 manipulacji przy czujniku, uruchamiana jest natychmiastowa funkcja alarmowa, kt\u00f3ra pozwala na szybk\u0105 reakcj\u0119 w przypadku nieuprawnionych interwencji. Zabezpieczenie to gwarantuje, \u017ce system pozostanie bezpieczny i niezawodny przez ca\u0142y okres jego u\u017cytkowania.<\/p>\n<p><strong>D\u0142ugi czas pracy baterii i \u0142atwa instalacja<\/strong><\/p>\n<p>Kurtyna Ajax MotionProtect zosta\u0142a zaprojektowana tak, aby zapewni\u0107 d\u0142ugoterminow\u0105 autonomi\u0119 i imponuj\u0105c\u0105 \u017cywotno\u015b\u0107 baterii do 4 lat.<\/p>\n<p>Zmniejsza to potrzeb\u0119 cz\u0119stych wymian baterii i zapewnia d\u0142ugoterminow\u0105 ochron\u0119 bez dodatkowej konserwacji. Instalacja jest prosta, a skanuj\u0105c kod QR za pomoc\u0105 aplikacji Ajax, mo\u017cesz szybko doda\u0107 detektor do systemu. Wszystkich ustawie\u0144 mo\u017cna dokona\u0107 w czasie rzeczywistym za po\u015brednictwem aplikacji, dzi\u0119ki czemu mo\u017cna bezproblemowo dostosowa\u0107 wykrywacz do w\u0142asnych potrzeb.<\/p>\n<p><strong>Kompatybilno\u015b\u0107 i elastyczno\u015b\u0107<\/strong><\/p>\n<p>MotionProtect Curtain bezproblemowo wsp\u00f3\u0142pracuje ze wszystkimi koncentratorami Ajax, w tym Hub Plus, Hub 2 i Hub 2 Plus, a tak\u017ce ze wzmacniaczami sygna\u0142u ReX.<\/p>\n<p>Pozwala to na zastosowanie czujki zar\u00f3wno w ma\u0142ych, jak i du\u017cych instalacjach oraz zapewnia elastyczno\u015b\u0107 w przypadku pokrycia wi\u0119kszych obszar\u00f3w lub bardziej skomplikowanych obiekt\u00f3w.<\/p>\n<p><strong>Dane techniczne:<\/strong><\/p>\n<ul>\n<li><strong>Typ detektora:<\/strong> Bezprzewodowa czujka kurtynowa do u\u017cytku wewn\u0119trznego<\/li>\n<li><strong>System detekcji:<\/strong> Podw\u00f3jny uk\u0142ad optyczny z dwoma czujnikami<\/li>\n<li><strong>Odleg\u0142o\u015b\u0107 wykrywania ruchu:<\/strong> Do 30 metr\u00f3w<\/li>\n<li><strong>Wra\u017cliwo\u015b\u0107:<\/strong> Mo\u017cliwo\u015b\u0107 dostosowania w celu optymalizacji wykrywania<\/li>\n<li><strong>Ochrona przed manipulacj\u0105:<\/strong> Wykrywanie maskowania i sabota\u017cu<\/li>\n<li><strong>Zasilanie:<\/strong> 2 \u00d7 baterie CR123A (fabrycznie zainstalowane)<\/li>\n<li><strong>\u017bywotno\u015b\u0107 baterii:<\/strong> Do 4 lat<\/li>\n<li><strong>Protok\u00f3\u0142 komunikacyjny:<\/strong> Jubiler<\/li>\n<li><strong>Klasa ochrony:<\/strong> IP40<\/li>\n<li><strong>Temperatura pracy:<\/strong> -10\u00b0C do +40\u00b0C<\/li>\n<li><strong>Wilgotno\u015b\u0107:<\/strong> Do 95%<\/li>\n<li><strong>Wymiary:<\/strong> 183 \u00d7 70 \u00d7 65 mm<\/li>\n<li><strong>Waga:<\/strong> 322 gr<\/li>\n<li><strong>Wysoko\u015b\u0107 monta\u017cu:<\/strong> Zalecane 0,8\u20131,3 m<\/li>\n<\/ul>\n<p><strong>Zawarto\u015b\u0107 pakietu:<\/strong><\/p>\n<ul>\n<li>Kurtyna Ajax MotionProtect<\/li>\n<li>Panel monta\u017cowy SmartBracket<\/li>\n<li>2 \u00d7 baterie CR123A (fabrycznie zainstalowane)<\/li>\n<li>Zestaw instalacyjny<\/li>\n<li>Instrukcja obs\u0142ugi<\/li>\n<\/ul>\n<p><strong>Wniosek:<\/strong><\/p>\n<p>Kurtyna Ajax MotionProtect to doskona\u0142e rozwi\u0105zanie umo\u017cliwiaj\u0105ce stworzenie skutecznej i niezawodnej ochrony wn\u0119trz, nie ograniczaj\u0105c przy tym swobody poruszania si\u0119 os\u00f3b w pomieszczeniu.<\/p>\n<p>Dzi\u0119ki zaawansowanym funkcjom, takim jak podw\u00f3jny system detekcji, technologia ELSA i wykrywanie sabota\u017cu, czujka ta zapewnia wysokie bezpiecze\u0144stwo i d\u0142ug\u0105 \u017cywotno\u015b\u0107 baterii.<\/p>\n<p>Jest \u0142atwy w instalacji i konfiguracji, co czyni go doskona\u0142ym wyborem zar\u00f3wno dla domu, jak i firmy.<\/p>","protected":false},"excerpt":{"rendered":"<p>Kurtyna Ajax MotionProtect to bezprzewodowa czujka kurtynowa do u\u017cytku wewn\u0119trznego, zaprojektowana w celu ochrony domu lub firmy przed w\u0142amaniem.<\/p>\n<p>Dzi\u0119ki dw\u00f3m niezale\u017cnym uk\u0142adom optycznym, technologii ELSA oraz \u017cywotno\u015bci baterii a\u017c do 4 lat zapewnia niezawodn\u0105 i precyzyjn\u0105 ochron\u0119, nie zak\u0142\u00f3caj\u0105c swobody poruszania si\u0119 os\u00f3b w terenie.<\/p>","protected":false},"featured_media":155626,"template":"","meta":{"_acf_changed":false},"product_brand":[],"product_cat":[3156,1319],"product_tag":[3127,2137,4863],"class_list":{"0":"post-69731","1":"product","2":"type-product","3":"status-publish","4":"has-post-thumbnail","6":"product_cat-rorelse-och-kamera","7":"product_cat-ajax-larm","8":"product_tag-kontrollprodukt","9":"product_tag-lager-ajax","10":"product_tag-pf","11":"product_shipping_class-postnord-varubrev","12":"pa_ajax-tradlosa-larm-detektorer","13":"pa_brands-ajax-systems","14":"pa_color-vit","15":"pa_farg-vit","16":"tm-no-options","18":"first","19":"instock","20":"sale","21":"featured","22":"taxable","23":"shipping-taxable","24":"purchasable","25":"product-type-simple"},"acf":[],"_links":{"self":[{"href":"https:\/\/secureus.se\/pl\/wp-json\/wp\/v2\/product\/69731","targetHints":{"allow":["GET"]}}],"collection":[{"href":"https:\/\/secureus.se\/pl\/wp-json\/wp\/v2\/product"}],"about":[{"href":"https:\/\/secureus.se\/pl\/wp-json\/wp\/v2\/types\/product"}],"wp:featuredmedia":[{"embeddable":true,"href":"https:\/\/secureus.se\/pl\/wp-json\/wp\/v2\/media\/155626"}],"wp:attachment":[{"href":"https:\/\/secureus.se\/pl\/wp-json\/wp\/v2\/media?parent=69731"}],"wp:term":[{"taxonomy":"product_brand","embeddable":true,"href":"https:\/\/secureus.se\/pl\/wp-json\/wp\/v2\/product_brand?post=69731"},{"taxonomy":"product_cat","embeddable":true,"href":"https:\/\/secureus.se\/pl\/wp-json\/wp\/v2\/product_cat?post=69731"},{"taxonomy":"product_tag","embeddable":true,"href":"https:\/\/secureus.se\/pl\/wp-json\/wp\/v2\/product_tag?post=69731"}],"curies":[{"name":"wp","href":"https:\/\/api.w.org\/{rel}","templated":true}]}}