{"id":69790,"date":"2022-11-28T11:21:57","date_gmt":"2022-11-28T10:21:57","guid":{"rendered":"https:\/\/secureus.se\/produkt\/faste-for-ajax-overfallskontakt-vit\/"},"modified":"2026-04-09T10:30:12","modified_gmt":"2026-04-09T08:30:12","slug":"ajax-smart-bracket-faste-for-ajax-overfallskontakt-vit","status":"publish","type":"product","link":"https:\/\/secureus.se\/pl\/ajax-smart-bracket-faste-for-ajax-overfallskontakt-vit\/","title":{"rendered":"Ajax Holder White - uchwyt do przycisk\u00f3w Ajax i DoubleButton"},"content":{"rendered":"<h3><strong>Ajax Smart Bracket Wspornik do kontaktu Ajax Assault i DoubleButton<\/strong><\/h3>\n<p>Ajax Smart Bracket to wszechstronny i niezawodny wspornik monta\u017cowy, kt\u00f3ry sprawia, \u017ce instalacja prze\u0142\u0105cznika napadowego Ajax i DoubleButton jest \u0142atwa i bezpieczna.<\/p>\n<p>Korzystaj\u0105c z tego uchwytu, mo\u017cesz mie\u0107 pewno\u015b\u0107, \u017ce przyciski ataku b\u0119d\u0105 \u0142atwo dost\u0119pne, co pozwoli na szybkie zaalarmowanie w sytuacjach awaryjnych.<\/p>\n<p>Uchwyt jest szczeg\u00f3lnie przydatny dla u\u017cytkownik\u00f3w, kt\u00f3rzy chc\u0105 mie\u0107 \u0142atwy dost\u0119p do sygna\u0142\u00f3w alarmowych, nie martwi\u0105c si\u0119, \u017ce przycisk b\u0119dzie trudny do znalezienia lub u\u017cycia w stresuj\u0105cych sytuacjach.<\/p>\n<p><strong>Projekt i funkcjonalno\u015b\u0107<\/strong><\/p>\n<p>Inteligentny wspornik zosta\u0142 zaprojektowany tak, aby idealnie pasowa\u0142 do prze\u0142\u0105cznik\u00f3w szturmowych Ajax i DoubleButton, dw\u00f3ch wa\u017cnych urz\u0105dze\u0144 w systemie bezpiecze\u0144stwa Ajax.<\/p>\n<p>Kontakt szturmowy s\u0142u\u017cy do natychmiastowego podniesienia alarmu w sytuacjach awaryjnych, natomiast DoubleButton dzia\u0142a jako szybki i skuteczny sygna\u0142 alarmowy w celu odparcia zagro\u017ce\u0144.<\/p>\n<p>Instaluj\u0105c te urz\u0105dzenia z uchwytem Smart Bracket, zyskujesz funkcjonalno\u015b\u0107 i bezpiecze\u0144stwo w jednym.<\/p>\n<p>Uchwyt monta\u017cowy pozwala na umieszczenie urz\u0105dze\u0144 na powierzchni pionowej lub w naro\u017cniku, dzi\u0119ki czemu u\u017cytkownik b\u0119dzie mia\u0142 do nich \u0142atwy dost\u0119p.<\/p>\n<p><strong>\u0141atwa instalacja i regulacja<\/strong><\/p>\n<p>Uchwyt monta\u017cowy Smart Bracket sprawia, \u017ce instalacja jest \u0142atwa i szybka.<\/p>\n<p>Aby zamontowa\u0107, zdejmij panel wspornika z urz\u0105dzenia i przymocuj panel Smart Bracket do odpowiedniej powierzchni za pomoc\u0105 ta\u015bmy dwustronnej lub innych tymczasowych element\u00f3w mocuj\u0105cych. Wysoko\u015b\u0107 monta\u017cu powinna wynosi\u0107 oko\u0142o 2,4 metra, aby umo\u017cliwi\u0107 szybki dost\u0119p.<\/p>\n<p>Po zamontowaniu uchwytu mo\u017cesz z \u0142atwo\u015bci\u0105 przeprowadzi\u0107 testy si\u0142y sygna\u0142u, aby upewni\u0107 si\u0119, \u017ce urz\u0105dzenia dzia\u0142aj\u0105 stabilnie. W razie potrzeby mo\u017cesz dostosowa\u0107 lokalizacj\u0119 urz\u0105dze\u0144, chocia\u017c niewielka zmiana po\u0142o\u017cenia mo\u017ce znacznie poprawi\u0107 si\u0142\u0119 sygna\u0142u.<\/p>\n<p><strong>Bezpiecze\u0144stwo i niezawodno\u015b\u0107<\/strong><\/p>\n<p>Inteligentny wspornik Ajax zosta\u0142 zaprojektowany z my\u015bl\u0105 o zapewnieniu wysokiego bezpiecze\u0144stwa i niezawodno\u015bci. Czujki i przyciski zamontowane za pomoc\u0105 uchwytu Smart Bracket s\u0105 zabezpieczone przed manipulacj\u0105, co oznacza, \u017ce wszelkie alarmy i sygna\u0142y awaryjne mog\u0105 by\u0107 przesy\u0142ane bezpiecznie i szybko.<\/p>\n<p>Aby zapewni\u0107 prawid\u0142owe dzia\u0142anie systemu, Smart Bracket wykorzystuje dwukierunkow\u0105 komunikacj\u0119 pomi\u0119dzy urz\u0105dzeniami i jest kompatybilny ze wszystkimi koncentratorami Ajax, dzi\u0119ki czemu instalacja jest jeszcze \u0142atwiejsza i bardziej elastyczna.<\/p>\n<p>Uchwyt umo\u017cliwia tak\u017ce testowanie funkcjonalno\u015bci urz\u0105dze\u0144 za po\u015brednictwem aplikacji Ajax, dzi\u0119ki czemu masz pewno\u015b\u0107, \u017ce urz\u0105dzenia dzia\u0142aj\u0105 najlepiej, jak potrafi\u0105.<\/p>\n<p><strong>Elastyczno\u015b\u0107 i kompatybilno\u015b\u0107<\/strong><\/p>\n<p>Uchwyt Smart Bracket jest kompatybilny zar\u00f3wno z prze\u0142\u0105cznikiem szturmowym Ajax, jak i DoubleButton (modele 50458994 i 50458992), co pozwala na u\u017cycie go z r\u00f3\u017cnymi typami rozwi\u0105za\u0144 bezpiecze\u0144stwa.<\/p>\n<p>Dzi\u0119ki temu u\u017cytkownik mo\u017ce wybra\u0107 rozwi\u0105zanie, kt\u00f3re najlepiej odpowiada jego potrzebom w zakresie bezpiecze\u0144stwa i szybko zainstalowa\u0107 przyciski szturmowe w domu lub miejscu pracy.<\/p>\n<p><strong>Dane techniczne:<\/strong><\/p>\n<ul>\n<li><strong>Rodzaj akcesori\u00f3w:<\/strong> Wspornik monta\u017cowy do prze\u0142\u0105cznika szturmowego Ajax i DoubleButton<\/li>\n<li><strong>Wysoko\u015b\u0107 monta\u017cu:<\/strong> Zalecane 2,4 metra<\/li>\n<li><strong>Metoda instalacji:<\/strong> Mocuje si\u0119 do powierzchni pionowych lub naro\u017cnik\u00f3w<\/li>\n<li><strong>Tworzywo:<\/strong> Trwa\u0142e i odporne na warunki atmosferyczne<\/li>\n<li><strong>Zgodno\u015b\u0107:<\/strong> Kompatybilny z prze\u0142\u0105cznikiem szturmowym Ajax (50458994) i DoubleButton (50458992)<\/li>\n<li><strong>Test si\u0142y sygna\u0142u:<\/strong> Tak, poprzez aplikacj\u0119 Ajax<\/li>\n<li><strong>Elementy z\u0142\u0105czne:<\/strong> Zawiera \u015bruby i mo\u017cliwo\u015b\u0107 u\u017cycia innych element\u00f3w z\u0142\u0105cznych<\/li>\n<\/ul>\n<p><strong>Wniosek:<\/strong><\/p>\n<p>Inteligentny wspornik Ajax jest niezb\u0119dnym elementem zapewniaj\u0105cym szybki dost\u0119p do przycisk\u00f3w ataku w sytuacjach awaryjnych.<\/p>\n<p>Dzi\u0119ki \u0142atwej instalacji, wysokiemu bezpiecze\u0144stwu i doskona\u0142ej kompatybilno\u015bci z urz\u0105dzeniami Ajax, Smart Bracket zapewnia u\u017cytkownikom niezawodne i elastyczne rozwi\u0105zanie do instalacji styk\u00f3w szturmowych i DoubleButton\u00f3w.<\/p>\n<p>&nbsp;<\/p>","protected":false},"excerpt":{"rendered":"<p>Ajax Smart Bracket to uchwyt monta\u017cowy przeznaczony do prze\u0142\u0105cznika szturmowego Ajax i DoubleButton.<\/p>\n<p>Zapewnia \u0142atw\u0105 instalacj\u0119 i stabilne rozmieszczenie przycisk\u00f3w szturmowych, zapewniaj\u0105c szybki dost\u0119p w sytuacjach awaryjnych.<\/p>","protected":false},"featured_media":155473,"template":"","meta":{"_acf_changed":false},"product_brand":[],"product_cat":[3165,3128],"product_tag":[4863],"class_list":{"0":"post-69790","1":"product","2":"type-product","3":"status-publish","4":"has-post-thumbnail","6":"product_cat-overfallslarm-knappar","7":"product_cat-ajax-reservdelar-fasten","8":"product_tag-pf","9":"product_shipping_class-postnord-varubrev","10":"pa_ajax-tradlosa-larm-fjarr-overfallsknapp","11":"pa_ajax-tradlosa-larm-ovriga-tillbehor-monteringsfaste","12":"pa_brands-ajax-systems","13":"pa_color-vit","14":"pa_farg-vit","15":"tm-no-options","17":"first","18":"instock","19":"sale","20":"featured","21":"taxable","22":"shipping-taxable","23":"purchasable","24":"product-type-simple"},"acf":[],"_links":{"self":[{"href":"https:\/\/secureus.se\/pl\/wp-json\/wp\/v2\/product\/69790","targetHints":{"allow":["GET"]}}],"collection":[{"href":"https:\/\/secureus.se\/pl\/wp-json\/wp\/v2\/product"}],"about":[{"href":"https:\/\/secureus.se\/pl\/wp-json\/wp\/v2\/types\/product"}],"wp:featuredmedia":[{"embeddable":true,"href":"https:\/\/secureus.se\/pl\/wp-json\/wp\/v2\/media\/155473"}],"wp:attachment":[{"href":"https:\/\/secureus.se\/pl\/wp-json\/wp\/v2\/media?parent=69790"}],"wp:term":[{"taxonomy":"product_brand","embeddable":true,"href":"https:\/\/secureus.se\/pl\/wp-json\/wp\/v2\/product_brand?post=69790"},{"taxonomy":"product_cat","embeddable":true,"href":"https:\/\/secureus.se\/pl\/wp-json\/wp\/v2\/product_cat?post=69790"},{"taxonomy":"product_tag","embeddable":true,"href":"https:\/\/secureus.se\/pl\/wp-json\/wp\/v2\/product_tag?post=69790"}],"curies":[{"name":"wp","href":"https:\/\/api.w.org\/{rel}","templated":true}]}}