{"id":69799,"date":"2022-11-28T11:21:46","date_gmt":"2022-11-28T10:21:46","guid":{"rendered":"https:\/\/secureus.se\/produkt\/relamodul-230vac-tradlos\/"},"modified":"2026-04-01T11:12:11","modified_gmt":"2026-04-01T09:12:11","slug":"ajax-wallswitch-relamodul-230-v","status":"publish","type":"product","link":"https:\/\/secureus.se\/pl\/ajax-wallswitch-relamodul-230-v\/","title":{"rendered":"Modu\u0142 przeka\u017anika Ajax WallSwitch Sterowanie z bezprzewodowym 230 V AC"},"content":{"rendered":"<h3>Ajax WallSwitch to wydajny i inteligentny modu\u0142 przeka\u017anikowy, kt\u00f3ry umo\u017cliwia zdalne sterowanie zasilaniem pod\u0142\u0105czonych urz\u0105dze\u0144 poprzez system alarmowy Ajax.<\/h3>\n<p>WallSwitch mo\u017cna pod\u0142\u0105czy\u0107 bezpo\u015brednio do \u017ar\u00f3d\u0142a zasilania 230 V~ lub 110 V~ i obs\u0142ugiwa\u0107 maksymalne obci\u0105\u017cenie 3 kW (obci\u0105\u017cenie rezystancyjne) lub 1,5 kW (przy 110 V).<\/p>\n<p>Dzi\u0119ki temu u\u017cytkownicy mog\u0105 \u0142atwo w\u0142\u0105cza\u0107 i wy\u0142\u0105cza\u0107 urz\u0105dzenia elektryczne oraz monitorowa\u0107 ich zu\u017cycie energii za po\u015brednictwem aplikacji Ajax.<\/p>\n<p>Jedn\u0105 z najwa\u017cniejszych cech WallSwitch jest jego doskona\u0142e bezpiecze\u0144stwo. Urz\u0105dzenie wyposa\u017cone jest w szereg zabezpiecze\u0144 m.in. przeciwprzepi\u0119ciowe, pr\u0105dowe i temperaturowe.<\/p>\n<p>Dzi\u0119ki temu pod\u0142\u0105czone urz\u0105dzenia s\u0105 chronione przed potencjalnymi uszkodzeniami spowodowanymi wahaniami napi\u0119cia lub przeci\u0105\u017ceniem.<\/p>\n<p>WallSwitch mo\u017ce by\u0107 r\u00f3wnie\u017c u\u017cywany do monitorowania i kontrolowania zu\u017cycia energii, co u\u0142atwia \u015bledzenie koszt\u00f3w operacyjnych i wydajno\u015bci.<\/p>\n<p>WallSwitch jest tak\u017ce niezwykle elastyczny i przyjazny dla u\u017cytkownika. Obs\u0142uguje zar\u00f3wno tryb impulsowy, jak i bistabilny, daj\u0105c u\u017cytkownikom mo\u017cliwo\u015b\u0107 dostosowania pracy urz\u0105dzenia w zale\u017cno\u015bci od konkretnych potrzeb.<\/p>\n<p>Tryb impulsowy ma regulowany czas trwania impulsu w zakresie od 1 do 255 sekund, co umo\u017cliwia dostosowanie reakcji urz\u0105dzenia do r\u00f3\u017cnych scenariuszy. U\u017cytkownicy mog\u0105 tak\u017ce ustawi\u0107 urz\u0105dzenie w tryb normalny, aby mie\u0107 precyzyjn\u0105 kontrol\u0119 nad tym, kiedy w\u0142\u0105czy\u0107 lub wy\u0142\u0105czy\u0107 zasilanie.<\/p>\n<p>Instalacja WallSwitch jest szybka i \u0142atwa. Urz\u0105dzenie \u0142\u0105czy si\u0119 z systemem alarmowym Ajax poprzez zeskanowanie kodu QR za po\u015brednictwem aplikacji Ajax, a wszystkie ustawienia mo\u017cna regulowa\u0107 w czasie rzeczywistym.<\/p>\n<p>Kompaktowa konstrukcja i elastyczna antena zapewniaj\u0105 stabiln\u0105 komunikacj\u0119 nawet w wi\u0119kszych obiektach. WallSwitch jest r\u00f3wnie\u017c kompatybilny ze wszystkimi koncentratorami i przed\u0142u\u017caczami zasi\u0119gu Ajax, umo\u017cliwiaj\u0105c rozszerzenie zasi\u0119gu i pokrycie wi\u0119kszych obszar\u00f3w.<\/p>\n<p>Opr\u00f3cz zapewnienia bezpiecznej kontroli nad urz\u0105dzeniami elektrycznymi, WallSwitch umo\u017cliwia u\u017cytkownikom tworzenie scenariuszy automatyzacji w celu usprawnienia codziennego \u017cycia.<\/p>\n<p>Na przyk\u0142ad o\u015bwietlenie mo\u017cna w\u0142\u0105czy\u0107 po w\u0142\u0105czeniu alarmu antyw\u0142amaniowego lub zamkn\u0105\u0107 elektrozamek po w\u0142\u0105czeniu systemu. Ten poziom integracji umo\u017cliwia maksymalizacj\u0119 bezpiecze\u0144stwa i wygody w domu lub miejscu pracy.<\/p>\n<p>Dzi\u0119ki \u017cywotno\u015bci baterii do 4,5 roku (w zale\u017cno\u015bci od u\u017cytkowania) i kompaktowym wymiarom 39 x 33 x 18 mm, WallSwitch jest najlepszym rozwi\u0105zaniem dla ka\u017cdego, kto szuka inteligentnego i wydajnego rozwi\u0105zania do zdalnego sterowania i monitorowania zu\u017cycia energii elektrycznej.<\/p>","protected":false},"excerpt":{"rendered":"<p>WallSwitch mo\u017cna pod\u0142\u0105czy\u0107 bezpo\u015brednio do<span style=\"text-decoration: underline\"><strong> 230V<\/strong><\/span>~ lub 110 V~ \u017ar\u00f3d\u0142a zasilania i obs\u0142ugiwa\u0107 maksymalne obci\u0105\u017cenie <span style=\"text-decoration: underline\"><strong>3 kW (obci\u0105\u017cenie rezystancyjne)<\/strong><\/span> lub 1,5 kW (przy 110 V).<\/p>\n<p>Ajax WallSwitch to bezprzewodowy modu\u0142 przeka\u017anikowy, kt\u00f3ry pozwala u\u017cytkownikom na zdalne sterowanie zasilaniem urz\u0105dze\u0144 elektrycznych za po\u015brednictwem systemu alarmowego Ajax.<\/p>\n<p>Dzi\u0119ki mo\u017cliwo\u015bci obs\u0142ugi obci\u0105\u017ce\u0144 do 3 kW oraz zabezpieczeniu przed przepi\u0119ciami i przet\u0119\u017ceniami, WallSwitch jest idealnym rozwi\u0105zaniem do monitorowania i kontrolowania zu\u017cycia energii elektrycznej oraz zapewnienia bezpiecze\u0144stwa w domu lub firmie.<\/p>","protected":false},"featured_media":155622,"template":"","meta":{"_acf_changed":false},"product_brand":[],"product_cat":[3167,1319,3169],"product_tag":[3127,4863],"class_list":{"0":"post-69799","1":"product","2":"type-product","3":"status-publish","4":"has-post-thumbnail","6":"product_cat-avancerat","7":"product_cat-ajax-larm","8":"product_cat-automation","9":"product_tag-kontrollprodukt","10":"product_tag-pf","11":"product_shipping_class-postnord-varubrev","12":"pa_ajax-tradlosa-larm-rela-multisandare","13":"pa_brands-ajax-systems","14":"pa_color-svart","15":"pa_farg-svart","16":"tm-no-options","18":"first","19":"instock","20":"sale","21":"featured","22":"taxable","23":"shipping-taxable","24":"purchasable","25":"product-type-simple"},"acf":[],"_links":{"self":[{"href":"https:\/\/secureus.se\/pl\/wp-json\/wp\/v2\/product\/69799","targetHints":{"allow":["GET"]}}],"collection":[{"href":"https:\/\/secureus.se\/pl\/wp-json\/wp\/v2\/product"}],"about":[{"href":"https:\/\/secureus.se\/pl\/wp-json\/wp\/v2\/types\/product"}],"wp:featuredmedia":[{"embeddable":true,"href":"https:\/\/secureus.se\/pl\/wp-json\/wp\/v2\/media\/155622"}],"wp:attachment":[{"href":"https:\/\/secureus.se\/pl\/wp-json\/wp\/v2\/media?parent=69799"}],"wp:term":[{"taxonomy":"product_brand","embeddable":true,"href":"https:\/\/secureus.se\/pl\/wp-json\/wp\/v2\/product_brand?post=69799"},{"taxonomy":"product_cat","embeddable":true,"href":"https:\/\/secureus.se\/pl\/wp-json\/wp\/v2\/product_cat?post=69799"},{"taxonomy":"product_tag","embeddable":true,"href":"https:\/\/secureus.se\/pl\/wp-json\/wp\/v2\/product_tag?post=69799"}],"curies":[{"name":"wp","href":"https:\/\/api.w.org\/{rel}","templated":true}]}}