{"id":69832,"date":"2022-11-28T11:19:59","date_gmt":"2022-11-28T10:19:59","guid":{"rendered":"https:\/\/secureus.se\/produkt\/din-faste-for-relamodul\/"},"modified":"2026-03-11T23:00:10","modified_gmt":"2026-03-11T22:00:10","slug":"ajax-din-holder-din-relamodul","status":"publish","type":"product","link":"https:\/\/secureus.se\/pl\/ajax-din-holder-din-relamodul\/","title":{"rendered":"Uchwyt Ajax DIN Wspornik DIN do modu\u0142u przeka\u017anikowego"},"content":{"rendered":"<h3>Uchwyt DIN Ajax to solidne i niezawodne rozwi\u0105zanie do monta\u017cu modu\u0142\u00f3w przeka\u017anik\u00f3w Ajax na szynie DIN, dzi\u0119ki czemu instalacja jest \u0142atwa i bezpieczna.<\/h3>\n<p>Uchwyt ten zosta\u0142 zaprojektowany tak, aby idealnie pasowa\u0142 do modu\u0142\u00f3w przeka\u017anikowych Ajax, takich jak WallSwitch, i s\u0142u\u017cy do sterowania i automatyzacji urz\u0105dze\u0144, takich jak pompy, o\u015bwietlenie i inne urz\u0105dzenia elektryczne.<\/p>\n<p>Dzi\u0119ki temu uchwytowi uzyskasz uporz\u0105dkowan\u0105 i bezpieczn\u0105 instalacj\u0119 modu\u0142u przeka\u017anikowego w skrzynce przy\u0142\u0105czeniowej, szafie serwerowej lub panelu elektrycznym.<\/p>\n<p>Uchwyt DIN jest wa\u017cnym elementem w tworzeniu niezawodnej i bezpiecznej instalacji elektrycznej i pomaga w prawid\u0142owym monta\u017cu i ochronie urz\u0105dze\u0144 Ajax w r\u00f3\u017cnych typach instalacji.<\/p>\n<p>Jedn\u0105 z najwi\u0119kszych zalet tego produktu jest to, \u017ce zapewnia \u0142atwy dost\u0119p i \u0142atwo\u015b\u0107 u\u017cycia, gdy zachodzi potrzeba zainstalowania lub modernizacji sprz\u0119tu alarmowego.<\/p>\n<p>Uchwyt jest kompatybilny z najpopularniejszymi modu\u0142ami przeka\u017anik\u00f3w Ajax (nr cz\u0119\u015bci 50459019 i 50459020), dzi\u0119ki czemu monta\u017c na szynie DIN jest szybki i wygodny.<\/p>\n<p>Aby u\u0142atwi\u0107 instalacj\u0119, do\u0142\u0105czono zestaw naklejek umo\u017cliwiaj\u0105cych oznakowanie urz\u0105dze\u0144 lub obwod\u00f3w sterowanych przez ka\u017cdy przeka\u017anik, minimalizuj\u0105c ryzyko nieprawid\u0142owej instalacji lub dzia\u0142ania.<\/p>\n<p>Funkcja ta zapewnia r\u00f3wnie\u017c u\u017cytkownikom i instalatorom przejrzysty przegl\u0105d struktury systemu oraz tego, kt\u00f3ry przeka\u017anik steruje danym urz\u0105dzeniem lub funkcj\u0105.<\/p>\n<p>Ajax jest liderem w dziedzinie system\u00f3w bezpiecze\u0144stwa i opracowa\u0142 zaawansowane technologie, kt\u00f3re p\u0142ynnie integruj\u0105 si\u0119 z codziennym u\u017cytkowaniem, poprawiaj\u0105c zar\u00f3wno bezpiecze\u0144stwo, jak i komfort.<\/p>\n<p>Firma jest graczem globalnym i dzi\u015b chroni ponad 1,8 miliona u\u017cytkownik\u00f3w w 169 krajach.<\/p>\n<p>System Ajax umo\u017cliwia u\u017cytkownikom monitorowanie i kontrolowanie domu lub firmy z dowolnego miejsca za po\u015brednictwem aplikacji mobilnej, a system oferuje zar\u00f3wno przewodowe, jak i bezprzewodowe rozwi\u0105zania chroni\u0105ce przed w\u0142amaniem, po\u017carem, wyciekami wody i innymi potencjalnymi zagro\u017ceniami.<\/p>\n<p>Ten uchwyt DIN zapewnia elastyczno\u015b\u0107 i bezpiecze\u0144stwo wymagane do wydajnej i zr\u00f3wnowa\u017conej instalacji rozwi\u0105za\u0144 bezpiecze\u0144stwa Ajax oraz zarz\u0105dzania nimi.<\/p>\n<p>&nbsp;<\/p>","protected":false},"excerpt":{"rendered":"<p>Ajax DIN-Holder to uchwyt przeznaczony do bezpiecznego monta\u017cu modu\u0142\u00f3w przeka\u017anikowych Ajax, takich jak WallSwitch, na szynie DIN.<\/p>\n<p>Idealny do monta\u017cu w puszkach przy\u0142\u0105czeniowych, szafach serwerowych lub panelach elektrycznych.<\/p>\n<p>Zawiera kalkomani\u0119 do oznaczania.<\/p>","protected":false},"featured_media":151871,"template":"","meta":{"_acf_changed":false},"product_brand":[],"product_cat":[3169,3128],"product_tag":[4863],"class_list":{"0":"post-69832","1":"product","2":"type-product","3":"status-publish","4":"has-post-thumbnail","6":"product_cat-automation","7":"product_cat-ajax-reservdelar-fasten","8":"product_tag-pf","9":"product_shipping_class-postnord-varubrev","10":"pa_ajax-tradlosa-larm-rela-multisandare","11":"pa_brands-ajax-systems","12":"pa_color-svart","13":"pa_farg-svart","14":"tm-no-options","16":"first","17":"instock","18":"sale","19":"featured","20":"taxable","21":"shipping-taxable","22":"purchasable","23":"product-type-simple"},"acf":[],"_links":{"self":[{"href":"https:\/\/secureus.se\/pl\/wp-json\/wp\/v2\/product\/69832","targetHints":{"allow":["GET"]}}],"collection":[{"href":"https:\/\/secureus.se\/pl\/wp-json\/wp\/v2\/product"}],"about":[{"href":"https:\/\/secureus.se\/pl\/wp-json\/wp\/v2\/types\/product"}],"wp:featuredmedia":[{"embeddable":true,"href":"https:\/\/secureus.se\/pl\/wp-json\/wp\/v2\/media\/151871"}],"wp:attachment":[{"href":"https:\/\/secureus.se\/pl\/wp-json\/wp\/v2\/media?parent=69832"}],"wp:term":[{"taxonomy":"product_brand","embeddable":true,"href":"https:\/\/secureus.se\/pl\/wp-json\/wp\/v2\/product_brand?post=69832"},{"taxonomy":"product_cat","embeddable":true,"href":"https:\/\/secureus.se\/pl\/wp-json\/wp\/v2\/product_cat?post=69832"},{"taxonomy":"product_tag","embeddable":true,"href":"https:\/\/secureus.se\/pl\/wp-json\/wp\/v2\/product_tag?post=69832"}],"curies":[{"name":"wp","href":"https:\/\/api.w.org\/{rel}","templated":true}]}}