{"id":69841,"date":"2022-11-28T11:19:44","date_gmt":"2022-11-28T10:19:44","guid":{"rendered":"https:\/\/secureus.se\/produkt\/batteri-li-ion-3ah-for-hub2plus\/"},"modified":"2026-03-09T17:40:21","modified_gmt":"2026-03-09T16:40:21","slug":"ajax-batteri-li-ion-3ah-for-hub2plus","status":"publish","type":"product","link":"https:\/\/secureus.se\/pl\/ajax-batteri-li-ion-3ah-for-hub2plus\/","title":{"rendered":"Akumulator Ajax do Hub 2 Plus \u2013 Cz\u0119\u015b\u0107 zamienna, Li-ion 3Ah"},"content":{"rendered":"<h3>Ajax Battery Li-ion 3Ah dla Hub 2 Plus to optymalne rozwi\u0105zanie zapewniaj\u0105ce, \u017ce Twoje centrum bezpiecze\u0144stwa b\u0119dzie zawsze gotowe do ochrony Twojego domu lub firmy.<\/h3>\n<p>Bateria ta zosta\u0142a zaprojektowana do wsp\u00f3\u0142pracy z Ajax Hub 2 Plus i jest niezb\u0119dnym elementem do utrzymania wydajno\u015bci systemu.<\/p>\n<p>Dzi\u0119ki du\u017cej pojemno\u015bci 3Ah akumulator zapewnia d\u0142ug\u0105 \u017cywotno\u015b\u0107 i niezawodn\u0105 prac\u0119.<\/p>\n<p>Wa\u017cne jest, aby regularnie wymienia\u0107 bateri\u0119 w Ajax Hub 2 Plus, aby mie\u0107 pewno\u015b\u0107, \u017ce system bezpiecze\u0144stwa dzia\u0142a skutecznie.<\/p>\n<p>Ajax zaleca coroczn\u0105 wymian\u0119 baterii, aby zapobiec przestojom i zapewni\u0107, \u017ce wszystkie funkcje, w tym alarmy awaryjne i inne funkcje krytyczne, s\u0105 zawsze aktywne.<\/p>\n<p>Wymian\u0119 baterii nale\u017cy przeprowadzi\u0107 na oko\u0142o rok przed zalecan\u0105 wymian\u0105 lub je\u015bli w aplikacji pojawi si\u0119 ostrze\u017cenie o niskim poziomie na\u0142adowania baterii.<\/p>\n<p>Wymieniaj\u0105c bateri\u0119 w odpowiednim czasie, mo\u017cesz zapobiec nieoczekiwanym zak\u0142\u00f3ceniom w systemie i mie\u0107 pewno\u015b\u0107, \u017ce wszystkie urz\u0105dzenia s\u0105 pod\u0142\u0105czone, a Tw\u00f3j dom lub firma jest zawsze chroniona.<\/p>\n<p>Akumulator jest typu Li-ion (litowo-jonowy), co zapewnia d\u0142ug\u0105 \u017cywotno\u015b\u0107 i du\u017c\u0105 g\u0119sto\u015b\u0107 energii. Baterie litowo-jonowe maj\u0105 kilka zalet w por\u00f3wnaniu do innych typ\u00f3w baterii, takich jak d\u0142uga \u017cywotno\u015b\u0107, szybkie \u0142adowanie i niski poziom samoroz\u0142adowania.<\/p>\n<p>Dzi\u0119ki temu akumulator mo\u017ce zapewni\u0107 dzia\u0142anie systemu bezpiecze\u0144stwa przez d\u0142ugi czas przy minimalnej konserwacji.<\/p>\n<p>Akumulator Ajax Li-ion 3Ah do Hub 2 Plus charakteryzuje si\u0119 \u0142atwym monta\u017cem i mo\u017ce by\u0107 \u0142atwo wymieniony przez u\u017cytkownika bez konieczno\u015bci korzystania z profesjonalnej pomocy.<\/p>\n<p>Po wymianie baterii Hub 2 Plus automatycznie \u0142\u0105czy si\u0119 z now\u0105 bateri\u0105 i nadal dzia\u0142a tak samo jak wcze\u015bniej.<\/p>\n<p>Zalety stosowania akumulatora litowo-jonowego Ajax 3Ah dla Hub 2 Plus:<\/p>\n<ul>\n<li>D\u0142uga \u017cywotno\u015b\u0107 i niezawodne dzia\u0142anie<\/li>\n<li>\u0141atwy w instalacji i wymianie<\/li>\n<li>Kompatybilny z Ajax Hub 2 Plus<\/li>\n<li>Zapewnia nieprzerwan\u0105 prac\u0119 Twojego systemu bezpiecze\u0144stwa<\/li>\n<li>Zapobiega przestojom w przypadku s\u0142abego akumulatora<\/li>\n<li>Wysoka pojemno\u015b\u0107 3Ah zapewnia d\u0142ugotrwa\u0142\u0105 prac\u0119<\/li>\n<\/ul>\n<p><strong>Dane techniczne:<\/strong><\/p>\n<ul>\n<li>Typ baterii: litowo-jonowy (litowo-jonowy)<\/li>\n<li>Pojemno\u015b\u0107: 3Ah<\/li>\n<li>Kompatybilno\u015b\u0107: Ajax Hub 2 Plus<\/li>\n<li>Czas \u0142adowania: Szybkie \u0142adowanie i d\u0142uga \u017cywotno\u015b\u0107 baterii<\/li>\n<li>Wydajno\u015b\u0107 robocza: Zapewnia d\u0142ugotrwa\u0142\u0105 prac\u0119<\/li>\n<li>Metoda instalacji: Proste przej\u015bcie przez aplikacj\u0119 Ajax<\/li>\n<\/ul>\n<p><strong>Zalety akumulatora litowo-jonowego Ajax 3Ah:<\/strong><\/p>\n<ul>\n<li>Poprawia czas pracy i bezpiecze\u0144stwo<\/li>\n<li>\u0141atwy w instalacji i wymianie<\/li>\n<li>Wysoka pojemno\u015b\u0107 zapewniaj\u0105ca d\u0142ugotrwa\u0142e u\u017cytkowanie<\/li>\n<li>Niezawodny i wydajny dla Twojego Hub 2 Plus<\/li>\n<\/ul>","protected":false},"excerpt":{"rendered":"<p>Ajax Battery Li-ion 3Ah dla Hub 2 Plus to rozwi\u0105zanie w zakresie akumulator\u00f3w zast\u0119pczych, kt\u00f3re zapewnia d\u0142ugoterminow\u0105 i stabiln\u0105 prac\u0119 Twojego Hub 2 Plus.<\/p>\n<p>Niezawodna bateria, kt\u00f3ra utrzymuje dzia\u0142anie systemu bezpiecze\u0144stwa i zapobiega przestojom.<\/p>","protected":false},"featured_media":151915,"template":"","meta":{"_acf_changed":false},"product_brand":[],"product_cat":[3128,1862],"product_tag":[4863],"class_list":{"0":"post-69841","1":"product","2":"type-product","3":"status-publish","4":"has-post-thumbnail","6":"product_cat-ajax-reservdelar-fasten","7":"product_cat-batterier-knappcell","8":"product_tag-pf","9":"product_shipping_class-postnord-varubrev","10":"pa_ajax-tradlosa-larm-hub-centralenhet","11":"pa_ajax-tradlosa-larm-ovriga-tillbehor-monteringsfaste","12":"pa_ajax-tradlosa-larm-reservdelar-stromforsorjning","13":"pa_brands-ajax-systems","14":"pa_color-vit","15":"pa_farg-vit","16":"tm-no-options","18":"first","19":"instock","20":"sale","21":"featured","22":"taxable","23":"shipping-taxable","24":"purchasable","25":"product-type-simple"},"acf":[],"_links":{"self":[{"href":"https:\/\/secureus.se\/pl\/wp-json\/wp\/v2\/product\/69841","targetHints":{"allow":["GET"]}}],"collection":[{"href":"https:\/\/secureus.se\/pl\/wp-json\/wp\/v2\/product"}],"about":[{"href":"https:\/\/secureus.se\/pl\/wp-json\/wp\/v2\/types\/product"}],"wp:featuredmedia":[{"embeddable":true,"href":"https:\/\/secureus.se\/pl\/wp-json\/wp\/v2\/media\/151915"}],"wp:attachment":[{"href":"https:\/\/secureus.se\/pl\/wp-json\/wp\/v2\/media?parent=69841"}],"wp:term":[{"taxonomy":"product_brand","embeddable":true,"href":"https:\/\/secureus.se\/pl\/wp-json\/wp\/v2\/product_brand?post=69841"},{"taxonomy":"product_cat","embeddable":true,"href":"https:\/\/secureus.se\/pl\/wp-json\/wp\/v2\/product_cat?post=69841"},{"taxonomy":"product_tag","embeddable":true,"href":"https:\/\/secureus.se\/pl\/wp-json\/wp\/v2\/product_tag?post=69841"}],"curies":[{"name":"wp","href":"https:\/\/api.w.org\/{rel}","templated":true}]}}