{"id":69855,"date":"2022-11-28T11:19:22","date_gmt":"2022-11-28T10:19:22","guid":{"rendered":"https:\/\/secureus.se\/produkt\/stromforsorjningsdel-230vac-psu-for-hub2-hub2plus-reservdel\/"},"modified":"2026-04-07T13:06:12","modified_gmt":"2026-04-07T11:06:12","slug":"ajax-stromforsorjningsdel-230vac","status":"publish","type":"product","link":"https:\/\/secureus.se\/pl\/ajax-stromforsorjningsdel-230vac\/","title":{"rendered":"Cz\u0119\u015b\u0107 zasilacza Ajax Zasilacz 230VAC dla cz\u0119\u015bci zamiennej Hub2\/Hub2Plus"},"content":{"rendered":"<h3>Zasilacz Ajax 230VAC PSU to mocny i niezawodny zasilacz zaprojektowany, aby zapewni\u0107 jednostkom Ajax Hub2 i Hub2Plus stabilne zasilanie wymagane do zapewnienia optymalnej wydajno\u015bci systemu bezpiecze\u0144stwa.<\/h3>\n<p>B\u0119d\u0105c wa\u017cn\u0105 cz\u0119\u015bci\u0105 systemu bezpiecze\u0144stwa Ajax, zasilacz ten zapewnia stabilne \u017ar\u00f3d\u0142o energii elektrycznej, zapewniaj\u0105c pe\u0142n\u0105 sprawno\u015b\u0107 wszystkich urz\u0105dze\u0144.<\/p>\n<p>Ten PSU (Power Supply Unit) zosta\u0142 specjalnie zaprojektowany do wsp\u00f3\u0142pracy z Ajax Hub2 i Hub2Plus, co czyni go niezb\u0119dn\u0105 cz\u0119\u015bci\u0105 systemu w przypadku awarii oryginalnego zasilacza lub potrzebne jest dodatkowe \u017ar\u00f3d\u0142o zasilania, aby zapewni\u0107 nieprzerwan\u0105 prac\u0119. Zasilacz mo\u017cna \u0142atwo wymieni\u0107 i zainstalowa\u0107, a ponadto zawiera wszystko, czego potrzebujesz do pod\u0142\u0105czenia go do systemu Ajax.<\/p>\n<p><strong>Zalety zasilacza Ajax 230VAC:<\/strong><\/p>\n<ul>\n<li><strong>Niezawodny i stabilny zasilacz:<\/strong> Zapewnia, \u017ce Tw\u00f3j system bezpiecze\u0144stwa Ajax ma sta\u0142e i stabilne zasilanie wszystkich urz\u0105dze\u0144.<\/li>\n<li><strong>Zgodno\u015b\u0107:<\/strong> Wsp\u00f3\u0142pracuje zar\u00f3wno z Hub2, jak i Hub2Plus i zapewnia bezb\u0142\u0119dne dzia\u0142anie wszystkich system\u00f3w.<\/li>\n<li><strong>\u0141atwa instalacja:<\/strong> Z \u0142atwo\u015bci\u0105 wymie\u0144 sw\u00f3j stary zasilacz na ten model i przywr\u00f3\u0107 dzia\u0142anie bez k\u0142opot\u00f3w.<\/li>\n<li><strong>D\u0142ugoterminowa wydajno\u015b\u0107:<\/strong> Zaprojektowane, aby zapewni\u0107 d\u0142ugotrwa\u0142e i bezpieczne dzia\u0142anie systemu bezpiecze\u0144stwa.<\/li>\n<li><strong>Cz\u0119\u015b\u0107:<\/strong> Idealny jako cz\u0119\u015b\u0107 zamienna lub do zast\u0105pienia uszkodzonego zasilacza.<\/li>\n<\/ul>\n<p><strong>Dane techniczne:<\/strong><\/p>\n<ul>\n<li><strong>Zgodno\u015b\u0107:<\/strong> Hub2, Hub2Plus<\/li>\n<li><strong>Wolta\u017c:<\/strong> 230 V<\/li>\n<li><strong>Maksymalne obci\u0105\u017cenie pr\u0105dowe:<\/strong> Dostosowany do Ajax Hub2 i Hub2Plus<\/li>\n<li><strong>Metoda instalacji:<\/strong> \u0141atwa instalacja ze wszystkimi niezb\u0119dnymi kablami i po\u0142\u0105czeniami.<\/li>\n<li><strong>Gwarancja:<\/strong> 24 miesi\u0105ce<\/li>\n<\/ul>\n<p><strong>Instalacja i u\u017cytkowanie:<\/strong><br \/>\nInstalacja zasilacza Ajax Power Supply 230VAC jest prosta i mo\u017cna j\u0105 wykona\u0107 bez konieczno\u015bci demonta\u017cu aktualnej konfiguracji.<\/p>\n<p>Wystarczy pod\u0142\u0105czy\u0107 nowy zasilacz do systemu za pomoc\u0105 dostarczonych kabli, a zasilacz natychmiast zacznie dostarcza\u0107 Ajax Hub2 lub Hub2Plus stabiln\u0105 energi\u0119 elektryczn\u0105.<\/p>\n<p>Mo\u017cesz by\u0107 pewien, \u017ce Tw\u00f3j system bezpiecze\u0144stwa b\u0119dzie nadal dzia\u0142a\u0142 tak, jak powinien, nawet w przypadku awarii zasilania.<\/p>","protected":false},"excerpt":{"rendered":"<p>Ajax Power Supply Part 230VAC PSU to niezawodna cz\u0119\u015b\u0107 zamienna do Ajax Hub2 i Hub2Plus, zapewniaj\u0105ca Twojemu systemowi bezpiecze\u0144stwa sta\u0142e i stabilne zasilanie.<\/p>\n<p>Jest \u0142atwy w monta\u017cu i zapewnia d\u0142ugotrwa\u0142e dzia\u0142anie systemu bezpiecze\u0144stwa.<\/p>","protected":false},"featured_media":151889,"template":"","meta":{"_acf_changed":false},"product_brand":[],"product_cat":[3171,1319],"product_tag":[4863],"class_list":{"0":"post-69855","1":"product","2":"type-product","3":"status-publish","4":"has-post-thumbnail","6":"product_cat-psu-stromforsorjning","7":"product_cat-ajax-larm","8":"product_tag-pf","9":"product_shipping_class-postnord-varubrev","10":"pa_ajax-tradlosa-larm-reservdelar-stromforsorjning","11":"pa_brands-ajax-systems","12":"pa_color-svart","13":"pa_farg-svart","14":"tm-no-options","16":"first","17":"onbackorder","18":"sale","19":"featured","20":"taxable","21":"shipping-taxable","22":"purchasable","23":"product-type-simple"},"acf":[],"_links":{"self":[{"href":"https:\/\/secureus.se\/pl\/wp-json\/wp\/v2\/product\/69855","targetHints":{"allow":["GET"]}}],"collection":[{"href":"https:\/\/secureus.se\/pl\/wp-json\/wp\/v2\/product"}],"about":[{"href":"https:\/\/secureus.se\/pl\/wp-json\/wp\/v2\/types\/product"}],"wp:featuredmedia":[{"embeddable":true,"href":"https:\/\/secureus.se\/pl\/wp-json\/wp\/v2\/media\/151889"}],"wp:attachment":[{"href":"https:\/\/secureus.se\/pl\/wp-json\/wp\/v2\/media?parent=69855"}],"wp:term":[{"taxonomy":"product_brand","embeddable":true,"href":"https:\/\/secureus.se\/pl\/wp-json\/wp\/v2\/product_brand?post=69855"},{"taxonomy":"product_cat","embeddable":true,"href":"https:\/\/secureus.se\/pl\/wp-json\/wp\/v2\/product_cat?post=69855"},{"taxonomy":"product_tag","embeddable":true,"href":"https:\/\/secureus.se\/pl\/wp-json\/wp\/v2\/product_tag?post=69855"}],"curies":[{"name":"wp","href":"https:\/\/api.w.org\/{rel}","templated":true}]}}